{"id":9560,"date":"2022-07-07T05:58:26","date_gmt":"2022-07-07T05:58:26","guid":{"rendered":"https:\/\/www.sifcoasc.com\/a-propos-de-sifco-asc\/"},"modified":"2023-02-07T12:25:13","modified_gmt":"2023-02-07T12:25:13","slug":"a-propos-de-sifco-asc","status":"publish","type":"page","link":"https:\/\/www.sifcoasc.com\/fr\/a-propos-de-sifco-asc","title":{"rendered":"\u00c0 propos de SIFCO ASC"},"content":{"rendered":"<h2>A propos de nous<\/h2>\n<p class=\"emph\">SIFCO Applied Surface Concepts (ASC) fournit des services de galvanisation et d&#8217;anodisation s\u00e9lectives, des solutions chimiques et des \u00e9quipements depuis plus de 50 ans.<\/p>\n<p><strong>Reconnus comme le leader mondial, nous aidons nos clients \u00e0 r\u00e9pondre \u00e0 leurs besoins en mati\u00e8re de placage s\u00e9lectif. SIFCO ASC dispose de plusieurs installations strat\u00e9giquement situ\u00e9es qui peuvent fournir des ressources techniques tout au long du cycle de vie de vos produits :<\/strong><\/p>\n<ul>\n<li>Dans la phase de conception et de design, nous offrons notre expertise en R&amp;D et en ing\u00e9nierie pour d\u00e9velopper une solution pour votre application.<\/li>\n<li>Dans la phase de production, notre \u00e9quipe d&#8217;assistance technique compos\u00e9e de consultants et de techniciens de service contractuels peut fournir les comp\u00e9tences et la main-d&#8217;\u0153uvre n\u00e9cessaires pour r\u00e9aliser les applications les plus exigeantes.<\/li>\n<li>Nos \u00e9quipes charg\u00e9es des achats et de la logistique veillent \u00e0 ce que les solutions, les fournitures et les \u00e9quipements soient facilement disponibles quand et o\u00f9 vous en avez besoin.<\/li>\n<li>Notre personnel commercial et technique vous accompagne tout au long du processus.<\/li>\n<\/ul>\n<p>SIFCO ASC travaille en \u00e9troite collaboration avec des partenaires internationaux pour garantir l&#8217;acc\u00e8s aux m\u00eames produits et services de qualit\u00e9 dans le monde entier.<\/p>\n","protected":false},"excerpt":{"rendered":"<p>A propos de nous SIFCO Applied Surface Concepts (ASC) fournit des services de galvanisation et d&#8217;anodisation s\u00e9lectives, des solutions chimiques et des \u00e9quipements depuis plus de 50 ans. Reconnus comme le leader mondial, nous aidons nos clients \u00e0 r\u00e9pondre \u00e0 leurs besoins en mati\u00e8re de placage s\u00e9lectif. SIFCO ASC dispose de plusieurs installations strat\u00e9giquement situ\u00e9es [&hellip;]<\/p>\n","protected":false},"author":18,"featured_media":0,"parent":0,"menu_order":0,"comment_status":"closed","ping_status":"closed","template":"","meta":{"_acf_changed":false,"inline_featured_image":false,"footnotes":""},"class_list":["post-9560","page","type-page","status-publish","hentry"],"acf":[],"yoast_head":"<!-- This site is optimized with the Yoast SEO plugin v27.6 - https:\/\/yoast.com\/product\/yoast-seo-wordpress\/ -->\n<title>\u00c0 propos de nous | Sp\u00e9cialistes du placage s\u00e9lectif | SIFCO ASC<\/title>\n<meta name=\"description\" content=\"SIFCO ASC est reconnu comme le leader mondial dans la fourniture de services de brossage s\u00e9lectif et d&#039;anodisation, de solutions chimiques et d&#039;\u00e9quipements.\" \/>\n<meta name=\"robots\" content=\"index, follow, max-snippet:-1, max-image-preview:large, max-video-preview:-1\" \/>\n<link rel=\"canonical\" href=\"https:\/\/www.sifcoasc.com\/fr\/a-propos-de-sifco-asc\" \/>\n<meta property=\"og:locale\" content=\"fr_FR\" \/>\n<meta property=\"og:type\" content=\"article\" \/>\n<meta property=\"og:title\" content=\"\u00c0 propos de nous | Sp\u00e9cialistes du placage s\u00e9lectif | SIFCO ASC\" \/>\n<meta property=\"og:description\" content=\"SIFCO ASC est reconnu comme le leader mondial dans la fourniture de services de brossage s\u00e9lectif et d&#039;anodisation, de solutions chimiques et d&#039;\u00e9quipements.\" \/>\n<meta property=\"og:url\" content=\"https:\/\/www.sifcoasc.com\/fr\/a-propos-de-sifco-asc\" \/>\n<meta property=\"og:site_name\" content=\"SIFCO Applied Surface Concepts\" \/>\n<meta property=\"article:modified_time\" content=\"2023-02-07T12:25:13+00:00\" \/>\n<meta name=\"twitter:label1\" content=\"Est. reading time\" \/>\n\t<meta name=\"twitter:data1\" content=\"1 minute\" \/>\n<script type=\"application\/ld+json\" class=\"yoast-schema-graph\">{\"@context\":\"https:\\\/\\\/schema.org\",\"@graph\":[{\"@type\":\"WebPage\",\"@id\":\"https:\\\/\\\/www.sifcoasc.com\\\/fr\\\/a-propos-de-sifco-asc\",\"url\":\"https:\\\/\\\/www.sifcoasc.com\\\/fr\\\/a-propos-de-sifco-asc\",\"name\":\"\u00c0 propos de nous | Sp\u00e9cialistes du placage s\u00e9lectif | SIFCO ASC\",\"isPartOf\":{\"@id\":\"https:\\\/\\\/www.sifcoasc.com\\\/fr#website\"},\"datePublished\":\"2022-07-07T05:58:26+00:00\",\"dateModified\":\"2023-02-07T12:25:13+00:00\",\"description\":\"SIFCO ASC est reconnu comme le leader mondial dans la fourniture de services de brossage s\u00e9lectif et d'anodisation, de solutions chimiques et d'\u00e9quipements.\",\"breadcrumb\":{\"@id\":\"https:\\\/\\\/www.sifcoasc.com\\\/fr\\\/a-propos-de-sifco-asc#breadcrumb\"},\"inLanguage\":\"fr-FR\",\"potentialAction\":[{\"@type\":\"ReadAction\",\"target\":[\"https:\\\/\\\/www.sifcoasc.com\\\/fr\\\/a-propos-de-sifco-asc\"]}]},{\"@type\":\"BreadcrumbList\",\"@id\":\"https:\\\/\\\/www.sifcoasc.com\\\/fr\\\/a-propos-de-sifco-asc#breadcrumb\",\"itemListElement\":[{\"@type\":\"ListItem\",\"position\":1,\"name\":\"Home\",\"item\":\"https:\\\/\\\/www.sifcoasc.com\\\/fr\"},{\"@type\":\"ListItem\",\"position\":2,\"name\":\"\u00c0 propos de SIFCO ASC\"}]},{\"@type\":\"WebSite\",\"@id\":\"https:\\\/\\\/www.sifcoasc.com\\\/fr#website\",\"url\":\"https:\\\/\\\/www.sifcoasc.com\\\/fr\",\"name\":\"SIFCO Applied Surface Concepts\",\"description\":\"\",\"potentialAction\":[{\"@type\":\"SearchAction\",\"target\":{\"@type\":\"EntryPoint\",\"urlTemplate\":\"https:\\\/\\\/www.sifcoasc.com\\\/fr?s={search_term_string}\"},\"query-input\":{\"@type\":\"PropertyValueSpecification\",\"valueRequired\":true,\"valueName\":\"search_term_string\"}}],\"inLanguage\":\"fr-FR\"}]}<\/script>\n<!-- \/ Yoast SEO plugin. -->","yoast_head_json":{"title":"\u00c0 propos de nous | Sp\u00e9cialistes du placage s\u00e9lectif | SIFCO ASC","description":"SIFCO ASC est reconnu comme le leader mondial dans la fourniture de services de brossage s\u00e9lectif et d'anodisation, de solutions chimiques et d'\u00e9quipements.","robots":{"index":"index","follow":"follow","max-snippet":"max-snippet:-1","max-image-preview":"max-image-preview:large","max-video-preview":"max-video-preview:-1"},"canonical":"https:\/\/www.sifcoasc.com\/fr\/a-propos-de-sifco-asc","og_locale":"fr_FR","og_type":"article","og_title":"\u00c0 propos de nous | Sp\u00e9cialistes du placage s\u00e9lectif | SIFCO ASC","og_description":"SIFCO ASC est reconnu comme le leader mondial dans la fourniture de services de brossage s\u00e9lectif et d'anodisation, de solutions chimiques et d'\u00e9quipements.","og_url":"https:\/\/www.sifcoasc.com\/fr\/a-propos-de-sifco-asc","og_site_name":"SIFCO Applied Surface Concepts","article_modified_time":"2023-02-07T12:25:13+00:00","twitter_misc":{"Est. reading time":"1 minute"},"schema":{"@context":"https:\/\/schema.org","@graph":[{"@type":"WebPage","@id":"https:\/\/www.sifcoasc.com\/fr\/a-propos-de-sifco-asc","url":"https:\/\/www.sifcoasc.com\/fr\/a-propos-de-sifco-asc","name":"\u00c0 propos de nous | Sp\u00e9cialistes du placage s\u00e9lectif | SIFCO ASC","isPartOf":{"@id":"https:\/\/www.sifcoasc.com\/fr#website"},"datePublished":"2022-07-07T05:58:26+00:00","dateModified":"2023-02-07T12:25:13+00:00","description":"SIFCO ASC est reconnu comme le leader mondial dans la fourniture de services de brossage s\u00e9lectif et d'anodisation, de solutions chimiques et d'\u00e9quipements.","breadcrumb":{"@id":"https:\/\/www.sifcoasc.com\/fr\/a-propos-de-sifco-asc#breadcrumb"},"inLanguage":"fr-FR","potentialAction":[{"@type":"ReadAction","target":["https:\/\/www.sifcoasc.com\/fr\/a-propos-de-sifco-asc"]}]},{"@type":"BreadcrumbList","@id":"https:\/\/www.sifcoasc.com\/fr\/a-propos-de-sifco-asc#breadcrumb","itemListElement":[{"@type":"ListItem","position":1,"name":"Home","item":"https:\/\/www.sifcoasc.com\/fr"},{"@type":"ListItem","position":2,"name":"\u00c0 propos de SIFCO ASC"}]},{"@type":"WebSite","@id":"https:\/\/www.sifcoasc.com\/fr#website","url":"https:\/\/www.sifcoasc.com\/fr","name":"SIFCO Applied Surface Concepts","description":"","potentialAction":[{"@type":"SearchAction","target":{"@type":"EntryPoint","urlTemplate":"https:\/\/www.sifcoasc.com\/fr?s={search_term_string}"},"query-input":{"@type":"PropertyValueSpecification","valueRequired":true,"valueName":"search_term_string"}}],"inLanguage":"fr-FR"}]}},"featured_image_src":null,"featured_image_src_square":null,"_links":{"self":[{"href":"https:\/\/www.sifcoasc.com\/fr\/wp-json\/wp\/v2\/pages\/9560","targetHints":{"allow":["GET"]}}],"collection":[{"href":"https:\/\/www.sifcoasc.com\/fr\/wp-json\/wp\/v2\/pages"}],"about":[{"href":"https:\/\/www.sifcoasc.com\/fr\/wp-json\/wp\/v2\/types\/page"}],"author":[{"embeddable":true,"href":"https:\/\/www.sifcoasc.com\/fr\/wp-json\/wp\/v2\/users\/18"}],"replies":[{"embeddable":true,"href":"https:\/\/www.sifcoasc.com\/fr\/wp-json\/wp\/v2\/comments?post=9560"}],"version-history":[{"count":0,"href":"https:\/\/www.sifcoasc.com\/fr\/wp-json\/wp\/v2\/pages\/9560\/revisions"}],"wp:attachment":[{"href":"https:\/\/www.sifcoasc.com\/fr\/wp-json\/wp\/v2\/media?parent=9560"}],"curies":[{"name":"wp","href":"https:\/\/api.w.org\/{rel}","templated":true}]}}