{"id":9642,"date":"2022-07-14T15:28:39","date_gmt":"2022-07-14T15:28:39","guid":{"rendered":"https:\/\/www.sifcoasc.com\/quest-ce-que-le-placage-selectif\/placage-a-flux-encapsule\/"},"modified":"2023-01-31T13:52:04","modified_gmt":"2023-01-31T13:52:04","slug":"placage-a-flux-encapsule","status":"publish","type":"page","link":"https:\/\/www.sifcoasc.com\/fr\/quest-ce-que-le-placage-selectif\/placage-a-flux-encapsule","title":{"rendered":"Placage \u00e0 flux encapsul\u00e9"},"content":{"rendered":"<p><a href=\"https:\/\/www.sifcoasc.com\/what-is-selective-plating\/what-is-encapsulated-plating\/encapsulated-plating-whitepaper\/\"><img loading=\"lazy\" decoding=\"async\" class=\"alignnone wp-image-7127 size-full\" src=\"https:\/\/www.sifcoasc.com\/wp-content\/uploads\/Option_One.jpg\" alt=\"\" width=\"1920\" height=\"490\" srcset=\"https:\/\/www.sifcoasc.com\/wp-content\/uploads\/Option_One.jpg 1920w, https:\/\/www.sifcoasc.com\/wp-content\/uploads\/Option_One-500x128.jpg 500w, https:\/\/www.sifcoasc.com\/wp-content\/uploads\/Option_One-1024x261.jpg 1024w, https:\/\/www.sifcoasc.com\/wp-content\/uploads\/Option_One-768x196.jpg 768w, https:\/\/www.sifcoasc.com\/wp-content\/uploads\/Option_One-1536x392.jpg 1536w\" sizes=\"auto, (max-width: 709px) 85vw, (max-width: 909px) 67vw, (max-width: 1362px) 62vw, 840px\" \/><\/a><\/p>\n<p><strong><img loading=\"lazy\" decoding=\"async\" class=\"alignright wp-image-2453 size-medium\" src=\"\/wp-content\/uploads\/Page-6-Heat-exchanger-stock-500x333.jpg\" alt=\"\" width=\"500\" height=\"333\" srcset=\"https:\/\/www.sifcoasc.com\/wp-content\/uploads\/Page-6-Heat-exchanger-stock-500x333.jpg 500w, https:\/\/www.sifcoasc.com\/wp-content\/uploads\/Page-6-Heat-exchanger-stock-1024x683.jpg 1024w, https:\/\/www.sifcoasc.com\/wp-content\/uploads\/Page-6-Heat-exchanger-stock-300x200.jpg 300w, https:\/\/www.sifcoasc.com\/wp-content\/uploads\/Page-6-Heat-exchanger-stock-768x512.jpg 768w, https:\/\/www.sifcoasc.com\/wp-content\/uploads\/Page-6-Heat-exchanger-stock-1536x1024.jpg 1536w, https:\/\/www.sifcoasc.com\/wp-content\/uploads\/Page-6-Heat-exchanger-stock-2048x1365.jpg 2048w, https:\/\/www.sifcoasc.com\/wp-content\/uploads\/Page-6-Heat-exchanger-stock-600x400.jpg 600w\" sizes=\"auto, (max-width: 709px) 85vw, (max-width: 909px) 67vw, (max-width: 1362px) 62vw, 840px\" \/><\/strong><\/p>\n<p><strong>Dans le monde entier, les entreprises industrielles sont sous pression. Mondialisation, concurrence et \u00e9volution  <\/strong><strong>Les mod\u00e8les commerciaux, ainsi que les pressions r\u00e9glementaires et les pressions sur les co\u00fbts, signifient que les organisations doivent am\u00e9liorer leurs processus, r\u00e9duire les co\u00fbts et maximiser la dur\u00e9e de vie de chaque produit. Pour y parvenir, des investissements seront r\u00e9alis\u00e9s dans des outils et des \u00e9quipements dont il est prouv\u00e9 qu&#8217;ils r\u00e9duisent la d\u00e9faillance des composants et \u00e9vitent les temps d&#8217;arr\u00eat.<\/strong><\/p>\n<p>Les fabricants doivent am\u00e9liorer leurs processus, r\u00e9duire les co\u00fbts et maximiser la dur\u00e9e de vie de chaque produit. Pour y parvenir, les organisations doivent investir dans des outils et des \u00e9quipements dont il est prouv\u00e9 qu&#8217;ils r\u00e9duisent la d\u00e9faillance des composants et \u00e9vitent les temps d&#8217;arr\u00eat. Dans le m\u00eame temps, il existe un besoin accru de r\u00e9p\u00e9tabilit\u00e9, ce qui permet de maximiser l&#8217;efficacit\u00e9 en r\u00e9duisant les d\u00e9faillances et les reprises de composants.<\/p>\n<p>C&#8217;est l\u00e0 qu&#8217;intervient la nouvelle technique de galvanoplastie de SIFCO ASC, le placage encapsul\u00e9. Il s&#8217;agit essentiellement d&#8217;un hybride entre le placage en cuve et le placage s\u00e9lectif. La nature du proc\u00e9d\u00e9 signifie qu&#8217;il peut \u00eatre utilis\u00e9 pour plaquer des pi\u00e8ces dont les zones sont difficiles \u00e0 atteindre (comme la non-ligne de vue) &#8211; y compris les zones en retrait, les angles aigus ou les g\u00e9om\u00e9tries profondes du circulateur comme les tuyaux ou les raccords.<\/p>\n<p>D\u00e9velopp\u00e9e \u00e0 l&#8217;origine pour le placage \u00e0 grande vitesse de trous et d&#8217;al\u00e9sages de petit diam\u00e8tre pour l&#8217;industrie a\u00e9rospatiale, cette technologie est id\u00e9ale pour le placage rapide et efficace de pi\u00e8ces circulaires et de pi\u00e8ces \u00e0 g\u00e9om\u00e9trie complexe.<\/p>\n<h2>Le proc\u00e9d\u00e9 de placage encapsul\u00e9<\/h2>\n<p><img loading=\"lazy\" decoding=\"async\" class=\"alignright wp-image-2454 size-medium\" src=\"\/wp-content\/uploads\/Page-9-EHS-500x375.jpg\" alt=\"\" width=\"500\" height=\"375\" srcset=\"https:\/\/www.sifcoasc.com\/wp-content\/uploads\/Page-9-EHS-500x375.jpg 500w, https:\/\/www.sifcoasc.com\/wp-content\/uploads\/Page-9-EHS-1024x768.jpg 1024w, https:\/\/www.sifcoasc.com\/wp-content\/uploads\/Page-9-EHS-768x576.jpg 768w, https:\/\/www.sifcoasc.com\/wp-content\/uploads\/Page-9-EHS-1536x1152.jpg 1536w, https:\/\/www.sifcoasc.com\/wp-content\/uploads\/Page-9-EHS-2048x1536.jpg 2048w\" sizes=\"auto, (max-width: 709px) 85vw, (max-width: 909px) 67vw, (max-width: 1362px) 62vw, 840px\" \/><\/p>\n<p>\u00c0 l&#8217;aide d&#8217;un outillage personnalis\u00e9, l&#8217;ing\u00e9nieur dirige la solution de placage \u00e0 travers une ouverture dans l&#8217;outillage, ce qui permet au composite de couler sur la pi\u00e8ce \u00e0 grande vitesse. Cela cr\u00e9e ensuite une \u00e9lectrod\u00e9position, qui se produit lorsque le courant \u00e9lectrique traverse la chimie en passant sur la zone.<br \/>\nLes ing\u00e9nieurs peuvent plaquer des composants et des pi\u00e8ces complexes \u00e0 l&#8217;aide d&#8217;\u00e9lectrodes ultramodernes et personnalis\u00e9es, con\u00e7ues pour s&#8217;adapter \u00e0 la g\u00e9om\u00e9trie complexe de la zone s\u00e9lectionn\u00e9e. Des joints sur mesure encapsulent la zone, permettant un espace d\u00e9fini entre l&#8217;anode et le composant.<\/p>\n<p>Un outillage sur mesure permet \u00e0 la solution de s&#8217;\u00e9couler et d&#8217;\u00eatre confin\u00e9e \u00e0 la surface \u00e0 plaquer. Cet outillage permet une meilleure gestion du flux afin d&#8217;\u00e9viter les risques de cavitation \u00e0 l&#8217;interface anode\/cathode. La vitesse d&#8217;\u00e9coulement \u00e9lev\u00e9e optimis\u00e9e de la solution permet d&#8217;\u00e9liminer les bulles d&#8217;hydrog\u00e8ne \u00e0 la surface. Il r\u00e9approvisionne aussi efficacement les ions m\u00e9talliques \u00e0 la surface de la pi\u00e8ce \u00e0 usiner, ce qui permet d&#8217;obtenir une finition lisse et uniforme.<\/p>\n<h2>Les avantages de la m\u00e9tallisation encapsul\u00e9e<\/h2>\n<p>Si le principal avantage de la m\u00e9tallisation encapsul\u00e9e est qu&#8217;elle permet aux ing\u00e9nieurs de m\u00e9talliser des applications sans visibilit\u00e9 directe, cette m\u00e9thode unique de m\u00e9tallisation pr\u00e9sente de nombreux autres avantages :<\/p>\n<h3>Am\u00e9lioration du contr\u00f4le du processus<\/h3>\n<p>Le contr\u00f4le, la r\u00e9p\u00e9tabilit\u00e9 et la tra\u00e7abilit\u00e9 des processus jouent un r\u00f4le essentiel pour garantir que les fabricants respectent les sp\u00e9cifications rigoureuses de l&#8217;industrie, ce que garantit cette m\u00e9thode de placage.<\/p>\n<p>Le traitement par flux d&#8217;une seule pi\u00e8ce utilise le m\u00eame outillage et les m\u00eames param\u00e8tres \u00e0 chaque fois, ce qui signifie qu&#8217;il permet un contr\u00f4le accru du processus par rapport aux autres m\u00e9thodes de traitement de surface.<\/p>\n<p>Comme les ing\u00e9nieurs peuvent g\u00e9rer la temp\u00e9rature, le d\u00e9bit, la vitesse et les amp\u00e8res, ils disposent d&#8217;un niveau de contr\u00f4le \u00e9lev\u00e9. En outre, la conception du syst\u00e8me permet de suivre et de retracer les param\u00e8tres du processus de placage pour chaque pi\u00e8ce plaqu\u00e9e.<\/p>\n<p><img loading=\"lazy\" decoding=\"async\" class=\"alignright wp-image-2456\" src=\"\/wp-content\/uploads\/Page-18-France-Heat-Exchanger2-500x375.jpg\" alt=\"\" width=\"400\" height=\"300\" srcset=\"https:\/\/www.sifcoasc.com\/wp-content\/uploads\/Page-18-France-Heat-Exchanger2-500x375.jpg 500w, https:\/\/www.sifcoasc.com\/wp-content\/uploads\/Page-18-France-Heat-Exchanger2-1024x768.jpg 1024w, https:\/\/www.sifcoasc.com\/wp-content\/uploads\/Page-18-France-Heat-Exchanger2-768x576.jpg 768w, https:\/\/www.sifcoasc.com\/wp-content\/uploads\/Page-18-France-Heat-Exchanger2.jpg 1200w\" sizes=\"auto, (max-width: 709px) 85vw, (max-width: 909px) 67vw, (max-width: 1362px) 62vw, 840px\" \/><\/p>\n<h3>Rapidit\u00e9, efficacit\u00e9 et retour sur investissement<\/h3>\n<p>Des temps de cycle plus rapides, moins de retouches co\u00fbteuses et des gains d&#8217;efficacit\u00e9 en termes d&#8217;encombrement de l&#8217;usine sont d&#8217;autres avantages de cette m\u00e9thode de placage.<\/p>\n<p>L&#8217;outillage personnalis\u00e9 tout-en-un d\u00e9pose rapidement, \u00e9liminant le besoin de masquage et d&#8217;autres proc\u00e9dures de pr\u00e9-placage qui ralentissent habituellement le processus de placage.<\/p>\n<p>Comme aucun grand r\u00e9servoir n&#8217;est n\u00e9cessaire et qu&#8217;il n&#8217;y a pas besoin d&#8217;une ligne de placage compl\u00e8te, le faible encombrement du processus signifie qu&#8217;il peut \u00eatre <a href=\"\/\/www.sifcoasc.com\/on-site-plating\/\">r\u00e9alis\u00e9 in-situ<\/a> et int\u00e9gr\u00e9 dans la structure de production actuelle.<\/p>\n<h3>Une m\u00e9thode de placage plus s\u00fbre et durable<\/h3>\n<p>Le placage encapsul\u00e9 aide les ing\u00e9nieurs \u00e0 r\u00e9duire leur empreinte carbone et \u00e0 respecter les normes EHS, car l&#8217;outillage con\u00e7u sur mesure offre de meilleures r\u00e9f\u00e9rences en mati\u00e8re de sant\u00e9 et de s\u00e9curit\u00e9 par rapport aux autres m\u00e9thodes de placage.<\/p>\n<p>Comme le composant et la solution de placage sont enferm\u00e9s dans l&#8217;outillage, l&#8217;exposition aux produits chimiques est limit\u00e9e. Par exemple, par rapport au placage en cuve qui utilise de grandes quantit\u00e9s de produits chimiques, le placage encapsul\u00e9 utilise beaucoup moins de solution et cr\u00e9e moins de d\u00e9chets d&#8217;effluents. Cela cr\u00e9e \u00e9galement un risque minimal pour l&#8217;environnement.<\/p>\n<p>Le faible encombrement du processus signifie qu&#8217;il peut avoir lieu sur le site du client. Comme il n&#8217;est pas n\u00e9cessaire d&#8217;exp\u00e9dier les produits hors du site pour les plaquer, les entreprises peuvent r\u00e9duire davantage l&#8217;empreinte carbone, les co\u00fbts et les temps d&#8217;arr\u00eat associ\u00e9s aux r\u00e9parations hors site.<\/p>\n<h3>Appliqu\u00e9 \u00e0 un large \u00e9ventail d&#8217;industries<\/h3>\n<p>Bien que la m\u00e9tallisation encapsul\u00e9e ait \u00e9t\u00e9 mise au point pour l&#8217;industrie automobile, elle peut \u00eatre utilis\u00e9e dans un large \u00e9ventail de secteurs o\u00f9 les op\u00e9rateurs peuvent \u00eatre amen\u00e9s \u00e0 m\u00e9talliser des composants difficiles d&#8217;acc\u00e8s, pr\u00e9sentant des g\u00e9om\u00e9tries axisym\u00e9triques ou des conceptions complexes. Par exemple, les r\u00e9sonateurs plaqu\u00e9s or dans l&#8217;a\u00e9rospatiale et les \u00e9changeurs de chaleur dans les applications de production d&#8217;\u00e9nergie, l&#8217;\u00e9lectronique et les compresseurs sont complexes et difficiles d&#8217;acc\u00e8s, et b\u00e9n\u00e9ficient donc d&#8217;un placage encapsul\u00e9.<br \/>\nSi vous avez une pi\u00e8ce complexe qui doit \u00eatre plaqu\u00e9e ou une application sans visibilit\u00e9 directe, <a href=\"\/\/www.sifcoasc.com\/contact-us\/\">contactez<\/a> l&#8217;un de nos ing\u00e9nieurs d\u00e8s aujourd&#8217;hui.<\/p>\n<p><img loading=\"lazy\" decoding=\"async\" class=\"aligncenter wp-image-2455 size-large\" src=\"\/wp-content\/uploads\/GMP-Station-1024x512.jpg\" alt=\"Station GMP\" width=\"1024\" height=\"512\" srcset=\"https:\/\/www.sifcoasc.com\/wp-content\/uploads\/GMP-Station-1024x512.jpg 1024w, https:\/\/www.sifcoasc.com\/wp-content\/uploads\/GMP-Station-500x250.jpg 500w, https:\/\/www.sifcoasc.com\/wp-content\/uploads\/GMP-Station-768x384.jpg 768w, https:\/\/www.sifcoasc.com\/wp-content\/uploads\/GMP-Station.jpg 1284w\" sizes=\"auto, (max-width: 709px) 85vw, (max-width: 909px) 67vw, (max-width: 1362px) 62vw, 840px\" \/><\/p>\n","protected":false},"excerpt":{"rendered":"<p>Dans le monde entier, les entreprises industrielles sont sous pression. Mondialisation, concurrence et \u00e9volution Les mod\u00e8les commerciaux, ainsi que les pressions r\u00e9glementaires et les pressions sur les co\u00fbts, signifient que les organisations doivent am\u00e9liorer leurs processus, r\u00e9duire les co\u00fbts et maximiser la dur\u00e9e de vie de chaque produit. Pour y parvenir, des investissements seront r\u00e9alis\u00e9s [&hellip;]<\/p>\n","protected":false},"author":18,"featured_media":0,"parent":9633,"menu_order":0,"comment_status":"closed","ping_status":"closed","template":"","meta":{"_acf_changed":false,"inline_featured_image":false,"footnotes":""},"class_list":["post-9642","page","type-page","status-publish","hentry"],"acf":[],"yoast_head":"<!-- This site is optimized with the Yoast SEO plugin v27.4 - https:\/\/yoast.com\/product\/yoast-seo-wordpress\/ -->\n<title>Placage \u00e0 flux encapsul\u00e9 - SIFCO Applied Surface Concepts<\/title>\n<meta name=\"description\" content=\"Dans le monde entier, les entreprises industrielles sont sous pression. Mondialisation, concurrence et \u00e9volution Les mod\u00e8les commerciaux, ainsi que les pressions r\u00e9glementaires et les pressions sur les co\u00fbts, signifient que les organisations doivent am\u00e9liorer leurs processus, r\u00e9duire les co\u00fbts et maximiser la dur\u00e9e de vie de chaque produit. Pour y parvenir, des investissements seront r\u00e9alis\u00e9s\" \/>\n<meta name=\"robots\" content=\"index, follow, max-snippet:-1, max-image-preview:large, max-video-preview:-1\" \/>\n<link rel=\"canonical\" href=\"https:\/\/www.sifcoasc.com\/fr\/quest-ce-que-le-placage-selectif\/placage-a-flux-encapsule\" \/>\n<meta property=\"og:locale\" content=\"fr_FR\" \/>\n<meta property=\"og:type\" content=\"article\" \/>\n<meta property=\"og:title\" content=\"Placage \u00e0 flux encapsul\u00e9 - SIFCO Applied Surface Concepts\" \/>\n<meta property=\"og:description\" content=\"Dans le monde entier, les entreprises industrielles sont sous pression. Mondialisation, concurrence et \u00e9volution Les mod\u00e8les commerciaux, ainsi que les pressions r\u00e9glementaires et les pressions sur les co\u00fbts, signifient que les organisations doivent am\u00e9liorer leurs processus, r\u00e9duire les co\u00fbts et maximiser la dur\u00e9e de vie de chaque produit. Pour y parvenir, des investissements seront r\u00e9alis\u00e9s\" \/>\n<meta property=\"og:url\" content=\"https:\/\/www.sifcoasc.com\/fr\/quest-ce-que-le-placage-selectif\/placage-a-flux-encapsule\" \/>\n<meta property=\"og:site_name\" content=\"SIFCO Applied Surface Concepts\" \/>\n<meta property=\"article:modified_time\" content=\"2023-01-31T13:52:04+00:00\" \/>\n<meta property=\"og:image\" content=\"https:\/\/www.sifcoasc.com\/wp-content\/uploads\/Option_One.jpg\" \/>\n<meta name=\"twitter:label1\" content=\"Est. reading time\" \/>\n\t<meta name=\"twitter:data1\" content=\"5 minutes\" \/>\n<script type=\"application\/ld+json\" class=\"yoast-schema-graph\">{\"@context\":\"https:\\\/\\\/schema.org\",\"@graph\":[{\"@type\":\"WebPage\",\"@id\":\"https:\\\/\\\/www.sifcoasc.com\\\/fr\\\/quest-ce-que-le-placage-selectif\\\/placage-a-flux-encapsule\",\"url\":\"https:\\\/\\\/www.sifcoasc.com\\\/fr\\\/quest-ce-que-le-placage-selectif\\\/placage-a-flux-encapsule\",\"name\":\"Placage \u00e0 flux encapsul\u00e9 - SIFCO Applied Surface Concepts\",\"isPartOf\":{\"@id\":\"https:\\\/\\\/www.sifcoasc.com\\\/fr#website\"},\"primaryImageOfPage\":{\"@id\":\"https:\\\/\\\/www.sifcoasc.com\\\/fr\\\/quest-ce-que-le-placage-selectif\\\/placage-a-flux-encapsule#primaryimage\"},\"image\":{\"@id\":\"https:\\\/\\\/www.sifcoasc.com\\\/fr\\\/quest-ce-que-le-placage-selectif\\\/placage-a-flux-encapsule#primaryimage\"},\"thumbnailUrl\":\"https:\\\/\\\/www.sifcoasc.com\\\/wp-content\\\/uploads\\\/Option_One.jpg\",\"datePublished\":\"2022-07-14T15:28:39+00:00\",\"dateModified\":\"2023-01-31T13:52:04+00:00\",\"description\":\"Dans le monde entier, les entreprises industrielles sont sous pression. Mondialisation, concurrence et \u00e9volution Les mod\u00e8les commerciaux, ainsi que les pressions r\u00e9glementaires et les pressions sur les co\u00fbts, signifient que les organisations doivent am\u00e9liorer leurs processus, r\u00e9duire les co\u00fbts et maximiser la dur\u00e9e de vie de chaque produit. Pour y parvenir, des investissements seront r\u00e9alis\u00e9s\",\"breadcrumb\":{\"@id\":\"https:\\\/\\\/www.sifcoasc.com\\\/fr\\\/quest-ce-que-le-placage-selectif\\\/placage-a-flux-encapsule#breadcrumb\"},\"inLanguage\":\"fr-FR\",\"potentialAction\":[{\"@type\":\"ReadAction\",\"target\":[\"https:\\\/\\\/www.sifcoasc.com\\\/fr\\\/quest-ce-que-le-placage-selectif\\\/placage-a-flux-encapsule\"]}]},{\"@type\":\"ImageObject\",\"inLanguage\":\"fr-FR\",\"@id\":\"https:\\\/\\\/www.sifcoasc.com\\\/fr\\\/quest-ce-que-le-placage-selectif\\\/placage-a-flux-encapsule#primaryimage\",\"url\":\"https:\\\/\\\/www.sifcoasc.com\\\/wp-content\\\/uploads\\\/Option_One.jpg\",\"contentUrl\":\"https:\\\/\\\/www.sifcoasc.com\\\/wp-content\\\/uploads\\\/Option_One.jpg\"},{\"@type\":\"BreadcrumbList\",\"@id\":\"https:\\\/\\\/www.sifcoasc.com\\\/fr\\\/quest-ce-que-le-placage-selectif\\\/placage-a-flux-encapsule#breadcrumb\",\"itemListElement\":[{\"@type\":\"ListItem\",\"position\":1,\"name\":\"Home\",\"item\":\"https:\\\/\\\/www.sifcoasc.com\\\/fr\"},{\"@type\":\"ListItem\",\"position\":2,\"name\":\"Qu&#8217;est-ce que le placage s\u00e9lectif ?\",\"item\":\"https:\\\/\\\/www.sifcoasc.com\\\/fr\\\/quest-ce-que-le-placage-selectif\"},{\"@type\":\"ListItem\",\"position\":3,\"name\":\"Placage \u00e0 flux encapsul\u00e9\"}]},{\"@type\":\"WebSite\",\"@id\":\"https:\\\/\\\/www.sifcoasc.com\\\/fr#website\",\"url\":\"https:\\\/\\\/www.sifcoasc.com\\\/fr\",\"name\":\"SIFCO Applied Surface Concepts\",\"description\":\"\",\"potentialAction\":[{\"@type\":\"SearchAction\",\"target\":{\"@type\":\"EntryPoint\",\"urlTemplate\":\"https:\\\/\\\/www.sifcoasc.com\\\/fr?s={search_term_string}\"},\"query-input\":{\"@type\":\"PropertyValueSpecification\",\"valueRequired\":true,\"valueName\":\"search_term_string\"}}],\"inLanguage\":\"fr-FR\"}]}<\/script>\n<!-- \/ Yoast SEO plugin. -->","yoast_head_json":{"title":"Placage \u00e0 flux encapsul\u00e9 - SIFCO Applied Surface Concepts","description":"Dans le monde entier, les entreprises industrielles sont sous pression. Mondialisation, concurrence et \u00e9volution Les mod\u00e8les commerciaux, ainsi que les pressions r\u00e9glementaires et les pressions sur les co\u00fbts, signifient que les organisations doivent am\u00e9liorer leurs processus, r\u00e9duire les co\u00fbts et maximiser la dur\u00e9e de vie de chaque produit. Pour y parvenir, des investissements seront r\u00e9alis\u00e9s","robots":{"index":"index","follow":"follow","max-snippet":"max-snippet:-1","max-image-preview":"max-image-preview:large","max-video-preview":"max-video-preview:-1"},"canonical":"https:\/\/www.sifcoasc.com\/fr\/quest-ce-que-le-placage-selectif\/placage-a-flux-encapsule","og_locale":"fr_FR","og_type":"article","og_title":"Placage \u00e0 flux encapsul\u00e9 - SIFCO Applied Surface Concepts","og_description":"Dans le monde entier, les entreprises industrielles sont sous pression. Mondialisation, concurrence et \u00e9volution Les mod\u00e8les commerciaux, ainsi que les pressions r\u00e9glementaires et les pressions sur les co\u00fbts, signifient que les organisations doivent am\u00e9liorer leurs processus, r\u00e9duire les co\u00fbts et maximiser la dur\u00e9e de vie de chaque produit. Pour y parvenir, des investissements seront r\u00e9alis\u00e9s","og_url":"https:\/\/www.sifcoasc.com\/fr\/quest-ce-que-le-placage-selectif\/placage-a-flux-encapsule","og_site_name":"SIFCO Applied Surface Concepts","article_modified_time":"2023-01-31T13:52:04+00:00","og_image":[{"url":"https:\/\/www.sifcoasc.com\/wp-content\/uploads\/Option_One.jpg","type":"","width":"","height":""}],"twitter_misc":{"Est. reading time":"5 minutes"},"schema":{"@context":"https:\/\/schema.org","@graph":[{"@type":"WebPage","@id":"https:\/\/www.sifcoasc.com\/fr\/quest-ce-que-le-placage-selectif\/placage-a-flux-encapsule","url":"https:\/\/www.sifcoasc.com\/fr\/quest-ce-que-le-placage-selectif\/placage-a-flux-encapsule","name":"Placage \u00e0 flux encapsul\u00e9 - SIFCO Applied Surface Concepts","isPartOf":{"@id":"https:\/\/www.sifcoasc.com\/fr#website"},"primaryImageOfPage":{"@id":"https:\/\/www.sifcoasc.com\/fr\/quest-ce-que-le-placage-selectif\/placage-a-flux-encapsule#primaryimage"},"image":{"@id":"https:\/\/www.sifcoasc.com\/fr\/quest-ce-que-le-placage-selectif\/placage-a-flux-encapsule#primaryimage"},"thumbnailUrl":"https:\/\/www.sifcoasc.com\/wp-content\/uploads\/Option_One.jpg","datePublished":"2022-07-14T15:28:39+00:00","dateModified":"2023-01-31T13:52:04+00:00","description":"Dans le monde entier, les entreprises industrielles sont sous pression. Mondialisation, concurrence et \u00e9volution Les mod\u00e8les commerciaux, ainsi que les pressions r\u00e9glementaires et les pressions sur les co\u00fbts, signifient que les organisations doivent am\u00e9liorer leurs processus, r\u00e9duire les co\u00fbts et maximiser la dur\u00e9e de vie de chaque produit. Pour y parvenir, des investissements seront r\u00e9alis\u00e9s","breadcrumb":{"@id":"https:\/\/www.sifcoasc.com\/fr\/quest-ce-que-le-placage-selectif\/placage-a-flux-encapsule#breadcrumb"},"inLanguage":"fr-FR","potentialAction":[{"@type":"ReadAction","target":["https:\/\/www.sifcoasc.com\/fr\/quest-ce-que-le-placage-selectif\/placage-a-flux-encapsule"]}]},{"@type":"ImageObject","inLanguage":"fr-FR","@id":"https:\/\/www.sifcoasc.com\/fr\/quest-ce-que-le-placage-selectif\/placage-a-flux-encapsule#primaryimage","url":"https:\/\/www.sifcoasc.com\/wp-content\/uploads\/Option_One.jpg","contentUrl":"https:\/\/www.sifcoasc.com\/wp-content\/uploads\/Option_One.jpg"},{"@type":"BreadcrumbList","@id":"https:\/\/www.sifcoasc.com\/fr\/quest-ce-que-le-placage-selectif\/placage-a-flux-encapsule#breadcrumb","itemListElement":[{"@type":"ListItem","position":1,"name":"Home","item":"https:\/\/www.sifcoasc.com\/fr"},{"@type":"ListItem","position":2,"name":"Qu&#8217;est-ce que le placage s\u00e9lectif ?","item":"https:\/\/www.sifcoasc.com\/fr\/quest-ce-que-le-placage-selectif"},{"@type":"ListItem","position":3,"name":"Placage \u00e0 flux encapsul\u00e9"}]},{"@type":"WebSite","@id":"https:\/\/www.sifcoasc.com\/fr#website","url":"https:\/\/www.sifcoasc.com\/fr","name":"SIFCO Applied Surface Concepts","description":"","potentialAction":[{"@type":"SearchAction","target":{"@type":"EntryPoint","urlTemplate":"https:\/\/www.sifcoasc.com\/fr?s={search_term_string}"},"query-input":{"@type":"PropertyValueSpecification","valueRequired":true,"valueName":"search_term_string"}}],"inLanguage":"fr-FR"}]}},"featured_image_src":null,"featured_image_src_square":null,"_links":{"self":[{"href":"https:\/\/www.sifcoasc.com\/fr\/wp-json\/wp\/v2\/pages\/9642","targetHints":{"allow":["GET"]}}],"collection":[{"href":"https:\/\/www.sifcoasc.com\/fr\/wp-json\/wp\/v2\/pages"}],"about":[{"href":"https:\/\/www.sifcoasc.com\/fr\/wp-json\/wp\/v2\/types\/page"}],"author":[{"embeddable":true,"href":"https:\/\/www.sifcoasc.com\/fr\/wp-json\/wp\/v2\/users\/18"}],"replies":[{"embeddable":true,"href":"https:\/\/www.sifcoasc.com\/fr\/wp-json\/wp\/v2\/comments?post=9642"}],"version-history":[{"count":0,"href":"https:\/\/www.sifcoasc.com\/fr\/wp-json\/wp\/v2\/pages\/9642\/revisions"}],"up":[{"embeddable":true,"href":"https:\/\/www.sifcoasc.com\/fr\/wp-json\/wp\/v2\/pages\/9633"}],"wp:attachment":[{"href":"https:\/\/www.sifcoasc.com\/fr\/wp-json\/wp\/v2\/media?parent=9642"}],"curies":[{"name":"wp","href":"https:\/\/api.w.org\/{rel}","templated":true}]}}