{"id":9651,"date":"2022-07-14T15:28:48","date_gmt":"2022-07-14T15:28:48","guid":{"rendered":"https:\/\/www.sifcoasc.com\/ehs-et-durabilite\/"},"modified":"2022-08-17T05:20:05","modified_gmt":"2022-08-17T05:20:05","slug":"ehs-et-durabilite","status":"publish","type":"page","link":"https:\/\/www.sifcoasc.com\/fr\/ehs-et-durabilite","title":{"rendered":"EHS et durabilit\u00e9"},"content":{"rendered":"<h2><strong>EHS et durabilit\u00e9<\/strong><\/h2>\n<p>L&#8217;utilisation de SIFCO Process\u00ae permet aux entreprises de satisfaire ou de d\u00e9passer la plupart des exigences industrielles tout en restant sensibles aux r\u00e9glementations environnementales. Notre processus a \u00e9t\u00e9 sp\u00e9cialement con\u00e7u pour utiliser des quantit\u00e9s minimales de mat\u00e9riaux afin de garantir la s\u00e9curit\u00e9 des travailleurs et d&#8217;all\u00e9ger la charge de l&#8217;\u00e9limination des d\u00e9chets.<\/p>\n<div class=\"right-image\"><img loading=\"lazy\" decoding=\"async\" width=\"135\" height=\"165\" class=\"alignnone size-full wp-image-1864\" title=\"SME et d\u00e9veloppement durable  \" src=\"\/wp-content\/uploads\/SQA-ISO14001-2015-135x165-1.jpg\" alt=\"SME et d\u00e9veloppement durable  \"><\/div>\n<p>SIFCO ASC maintient volontairement son <a href=\"\/fr\/accreditations-de-qualite\/\">syst\u00e8me de gestion de la qualit\u00e9 et de l&#8217;environnement<\/a> (EMS) selon la norme ISO 14001:2015. La norme ISO 14001:2015 est la norme internationale qui sp\u00e9cifie les exigences relatives \u00e0 un syst\u00e8me de management environnemental efficace. Au lieu de fournir des exigences de performance, la norme ISO 14001:2015 fournit seulement un cadre \u00e0 suivre pour une organisation &#8211; englobant l&#8217;ensemble du cycle de vie de nos produits, et pas seulement leur production. En am\u00e9liorant l&#8217;efficacit\u00e9 de nos ressources, nous r\u00e9duirons donc les d\u00e9chets et les co\u00fbts.<\/p>\n<p>Le maintien de notre SME aide SIFCO ASC \u00e0 minimiser l&#8217;impact de ses activit\u00e9s sur l&#8217;environnement, \u00e0 se conformer aux r\u00e9glementations et exigences gouvernementales, ainsi qu&#8217;\u00e0 s&#8217;am\u00e9liorer continuellement pour conserver sa certification.<\/p>\n<p>\u00c0 ce jour, SIFCO ASC surveille les \u00e9l\u00e9ments suivants :<\/p>\n<ul>\n<li>Utilisation de l&#8217;\u00e9lectricit\u00e9<\/li>\n<li>D\u00e9chets dangereux produits<\/li>\n<li>Utilisation de la bouteille<\/li>\n<li>Utilisation du papier<\/li>\n<\/ul>\n<h2>Solutions respectueuses de l&#8217;environnement<\/h2>\n<p>Les applications exigeantes d&#8217;aujourd&#8217;hui n\u00e9cessitent des d\u00e9p\u00f4ts bien con\u00e7us et \u00e9prouv\u00e9s qui pr\u00e9sentent le moins de risques possible pour l&#8217;op\u00e9rateur et l&#8217;environnement. En fonction de vos besoins en mati\u00e8re de m\u00e9tallisation, SIFCO ASC a d\u00e9velopp\u00e9 des alternatives au cadmium pour r\u00e9pondre aux besoins de vos applications.<\/p>\n<ul>\n<li>LHE\u00ae Zinc-Nickel<\/li>\n<li>\u00c9tain-Zinc<\/li>\n<\/ul>\n<p>Zinc-Nickel LHE\u00ae et Tin-Zinc sont des alternatives moins toxiques au cadmium qui peuvent \u00eatre utilis\u00e9es pour r\u00e9parer le cadmium, le zinc-nickel, l&#8217;\u00e9tain-zinc et l&#8217;aluminium IVD sur les aciers \u00e0 haute r\u00e9sistance. Ces deux d\u00e9p\u00f4ts offrent une excellente protection contre la corrosion, sont faiblement fragilis\u00e9s par l&#8217;hydrog\u00e8ne et ne n\u00e9cessitent pas de cuisson d&#8217;\u00e9limination de la fragilisation par l&#8217;hydrog\u00e8ne apr\u00e8s la pose de la plaque.<\/p>\n<p>Zinc-Nickel LHE\u00ae et Tin-Zinc ont d\u00e9j\u00e0 \u00e9t\u00e9 approuv\u00e9s par :<\/p>\n<ul>\n<li>Boeing<\/li>\n<li>Messier-Bugatti-Dowty<\/li>\n<li>Ratier-Figeac<\/li>\n<li>Turbomeca<\/li>\n<li>NASA<\/li>\n<li>et plus<\/li>\n<\/ul>\n<p><strong><br \/>\nAlternatives au chrome<\/strong><br \/>\nLes alternatives au chrome de SIFCO ASC sont des d\u00e9p\u00f4ts bross\u00e9s respectueux de l&#8217;environnement parfaits pour les r\u00e9parations et les applications OEM qui n\u00e9cessitent un placage exceptionnellement dur. En fonction de vos besoins en mati\u00e8re de m\u00e9tallisation, SIFCO ASC a d\u00e9velopp\u00e9 une vari\u00e9t\u00e9 de d\u00e9p\u00f4ts pour r\u00e9pondre aux besoins de vos applications :<\/p>\n<ul>\n<li>AeroShield\u00ae 4015<\/li>\n<li>AeroNikl\u00ae 575 7280\/5727<\/li>\n<li>Cobalt-Nickel Semi-brillant 5720<\/li>\n<li>Nickel High-Speed 2803<\/li>\n<li>Nickel-Tungst\u00e8ne 5711<\/li>\n<\/ul>\n<p>Ces d\u00e9p\u00f4ts ont \u00e9t\u00e9 d\u00e9velopp\u00e9s pour l&#8217;a\u00e9rospatiale, l&#8217;automobile, le p\u00e9trole et le gaz, et toute autre industrie o\u00f9 la duret\u00e9 de la surface, la r\u00e9sistance \u00e0 l&#8217;usure et le coefficient de friction sont critiques. Les alternatives au chrome de SIFCO ASC sont utilis\u00e9es pour une vari\u00e9t\u00e9 d&#8217;applications telles que les accumulations importantes, le redimensionnement de pi\u00e8ces sujettes \u00e0 l&#8217;usure et \u00e0 la corrosion, et la r\u00e9cup\u00e9ration.<\/p>\n<p><strong>Solutions sans cyanure<\/strong><br \/>\nLe cyanure est un compos\u00e9 chimique qui est intrins\u00e8quement toxique. Les solutions de placage qui contiennent des ions cyanure sont corrosives pour la peau et les yeux et potentiellement mortelles en cas d&#8217;ingestion. S&#8217;il est essentiel de maintenir une ventilation correcte tout au long de l&#8217;op\u00e9ration de placage, si les ions cyanure entrent en contact avec un acide, l&#8217;air de la zone de placage contiendra des niveaux \u00e9lev\u00e9s de cyanure d&#8217;hydrog\u00e8ne gazeux. Pour r\u00e9pondre \u00e0 la demande des clients qui souhaitent am\u00e9liorer la sant\u00e9 et la s\u00e9curit\u00e9 des techniciens, SIFCO ASC a mis au point des solutions de placage sans cyanure qui pr\u00e9sentent les m\u00eames caract\u00e9ristiques d&#8217;adh\u00e9rence et de d\u00e9p\u00f4t.<\/p>\n<ul>\n<li>Or sans cyanure 5355<\/li>\n<li>Argent non cyanur\u00e9 3084\/5870<\/li>\n<li>Production d&#8217;argent sans cyanure 5871<\/li>\n<\/ul>\n<p>De plus, avec le SIFCO Process\u00ae, m\u00eame le placage sur des surfaces nitrur\u00e9es ne n\u00e9cessite pas de bande de cyanure, mais le technicien d\u00e9cape la couche blanche \u00e0 l&#8217;aide d&#8217;une solution pr\u00e9paratoire \u00e0 base d&#8217;eau. Des proc\u00e9dures pr\u00e9paratoires sans cyanure ont \u00e9galement \u00e9t\u00e9 mises au point pour le placage sur l&#8217;aluminium afin de garantir un d\u00e9p\u00f4t de qualit\u00e9 et une bonne adh\u00e9rence.<\/p>\n<p><strong>Solutions de nickel sans acide borique<\/strong><\/p>\n<p>Il y a plus de dix ans, l&#8217;acide borique a \u00e9t\u00e9 ajout\u00e9 \u00e0 la liste des substances extr\u00eamement pr\u00e9occupantes (SVHC) dans le cadre de REACH en raison de sa toxicit\u00e9 pour la reproduction. Parmi notre catalogue de plus de 100 solutions de placage au pinceau et d&#8217;alliage, seules 13 contiennent de l&#8217;acide borique.<\/p>\n<p>Mais pour comprendre pourquoi il est important de disposer d&#8217;un grand nombre de solutions sans acide borique, il faut comprendre le r\u00f4le de l&#8217;acide borique dans la m\u00e9tallisation. L&#8217;acide borique remplit plusieurs fonctions, notamment le contr\u00f4le des contraintes internes, la stabilisation du pH, le maintien d&#8217;une bonne qualit\u00e9 des d\u00e9p\u00f4ts et la possibilit\u00e9 d&#8217;utiliser des additifs de raffinage des grains. Les solutions de SIFCO ASC ont permis d&#8217;obtenir ces propri\u00e9t\u00e9s avec des solutions \u00e0 base d&#8217;eau, respectueuses de l&#8217;environnement, sans utiliser d&#8217;acide borique.<\/p>\n<p>Les grands clients Prime travaillent dur pour anticiper les nouveaux SVHC. Lorsqu&#8217;elles cherchent \u00e0 sp\u00e9cifier de nouveaux rev\u00eatements pour les r\u00e9parations ou les processus OEM, de nombreuses entreprises essaient d&#8217;\u00e9tablir des proc\u00e9dures qui peuvent \u00eatre utilis\u00e9es dans le monde entier et qui rencontrent le moins de restrictions possible. Nos solutions de nickel sans acide borique les plus courantes sont les suivantes :<\/p>\n<ul>\n<li>Acide de nickel 2080\/5600<\/li>\n<li>Acide de nickel 2807<\/li>\n<li>Nickel ductile 2086<\/li>\n<li>Nickel ductile 2088<\/li>\n<\/ul>\n<p>De plus, le proc\u00e9d\u00e9 SIFCO\u00ae de galvanoplastie s\u00e9lective permet d&#8217;obtenir des d\u00e9p\u00f4ts galvaniques et des rev\u00eatements anodis\u00e9s de qualit\u00e9 sup\u00e9rieure avec un minimum de d\u00e9chets. L&#8217;utilisation du SIFCO Process\u00ae permet aux entreprises de satisfaire ou de d\u00e9passer la plupart des exigences industrielles tout en restant sensibles aux r\u00e9glementations environnementales.<\/p>\n<p>Il ne fait aucun doute que l&#8217;application de la r\u00e9glementation environnementale est sensiblement diff\u00e9rente aujourd&#8217;hui de ce qu&#8217;elle \u00e9tait il y a quelques ann\u00e9es. La terminologie seule peut \u00eatre d\u00e9concertante jusqu&#8217;\u00e0 ce qu&#8217;elle soit \u00e9tudi\u00e9e et comprise. SIFCO ASC a une connaissance approfondie des r\u00e9glementations qui sont principalement promulgu\u00e9es par l&#8217;OSHA et l&#8217;EPA. Notre d\u00e9partement des services environnementaux est charg\u00e9 de se tenir au courant des r\u00e9glementations environnementales et d&#8217;aider notre personnel et nos clients. Ces services de soutien environnemental sont disponibles pour tous les clients de SIFCO Process\u00ae en appelant le si\u00e8ge de SIFCO Applied Surface Concepts au 800-765-4131.<\/p>\n<section class=\"rows-of-2\">\n<div>\n<h2>Ressources connexes<\/h2>\n<p>SIFCO Applied Surface Concepts est votre ressource vitale pour am\u00e9liorer, r\u00e9parer ou remettre \u00e0 neuf des composants critiques gr\u00e2ce \u00e0 la galvanoplastie s\u00e9lective. Le proc\u00e9d\u00e9 SIFCO\u00ae est la principale m\u00e9thode de galvanisation s\u00e9lective de zones localis\u00e9es sur des composants sans utiliser de cuve d&#8217;immersion. Nous fournissons des services contractuels, des solutions chimiques et des \u00e9quipements pour l&#8217;am\u00e9lioration des surfaces afin d&#8217;am\u00e9liorer les performances des composants, de minimiser les temps d&#8217;arr\u00eat et de r\u00e9duire les co\u00fbts de fabrication. Pour en savoir plus, choisissez l&#8217;une de ces ressources connexes.<\/p><\/div>\n<div>\n<div class=\"click-expand relatedresource\">\n<h3 class=\"ce-header\" tabindex=\"0\">Produits et services<\/h3>\n<div class=\"ce-body\">\n<ul>\n<li><a href=\"https:\/\/plating.sifcoasc.com\/\">Catalogue de produits en ligne<\/a><\/li>\n<li><a href=\"\/\/www.sifcoasc.com\/datasheet-library\/\">Biblioth\u00e8que de fiches techniques<\/a><\/li>\n<li><a href=\"\/\/www.sifcoasc.com\/video-library\/\">Vid\u00e9oth\u00e8que<\/a><\/li>\n<\/ul>\n<\/div>\n<\/div>\n<div class=\"click-expand\">\n<h3 class=\"ce-header\" tabindex=\"0\">Ressources de qualit\u00e9<\/h3>\n<div class=\"ce-body\">\n<ul>\n<li><a href=\"\/\/www.sifcoasc.com\/quality-accreditations\/\">Accr\u00e9ditations de qualit\u00e9<\/a><\/li>\n<li><a href=\"\/\/www.sifcoasc.com\/industry-specifications\/\">Sp\u00e9cifications<\/a><\/li>\n<li><a href=\"\/\/www.sifcoasc.com\/restricted-certificates-of-conformance\/\">Certificats de conformit\u00e9<\/a><\/li>\n<\/ul>\n<\/div>\n<\/div>\n<div class=\"click-expand\">\n<h3 class=\"ce-header\" tabindex=\"0\">En savoir plus<\/h3>\n<div class=\"ce-body\">\n<ul>\n<li><a href=\"\/\/www.sifcoasc.com\/what-is-selective-plating\/\">Qu&#8217;est-ce que le placage s\u00e9lectif ?<\/a><\/li>\n<li><a href=\"\/\/www.sifcoasc.com\/meet-the-team\/\">Rencontrez l&#8217;\u00e9quipe<\/a><\/li>\n<li><a href=\"\/\/www.sifcoasc.com\/contact-us\/\">Nous contacter<\/a><\/li>\n<\/ul>\n<\/div><\/div>\n<\/div>\n<\/section>\n","protected":false},"excerpt":{"rendered":"<p>EHS et durabilit\u00e9 L&#8217;utilisation de SIFCO Process\u00ae permet aux entreprises de satisfaire ou de d\u00e9passer la plupart des exigences industrielles tout en restant sensibles aux r\u00e9glementations environnementales. Notre processus a \u00e9t\u00e9 sp\u00e9cialement con\u00e7u pour utiliser des quantit\u00e9s minimales de mat\u00e9riaux afin de garantir la s\u00e9curit\u00e9 des travailleurs et d&#8217;all\u00e9ger la charge de l&#8217;\u00e9limination des d\u00e9chets. [&hellip;]<\/p>\n","protected":false},"author":18,"featured_media":0,"parent":0,"menu_order":0,"comment_status":"closed","ping_status":"closed","template":"","meta":{"_acf_changed":false,"inline_featured_image":false,"footnotes":""},"class_list":["post-9651","page","type-page","status-publish","hentry"],"acf":[],"yoast_head":"<!-- This site is optimized with the Yoast SEO plugin v27.4 - https:\/\/yoast.com\/product\/yoast-seo-wordpress\/ -->\n<title>SIFCO ASC : SME et d\u00e9veloppement durable<\/title>\n<meta name=\"description\" content=\"EHS et d\u00e9veloppement durable SIFCO ASC s&#039;engage \u00e0 fournir des solutions de placage de qualit\u00e9, qui r\u00e9pondent aux normes environnementales exigeantes d&#039;aujourd&#039;hui ainsi qu&#039;aux ...\" \/>\n<meta name=\"robots\" content=\"index, follow, max-snippet:-1, max-image-preview:large, max-video-preview:-1\" \/>\n<link rel=\"canonical\" href=\"https:\/\/www.sifcoasc.com\/fr\/ehs-et-durabilite\" \/>\n<meta property=\"og:locale\" content=\"fr_FR\" \/>\n<meta property=\"og:type\" content=\"article\" \/>\n<meta property=\"og:title\" content=\"SIFCO ASC : SME et d\u00e9veloppement durable\" \/>\n<meta property=\"og:description\" content=\"EHS et d\u00e9veloppement durable SIFCO ASC s&#039;engage \u00e0 fournir des solutions de placage de qualit\u00e9, qui r\u00e9pondent aux normes environnementales exigeantes d&#039;aujourd&#039;hui ainsi qu&#039;aux ...\" \/>\n<meta property=\"og:url\" content=\"https:\/\/www.sifcoasc.com\/fr\/ehs-et-durabilite\" \/>\n<meta property=\"og:site_name\" content=\"SIFCO Applied Surface Concepts\" \/>\n<meta property=\"article:modified_time\" content=\"2022-08-17T05:20:05+00:00\" \/>\n<meta name=\"twitter:label1\" content=\"Est. reading time\" \/>\n\t<meta name=\"twitter:data1\" content=\"6 minutes\" \/>\n<script type=\"application\/ld+json\" class=\"yoast-schema-graph\">{\"@context\":\"https:\\\/\\\/schema.org\",\"@graph\":[{\"@type\":\"WebPage\",\"@id\":\"https:\\\/\\\/www.sifcoasc.com\\\/fr\\\/ehs-et-durabilite\",\"url\":\"https:\\\/\\\/www.sifcoasc.com\\\/fr\\\/ehs-et-durabilite\",\"name\":\"SIFCO ASC : SME et d\u00e9veloppement durable\",\"isPartOf\":{\"@id\":\"https:\\\/\\\/www.sifcoasc.com\\\/fr#website\"},\"datePublished\":\"2022-07-14T15:28:48+00:00\",\"dateModified\":\"2022-08-17T05:20:05+00:00\",\"description\":\"EHS et d\u00e9veloppement durable SIFCO ASC s'engage \u00e0 fournir des solutions de placage de qualit\u00e9, qui r\u00e9pondent aux normes environnementales exigeantes d'aujourd'hui ainsi qu'aux ...\",\"breadcrumb\":{\"@id\":\"https:\\\/\\\/www.sifcoasc.com\\\/fr\\\/ehs-et-durabilite#breadcrumb\"},\"inLanguage\":\"fr-FR\",\"potentialAction\":[{\"@type\":\"ReadAction\",\"target\":[\"https:\\\/\\\/www.sifcoasc.com\\\/fr\\\/ehs-et-durabilite\"]}]},{\"@type\":\"BreadcrumbList\",\"@id\":\"https:\\\/\\\/www.sifcoasc.com\\\/fr\\\/ehs-et-durabilite#breadcrumb\",\"itemListElement\":[{\"@type\":\"ListItem\",\"position\":1,\"name\":\"Home\",\"item\":\"https:\\\/\\\/www.sifcoasc.com\\\/fr\"},{\"@type\":\"ListItem\",\"position\":2,\"name\":\"EHS et durabilit\u00e9\"}]},{\"@type\":\"WebSite\",\"@id\":\"https:\\\/\\\/www.sifcoasc.com\\\/fr#website\",\"url\":\"https:\\\/\\\/www.sifcoasc.com\\\/fr\",\"name\":\"SIFCO Applied Surface Concepts\",\"description\":\"\",\"potentialAction\":[{\"@type\":\"SearchAction\",\"target\":{\"@type\":\"EntryPoint\",\"urlTemplate\":\"https:\\\/\\\/www.sifcoasc.com\\\/fr?s={search_term_string}\"},\"query-input\":{\"@type\":\"PropertyValueSpecification\",\"valueRequired\":true,\"valueName\":\"search_term_string\"}}],\"inLanguage\":\"fr-FR\"}]}<\/script>\n<!-- \/ Yoast SEO plugin. -->","yoast_head_json":{"title":"SIFCO ASC : SME et d\u00e9veloppement durable","description":"EHS et d\u00e9veloppement durable SIFCO ASC s'engage \u00e0 fournir des solutions de placage de qualit\u00e9, qui r\u00e9pondent aux normes environnementales exigeantes d'aujourd'hui ainsi qu'aux ...","robots":{"index":"index","follow":"follow","max-snippet":"max-snippet:-1","max-image-preview":"max-image-preview:large","max-video-preview":"max-video-preview:-1"},"canonical":"https:\/\/www.sifcoasc.com\/fr\/ehs-et-durabilite","og_locale":"fr_FR","og_type":"article","og_title":"SIFCO ASC : SME et d\u00e9veloppement durable","og_description":"EHS et d\u00e9veloppement durable SIFCO ASC s'engage \u00e0 fournir des solutions de placage de qualit\u00e9, qui r\u00e9pondent aux normes environnementales exigeantes d'aujourd'hui ainsi qu'aux ...","og_url":"https:\/\/www.sifcoasc.com\/fr\/ehs-et-durabilite","og_site_name":"SIFCO Applied Surface Concepts","article_modified_time":"2022-08-17T05:20:05+00:00","twitter_misc":{"Est. reading time":"6 minutes"},"schema":{"@context":"https:\/\/schema.org","@graph":[{"@type":"WebPage","@id":"https:\/\/www.sifcoasc.com\/fr\/ehs-et-durabilite","url":"https:\/\/www.sifcoasc.com\/fr\/ehs-et-durabilite","name":"SIFCO ASC : SME et d\u00e9veloppement durable","isPartOf":{"@id":"https:\/\/www.sifcoasc.com\/fr#website"},"datePublished":"2022-07-14T15:28:48+00:00","dateModified":"2022-08-17T05:20:05+00:00","description":"EHS et d\u00e9veloppement durable SIFCO ASC s'engage \u00e0 fournir des solutions de placage de qualit\u00e9, qui r\u00e9pondent aux normes environnementales exigeantes d'aujourd'hui ainsi qu'aux ...","breadcrumb":{"@id":"https:\/\/www.sifcoasc.com\/fr\/ehs-et-durabilite#breadcrumb"},"inLanguage":"fr-FR","potentialAction":[{"@type":"ReadAction","target":["https:\/\/www.sifcoasc.com\/fr\/ehs-et-durabilite"]}]},{"@type":"BreadcrumbList","@id":"https:\/\/www.sifcoasc.com\/fr\/ehs-et-durabilite#breadcrumb","itemListElement":[{"@type":"ListItem","position":1,"name":"Home","item":"https:\/\/www.sifcoasc.com\/fr"},{"@type":"ListItem","position":2,"name":"EHS et durabilit\u00e9"}]},{"@type":"WebSite","@id":"https:\/\/www.sifcoasc.com\/fr#website","url":"https:\/\/www.sifcoasc.com\/fr","name":"SIFCO Applied Surface Concepts","description":"","potentialAction":[{"@type":"SearchAction","target":{"@type":"EntryPoint","urlTemplate":"https:\/\/www.sifcoasc.com\/fr?s={search_term_string}"},"query-input":{"@type":"PropertyValueSpecification","valueRequired":true,"valueName":"search_term_string"}}],"inLanguage":"fr-FR"}]}},"featured_image_src":null,"featured_image_src_square":null,"_links":{"self":[{"href":"https:\/\/www.sifcoasc.com\/fr\/wp-json\/wp\/v2\/pages\/9651","targetHints":{"allow":["GET"]}}],"collection":[{"href":"https:\/\/www.sifcoasc.com\/fr\/wp-json\/wp\/v2\/pages"}],"about":[{"href":"https:\/\/www.sifcoasc.com\/fr\/wp-json\/wp\/v2\/types\/page"}],"author":[{"embeddable":true,"href":"https:\/\/www.sifcoasc.com\/fr\/wp-json\/wp\/v2\/users\/18"}],"replies":[{"embeddable":true,"href":"https:\/\/www.sifcoasc.com\/fr\/wp-json\/wp\/v2\/comments?post=9651"}],"version-history":[{"count":0,"href":"https:\/\/www.sifcoasc.com\/fr\/wp-json\/wp\/v2\/pages\/9651\/revisions"}],"wp:attachment":[{"href":"https:\/\/www.sifcoasc.com\/fr\/wp-json\/wp\/v2\/media?parent=9651"}],"curies":[{"name":"wp","href":"https:\/\/api.w.org\/{rel}","templated":true}]}}