{"id":9652,"date":"2022-07-14T15:28:48","date_gmt":"2022-07-14T15:28:48","guid":{"rendered":"https:\/\/www.sifcoasc.com\/sites\/"},"modified":"2022-07-19T11:29:21","modified_gmt":"2022-07-19T11:29:21","slug":"sites","status":"publish","type":"page","link":"https:\/\/www.sifcoasc.com\/fr\/sites","title":{"rendered":"Sites"},"content":{"rendered":"<p class=\"emph\">SIFCO ASC est une organisation mondiale avec des divisions, des distributeurs autoris\u00e9s et des ateliers de fabrication situ\u00e9s \u00e0 proximit\u00e9 des zones op\u00e9rationnelles cl\u00e9s de l&#8217;industrie.  <\/p>\n<p>SIFCO ASC est une organisation mondiale avec des divisions, des distributeurs autoris\u00e9s et des ateliers de fabrication situ\u00e9s \u00e0 proximit\u00e9 des zones op\u00e9rationnelles cl\u00e9s de l&#8217;industrie.<\/p>\n<p>Veuillez <strong>cliquer sur<\/strong> les sites figurant sur la carte ci-dessous pour obtenir les coordonn\u00e9es compl\u00e8tes d&#8217;un site SIFCO ASC pr\u00e8s de chez vous.<\/p>\n<div id=\"mapsvg-2335\" data-id=\"2335\" class=\"mapsvg\" data-svg-file-last-changed=\"1637158550\" data-autoload=\"true\" data-loading-text=\"Loading map...\" data-region-prefix=\"\" data-width=\"1009.1149\" data-height=\"665.242\"><\/div>\n","protected":false},"excerpt":{"rendered":"<p>SIFCO ASC est une organisation mondiale avec des divisions, des distributeurs autoris\u00e9s et des ateliers de fabrication situ\u00e9s \u00e0 proximit\u00e9 des zones op\u00e9rationnelles cl\u00e9s de l&#8217;industrie. SIFCO ASC est une organisation mondiale avec des divisions, des distributeurs autoris\u00e9s et des ateliers de fabrication situ\u00e9s \u00e0 proximit\u00e9 des zones op\u00e9rationnelles cl\u00e9s de l&#8217;industrie. Veuillez cliquer sur [&hellip;]<\/p>\n","protected":false},"author":18,"featured_media":0,"parent":0,"menu_order":0,"comment_status":"closed","ping_status":"closed","template":"","meta":{"_acf_changed":false,"inline_featured_image":false,"footnotes":""},"class_list":["post-9652","page","type-page","status-publish","hentry"],"acf":[],"yoast_head":"<!-- This site is optimized with the Yoast SEO plugin v27.5 - https:\/\/yoast.com\/product\/yoast-seo-wordpress\/ -->\n<title>Nos sites | Bureaux, ateliers et distributeurs | SIFCO ASC<\/title>\n<meta name=\"description\" content=\"Nous fournissons nos services et solutions de brossage dans le monde entier. Entrez en contact avec le bureau, l&#039;atelier ou le centre de distribution le plus proche.\" \/>\n<meta name=\"robots\" content=\"index, follow, max-snippet:-1, max-image-preview:large, max-video-preview:-1\" \/>\n<link rel=\"canonical\" href=\"https:\/\/www.sifcoasc.com\/fr\/sites\" \/>\n<meta property=\"og:locale\" content=\"fr_FR\" \/>\n<meta property=\"og:type\" content=\"article\" \/>\n<meta property=\"og:title\" content=\"Nos sites | Bureaux, ateliers et distributeurs | SIFCO ASC\" \/>\n<meta property=\"og:description\" content=\"Nous fournissons nos services et solutions de brossage dans le monde entier. Entrez en contact avec le bureau, l&#039;atelier ou le centre de distribution le plus proche.\" \/>\n<meta property=\"og:url\" content=\"https:\/\/www.sifcoasc.com\/fr\/sites\" \/>\n<meta property=\"og:site_name\" content=\"SIFCO Applied Surface Concepts\" \/>\n<meta property=\"article:modified_time\" content=\"2022-07-19T11:29:21+00:00\" \/>\n<script type=\"application\/ld+json\" class=\"yoast-schema-graph\">{\"@context\":\"https:\\\/\\\/schema.org\",\"@graph\":[{\"@type\":\"WebPage\",\"@id\":\"https:\\\/\\\/www.sifcoasc.com\\\/fr\\\/sites\",\"url\":\"https:\\\/\\\/www.sifcoasc.com\\\/fr\\\/sites\",\"name\":\"Nos sites | Bureaux, ateliers et distributeurs | SIFCO ASC\",\"isPartOf\":{\"@id\":\"https:\\\/\\\/www.sifcoasc.com\\\/fr#website\"},\"datePublished\":\"2022-07-14T15:28:48+00:00\",\"dateModified\":\"2022-07-19T11:29:21+00:00\",\"description\":\"Nous fournissons nos services et solutions de brossage dans le monde entier. Entrez en contact avec le bureau, l'atelier ou le centre de distribution le plus proche.\",\"breadcrumb\":{\"@id\":\"https:\\\/\\\/www.sifcoasc.com\\\/fr\\\/sites#breadcrumb\"},\"inLanguage\":\"fr-FR\",\"potentialAction\":[{\"@type\":\"ReadAction\",\"target\":[\"https:\\\/\\\/www.sifcoasc.com\\\/fr\\\/sites\"]}]},{\"@type\":\"BreadcrumbList\",\"@id\":\"https:\\\/\\\/www.sifcoasc.com\\\/fr\\\/sites#breadcrumb\",\"itemListElement\":[{\"@type\":\"ListItem\",\"position\":1,\"name\":\"Home\",\"item\":\"https:\\\/\\\/www.sifcoasc.com\\\/fr\"},{\"@type\":\"ListItem\",\"position\":2,\"name\":\"Sites\"}]},{\"@type\":\"WebSite\",\"@id\":\"https:\\\/\\\/www.sifcoasc.com\\\/fr#website\",\"url\":\"https:\\\/\\\/www.sifcoasc.com\\\/fr\",\"name\":\"SIFCO Applied Surface Concepts\",\"description\":\"\",\"potentialAction\":[{\"@type\":\"SearchAction\",\"target\":{\"@type\":\"EntryPoint\",\"urlTemplate\":\"https:\\\/\\\/www.sifcoasc.com\\\/fr?s={search_term_string}\"},\"query-input\":{\"@type\":\"PropertyValueSpecification\",\"valueRequired\":true,\"valueName\":\"search_term_string\"}}],\"inLanguage\":\"fr-FR\"}]}<\/script>\n<!-- \/ Yoast SEO plugin. -->","yoast_head_json":{"title":"Nos sites | Bureaux, ateliers et distributeurs | SIFCO ASC","description":"Nous fournissons nos services et solutions de brossage dans le monde entier. Entrez en contact avec le bureau, l'atelier ou le centre de distribution le plus proche.","robots":{"index":"index","follow":"follow","max-snippet":"max-snippet:-1","max-image-preview":"max-image-preview:large","max-video-preview":"max-video-preview:-1"},"canonical":"https:\/\/www.sifcoasc.com\/fr\/sites","og_locale":"fr_FR","og_type":"article","og_title":"Nos sites | Bureaux, ateliers et distributeurs | SIFCO ASC","og_description":"Nous fournissons nos services et solutions de brossage dans le monde entier. Entrez en contact avec le bureau, l'atelier ou le centre de distribution le plus proche.","og_url":"https:\/\/www.sifcoasc.com\/fr\/sites","og_site_name":"SIFCO Applied Surface Concepts","article_modified_time":"2022-07-19T11:29:21+00:00","schema":{"@context":"https:\/\/schema.org","@graph":[{"@type":"WebPage","@id":"https:\/\/www.sifcoasc.com\/fr\/sites","url":"https:\/\/www.sifcoasc.com\/fr\/sites","name":"Nos sites | Bureaux, ateliers et distributeurs | SIFCO ASC","isPartOf":{"@id":"https:\/\/www.sifcoasc.com\/fr#website"},"datePublished":"2022-07-14T15:28:48+00:00","dateModified":"2022-07-19T11:29:21+00:00","description":"Nous fournissons nos services et solutions de brossage dans le monde entier. Entrez en contact avec le bureau, l'atelier ou le centre de distribution le plus proche.","breadcrumb":{"@id":"https:\/\/www.sifcoasc.com\/fr\/sites#breadcrumb"},"inLanguage":"fr-FR","potentialAction":[{"@type":"ReadAction","target":["https:\/\/www.sifcoasc.com\/fr\/sites"]}]},{"@type":"BreadcrumbList","@id":"https:\/\/www.sifcoasc.com\/fr\/sites#breadcrumb","itemListElement":[{"@type":"ListItem","position":1,"name":"Home","item":"https:\/\/www.sifcoasc.com\/fr"},{"@type":"ListItem","position":2,"name":"Sites"}]},{"@type":"WebSite","@id":"https:\/\/www.sifcoasc.com\/fr#website","url":"https:\/\/www.sifcoasc.com\/fr","name":"SIFCO Applied Surface Concepts","description":"","potentialAction":[{"@type":"SearchAction","target":{"@type":"EntryPoint","urlTemplate":"https:\/\/www.sifcoasc.com\/fr?s={search_term_string}"},"query-input":{"@type":"PropertyValueSpecification","valueRequired":true,"valueName":"search_term_string"}}],"inLanguage":"fr-FR"}]}},"featured_image_src":null,"featured_image_src_square":null,"_links":{"self":[{"href":"https:\/\/www.sifcoasc.com\/fr\/wp-json\/wp\/v2\/pages\/9652","targetHints":{"allow":["GET"]}}],"collection":[{"href":"https:\/\/www.sifcoasc.com\/fr\/wp-json\/wp\/v2\/pages"}],"about":[{"href":"https:\/\/www.sifcoasc.com\/fr\/wp-json\/wp\/v2\/types\/page"}],"author":[{"embeddable":true,"href":"https:\/\/www.sifcoasc.com\/fr\/wp-json\/wp\/v2\/users\/18"}],"replies":[{"embeddable":true,"href":"https:\/\/www.sifcoasc.com\/fr\/wp-json\/wp\/v2\/comments?post=9652"}],"version-history":[{"count":0,"href":"https:\/\/www.sifcoasc.com\/fr\/wp-json\/wp\/v2\/pages\/9652\/revisions"}],"wp:attachment":[{"href":"https:\/\/www.sifcoasc.com\/fr\/wp-json\/wp\/v2\/media?parent=9652"}],"curies":[{"name":"wp","href":"https:\/\/api.w.org\/{rel}","templated":true}]}}