{"id":9675,"date":"2022-07-14T15:29:13","date_gmt":"2022-07-14T15:29:13","guid":{"rendered":"https:\/\/www.sifcoasc.com\/formation\/"},"modified":"2022-08-23T07:51:05","modified_gmt":"2022-08-23T07:51:05","slug":"entrainement","status":"publish","type":"page","link":"https:\/\/www.sifcoasc.com\/fr\/entrainement","title":{"rendered":"entra\u00eenement"},"content":{"rendered":"\n<p class=\"emph\">SIFCO ASC est votre source de formation et de cours de placage certifi\u00e9s par les fabricants.  <\/p>\n<p><strong>Une \u00e9tude structur\u00e9e du Processus SIFCO\u00ae est essentielle pour r\u00e9ussir. Nous proposons des programmes de formation personnalis\u00e9s et des cours de placage con\u00e7us autour de vos applications sp\u00e9cifiques.<\/strong><\/p>\n<p>Les formateurs certifi\u00e9s SIFCO offrent une exp\u00e9rience pratique qui donne \u00e0 vos techniciens la possibilit\u00e9 d&#8217;\u00e9lectrod\u00e9poser des composants et d&#8217;utiliser l&#8217;\u00e9quipement de placage. Vos techniciens apprendront \u00e0 d\u00e9panner les applications de placage et \u00e0 plaquer avec pr\u00e9cision de nombreux d\u00e9p\u00f4ts. Tous les \u00e9tudiants qui terminent avec succ\u00e8s le programme de formation SIFCO Process\u00ae re\u00e7oivent :<\/p>\n<ul>\n<li>un certificat de d\u00e9monstration SIFCO Process\u00ae.<\/li>\n<li>une version \u00e9lectronique du manuel d&#8217;instruction complet du SIFCO Process\u00ae.<\/li>\n<li>tous les dossiers de formation pour r\u00e9f\u00e9rence future<\/li>\n<\/ul>\n<p><strong>Centres de formation<\/strong><\/p>\n<ul>\n<li>Des programmes de formation sont propos\u00e9s tout au long de l&#8217;ann\u00e9e \u00e0 notre si\u00e8ge social d&#8217;Independence, dans l&#8217;Ohio.<\/li>\n<li>Les formateurs certifi\u00e9s SIFCO ASC sont \u00e9galement disponibles pour des programmes de formation sur site dans le monde entier.<\/li>\n<\/ul>\n<p><strong>Cours de placage disponibles<\/strong><\/p>\n<ul>\n<li>Cours de formation de base<\/li>\n<li>Cours de formation pour la certification Cadmium\/ZnNi<\/li>\n<li>Kit de recertification Cadmium\/ZnNi<\/li>\n<li>Cours de formation \u00e0 la recertification<\/li>\n<\/ul>\n","protected":false},"excerpt":{"rendered":"<p>SIFCO ASC est votre source de formation et de cours de placage certifi\u00e9s par les fabricants. Une \u00e9tude structur\u00e9e du Processus SIFCO\u00ae est essentielle pour r\u00e9ussir. Nous proposons des programmes de formation personnalis\u00e9s et des cours de placage con\u00e7us autour de vos applications sp\u00e9cifiques. Les formateurs certifi\u00e9s SIFCO offrent une exp\u00e9rience pratique qui donne \u00e0 [&hellip;]<\/p>\n","protected":false},"author":18,"featured_media":0,"parent":0,"menu_order":0,"comment_status":"closed","ping_status":"closed","template":"","meta":{"_acf_changed":false,"inline_featured_image":false,"footnotes":""},"class_list":["post-9675","page","type-page","status-publish","hentry"],"acf":[],"yoast_head":"<!-- This site is optimized with the Yoast SEO plugin v27.4 - https:\/\/yoast.com\/product\/yoast-seo-wordpress\/ -->\n<title>SIFCO ASC : Programmes de formation en placage s\u00e9lectif et cours de placage<\/title>\n<meta name=\"description\" content=\"SIFCO ASC est votre source pour les programmes de formation et les cours de placage certifi\u00e9s par les fabricants. Nous proposons des programmes personnalis\u00e9s pour r\u00e9pondre \u00e0 votre demande.\" \/>\n<meta name=\"robots\" content=\"index, follow, max-snippet:-1, max-image-preview:large, max-video-preview:-1\" \/>\n<link rel=\"canonical\" href=\"https:\/\/www.sifcoasc.com\/fr\/entrainement\" \/>\n<meta property=\"og:locale\" content=\"fr_FR\" \/>\n<meta property=\"og:type\" content=\"article\" \/>\n<meta property=\"og:title\" content=\"SIFCO ASC : Programmes de formation en placage s\u00e9lectif et cours de placage\" \/>\n<meta property=\"og:description\" content=\"SIFCO ASC est votre source pour les programmes de formation et les cours de placage certifi\u00e9s par les fabricants. Nous proposons des programmes personnalis\u00e9s pour r\u00e9pondre \u00e0 votre demande.\" \/>\n<meta property=\"og:url\" content=\"https:\/\/www.sifcoasc.com\/fr\/entrainement\" \/>\n<meta property=\"og:site_name\" content=\"SIFCO Applied Surface Concepts\" \/>\n<meta property=\"article:modified_time\" content=\"2022-08-23T07:51:05+00:00\" \/>\n<meta name=\"twitter:label1\" content=\"Est. reading time\" \/>\n\t<meta name=\"twitter:data1\" content=\"1 minute\" \/>\n<script type=\"application\/ld+json\" class=\"yoast-schema-graph\">{\"@context\":\"https:\\\/\\\/schema.org\",\"@graph\":[{\"@type\":\"WebPage\",\"@id\":\"https:\\\/\\\/www.sifcoasc.com\\\/fr\\\/entrainement\",\"url\":\"https:\\\/\\\/www.sifcoasc.com\\\/fr\\\/entrainement\",\"name\":\"SIFCO ASC : Programmes de formation en placage s\u00e9lectif et cours de placage\",\"isPartOf\":{\"@id\":\"https:\\\/\\\/www.sifcoasc.com\\\/fr#website\"},\"datePublished\":\"2022-07-14T15:29:13+00:00\",\"dateModified\":\"2022-08-23T07:51:05+00:00\",\"description\":\"SIFCO ASC est votre source pour les programmes de formation et les cours de placage certifi\u00e9s par les fabricants. Nous proposons des programmes personnalis\u00e9s pour r\u00e9pondre \u00e0 votre demande.\",\"breadcrumb\":{\"@id\":\"https:\\\/\\\/www.sifcoasc.com\\\/fr\\\/entrainement#breadcrumb\"},\"inLanguage\":\"fr-FR\",\"potentialAction\":[{\"@type\":\"ReadAction\",\"target\":[\"https:\\\/\\\/www.sifcoasc.com\\\/fr\\\/entrainement\"]}]},{\"@type\":\"BreadcrumbList\",\"@id\":\"https:\\\/\\\/www.sifcoasc.com\\\/fr\\\/entrainement#breadcrumb\",\"itemListElement\":[{\"@type\":\"ListItem\",\"position\":1,\"name\":\"Home\",\"item\":\"https:\\\/\\\/www.sifcoasc.com\\\/fr\"},{\"@type\":\"ListItem\",\"position\":2,\"name\":\"entra\u00eenement\"}]},{\"@type\":\"WebSite\",\"@id\":\"https:\\\/\\\/www.sifcoasc.com\\\/fr#website\",\"url\":\"https:\\\/\\\/www.sifcoasc.com\\\/fr\",\"name\":\"SIFCO Applied Surface Concepts\",\"description\":\"\",\"potentialAction\":[{\"@type\":\"SearchAction\",\"target\":{\"@type\":\"EntryPoint\",\"urlTemplate\":\"https:\\\/\\\/www.sifcoasc.com\\\/fr?s={search_term_string}\"},\"query-input\":{\"@type\":\"PropertyValueSpecification\",\"valueRequired\":true,\"valueName\":\"search_term_string\"}}],\"inLanguage\":\"fr-FR\"}]}<\/script>\n<!-- \/ Yoast SEO plugin. -->","yoast_head_json":{"title":"SIFCO ASC : Programmes de formation en placage s\u00e9lectif et cours de placage","description":"SIFCO ASC est votre source pour les programmes de formation et les cours de placage certifi\u00e9s par les fabricants. Nous proposons des programmes personnalis\u00e9s pour r\u00e9pondre \u00e0 votre demande.","robots":{"index":"index","follow":"follow","max-snippet":"max-snippet:-1","max-image-preview":"max-image-preview:large","max-video-preview":"max-video-preview:-1"},"canonical":"https:\/\/www.sifcoasc.com\/fr\/entrainement","og_locale":"fr_FR","og_type":"article","og_title":"SIFCO ASC : Programmes de formation en placage s\u00e9lectif et cours de placage","og_description":"SIFCO ASC est votre source pour les programmes de formation et les cours de placage certifi\u00e9s par les fabricants. Nous proposons des programmes personnalis\u00e9s pour r\u00e9pondre \u00e0 votre demande.","og_url":"https:\/\/www.sifcoasc.com\/fr\/entrainement","og_site_name":"SIFCO Applied Surface Concepts","article_modified_time":"2022-08-23T07:51:05+00:00","twitter_misc":{"Est. reading time":"1 minute"},"schema":{"@context":"https:\/\/schema.org","@graph":[{"@type":"WebPage","@id":"https:\/\/www.sifcoasc.com\/fr\/entrainement","url":"https:\/\/www.sifcoasc.com\/fr\/entrainement","name":"SIFCO ASC : Programmes de formation en placage s\u00e9lectif et cours de placage","isPartOf":{"@id":"https:\/\/www.sifcoasc.com\/fr#website"},"datePublished":"2022-07-14T15:29:13+00:00","dateModified":"2022-08-23T07:51:05+00:00","description":"SIFCO ASC est votre source pour les programmes de formation et les cours de placage certifi\u00e9s par les fabricants. Nous proposons des programmes personnalis\u00e9s pour r\u00e9pondre \u00e0 votre demande.","breadcrumb":{"@id":"https:\/\/www.sifcoasc.com\/fr\/entrainement#breadcrumb"},"inLanguage":"fr-FR","potentialAction":[{"@type":"ReadAction","target":["https:\/\/www.sifcoasc.com\/fr\/entrainement"]}]},{"@type":"BreadcrumbList","@id":"https:\/\/www.sifcoasc.com\/fr\/entrainement#breadcrumb","itemListElement":[{"@type":"ListItem","position":1,"name":"Home","item":"https:\/\/www.sifcoasc.com\/fr"},{"@type":"ListItem","position":2,"name":"entra\u00eenement"}]},{"@type":"WebSite","@id":"https:\/\/www.sifcoasc.com\/fr#website","url":"https:\/\/www.sifcoasc.com\/fr","name":"SIFCO Applied Surface Concepts","description":"","potentialAction":[{"@type":"SearchAction","target":{"@type":"EntryPoint","urlTemplate":"https:\/\/www.sifcoasc.com\/fr?s={search_term_string}"},"query-input":{"@type":"PropertyValueSpecification","valueRequired":true,"valueName":"search_term_string"}}],"inLanguage":"fr-FR"}]}},"featured_image_src":null,"featured_image_src_square":null,"_links":{"self":[{"href":"https:\/\/www.sifcoasc.com\/fr\/wp-json\/wp\/v2\/pages\/9675","targetHints":{"allow":["GET"]}}],"collection":[{"href":"https:\/\/www.sifcoasc.com\/fr\/wp-json\/wp\/v2\/pages"}],"about":[{"href":"https:\/\/www.sifcoasc.com\/fr\/wp-json\/wp\/v2\/types\/page"}],"author":[{"embeddable":true,"href":"https:\/\/www.sifcoasc.com\/fr\/wp-json\/wp\/v2\/users\/18"}],"replies":[{"embeddable":true,"href":"https:\/\/www.sifcoasc.com\/fr\/wp-json\/wp\/v2\/comments?post=9675"}],"version-history":[{"count":0,"href":"https:\/\/www.sifcoasc.com\/fr\/wp-json\/wp\/v2\/pages\/9675\/revisions"}],"wp:attachment":[{"href":"https:\/\/www.sifcoasc.com\/fr\/wp-json\/wp\/v2\/media?parent=9675"}],"curies":[{"name":"wp","href":"https:\/\/api.w.org\/{rel}","templated":true}]}}