{"id":9676,"date":"2022-07-14T15:29:13","date_gmt":"2022-07-14T15:29:13","guid":{"rendered":"https:\/\/www.sifcoasc.com\/placage-en-atelier\/"},"modified":"2023-01-31T13:42:53","modified_gmt":"2023-01-31T13:42:53","slug":"placage-en-atelier","status":"publish","type":"page","link":"https:\/\/www.sifcoasc.com\/fr\/placage-en-atelier","title":{"rendered":"Placage en atelier"},"content":{"rendered":"<h2>Placage en atelier pour les OEM et la r\u00e9paration de composants<\/h2>\n<p class=\"emph\">Faites confiance aux experts en placage s\u00e9lectif pour vos composants critiques dans un atelier SIFCO ASC.<\/p>\n<p>Nous comprenons que vous ayez besoin d&#8217;une \u00e9quipe technique professionnelle pour r\u00e9pondre \u00e0 vos besoins en mati\u00e8re de placage s\u00e9lectif. Notre mission est de vous aider \u00e0 atteindre vos objectifs op\u00e9rationnels et \u00e0 maximiser votre rentabilit\u00e9 en r\u00e9parant et en am\u00e9liorant vos composants dans des ateliers situ\u00e9s dans le monde entier.<br \/>\n<strong><br \/>\nR\u00e9paration des OEM et des composants pendant le COVID-19  <\/strong><\/p>\n<p>Nous nous sommes engag\u00e9s \u00e0 contribuer \u00e0 la lutte contre la pand\u00e9mie et \u00e0 maintenir en activit\u00e9 des secteurs cruciaux tels que la <a href=\"\/fr\/production-delectricite\/\">production d&#8217;\u00e9lectricit\u00e9<\/a>, l&#8217;<a href=\"\/fr\/aerospatiale\/\">a\u00e9rospatiale<\/a>, le <a href=\"\/fr\/petrole-et-gaz\/\">p\u00e9trole et le gaz, l&#8217;<\/a> arm\u00e9e et la<a href=\"\/fr\/marine\/\"> marine<\/a>. Notre \u00e9quipe de techniciens exp\u00e9riment\u00e9s surveille de pr\u00e8s la situation et suit les conseils des pouvoirs publics en mati\u00e8re m\u00e9dicale, sociale et commerciale afin de prot\u00e9ger au mieux tous ceux avec qui ils travaillent, de sorte que ces industries cl\u00e9s puissent effectuer les r\u00e9parations des composants critiques rapidement et efficacement.<\/p>\n<p>Seuls les ing\u00e9nieurs de maintenance cl\u00e9s et les techniciens de placage s\u00e9lectif sont pr\u00e9sents sur les sites de SIFCO ASC aux \u00c9tats-Unis, au Royaume-Uni, en France et en Su\u00e8de, tandis que tout le personnel de bureau non critique travaille \u00e0 distance.<\/p>\n<p>Nous avons la flexibilit\u00e9 n\u00e9cessaire pour r\u00e9pondre \u00e0 vos besoins \u00e0 partir de nos installations situ\u00e9es strat\u00e9giquement dans le monde entier.<\/p>\n<p><a href=\"\/fr\/sites\/\">Trouvez un atelier de service parmi notre r\u00e9seau mondial d&#8217;ateliers certifi\u00e9s pr\u00e8s de chez vous.  <\/a><\/p>\n","protected":false},"excerpt":{"rendered":"<p>Placage en atelier pour les OEM et la r\u00e9paration de composants Faites confiance aux experts en placage s\u00e9lectif pour vos composants critiques dans un atelier SIFCO ASC. Nous comprenons que vous ayez besoin d&#8217;une \u00e9quipe technique professionnelle pour r\u00e9pondre \u00e0 vos besoins en mati\u00e8re de placage s\u00e9lectif. Notre mission est de vous aider \u00e0 atteindre [&hellip;]<\/p>\n","protected":false},"author":18,"featured_media":0,"parent":0,"menu_order":0,"comment_status":"closed","ping_status":"closed","template":"","meta":{"_acf_changed":false,"inline_featured_image":false,"footnotes":""},"class_list":["post-9676","page","type-page","status-publish","hentry"],"acf":[],"yoast_head":"<!-- This site is optimized with the Yoast SEO plugin v27.3 - https:\/\/yoast.com\/product\/yoast-seo-wordpress\/ -->\n<title>Placage en atelier - SIFCO Applied Surface Concepts<\/title>\n<meta name=\"description\" content=\"Placage en atelier pour les OEM et la r\u00e9paration de composants Faites confiance aux experts en placage s\u00e9lectif pour vos composants critiques dans un atelier SIFCO ASC. Nous comprenons que vous ayez besoin de ;une \u00e9quipe technique professionnelle pour r\u00e9pondre \u00e0 vos besoins en mati\u00e8re de placage s\u00e9lectif. Notre mission est de vous aider \u00e0 atteindre\" \/>\n<meta name=\"robots\" content=\"index, follow, max-snippet:-1, max-image-preview:large, max-video-preview:-1\" \/>\n<link rel=\"canonical\" href=\"https:\/\/www.sifcoasc.com\/fr\/placage-en-atelier\" \/>\n<meta property=\"og:locale\" content=\"fr_FR\" \/>\n<meta property=\"og:type\" content=\"article\" \/>\n<meta property=\"og:title\" content=\"Placage en atelier - SIFCO Applied Surface Concepts\" \/>\n<meta property=\"og:description\" content=\"Placage en atelier pour les OEM et la r\u00e9paration de composants Faites confiance aux experts en placage s\u00e9lectif pour vos composants critiques dans un atelier SIFCO ASC. Nous comprenons que vous ayez besoin de ;une \u00e9quipe technique professionnelle pour r\u00e9pondre \u00e0 vos besoins en mati\u00e8re de placage s\u00e9lectif. Notre mission est de vous aider \u00e0 atteindre\" \/>\n<meta property=\"og:url\" content=\"https:\/\/www.sifcoasc.com\/fr\/placage-en-atelier\" \/>\n<meta property=\"og:site_name\" content=\"SIFCO Applied Surface Concepts\" \/>\n<meta property=\"article:modified_time\" content=\"2023-01-31T13:42:53+00:00\" \/>\n<meta name=\"twitter:label1\" content=\"Est. reading time\" \/>\n\t<meta name=\"twitter:data1\" content=\"1 minute\" \/>\n<script type=\"application\/ld+json\" class=\"yoast-schema-graph\">{\"@context\":\"https:\\\/\\\/schema.org\",\"@graph\":[{\"@type\":\"WebPage\",\"@id\":\"https:\\\/\\\/www.sifcoasc.com\\\/fr\\\/placage-en-atelier\",\"url\":\"https:\\\/\\\/www.sifcoasc.com\\\/fr\\\/placage-en-atelier\",\"name\":\"Placage en atelier - SIFCO Applied Surface Concepts\",\"isPartOf\":{\"@id\":\"https:\\\/\\\/www.sifcoasc.com\\\/fr#website\"},\"datePublished\":\"2022-07-14T15:29:13+00:00\",\"dateModified\":\"2023-01-31T13:42:53+00:00\",\"description\":\"Placage en atelier pour les OEM et la r\u00e9paration de composants Faites confiance aux experts en placage s\u00e9lectif pour vos composants critiques dans un atelier SIFCO ASC. Nous comprenons que vous ayez besoin de ;une \u00e9quipe technique professionnelle pour r\u00e9pondre \u00e0 vos besoins en mati\u00e8re de placage s\u00e9lectif. Notre mission est de vous aider \u00e0 atteindre\",\"breadcrumb\":{\"@id\":\"https:\\\/\\\/www.sifcoasc.com\\\/fr\\\/placage-en-atelier#breadcrumb\"},\"inLanguage\":\"fr-FR\",\"potentialAction\":[{\"@type\":\"ReadAction\",\"target\":[\"https:\\\/\\\/www.sifcoasc.com\\\/fr\\\/placage-en-atelier\"]}]},{\"@type\":\"BreadcrumbList\",\"@id\":\"https:\\\/\\\/www.sifcoasc.com\\\/fr\\\/placage-en-atelier#breadcrumb\",\"itemListElement\":[{\"@type\":\"ListItem\",\"position\":1,\"name\":\"Home\",\"item\":\"https:\\\/\\\/www.sifcoasc.com\\\/fr\"},{\"@type\":\"ListItem\",\"position\":2,\"name\":\"Placage en atelier\"}]},{\"@type\":\"WebSite\",\"@id\":\"https:\\\/\\\/www.sifcoasc.com\\\/fr#website\",\"url\":\"https:\\\/\\\/www.sifcoasc.com\\\/fr\",\"name\":\"SIFCO Applied Surface Concepts\",\"description\":\"\",\"potentialAction\":[{\"@type\":\"SearchAction\",\"target\":{\"@type\":\"EntryPoint\",\"urlTemplate\":\"https:\\\/\\\/www.sifcoasc.com\\\/fr?s={search_term_string}\"},\"query-input\":{\"@type\":\"PropertyValueSpecification\",\"valueRequired\":true,\"valueName\":\"search_term_string\"}}],\"inLanguage\":\"fr-FR\"}]}<\/script>\n<!-- \/ Yoast SEO plugin. -->","yoast_head_json":{"title":"Placage en atelier - SIFCO Applied Surface Concepts","description":"Placage en atelier pour les OEM et la r\u00e9paration de composants Faites confiance aux experts en placage s\u00e9lectif pour vos composants critiques dans un atelier SIFCO ASC. Nous comprenons que vous ayez besoin de ;une \u00e9quipe technique professionnelle pour r\u00e9pondre \u00e0 vos besoins en mati\u00e8re de placage s\u00e9lectif. Notre mission est de vous aider \u00e0 atteindre","robots":{"index":"index","follow":"follow","max-snippet":"max-snippet:-1","max-image-preview":"max-image-preview:large","max-video-preview":"max-video-preview:-1"},"canonical":"https:\/\/www.sifcoasc.com\/fr\/placage-en-atelier","og_locale":"fr_FR","og_type":"article","og_title":"Placage en atelier - SIFCO Applied Surface Concepts","og_description":"Placage en atelier pour les OEM et la r\u00e9paration de composants Faites confiance aux experts en placage s\u00e9lectif pour vos composants critiques dans un atelier SIFCO ASC. Nous comprenons que vous ayez besoin de ;une \u00e9quipe technique professionnelle pour r\u00e9pondre \u00e0 vos besoins en mati\u00e8re de placage s\u00e9lectif. Notre mission est de vous aider \u00e0 atteindre","og_url":"https:\/\/www.sifcoasc.com\/fr\/placage-en-atelier","og_site_name":"SIFCO Applied Surface Concepts","article_modified_time":"2023-01-31T13:42:53+00:00","twitter_misc":{"Est. reading time":"1 minute"},"schema":{"@context":"https:\/\/schema.org","@graph":[{"@type":"WebPage","@id":"https:\/\/www.sifcoasc.com\/fr\/placage-en-atelier","url":"https:\/\/www.sifcoasc.com\/fr\/placage-en-atelier","name":"Placage en atelier - SIFCO Applied Surface Concepts","isPartOf":{"@id":"https:\/\/www.sifcoasc.com\/fr#website"},"datePublished":"2022-07-14T15:29:13+00:00","dateModified":"2023-01-31T13:42:53+00:00","description":"Placage en atelier pour les OEM et la r\u00e9paration de composants Faites confiance aux experts en placage s\u00e9lectif pour vos composants critiques dans un atelier SIFCO ASC. Nous comprenons que vous ayez besoin de ;une \u00e9quipe technique professionnelle pour r\u00e9pondre \u00e0 vos besoins en mati\u00e8re de placage s\u00e9lectif. Notre mission est de vous aider \u00e0 atteindre","breadcrumb":{"@id":"https:\/\/www.sifcoasc.com\/fr\/placage-en-atelier#breadcrumb"},"inLanguage":"fr-FR","potentialAction":[{"@type":"ReadAction","target":["https:\/\/www.sifcoasc.com\/fr\/placage-en-atelier"]}]},{"@type":"BreadcrumbList","@id":"https:\/\/www.sifcoasc.com\/fr\/placage-en-atelier#breadcrumb","itemListElement":[{"@type":"ListItem","position":1,"name":"Home","item":"https:\/\/www.sifcoasc.com\/fr"},{"@type":"ListItem","position":2,"name":"Placage en atelier"}]},{"@type":"WebSite","@id":"https:\/\/www.sifcoasc.com\/fr#website","url":"https:\/\/www.sifcoasc.com\/fr","name":"SIFCO Applied Surface Concepts","description":"","potentialAction":[{"@type":"SearchAction","target":{"@type":"EntryPoint","urlTemplate":"https:\/\/www.sifcoasc.com\/fr?s={search_term_string}"},"query-input":{"@type":"PropertyValueSpecification","valueRequired":true,"valueName":"search_term_string"}}],"inLanguage":"fr-FR"}]}},"featured_image_src":null,"featured_image_src_square":null,"_links":{"self":[{"href":"https:\/\/www.sifcoasc.com\/fr\/wp-json\/wp\/v2\/pages\/9676","targetHints":{"allow":["GET"]}}],"collection":[{"href":"https:\/\/www.sifcoasc.com\/fr\/wp-json\/wp\/v2\/pages"}],"about":[{"href":"https:\/\/www.sifcoasc.com\/fr\/wp-json\/wp\/v2\/types\/page"}],"author":[{"embeddable":true,"href":"https:\/\/www.sifcoasc.com\/fr\/wp-json\/wp\/v2\/users\/18"}],"replies":[{"embeddable":true,"href":"https:\/\/www.sifcoasc.com\/fr\/wp-json\/wp\/v2\/comments?post=9676"}],"version-history":[{"count":0,"href":"https:\/\/www.sifcoasc.com\/fr\/wp-json\/wp\/v2\/pages\/9676\/revisions"}],"wp:attachment":[{"href":"https:\/\/www.sifcoasc.com\/fr\/wp-json\/wp\/v2\/media?parent=9676"}],"curies":[{"name":"wp","href":"https:\/\/api.w.org\/{rel}","templated":true}]}}