{"id":9687,"date":"2022-07-14T15:29:19","date_gmt":"2022-07-14T15:29:19","guid":{"rendered":"https:\/\/www.sifcoasc.com\/remplacement-du-cadmium\/"},"modified":"2023-01-31T13:55:23","modified_gmt":"2023-01-31T13:55:23","slug":"remplacement-du-cadmium","status":"publish","type":"page","link":"https:\/\/www.sifcoasc.com\/fr\/remplacement-du-cadmium","title":{"rendered":"Remplacement du cadmium"},"content":{"rendered":"<div class=\"right-image\"><img loading=\"lazy\" decoding=\"async\" width=\"200\" height=\"300\" class=\"size-full wp-image-1599 alignright\" title=\"Remplacement du cadmium \" src=\"\/wp-content\/uploads\/Landing-Gear_detail_STOCK-200x300-1.jpg\" alt=\"Remplacement du cadmium \" \/><\/div>\n<h4>Les applications a\u00e9rospatiales exigeantes d&#8217;aujourd&#8217;hui n\u00e9cessitent des d\u00e9p\u00f4ts bien con\u00e7us et \u00e9prouv\u00e9s qui pr\u00e9sentent le moins de risques possible pour l&#8217;op\u00e9rateur et l&#8217;environnement. Les substituts de cadmium de SIFCO ASC sont des d\u00e9p\u00f4ts de qualit\u00e9 sup\u00e9rieure qui peuvent \u00eatre appliqu\u00e9s partout, en atelier ou sur le terrain.<\/h4>\n<h2><b>Qu&#8217;est-ce que le cadmiage ?<\/b><\/h2>\n<p><span style=\"font-weight: 400;\">Le cadmiage est un rev\u00eatement m\u00e9tallique argent\u00e9 qui offre une excellente r\u00e9sistance \u00e0 la corrosion et peut \u00eatre d\u00e9pos\u00e9 sur divers mat\u00e9riaux, notamment l&#8217;acier, le cuivre, le fer, le laiton et l&#8217;aluminium. C&#8217;est pourquoi il \u00e9tait souvent utilis\u00e9 dans l&#8217;industrie a\u00e9rospatiale.<\/span><\/p>\n<h2><b>Pourquoi le cadmiage est-il interdit ?<\/b><\/h2>\n<p><span style=\"font-weight: 400;\">Le cadmium est un m\u00e9tal hautement toxique et un mat\u00e9riau du groupe 2A du CIRC, qui s&#8217;infiltre facilement dans l&#8217;organisme et n&#8217;est donc pas \u00e9cologique. En vertu du nouveau statut europ\u00e9en Reach, le cadmiage est interdit, sauf dans certains cas d&#8217;utilisation.<\/span><\/p>\n<p><span style=\"font-weight: 400;\">Dans le monde entier, le cadmiage a \u00e9t\u00e9 supprim\u00e9 de presque toutes les utilisations commerciales. Les seules utilisations restantes sont les applications a\u00e9ronautiques et militaires, mais on s&#8217;attend \u00e0 ce qu&#8217;elles soient \u00e9galement supprim\u00e9es progressivement. <\/span><\/p>\n<p><span style=\"font-weight: 400;\">C&#8217;est pourquoi les alternatives au cadmium, comme le zinc-nickel, sont utilis\u00e9es dans de nombreux cas. <\/span><\/p>\n<h2><b>Alternatives au cadmium : <\/b><\/h2>\n<p>Pour l&#8217;industrie a\u00e9ronautique, le Zinc-Nickel LHE et le Tin-Zinc sont des alternatives moins toxiques au cadmium qui peuvent \u00eatre utilis\u00e9es pour r\u00e9parer le cadmium, le zinc-nickel, l&#8217;\u00e9tain-zinc et l&#8217;aluminium IVD endommag\u00e9 sur les aciers \u00e0 haute r\u00e9sistance. Ces deux d\u00e9p\u00f4ts offrent une excellente protection contre la corrosion et sont LHE. Ils ne n\u00e9cessitent pas de cuisson d&#8217;\u00e9limination de la fragilisation par l&#8217;hydrog\u00e8ne apr\u00e8s le d\u00e9p\u00f4t.<\/p>\n","protected":false},"excerpt":{"rendered":"<p>Les applications a\u00e9rospatiales exigeantes d&#8217;aujourd&#8217;hui n\u00e9cessitent des d\u00e9p\u00f4ts bien con\u00e7us et \u00e9prouv\u00e9s qui pr\u00e9sentent le moins de risques possible pour l&#8217;op\u00e9rateur et l&#8217;environnement. Les substituts de cadmium de SIFCO ASC sont des d\u00e9p\u00f4ts de qualit\u00e9 sup\u00e9rieure qui peuvent \u00eatre appliqu\u00e9s partout, en atelier ou sur le terrain. Qu&#8217;est-ce que le cadmiage ? Le cadmiage est [&hellip;]<\/p>\n","protected":false},"author":18,"featured_media":0,"parent":0,"menu_order":0,"comment_status":"closed","ping_status":"closed","template":"","meta":{"_acf_changed":false,"inline_featured_image":false,"footnotes":""},"class_list":["post-9687","page","type-page","status-publish","hentry"],"acf":[],"yoast_head":"<!-- This site is optimized with the Yoast SEO plugin v27.4 - https:\/\/yoast.com\/product\/yoast-seo-wordpress\/ -->\n<title>Remplacement du cadmium - SIFCO Applied Surface Concepts<\/title>\n<meta name=\"description\" content=\"Les applications a\u00e9rospatiales exigeantes de aujourde hui n\u00e9cessitent des d\u00e9p\u00f4ts bien con\u00e7us et \u00e9prouv\u00e9s qui pr\u00e9sentent le moins de risques possible pour la op\u00e9rateur et la environnement. Les substituts de cadmium de SIFCO ASC sont des d\u00e9p\u00f4ts de qualit\u00e9 sup\u00e9rieure qui peuvent \u00eatre appliqu\u00e9s partout, en atelier ou sur le terrain. Quoi est-ce que le cadmiage ? Le cadmiage est\" \/>\n<meta name=\"robots\" content=\"index, follow, max-snippet:-1, max-image-preview:large, max-video-preview:-1\" \/>\n<link rel=\"canonical\" href=\"https:\/\/www.sifcoasc.com\/fr\/remplacement-du-cadmium\" \/>\n<meta property=\"og:locale\" content=\"fr_FR\" \/>\n<meta property=\"og:type\" content=\"article\" \/>\n<meta property=\"og:title\" content=\"Remplacement du cadmium - SIFCO Applied Surface Concepts\" \/>\n<meta property=\"og:description\" content=\"Les applications a\u00e9rospatiales exigeantes de aujourde hui n\u00e9cessitent des d\u00e9p\u00f4ts bien con\u00e7us et \u00e9prouv\u00e9s qui pr\u00e9sentent le moins de risques possible pour la op\u00e9rateur et la environnement. Les substituts de cadmium de SIFCO ASC sont des d\u00e9p\u00f4ts de qualit\u00e9 sup\u00e9rieure qui peuvent \u00eatre appliqu\u00e9s partout, en atelier ou sur le terrain. Quoi est-ce que le cadmiage ? Le cadmiage est\" \/>\n<meta property=\"og:url\" content=\"https:\/\/www.sifcoasc.com\/fr\/remplacement-du-cadmium\" \/>\n<meta property=\"og:site_name\" content=\"SIFCO Applied Surface Concepts\" \/>\n<meta property=\"article:modified_time\" content=\"2023-01-31T13:55:23+00:00\" \/>\n<meta name=\"twitter:label1\" content=\"Est. reading time\" \/>\n\t<meta name=\"twitter:data1\" content=\"1 minute\" \/>\n<script type=\"application\/ld+json\" class=\"yoast-schema-graph\">{\"@context\":\"https:\\\/\\\/schema.org\",\"@graph\":[{\"@type\":\"WebPage\",\"@id\":\"https:\\\/\\\/www.sifcoasc.com\\\/fr\\\/remplacement-du-cadmium\",\"url\":\"https:\\\/\\\/www.sifcoasc.com\\\/fr\\\/remplacement-du-cadmium\",\"name\":\"Remplacement du cadmium - SIFCO Applied Surface Concepts\",\"isPartOf\":{\"@id\":\"https:\\\/\\\/www.sifcoasc.com\\\/fr#website\"},\"datePublished\":\"2022-07-14T15:29:19+00:00\",\"dateModified\":\"2023-01-31T13:55:23+00:00\",\"description\":\"Les applications a\u00e9rospatiales exigeantes de aujourde hui n\u00e9cessitent des d\u00e9p\u00f4ts bien con\u00e7us et \u00e9prouv\u00e9s qui pr\u00e9sentent le moins de risques possible pour la op\u00e9rateur et la environnement. Les substituts de cadmium de SIFCO ASC sont des d\u00e9p\u00f4ts de qualit\u00e9 sup\u00e9rieure qui peuvent \u00eatre appliqu\u00e9s partout, en atelier ou sur le terrain. Quoi est-ce que le cadmiage ? Le cadmiage est\",\"breadcrumb\":{\"@id\":\"https:\\\/\\\/www.sifcoasc.com\\\/fr\\\/remplacement-du-cadmium#breadcrumb\"},\"inLanguage\":\"fr-FR\",\"potentialAction\":[{\"@type\":\"ReadAction\",\"target\":[\"https:\\\/\\\/www.sifcoasc.com\\\/fr\\\/remplacement-du-cadmium\"]}]},{\"@type\":\"BreadcrumbList\",\"@id\":\"https:\\\/\\\/www.sifcoasc.com\\\/fr\\\/remplacement-du-cadmium#breadcrumb\",\"itemListElement\":[{\"@type\":\"ListItem\",\"position\":1,\"name\":\"Home\",\"item\":\"https:\\\/\\\/www.sifcoasc.com\\\/fr\"},{\"@type\":\"ListItem\",\"position\":2,\"name\":\"Remplacement du cadmium\"}]},{\"@type\":\"WebSite\",\"@id\":\"https:\\\/\\\/www.sifcoasc.com\\\/fr#website\",\"url\":\"https:\\\/\\\/www.sifcoasc.com\\\/fr\",\"name\":\"SIFCO Applied Surface Concepts\",\"description\":\"\",\"potentialAction\":[{\"@type\":\"SearchAction\",\"target\":{\"@type\":\"EntryPoint\",\"urlTemplate\":\"https:\\\/\\\/www.sifcoasc.com\\\/fr?s={search_term_string}\"},\"query-input\":{\"@type\":\"PropertyValueSpecification\",\"valueRequired\":true,\"valueName\":\"search_term_string\"}}],\"inLanguage\":\"fr-FR\"}]}<\/script>\n<!-- \/ Yoast SEO plugin. -->","yoast_head_json":{"title":"Remplacement du cadmium - SIFCO Applied Surface Concepts","description":"Les applications a\u00e9rospatiales exigeantes de aujourde hui n\u00e9cessitent des d\u00e9p\u00f4ts bien con\u00e7us et \u00e9prouv\u00e9s qui pr\u00e9sentent le moins de risques possible pour la op\u00e9rateur et la environnement. Les substituts de cadmium de SIFCO ASC sont des d\u00e9p\u00f4ts de qualit\u00e9 sup\u00e9rieure qui peuvent \u00eatre appliqu\u00e9s partout, en atelier ou sur le terrain. Quoi est-ce que le cadmiage ? Le cadmiage est","robots":{"index":"index","follow":"follow","max-snippet":"max-snippet:-1","max-image-preview":"max-image-preview:large","max-video-preview":"max-video-preview:-1"},"canonical":"https:\/\/www.sifcoasc.com\/fr\/remplacement-du-cadmium","og_locale":"fr_FR","og_type":"article","og_title":"Remplacement du cadmium - SIFCO Applied Surface Concepts","og_description":"Les applications a\u00e9rospatiales exigeantes de aujourde hui n\u00e9cessitent des d\u00e9p\u00f4ts bien con\u00e7us et \u00e9prouv\u00e9s qui pr\u00e9sentent le moins de risques possible pour la op\u00e9rateur et la environnement. Les substituts de cadmium de SIFCO ASC sont des d\u00e9p\u00f4ts de qualit\u00e9 sup\u00e9rieure qui peuvent \u00eatre appliqu\u00e9s partout, en atelier ou sur le terrain. Quoi est-ce que le cadmiage ? Le cadmiage est","og_url":"https:\/\/www.sifcoasc.com\/fr\/remplacement-du-cadmium","og_site_name":"SIFCO Applied Surface Concepts","article_modified_time":"2023-01-31T13:55:23+00:00","twitter_misc":{"Est. reading time":"1 minute"},"schema":{"@context":"https:\/\/schema.org","@graph":[{"@type":"WebPage","@id":"https:\/\/www.sifcoasc.com\/fr\/remplacement-du-cadmium","url":"https:\/\/www.sifcoasc.com\/fr\/remplacement-du-cadmium","name":"Remplacement du cadmium - SIFCO Applied Surface Concepts","isPartOf":{"@id":"https:\/\/www.sifcoasc.com\/fr#website"},"datePublished":"2022-07-14T15:29:19+00:00","dateModified":"2023-01-31T13:55:23+00:00","description":"Les applications a\u00e9rospatiales exigeantes de aujourde hui n\u00e9cessitent des d\u00e9p\u00f4ts bien con\u00e7us et \u00e9prouv\u00e9s qui pr\u00e9sentent le moins de risques possible pour la op\u00e9rateur et la environnement. Les substituts de cadmium de SIFCO ASC sont des d\u00e9p\u00f4ts de qualit\u00e9 sup\u00e9rieure qui peuvent \u00eatre appliqu\u00e9s partout, en atelier ou sur le terrain. Quoi est-ce que le cadmiage ? Le cadmiage est","breadcrumb":{"@id":"https:\/\/www.sifcoasc.com\/fr\/remplacement-du-cadmium#breadcrumb"},"inLanguage":"fr-FR","potentialAction":[{"@type":"ReadAction","target":["https:\/\/www.sifcoasc.com\/fr\/remplacement-du-cadmium"]}]},{"@type":"BreadcrumbList","@id":"https:\/\/www.sifcoasc.com\/fr\/remplacement-du-cadmium#breadcrumb","itemListElement":[{"@type":"ListItem","position":1,"name":"Home","item":"https:\/\/www.sifcoasc.com\/fr"},{"@type":"ListItem","position":2,"name":"Remplacement du cadmium"}]},{"@type":"WebSite","@id":"https:\/\/www.sifcoasc.com\/fr#website","url":"https:\/\/www.sifcoasc.com\/fr","name":"SIFCO Applied Surface Concepts","description":"","potentialAction":[{"@type":"SearchAction","target":{"@type":"EntryPoint","urlTemplate":"https:\/\/www.sifcoasc.com\/fr?s={search_term_string}"},"query-input":{"@type":"PropertyValueSpecification","valueRequired":true,"valueName":"search_term_string"}}],"inLanguage":"fr-FR"}]}},"featured_image_src":null,"featured_image_src_square":null,"_links":{"self":[{"href":"https:\/\/www.sifcoasc.com\/fr\/wp-json\/wp\/v2\/pages\/9687","targetHints":{"allow":["GET"]}}],"collection":[{"href":"https:\/\/www.sifcoasc.com\/fr\/wp-json\/wp\/v2\/pages"}],"about":[{"href":"https:\/\/www.sifcoasc.com\/fr\/wp-json\/wp\/v2\/types\/page"}],"author":[{"embeddable":true,"href":"https:\/\/www.sifcoasc.com\/fr\/wp-json\/wp\/v2\/users\/18"}],"replies":[{"embeddable":true,"href":"https:\/\/www.sifcoasc.com\/fr\/wp-json\/wp\/v2\/comments?post=9687"}],"version-history":[{"count":0,"href":"https:\/\/www.sifcoasc.com\/fr\/wp-json\/wp\/v2\/pages\/9687\/revisions"}],"wp:attachment":[{"href":"https:\/\/www.sifcoasc.com\/fr\/wp-json\/wp\/v2\/media?parent=9687"}],"curies":[{"name":"wp","href":"https:\/\/api.w.org\/{rel}","templated":true}]}}