{"id":9699,"date":"2022-07-14T15:29:27","date_gmt":"2022-07-14T15:29:27","guid":{"rendered":"https:\/\/www.sifcoasc.com\/support-technique\/"},"modified":"2022-08-24T07:47:13","modified_gmt":"2022-08-24T07:47:13","slug":"support-technique","status":"publish","type":"page","link":"https:\/\/www.sifcoasc.com\/fr\/support-technique","title":{"rendered":"Support technique"},"content":{"rendered":"<p class=\"emph\">SIFCO ASC fournit un soutien in\u00e9gal\u00e9 tout au long de vos projets de placage s\u00e9lectif. Faites confiance au meilleur personnel de R&amp;D et d&#8217;assistance technique du secteur.  <\/p>\n<p><strong>Notre personnel d&#8217;assistance technique poss\u00e8de plus de cinq d\u00e9cennies d&#8217;exp\u00e9rience en mati\u00e8re de placage s\u00e9lectif et d&#8217;ing\u00e9nierie. Gr\u00e2ce \u00e0 ce niveau de compr\u00e9hension, nos d\u00e9partements de recherche et d\u00e9veloppement, d&#8217;ing\u00e9nierie et de technique, dot\u00e9s d&#8217;un personnel complet, fournissent des conseils allant de l&#8217;assistance technique de base au d\u00e9veloppement d&#8217;applications compl\u00e8tes. Notre \u00e9quipe poss\u00e8de des comp\u00e9tences dans les domaines de l&#8217;\u00e9lectrochimie, du g\u00e9nie chimique, de la science des mat\u00e9riaux, de la chimie physique et de la sant\u00e9 et de la s\u00e9curit\u00e9 environnementales.<\/strong><\/p>\n<p>Nous fournissons une assistance dans tous les aspects du processus de placage.<\/p>\n<ul>\n<li>D\u00e9veloppement du processus<\/li>\n<li>D\u00e9veloppement d&#8217;applications<\/li>\n<li>Conception et mod\u00e9lisation de l&#8217;anode<\/li>\n<li>D\u00e9veloppement de nouvelles alternatives de d\u00e9p\u00f4t pour r\u00e9pondre aux demandes en constante \u00e9volution de l&#8217;industrie.<\/li>\n<li>D\u00e9pannage de l&#8217;application<\/li>\n<li>Test approfondi de la qualit\u00e9 de la solution et du d\u00e9p\u00f4t pour garantir la performance du d\u00e9p\u00f4t.<\/li>\n<li>Essais de microduret\u00e9, brouillard salin, st\u00e9r\u00e9omicroscopie et fluorescence X pour la composition des mat\u00e9riaux.<\/li>\n<\/ul>\n","protected":false},"excerpt":{"rendered":"<p>SIFCO ASC fournit un soutien in\u00e9gal\u00e9 tout au long de vos projets de placage s\u00e9lectif. Faites confiance au meilleur personnel de R&amp;D et d&#8217;assistance technique du secteur. Notre personnel d&#8217;assistance technique poss\u00e8de plus de cinq d\u00e9cennies d&#8217;exp\u00e9rience en mati\u00e8re de placage s\u00e9lectif et d&#8217;ing\u00e9nierie. Gr\u00e2ce \u00e0 ce niveau de compr\u00e9hension, nos d\u00e9partements de recherche et [&hellip;]<\/p>\n","protected":false},"author":18,"featured_media":0,"parent":0,"menu_order":0,"comment_status":"closed","ping_status":"closed","template":"","meta":{"_acf_changed":false,"inline_featured_image":false,"footnotes":""},"class_list":["post-9699","page","type-page","status-publish","hentry"],"acf":[],"yoast_head":"<!-- This site is optimized with the Yoast SEO plugin v27.5 - https:\/\/yoast.com\/product\/yoast-seo-wordpress\/ -->\n<title>Support technique | Sp\u00e9cialistes du placage s\u00e9lectif | SIFCO ASC<\/title>\n<meta name=\"description\" content=\"SIFCO ASC offre un soutien technique in\u00e9gal\u00e9. Nous offrons des conseils allant de l&#039;assistance technique de base au d\u00e9veloppement complet d&#039;applications de placage s\u00e9lectif.\" \/>\n<meta name=\"robots\" content=\"index, follow, max-snippet:-1, max-image-preview:large, max-video-preview:-1\" \/>\n<link rel=\"canonical\" href=\"https:\/\/www.sifcoasc.com\/fr\/support-technique\" \/>\n<meta property=\"og:locale\" content=\"fr_FR\" \/>\n<meta property=\"og:type\" content=\"article\" \/>\n<meta property=\"og:title\" content=\"Support technique | Sp\u00e9cialistes du placage s\u00e9lectif | SIFCO ASC\" \/>\n<meta property=\"og:description\" content=\"SIFCO ASC offre un soutien technique in\u00e9gal\u00e9. Nous offrons des conseils allant de l&#039;assistance technique de base au d\u00e9veloppement complet d&#039;applications de placage s\u00e9lectif.\" \/>\n<meta property=\"og:url\" content=\"https:\/\/www.sifcoasc.com\/fr\/support-technique\" \/>\n<meta property=\"og:site_name\" content=\"SIFCO Applied Surface Concepts\" \/>\n<meta property=\"article:modified_time\" content=\"2022-08-24T07:47:13+00:00\" \/>\n<meta name=\"twitter:label1\" content=\"Est. reading time\" \/>\n\t<meta name=\"twitter:data1\" content=\"1 minute\" \/>\n<script type=\"application\/ld+json\" class=\"yoast-schema-graph\">{\"@context\":\"https:\\\/\\\/schema.org\",\"@graph\":[{\"@type\":\"WebPage\",\"@id\":\"https:\\\/\\\/www.sifcoasc.com\\\/fr\\\/support-technique\",\"url\":\"https:\\\/\\\/www.sifcoasc.com\\\/fr\\\/support-technique\",\"name\":\"Support technique | Sp\u00e9cialistes du placage s\u00e9lectif | SIFCO ASC\",\"isPartOf\":{\"@id\":\"https:\\\/\\\/www.sifcoasc.com\\\/fr#website\"},\"datePublished\":\"2022-07-14T15:29:27+00:00\",\"dateModified\":\"2022-08-24T07:47:13+00:00\",\"description\":\"SIFCO ASC offre un soutien technique in\u00e9gal\u00e9. Nous offrons des conseils allant de l'assistance technique de base au d\u00e9veloppement complet d'applications de placage s\u00e9lectif.\",\"breadcrumb\":{\"@id\":\"https:\\\/\\\/www.sifcoasc.com\\\/fr\\\/support-technique#breadcrumb\"},\"inLanguage\":\"fr-FR\",\"potentialAction\":[{\"@type\":\"ReadAction\",\"target\":[\"https:\\\/\\\/www.sifcoasc.com\\\/fr\\\/support-technique\"]}]},{\"@type\":\"BreadcrumbList\",\"@id\":\"https:\\\/\\\/www.sifcoasc.com\\\/fr\\\/support-technique#breadcrumb\",\"itemListElement\":[{\"@type\":\"ListItem\",\"position\":1,\"name\":\"Home\",\"item\":\"https:\\\/\\\/www.sifcoasc.com\\\/fr\"},{\"@type\":\"ListItem\",\"position\":2,\"name\":\"Support technique\"}]},{\"@type\":\"WebSite\",\"@id\":\"https:\\\/\\\/www.sifcoasc.com\\\/fr#website\",\"url\":\"https:\\\/\\\/www.sifcoasc.com\\\/fr\",\"name\":\"SIFCO Applied Surface Concepts\",\"description\":\"\",\"potentialAction\":[{\"@type\":\"SearchAction\",\"target\":{\"@type\":\"EntryPoint\",\"urlTemplate\":\"https:\\\/\\\/www.sifcoasc.com\\\/fr?s={search_term_string}\"},\"query-input\":{\"@type\":\"PropertyValueSpecification\",\"valueRequired\":true,\"valueName\":\"search_term_string\"}}],\"inLanguage\":\"fr-FR\"}]}<\/script>\n<!-- \/ Yoast SEO plugin. -->","yoast_head_json":{"title":"Support technique | Sp\u00e9cialistes du placage s\u00e9lectif | SIFCO ASC","description":"SIFCO ASC offre un soutien technique in\u00e9gal\u00e9. Nous offrons des conseils allant de l'assistance technique de base au d\u00e9veloppement complet d'applications de placage s\u00e9lectif.","robots":{"index":"index","follow":"follow","max-snippet":"max-snippet:-1","max-image-preview":"max-image-preview:large","max-video-preview":"max-video-preview:-1"},"canonical":"https:\/\/www.sifcoasc.com\/fr\/support-technique","og_locale":"fr_FR","og_type":"article","og_title":"Support technique | Sp\u00e9cialistes du placage s\u00e9lectif | SIFCO ASC","og_description":"SIFCO ASC offre un soutien technique in\u00e9gal\u00e9. Nous offrons des conseils allant de l'assistance technique de base au d\u00e9veloppement complet d'applications de placage s\u00e9lectif.","og_url":"https:\/\/www.sifcoasc.com\/fr\/support-technique","og_site_name":"SIFCO Applied Surface Concepts","article_modified_time":"2022-08-24T07:47:13+00:00","twitter_misc":{"Est. reading time":"1 minute"},"schema":{"@context":"https:\/\/schema.org","@graph":[{"@type":"WebPage","@id":"https:\/\/www.sifcoasc.com\/fr\/support-technique","url":"https:\/\/www.sifcoasc.com\/fr\/support-technique","name":"Support technique | Sp\u00e9cialistes du placage s\u00e9lectif | SIFCO ASC","isPartOf":{"@id":"https:\/\/www.sifcoasc.com\/fr#website"},"datePublished":"2022-07-14T15:29:27+00:00","dateModified":"2022-08-24T07:47:13+00:00","description":"SIFCO ASC offre un soutien technique in\u00e9gal\u00e9. Nous offrons des conseils allant de l'assistance technique de base au d\u00e9veloppement complet d'applications de placage s\u00e9lectif.","breadcrumb":{"@id":"https:\/\/www.sifcoasc.com\/fr\/support-technique#breadcrumb"},"inLanguage":"fr-FR","potentialAction":[{"@type":"ReadAction","target":["https:\/\/www.sifcoasc.com\/fr\/support-technique"]}]},{"@type":"BreadcrumbList","@id":"https:\/\/www.sifcoasc.com\/fr\/support-technique#breadcrumb","itemListElement":[{"@type":"ListItem","position":1,"name":"Home","item":"https:\/\/www.sifcoasc.com\/fr"},{"@type":"ListItem","position":2,"name":"Support technique"}]},{"@type":"WebSite","@id":"https:\/\/www.sifcoasc.com\/fr#website","url":"https:\/\/www.sifcoasc.com\/fr","name":"SIFCO Applied Surface Concepts","description":"","potentialAction":[{"@type":"SearchAction","target":{"@type":"EntryPoint","urlTemplate":"https:\/\/www.sifcoasc.com\/fr?s={search_term_string}"},"query-input":{"@type":"PropertyValueSpecification","valueRequired":true,"valueName":"search_term_string"}}],"inLanguage":"fr-FR"}]}},"featured_image_src":null,"featured_image_src_square":null,"_links":{"self":[{"href":"https:\/\/www.sifcoasc.com\/fr\/wp-json\/wp\/v2\/pages\/9699","targetHints":{"allow":["GET"]}}],"collection":[{"href":"https:\/\/www.sifcoasc.com\/fr\/wp-json\/wp\/v2\/pages"}],"about":[{"href":"https:\/\/www.sifcoasc.com\/fr\/wp-json\/wp\/v2\/types\/page"}],"author":[{"embeddable":true,"href":"https:\/\/www.sifcoasc.com\/fr\/wp-json\/wp\/v2\/users\/18"}],"replies":[{"embeddable":true,"href":"https:\/\/www.sifcoasc.com\/fr\/wp-json\/wp\/v2\/comments?post=9699"}],"version-history":[{"count":0,"href":"https:\/\/www.sifcoasc.com\/fr\/wp-json\/wp\/v2\/pages\/9699\/revisions"}],"wp:attachment":[{"href":"https:\/\/www.sifcoasc.com\/fr\/wp-json\/wp\/v2\/media?parent=9699"}],"curies":[{"name":"wp","href":"https:\/\/api.w.org\/{rel}","templated":true}]}}