{"id":9710,"date":"2022-07-14T15:29:34","date_gmt":"2022-07-14T15:29:34","guid":{"rendered":"https:\/\/www.sifcoasc.com\/kits-de-metallisation-sifco-process\/"},"modified":"2022-08-24T07:27:33","modified_gmt":"2022-08-24T07:27:33","slug":"kits-de-metallisation-sifco-process","status":"publish","type":"page","link":"https:\/\/www.sifcoasc.com\/fr\/kits-de-metallisation-sifco-process","title":{"rendered":"Kits de m\u00e9tallisation SIFCO Process"},"content":{"rendered":"<h2>Kits de m\u00e9tallisation s\u00e9lective SIFCO Process\u00ae.<\/h2>\n<div class=\"right-image\"><a href=\"\/wp-content\/uploads\/Travel-Kit-scaled.jpg\" class=\"llightbox\"><img loading=\"lazy\" decoding=\"async\" width=\"300\" height=\"200\" src=\"\/wp-content\/uploads\/Travel-Kit-300x200.jpg\" alt=\"Kits de m\u00e9tallisation SIFCO Process  \" title=\"Kits de m\u00e9tallisation SIFCO Process  \" class=\"alignnone size-thumbnail wp-image-1837\" srcset=\"https:\/\/www.sifcoasc.com\/wp-content\/uploads\/Travel-Kit-300x200.jpg 300w, https:\/\/www.sifcoasc.com\/wp-content\/uploads\/Travel-Kit-500x333.jpg 500w, https:\/\/www.sifcoasc.com\/wp-content\/uploads\/Travel-Kit-1024x683.jpg 1024w, https:\/\/www.sifcoasc.com\/wp-content\/uploads\/Travel-Kit-768x512.jpg 768w, https:\/\/www.sifcoasc.com\/wp-content\/uploads\/Travel-Kit-1536x1024.jpg 1536w, https:\/\/www.sifcoasc.com\/wp-content\/uploads\/Travel-Kit-2048x1365.jpg 2048w, https:\/\/www.sifcoasc.com\/wp-content\/uploads\/Travel-Kit-600x400.jpg 600w\" sizes=\"auto, (max-width: 709px) 85vw, (max-width: 909px) 67vw, (max-width: 1362px) 62vw, 840px\" \/><\/a> <\/div>\n<p class=\"emph\">Le kit de m\u00e9tallisation SIFCO Process\u00ae est con\u00e7u pour les r\u00e9parations critiques de m\u00e9tallisation par brossage sur le terrain.  <\/p>\n<p>Le kit de galvanoplastie SIFCO Process\u00ae est le premier kit portable de galvanoplastie au monde. Il contient tout ce dont un technicien qualifi\u00e9 a besoin. Con\u00e7u pour les zones localis\u00e9es des surfaces m\u00e9talliques des composants OEM, il est capable d&#8217;entretenir et de r\u00e9parer rapidement les pi\u00e8ces critiques.<\/p>\n<p>Les applications de retouche d&#8217;urgence utilisant le Cadmium LHE\u00ae et le Zinc-Nickel LHE\u00ae sur les composants a\u00e9rospatiaux ou l&#8217;Argent Non-Cyanure sur les composants de production d&#8217;\u00e9nergie sont d\u00e9sormais facilit\u00e9es.<\/p>\n<p><strong><a href=\"https:\/\/plating.sifcoasc.com\/viewitems\/all-categories-plating-products-and-solutions-kits\/ions-kits-cadmium-2023-no-bake-touch-up-travel-kit\" target=\"_blank\" rel=\"noopener noreferrer\">Cadmium LHE\u00ae et No Bake Touch-Up Travel Kit<\/a>&nbsp;&amp;&nbsp;<\/strong><strong>Zinc-Nickel LHE\u00ae et<\/strong> <strong>Kit de voyage pour retouches<\/strong><\/p>\n<p><span style=\"font-weight: 400;\">Sp\u00e9cifiquement con\u00e7u pour l&#8217;industrie <\/span><a href=\"\/aerospace\/\"><span style=\"font-weight: 400;\">l&#8217;industrie a\u00e9rospatiale<\/span><\/a><span style=\"font-weight: 400;\">Ces kits de placage s\u00e9lectif sont id\u00e9aux pour les op\u00e9rations AOG o\u00f9 les d\u00e9lais de r\u00e9paration sont critiques. Les kits contiennent la quantit\u00e9 maximale de cadmium et d&#8217;acier inoxydable.<\/span> <span style=\"font-weight: 400;\"> solutions de zinc-nickel <\/span><span style=\"font-weight: 400;\">autoris\u00e9s \u00e0 \u00eatre exp\u00e9di\u00e9s par des transporteurs terrestres commerciaux et priv\u00e9s.<\/span><\/p>\n<p><span style=\"font-weight: 400;\">Lorsqu&#8217;un avion est immobilis\u00e9 au sol pour des r\u00e9parations critiques, les recettes sont menac\u00e9es. Le site  <\/span><span style=\"font-weight: 400;\">cadmium<\/span><span style=\"font-weight: 400;\">  et le kit de placage zinc-nickel ont \u00e9t\u00e9 con\u00e7us pour les situations o\u00f9 le temps est compt\u00e9. Les deux kits contiennent tout ce dont un technicien qualifi\u00e9 a besoin pour effectuer rapidement des r\u00e9parations et remettre l&#8217;avion en service.<\/span><\/p>\n<p><a href=\"https:\/\/plating.sifcoasc.com\/viewitems\/all-categories-plating-products-and-solutions-kits\/travel-kits-silver-non-cyanide-touch-up-travel-kit\" target=\"_blank\" rel=\"noopener noreferrer\"><strong>Kit de voyage pour retouches d&#8217;argent sans cyanure<\/strong><\/a><br \/>\nLa solution d&#8217;argent sans cyanure de SIFCO ASC fournit un d\u00e9p\u00f4t de qualit\u00e9 sup\u00e9rieure qui peut \u00eatre appliqu\u00e9 dans l&#8217;atelier ou n&#8217;importe o\u00f9 sur le terrain pour les r\u00e9parations de bus de cuivre sans les dangers associ\u00e9s aux argents traditionnels au cyanure.<\/p>\n<p>Lorsqu&#8217;une panne survient, les revenus sont menac\u00e9s. Ce kit a \u00e9t\u00e9 con\u00e7u pour les situations o\u00f9 le temps est compt\u00e9. Le kit d&#8217;argenture SIFCO Process\u00ae contient tout ce dont un technicien qualifi\u00e9 a besoin pour r\u00e9parer rapidement les connexions de bus en cuivre et r\u00e9tablir le courant.<\/p>\n<p><a href=\"https:\/\/plating.sifcoasc.com\/viewitems\/all-categories-plating-products-and-solutions-kits\/-travel-kits-aluminum-bus-repair-add-on-kit-option\" target=\"_blank\" rel=\"noopener noreferrer\"><strong>Option de kit compl\u00e9mentaire de r\u00e9paration de bus en aluminium<\/strong><\/a><\/p>\n<p>Ce kit compl\u00e9mentaire a \u00e9t\u00e9 con\u00e7u pour \u00e9tendre les capacit\u00e9s de notre kit de placage d&#8217;argent. Utilis\u00e9 avec le kit de placage sans cyanure d&#8217;argent, il permet au technicien d&#8217;effectuer des r\u00e9parations sur les connexions de bus en aluminium.<\/p>\n<p><strong>Les avantages des kits de placage s\u00e9lectif SIFCO Process\u00ae :<\/strong><\/p>\n<ul>\n<li>Le processus peut \u00eatre r\u00e9alis\u00e9 sur place, \u00e0 c\u00f4t\u00e9 de l&#8217;avion.<\/li>\n<li>Simplicit\u00e9 d&#8217;utilisation<\/li>\n<li>Placage rapide sur des surfaces de petite et moyenne taille<\/li>\n<li>Les composants peuvent \u00eatre plaqu\u00e9s in-situ<\/li>\n<li>La quantit\u00e9 de masquage n\u00e9cessaire est r\u00e9duite<\/li>\n<li>Les pi\u00e8ces trop grandes pour la plaque du r\u00e9servoir peuvent \u00eatre trait\u00e9es<\/li>\n<li>R\u00e9duit les temps d&#8217;arr\u00eat des machines et les retards de production<\/li>\n<li>T\u00f4le \u00e0 l&#8217;\u00e9paisseur requise<\/li>\n<li>La fragilisation par l&#8217;hydrog\u00e8ne est minimis\u00e9e R\u00e9duction du flux d&#8217;effluents<\/li>\n<\/ul>\n","protected":false},"excerpt":{"rendered":"<p>Kits de m\u00e9tallisation s\u00e9lective SIFCO Process\u00ae. Le kit de m\u00e9tallisation SIFCO Process\u00ae est con\u00e7u pour les r\u00e9parations critiques de m\u00e9tallisation par brossage sur le terrain. Le kit de galvanoplastie SIFCO Process\u00ae est le premier kit portable de galvanoplastie au monde. Il contient tout ce dont un technicien qualifi\u00e9 a besoin. Con\u00e7u pour les zones localis\u00e9es [&hellip;]<\/p>\n","protected":false},"author":18,"featured_media":0,"parent":0,"menu_order":0,"comment_status":"closed","ping_status":"closed","template":"","meta":{"_acf_changed":false,"inline_featured_image":false,"footnotes":""},"class_list":["post-9710","page","type-page","status-publish","hentry"],"acf":[],"yoast_head":"<!-- This site is optimized with the Yoast SEO plugin v27.4 - https:\/\/yoast.com\/product\/yoast-seo-wordpress\/ -->\n<title>Job Shop Plating | Selective Plating Services | SIFCO ASC<\/title>\n<meta name=\"description\" content=\"D\u00e9couvrez nos services de placage s\u00e9lectif pour la r\u00e9paration et l&#039;am\u00e9lioration des composants dans l&#039;un des ateliers de SIFCO ASC. Prenez contact avec nous.\" \/>\n<meta name=\"robots\" content=\"index, follow, max-snippet:-1, max-image-preview:large, max-video-preview:-1\" \/>\n<link rel=\"canonical\" href=\"https:\/\/www.sifcoasc.com\/fr\/kits-de-metallisation-sifco-process\" \/>\n<meta property=\"og:locale\" content=\"fr_FR\" \/>\n<meta property=\"og:type\" content=\"article\" \/>\n<meta property=\"og:title\" content=\"Job Shop Plating | Selective Plating Services | SIFCO ASC\" \/>\n<meta property=\"og:description\" content=\"D\u00e9couvrez nos services de placage s\u00e9lectif pour la r\u00e9paration et l&#039;am\u00e9lioration des composants dans l&#039;un des ateliers de SIFCO ASC. Prenez contact avec nous.\" \/>\n<meta property=\"og:url\" content=\"https:\/\/www.sifcoasc.com\/fr\/kits-de-metallisation-sifco-process\" \/>\n<meta property=\"og:site_name\" content=\"SIFCO Applied Surface Concepts\" \/>\n<meta property=\"article:modified_time\" content=\"2022-08-24T07:27:33+00:00\" \/>\n<meta name=\"twitter:label1\" content=\"Est. reading time\" \/>\n\t<meta name=\"twitter:data1\" content=\"3 minutes\" \/>\n<script type=\"application\/ld+json\" class=\"yoast-schema-graph\">{\"@context\":\"https:\\\/\\\/schema.org\",\"@graph\":[{\"@type\":\"WebPage\",\"@id\":\"https:\\\/\\\/www.sifcoasc.com\\\/fr\\\/kits-de-metallisation-sifco-process\",\"url\":\"https:\\\/\\\/www.sifcoasc.com\\\/fr\\\/kits-de-metallisation-sifco-process\",\"name\":\"Job Shop Plating | Selective Plating Services | SIFCO ASC\",\"isPartOf\":{\"@id\":\"https:\\\/\\\/www.sifcoasc.com\\\/fr#website\"},\"datePublished\":\"2022-07-14T15:29:34+00:00\",\"dateModified\":\"2022-08-24T07:27:33+00:00\",\"description\":\"D\u00e9couvrez nos services de placage s\u00e9lectif pour la r\u00e9paration et l'am\u00e9lioration des composants dans l'un des ateliers de SIFCO ASC. Prenez contact avec nous.\",\"breadcrumb\":{\"@id\":\"https:\\\/\\\/www.sifcoasc.com\\\/fr\\\/kits-de-metallisation-sifco-process#breadcrumb\"},\"inLanguage\":\"fr-FR\",\"potentialAction\":[{\"@type\":\"ReadAction\",\"target\":[\"https:\\\/\\\/www.sifcoasc.com\\\/fr\\\/kits-de-metallisation-sifco-process\"]}]},{\"@type\":\"BreadcrumbList\",\"@id\":\"https:\\\/\\\/www.sifcoasc.com\\\/fr\\\/kits-de-metallisation-sifco-process#breadcrumb\",\"itemListElement\":[{\"@type\":\"ListItem\",\"position\":1,\"name\":\"Home\",\"item\":\"https:\\\/\\\/www.sifcoasc.com\\\/fr\"},{\"@type\":\"ListItem\",\"position\":2,\"name\":\"Kits de m\u00e9tallisation SIFCO Process\"}]},{\"@type\":\"WebSite\",\"@id\":\"https:\\\/\\\/www.sifcoasc.com\\\/fr#website\",\"url\":\"https:\\\/\\\/www.sifcoasc.com\\\/fr\",\"name\":\"SIFCO Applied Surface Concepts\",\"description\":\"\",\"potentialAction\":[{\"@type\":\"SearchAction\",\"target\":{\"@type\":\"EntryPoint\",\"urlTemplate\":\"https:\\\/\\\/www.sifcoasc.com\\\/fr?s={search_term_string}\"},\"query-input\":{\"@type\":\"PropertyValueSpecification\",\"valueRequired\":true,\"valueName\":\"search_term_string\"}}],\"inLanguage\":\"fr-FR\"}]}<\/script>\n<!-- \/ Yoast SEO plugin. -->","yoast_head_json":{"title":"Job Shop Plating | Selective Plating Services | SIFCO ASC","description":"D\u00e9couvrez nos services de placage s\u00e9lectif pour la r\u00e9paration et l'am\u00e9lioration des composants dans l'un des ateliers de SIFCO ASC. Prenez contact avec nous.","robots":{"index":"index","follow":"follow","max-snippet":"max-snippet:-1","max-image-preview":"max-image-preview:large","max-video-preview":"max-video-preview:-1"},"canonical":"https:\/\/www.sifcoasc.com\/fr\/kits-de-metallisation-sifco-process","og_locale":"fr_FR","og_type":"article","og_title":"Job Shop Plating | Selective Plating Services | SIFCO ASC","og_description":"D\u00e9couvrez nos services de placage s\u00e9lectif pour la r\u00e9paration et l'am\u00e9lioration des composants dans l'un des ateliers de SIFCO ASC. Prenez contact avec nous.","og_url":"https:\/\/www.sifcoasc.com\/fr\/kits-de-metallisation-sifco-process","og_site_name":"SIFCO Applied Surface Concepts","article_modified_time":"2022-08-24T07:27:33+00:00","twitter_misc":{"Est. reading time":"3 minutes"},"schema":{"@context":"https:\/\/schema.org","@graph":[{"@type":"WebPage","@id":"https:\/\/www.sifcoasc.com\/fr\/kits-de-metallisation-sifco-process","url":"https:\/\/www.sifcoasc.com\/fr\/kits-de-metallisation-sifco-process","name":"Job Shop Plating | Selective Plating Services | SIFCO ASC","isPartOf":{"@id":"https:\/\/www.sifcoasc.com\/fr#website"},"datePublished":"2022-07-14T15:29:34+00:00","dateModified":"2022-08-24T07:27:33+00:00","description":"D\u00e9couvrez nos services de placage s\u00e9lectif pour la r\u00e9paration et l'am\u00e9lioration des composants dans l'un des ateliers de SIFCO ASC. Prenez contact avec nous.","breadcrumb":{"@id":"https:\/\/www.sifcoasc.com\/fr\/kits-de-metallisation-sifco-process#breadcrumb"},"inLanguage":"fr-FR","potentialAction":[{"@type":"ReadAction","target":["https:\/\/www.sifcoasc.com\/fr\/kits-de-metallisation-sifco-process"]}]},{"@type":"BreadcrumbList","@id":"https:\/\/www.sifcoasc.com\/fr\/kits-de-metallisation-sifco-process#breadcrumb","itemListElement":[{"@type":"ListItem","position":1,"name":"Home","item":"https:\/\/www.sifcoasc.com\/fr"},{"@type":"ListItem","position":2,"name":"Kits de m\u00e9tallisation SIFCO Process"}]},{"@type":"WebSite","@id":"https:\/\/www.sifcoasc.com\/fr#website","url":"https:\/\/www.sifcoasc.com\/fr","name":"SIFCO Applied Surface Concepts","description":"","potentialAction":[{"@type":"SearchAction","target":{"@type":"EntryPoint","urlTemplate":"https:\/\/www.sifcoasc.com\/fr?s={search_term_string}"},"query-input":{"@type":"PropertyValueSpecification","valueRequired":true,"valueName":"search_term_string"}}],"inLanguage":"fr-FR"}]}},"featured_image_src":null,"featured_image_src_square":null,"_links":{"self":[{"href":"https:\/\/www.sifcoasc.com\/fr\/wp-json\/wp\/v2\/pages\/9710","targetHints":{"allow":["GET"]}}],"collection":[{"href":"https:\/\/www.sifcoasc.com\/fr\/wp-json\/wp\/v2\/pages"}],"about":[{"href":"https:\/\/www.sifcoasc.com\/fr\/wp-json\/wp\/v2\/types\/page"}],"author":[{"embeddable":true,"href":"https:\/\/www.sifcoasc.com\/fr\/wp-json\/wp\/v2\/users\/18"}],"replies":[{"embeddable":true,"href":"https:\/\/www.sifcoasc.com\/fr\/wp-json\/wp\/v2\/comments?post=9710"}],"version-history":[{"count":0,"href":"https:\/\/www.sifcoasc.com\/fr\/wp-json\/wp\/v2\/pages\/9710\/revisions"}],"wp:attachment":[{"href":"https:\/\/www.sifcoasc.com\/fr\/wp-json\/wp\/v2\/media?parent=9710"}],"curies":[{"name":"wp","href":"https:\/\/api.w.org\/{rel}","templated":true}]}}