{"id":9759,"date":"2022-07-14T15:30:14","date_gmt":"2022-07-14T15:30:14","guid":{"rendered":"https:\/\/www.sifcoasc.com\/petrole-et-gaz\/"},"modified":"2022-08-23T06:28:58","modified_gmt":"2022-08-23T06:28:58","slug":"petrole-et-gaz","status":"publish","type":"page","link":"https:\/\/www.sifcoasc.com\/fr\/petrole-et-gaz","title":{"rendered":"P\u00e9trole et gaz"},"content":{"rendered":"<h2>Placage s\u00e9lectif pour les \u00e9quipements de forage p\u00e9trolier et gazier<\/h2>\n<p><img loading=\"lazy\" decoding=\"async\" class=\" wp-image-2267 alignright\" title=\"P\u00e9trole et gaz  \" src=\"\/wp-content\/uploads\/img3.png\" alt=\"P\u00e9trole et gaz  \" width=\"501\" height=\"301\" srcset=\"https:\/\/www.sifcoasc.com\/wp-content\/uploads\/img3.png 581w, https:\/\/www.sifcoasc.com\/wp-content\/uploads\/img3-500x300.png 500w\" sizes=\"auto, (max-width: 709px) 85vw, (max-width: 909px) 67vw, (max-width: 1362px) 62vw, 840px\" \/><\/p>\n<p class=\"emph\">SIFCO ASC sert le march\u00e9 du p\u00e9trole et du gaz depuis plus de 50 ans avec des produits de placage s\u00e9lectif et des services d&#8217;atelier. Notre \u00e9quipe a l&#8217;exp\u00e9rience de la r\u00e9paration des \u00e9quipements et de l&#8217;am\u00e9lioration des composants OEM.<\/p>\n<p><strong>Le proc\u00e9d\u00e9 SIFCO\u00ae est la principale m\u00e9thode portable de galvanisation de zones localis\u00e9es sans utiliser de cuve d&#8217;immersion. Il est principalement utilis\u00e9 pour am\u00e9liorer les surfaces des composants d&#8217;origine, les r\u00e9parations permanentes et la r\u00e9cup\u00e9ration de pi\u00e8ces us\u00e9es ou mal usin\u00e9es dans l&#8217;industrie du p\u00e9trole et du gaz.<\/strong><\/p>\n<p class=\"text-aligncenter\">\n","protected":false},"excerpt":{"rendered":"<p>Placage s\u00e9lectif pour les \u00e9quipements de forage p\u00e9trolier et gazier SIFCO ASC sert le march\u00e9 du p\u00e9trole et du gaz depuis plus de 50 ans avec des produits de placage s\u00e9lectif et des services d&#8217;atelier. Notre \u00e9quipe a l&#8217;exp\u00e9rience de la r\u00e9paration des \u00e9quipements et de l&#8217;am\u00e9lioration des composants OEM. Le proc\u00e9d\u00e9 SIFCO\u00ae est la [&hellip;]<\/p>\n","protected":false},"author":18,"featured_media":0,"parent":0,"menu_order":0,"comment_status":"closed","ping_status":"closed","template":"","meta":{"_acf_changed":false,"inline_featured_image":false,"footnotes":""},"class_list":["post-9759","page","type-page","status-publish","hentry"],"acf":[],"yoast_head":"<!-- This site is optimized with the Yoast SEO plugin v27.4 - https:\/\/yoast.com\/product\/yoast-seo-wordpress\/ -->\n<title>Placage s\u00e9lectif pour les \u00e9quipements de forage p\u00e9trolier et gazier | SIFCO ASC<\/title>\n<meta name=\"description\" content=\"Le SIFCO Process\u00ae est une m\u00e9thode de placage s\u00e9lectif pour les \u00e9quipements de forage p\u00e9trolier et gazier. Pour plus d&#039;informations sur nos services de placage par brossage, contactez-nous.\" \/>\n<meta name=\"robots\" content=\"index, follow, max-snippet:-1, max-image-preview:large, max-video-preview:-1\" \/>\n<link rel=\"canonical\" href=\"https:\/\/www.sifcoasc.com\/fr\/petrole-et-gaz\" \/>\n<meta property=\"og:locale\" content=\"fr_FR\" \/>\n<meta property=\"og:type\" content=\"article\" \/>\n<meta property=\"og:title\" content=\"Placage s\u00e9lectif pour les \u00e9quipements de forage p\u00e9trolier et gazier | SIFCO ASC\" \/>\n<meta property=\"og:description\" content=\"Le SIFCO Process\u00ae est une m\u00e9thode de placage s\u00e9lectif pour les \u00e9quipements de forage p\u00e9trolier et gazier. Pour plus d&#039;informations sur nos services de placage par brossage, contactez-nous.\" \/>\n<meta property=\"og:url\" content=\"https:\/\/www.sifcoasc.com\/fr\/petrole-et-gaz\" \/>\n<meta property=\"og:site_name\" content=\"SIFCO Applied Surface Concepts\" \/>\n<meta property=\"article:modified_time\" content=\"2022-08-23T06:28:58+00:00\" \/>\n<meta name=\"twitter:label1\" content=\"Est. reading time\" \/>\n\t<meta name=\"twitter:data1\" content=\"1 minute\" \/>\n<script type=\"application\/ld+json\" class=\"yoast-schema-graph\">{\"@context\":\"https:\\\/\\\/schema.org\",\"@graph\":[{\"@type\":\"WebPage\",\"@id\":\"https:\\\/\\\/www.sifcoasc.com\\\/fr\\\/petrole-et-gaz\",\"url\":\"https:\\\/\\\/www.sifcoasc.com\\\/fr\\\/petrole-et-gaz\",\"name\":\"Placage s\u00e9lectif pour les \u00e9quipements de forage p\u00e9trolier et gazier | SIFCO ASC\",\"isPartOf\":{\"@id\":\"https:\\\/\\\/www.sifcoasc.com\\\/fr#website\"},\"datePublished\":\"2022-07-14T15:30:14+00:00\",\"dateModified\":\"2022-08-23T06:28:58+00:00\",\"description\":\"Le SIFCO Process\u00ae est une m\u00e9thode de placage s\u00e9lectif pour les \u00e9quipements de forage p\u00e9trolier et gazier. Pour plus d'informations sur nos services de placage par brossage, contactez-nous.\",\"breadcrumb\":{\"@id\":\"https:\\\/\\\/www.sifcoasc.com\\\/fr\\\/petrole-et-gaz#breadcrumb\"},\"inLanguage\":\"fr-FR\",\"potentialAction\":[{\"@type\":\"ReadAction\",\"target\":[\"https:\\\/\\\/www.sifcoasc.com\\\/fr\\\/petrole-et-gaz\"]}]},{\"@type\":\"BreadcrumbList\",\"@id\":\"https:\\\/\\\/www.sifcoasc.com\\\/fr\\\/petrole-et-gaz#breadcrumb\",\"itemListElement\":[{\"@type\":\"ListItem\",\"position\":1,\"name\":\"Home\",\"item\":\"https:\\\/\\\/www.sifcoasc.com\\\/fr\"},{\"@type\":\"ListItem\",\"position\":2,\"name\":\"P\u00e9trole et gaz\"}]},{\"@type\":\"WebSite\",\"@id\":\"https:\\\/\\\/www.sifcoasc.com\\\/fr#website\",\"url\":\"https:\\\/\\\/www.sifcoasc.com\\\/fr\",\"name\":\"SIFCO Applied Surface Concepts\",\"description\":\"\",\"potentialAction\":[{\"@type\":\"SearchAction\",\"target\":{\"@type\":\"EntryPoint\",\"urlTemplate\":\"https:\\\/\\\/www.sifcoasc.com\\\/fr?s={search_term_string}\"},\"query-input\":{\"@type\":\"PropertyValueSpecification\",\"valueRequired\":true,\"valueName\":\"search_term_string\"}}],\"inLanguage\":\"fr-FR\"}]}<\/script>\n<!-- \/ Yoast SEO plugin. -->","yoast_head_json":{"title":"Placage s\u00e9lectif pour les \u00e9quipements de forage p\u00e9trolier et gazier | SIFCO ASC","description":"Le SIFCO Process\u00ae est une m\u00e9thode de placage s\u00e9lectif pour les \u00e9quipements de forage p\u00e9trolier et gazier. Pour plus d'informations sur nos services de placage par brossage, contactez-nous.","robots":{"index":"index","follow":"follow","max-snippet":"max-snippet:-1","max-image-preview":"max-image-preview:large","max-video-preview":"max-video-preview:-1"},"canonical":"https:\/\/www.sifcoasc.com\/fr\/petrole-et-gaz","og_locale":"fr_FR","og_type":"article","og_title":"Placage s\u00e9lectif pour les \u00e9quipements de forage p\u00e9trolier et gazier | SIFCO ASC","og_description":"Le SIFCO Process\u00ae est une m\u00e9thode de placage s\u00e9lectif pour les \u00e9quipements de forage p\u00e9trolier et gazier. Pour plus d'informations sur nos services de placage par brossage, contactez-nous.","og_url":"https:\/\/www.sifcoasc.com\/fr\/petrole-et-gaz","og_site_name":"SIFCO Applied Surface Concepts","article_modified_time":"2022-08-23T06:28:58+00:00","twitter_misc":{"Est. reading time":"1 minute"},"schema":{"@context":"https:\/\/schema.org","@graph":[{"@type":"WebPage","@id":"https:\/\/www.sifcoasc.com\/fr\/petrole-et-gaz","url":"https:\/\/www.sifcoasc.com\/fr\/petrole-et-gaz","name":"Placage s\u00e9lectif pour les \u00e9quipements de forage p\u00e9trolier et gazier | SIFCO ASC","isPartOf":{"@id":"https:\/\/www.sifcoasc.com\/fr#website"},"datePublished":"2022-07-14T15:30:14+00:00","dateModified":"2022-08-23T06:28:58+00:00","description":"Le SIFCO Process\u00ae est une m\u00e9thode de placage s\u00e9lectif pour les \u00e9quipements de forage p\u00e9trolier et gazier. Pour plus d'informations sur nos services de placage par brossage, contactez-nous.","breadcrumb":{"@id":"https:\/\/www.sifcoasc.com\/fr\/petrole-et-gaz#breadcrumb"},"inLanguage":"fr-FR","potentialAction":[{"@type":"ReadAction","target":["https:\/\/www.sifcoasc.com\/fr\/petrole-et-gaz"]}]},{"@type":"BreadcrumbList","@id":"https:\/\/www.sifcoasc.com\/fr\/petrole-et-gaz#breadcrumb","itemListElement":[{"@type":"ListItem","position":1,"name":"Home","item":"https:\/\/www.sifcoasc.com\/fr"},{"@type":"ListItem","position":2,"name":"P\u00e9trole et gaz"}]},{"@type":"WebSite","@id":"https:\/\/www.sifcoasc.com\/fr#website","url":"https:\/\/www.sifcoasc.com\/fr","name":"SIFCO Applied Surface Concepts","description":"","potentialAction":[{"@type":"SearchAction","target":{"@type":"EntryPoint","urlTemplate":"https:\/\/www.sifcoasc.com\/fr?s={search_term_string}"},"query-input":{"@type":"PropertyValueSpecification","valueRequired":true,"valueName":"search_term_string"}}],"inLanguage":"fr-FR"}]}},"featured_image_src":null,"featured_image_src_square":null,"_links":{"self":[{"href":"https:\/\/www.sifcoasc.com\/fr\/wp-json\/wp\/v2\/pages\/9759","targetHints":{"allow":["GET"]}}],"collection":[{"href":"https:\/\/www.sifcoasc.com\/fr\/wp-json\/wp\/v2\/pages"}],"about":[{"href":"https:\/\/www.sifcoasc.com\/fr\/wp-json\/wp\/v2\/types\/page"}],"author":[{"embeddable":true,"href":"https:\/\/www.sifcoasc.com\/fr\/wp-json\/wp\/v2\/users\/18"}],"replies":[{"embeddable":true,"href":"https:\/\/www.sifcoasc.com\/fr\/wp-json\/wp\/v2\/comments?post=9759"}],"version-history":[{"count":0,"href":"https:\/\/www.sifcoasc.com\/fr\/wp-json\/wp\/v2\/pages\/9759\/revisions"}],"wp:attachment":[{"href":"https:\/\/www.sifcoasc.com\/fr\/wp-json\/wp\/v2\/media?parent=9759"}],"curies":[{"name":"wp","href":"https:\/\/api.w.org\/{rel}","templated":true}]}}