{"id":9764,"date":"2022-07-14T15:30:18","date_gmt":"2022-07-14T15:30:18","guid":{"rendered":"https:\/\/www.sifcoasc.com\/production-delectricite\/"},"modified":"2022-08-23T09:54:17","modified_gmt":"2022-08-23T09:54:17","slug":"production-delectricite","status":"publish","type":"page","link":"https:\/\/www.sifcoasc.com\/fr\/production-delectricite","title":{"rendered":"Production d&#8217;\u00e9lectricit\u00e9"},"content":{"rendered":"<h2>Placage s\u00e9lectif pour la production d&#8217;\u00e9lectricit\u00e9<\/h2>\n<p class=\"emph\"><a class=\"popup-youtube\" href=\"https:\/\/www.youtube.com\/watch?v=hVQamG4rMsk\"><img loading=\"lazy\" decoding=\"async\" width=\"555\" height=\"309\" class=\"size-full wp-image-2264 alignright\" title=\"Production d'\u00e9lectricit\u00e9  \" src=\"\/wp-content\/uploads\/img1-1.png\" alt=\"Production d'\u00e9lectricit\u00e9  \" srcset=\"https:\/\/www.sifcoasc.com\/wp-content\/uploads\/img1-1.png 555w, https:\/\/www.sifcoasc.com\/wp-content\/uploads\/img1-1-500x278.png 500w\" sizes=\"auto, (max-width: 709px) 85vw, (max-width: 909px) 67vw, (max-width: 1362px) 62vw, 840px\" \/><\/a>Les leaders mondiaux de l&#8217;industrie de la production d&#8217;\u00e9nergie utilisent le brossage s\u00e9lectif et les services de SIFCO ASC pour am\u00e9liorer et r\u00e9parer une multitude de composants de turbines.<\/p>\n<p><strong>L&#8217;industrie de la production d&#8217;\u00e9lectricit\u00e9 est confront\u00e9e \u00e0 de nombreux d\u00e9fis en mati\u00e8re d&#8217;exploitation et de maintenance, tels que l&#8217;usure des composants, la corrosion, l&#8217;usure par frottement et la conductivit\u00e9. Le SIFCO Process\u00ae comprend une gamme compl\u00e8te de d\u00e9p\u00f4ts \u00e9lectrolytiques qui r\u00e9pondent aux exigences techniques \u00e9lev\u00e9es des applications de turbines.<\/strong><\/p>\n<p><strong>Les applications typiques de SIFCO ASC dans ce secteur comprennent l&#8217;argentage des palmes, des enroulements d&#8217;amortisseurs, des coins et des bandes de cuivre, ainsi que le rev\u00eatement d&#8217;arbres et de composants de moteurs.<\/strong><\/p>\n<h2><strong>Applications typiques de la galvanoplastie s\u00e9lective<\/strong><\/h2>\n<ul>\n<li>R\u00e9duction de la r\u00e9sistance de contact \u00e9lectrique<\/li>\n<li>Am\u00e9lioration de la r\u00e9sistance \u00e0 l&#8217;usure<\/li>\n<li>Am\u00e9lioration de la r\u00e9sistance \u00e0 la corrosion<\/li>\n<li>Rev\u00eatements de pr\u00e9-brasage<\/li>\n<li>Anti-gel<\/li>\n<li>Augmentation de la duret\u00e9 de la surface<\/li>\n<\/ul>\n","protected":false},"excerpt":{"rendered":"<p>Placage s\u00e9lectif pour la production d&#8217;\u00e9lectricit\u00e9 Les leaders mondiaux de l&#8217;industrie de la production d&#8217;\u00e9nergie utilisent le brossage s\u00e9lectif et les services de SIFCO ASC pour am\u00e9liorer et r\u00e9parer une multitude de composants de turbines. L&#8217;industrie de la production d&#8217;\u00e9lectricit\u00e9 est confront\u00e9e \u00e0 de nombreux d\u00e9fis en mati\u00e8re d&#8217;exploitation et de maintenance, tels que l&#8217;usure [&hellip;]<\/p>\n","protected":false},"author":18,"featured_media":0,"parent":0,"menu_order":0,"comment_status":"closed","ping_status":"closed","template":"","meta":{"_acf_changed":false,"inline_featured_image":false,"footnotes":""},"class_list":["post-9764","page","type-page","status-publish","hentry"],"acf":[],"yoast_head":"<!-- This site is optimized with the Yoast SEO plugin v27.5 - https:\/\/yoast.com\/product\/yoast-seo-wordpress\/ -->\n<title>Production d&#039;\u00e9lectricit\u00e9 | Solutions de placage s\u00e9lectif | SIFCO ASC<\/title>\n<meta name=\"description\" content=\"Le proc\u00e9d\u00e9 SIFCO\u00ae est une m\u00e9thode de placage s\u00e9lectif pour les composants des g\u00e9n\u00e9rateurs d&#039;\u00e9lectricit\u00e9. Pour plus d&#039;informations sur nos services de placage par brossage, contactez-nous.\" \/>\n<meta name=\"robots\" content=\"index, follow, max-snippet:-1, max-image-preview:large, max-video-preview:-1\" \/>\n<link rel=\"canonical\" href=\"https:\/\/www.sifcoasc.com\/fr\/production-delectricite\" \/>\n<meta property=\"og:locale\" content=\"fr_FR\" \/>\n<meta property=\"og:type\" content=\"article\" \/>\n<meta property=\"og:title\" content=\"Production d&#039;\u00e9lectricit\u00e9 | Solutions de placage s\u00e9lectif | SIFCO ASC\" \/>\n<meta property=\"og:description\" content=\"Le proc\u00e9d\u00e9 SIFCO\u00ae est une m\u00e9thode de placage s\u00e9lectif pour les composants des g\u00e9n\u00e9rateurs d&#039;\u00e9lectricit\u00e9. Pour plus d&#039;informations sur nos services de placage par brossage, contactez-nous.\" \/>\n<meta property=\"og:url\" content=\"https:\/\/www.sifcoasc.com\/fr\/production-delectricite\" \/>\n<meta property=\"og:site_name\" content=\"SIFCO Applied Surface Concepts\" \/>\n<meta property=\"article:modified_time\" content=\"2022-08-23T09:54:17+00:00\" \/>\n<meta name=\"twitter:label1\" content=\"Est. reading time\" \/>\n\t<meta name=\"twitter:data1\" content=\"1 minute\" \/>\n<script type=\"application\/ld+json\" class=\"yoast-schema-graph\">{\"@context\":\"https:\\\/\\\/schema.org\",\"@graph\":[{\"@type\":\"WebPage\",\"@id\":\"https:\\\/\\\/www.sifcoasc.com\\\/fr\\\/production-delectricite\",\"url\":\"https:\\\/\\\/www.sifcoasc.com\\\/fr\\\/production-delectricite\",\"name\":\"Production d'\u00e9lectricit\u00e9 | Solutions de placage s\u00e9lectif | SIFCO ASC\",\"isPartOf\":{\"@id\":\"https:\\\/\\\/www.sifcoasc.com\\\/fr#website\"},\"datePublished\":\"2022-07-14T15:30:18+00:00\",\"dateModified\":\"2022-08-23T09:54:17+00:00\",\"description\":\"Le proc\u00e9d\u00e9 SIFCO\u00ae est une m\u00e9thode de placage s\u00e9lectif pour les composants des g\u00e9n\u00e9rateurs d'\u00e9lectricit\u00e9. Pour plus d'informations sur nos services de placage par brossage, contactez-nous.\",\"breadcrumb\":{\"@id\":\"https:\\\/\\\/www.sifcoasc.com\\\/fr\\\/production-delectricite#breadcrumb\"},\"inLanguage\":\"fr-FR\",\"potentialAction\":[{\"@type\":\"ReadAction\",\"target\":[\"https:\\\/\\\/www.sifcoasc.com\\\/fr\\\/production-delectricite\"]}]},{\"@type\":\"BreadcrumbList\",\"@id\":\"https:\\\/\\\/www.sifcoasc.com\\\/fr\\\/production-delectricite#breadcrumb\",\"itemListElement\":[{\"@type\":\"ListItem\",\"position\":1,\"name\":\"Home\",\"item\":\"https:\\\/\\\/www.sifcoasc.com\\\/fr\"},{\"@type\":\"ListItem\",\"position\":2,\"name\":\"Production d&#8217;\u00e9lectricit\u00e9\"}]},{\"@type\":\"WebSite\",\"@id\":\"https:\\\/\\\/www.sifcoasc.com\\\/fr#website\",\"url\":\"https:\\\/\\\/www.sifcoasc.com\\\/fr\",\"name\":\"SIFCO Applied Surface Concepts\",\"description\":\"\",\"potentialAction\":[{\"@type\":\"SearchAction\",\"target\":{\"@type\":\"EntryPoint\",\"urlTemplate\":\"https:\\\/\\\/www.sifcoasc.com\\\/fr?s={search_term_string}\"},\"query-input\":{\"@type\":\"PropertyValueSpecification\",\"valueRequired\":true,\"valueName\":\"search_term_string\"}}],\"inLanguage\":\"fr-FR\"}]}<\/script>\n<!-- \/ Yoast SEO plugin. -->","yoast_head_json":{"title":"Production d'\u00e9lectricit\u00e9 | Solutions de placage s\u00e9lectif | SIFCO ASC","description":"Le proc\u00e9d\u00e9 SIFCO\u00ae est une m\u00e9thode de placage s\u00e9lectif pour les composants des g\u00e9n\u00e9rateurs d'\u00e9lectricit\u00e9. Pour plus d'informations sur nos services de placage par brossage, contactez-nous.","robots":{"index":"index","follow":"follow","max-snippet":"max-snippet:-1","max-image-preview":"max-image-preview:large","max-video-preview":"max-video-preview:-1"},"canonical":"https:\/\/www.sifcoasc.com\/fr\/production-delectricite","og_locale":"fr_FR","og_type":"article","og_title":"Production d'\u00e9lectricit\u00e9 | Solutions de placage s\u00e9lectif | SIFCO ASC","og_description":"Le proc\u00e9d\u00e9 SIFCO\u00ae est une m\u00e9thode de placage s\u00e9lectif pour les composants des g\u00e9n\u00e9rateurs d'\u00e9lectricit\u00e9. Pour plus d'informations sur nos services de placage par brossage, contactez-nous.","og_url":"https:\/\/www.sifcoasc.com\/fr\/production-delectricite","og_site_name":"SIFCO Applied Surface Concepts","article_modified_time":"2022-08-23T09:54:17+00:00","twitter_misc":{"Est. reading time":"1 minute"},"schema":{"@context":"https:\/\/schema.org","@graph":[{"@type":"WebPage","@id":"https:\/\/www.sifcoasc.com\/fr\/production-delectricite","url":"https:\/\/www.sifcoasc.com\/fr\/production-delectricite","name":"Production d'\u00e9lectricit\u00e9 | Solutions de placage s\u00e9lectif | SIFCO ASC","isPartOf":{"@id":"https:\/\/www.sifcoasc.com\/fr#website"},"datePublished":"2022-07-14T15:30:18+00:00","dateModified":"2022-08-23T09:54:17+00:00","description":"Le proc\u00e9d\u00e9 SIFCO\u00ae est une m\u00e9thode de placage s\u00e9lectif pour les composants des g\u00e9n\u00e9rateurs d'\u00e9lectricit\u00e9. Pour plus d'informations sur nos services de placage par brossage, contactez-nous.","breadcrumb":{"@id":"https:\/\/www.sifcoasc.com\/fr\/production-delectricite#breadcrumb"},"inLanguage":"fr-FR","potentialAction":[{"@type":"ReadAction","target":["https:\/\/www.sifcoasc.com\/fr\/production-delectricite"]}]},{"@type":"BreadcrumbList","@id":"https:\/\/www.sifcoasc.com\/fr\/production-delectricite#breadcrumb","itemListElement":[{"@type":"ListItem","position":1,"name":"Home","item":"https:\/\/www.sifcoasc.com\/fr"},{"@type":"ListItem","position":2,"name":"Production d&#8217;\u00e9lectricit\u00e9"}]},{"@type":"WebSite","@id":"https:\/\/www.sifcoasc.com\/fr#website","url":"https:\/\/www.sifcoasc.com\/fr","name":"SIFCO Applied Surface Concepts","description":"","potentialAction":[{"@type":"SearchAction","target":{"@type":"EntryPoint","urlTemplate":"https:\/\/www.sifcoasc.com\/fr?s={search_term_string}"},"query-input":{"@type":"PropertyValueSpecification","valueRequired":true,"valueName":"search_term_string"}}],"inLanguage":"fr-FR"}]}},"featured_image_src":null,"featured_image_src_square":null,"_links":{"self":[{"href":"https:\/\/www.sifcoasc.com\/fr\/wp-json\/wp\/v2\/pages\/9764","targetHints":{"allow":["GET"]}}],"collection":[{"href":"https:\/\/www.sifcoasc.com\/fr\/wp-json\/wp\/v2\/pages"}],"about":[{"href":"https:\/\/www.sifcoasc.com\/fr\/wp-json\/wp\/v2\/types\/page"}],"author":[{"embeddable":true,"href":"https:\/\/www.sifcoasc.com\/fr\/wp-json\/wp\/v2\/users\/18"}],"replies":[{"embeddable":true,"href":"https:\/\/www.sifcoasc.com\/fr\/wp-json\/wp\/v2\/comments?post=9764"}],"version-history":[{"count":0,"href":"https:\/\/www.sifcoasc.com\/fr\/wp-json\/wp\/v2\/pages\/9764\/revisions"}],"wp:attachment":[{"href":"https:\/\/www.sifcoasc.com\/fr\/wp-json\/wp\/v2\/media?parent=9764"}],"curies":[{"name":"wp","href":"https:\/\/api.w.org\/{rel}","templated":true}]}}