{"id":9787,"date":"2022-07-14T15:30:54","date_gmt":"2022-07-14T15:30:54","guid":{"rendered":"https:\/\/www.sifcoasc.com\/marine\/"},"modified":"2023-02-07T12:26:41","modified_gmt":"2023-02-07T12:26:41","slug":"marine","status":"publish","type":"page","link":"https:\/\/www.sifcoasc.com\/fr\/marine","title":{"rendered":"Marine"},"content":{"rendered":"<h2>Placage s\u00e9lectif pour l&#8217;industrie maritime<\/h2>\n<p><img loading=\"lazy\" decoding=\"async\" class=\"alignright wp-image-2458\" src=\"\/wp-content\/uploads\/Columbian-Navy_Diesel-Engine_ID3.jpg\" alt=\"\" width=\"390\" height=\"584\" srcset=\"https:\/\/www.sifcoasc.com\/wp-content\/uploads\/Columbian-Navy_Diesel-Engine_ID3.jpg 513w, https:\/\/www.sifcoasc.com\/wp-content\/uploads\/Columbian-Navy_Diesel-Engine_ID3-468x700.jpg 468w\" sizes=\"auto, (max-width: 709px) 85vw, (max-width: 909px) 67vw, (max-width: 1362px) 62vw, 840px\" \/><\/p>\n<p class=\"emph\">Mieux \u00e0 bord. La question de la protection, o\u00f9 et quand elle est le plus n\u00e9cessaire.<\/p>\n<p class=\"emph\">Notre proc\u00e9d\u00e9 de placage portable peut \u00eatre embarqu\u00e9 \u00e0 bord des navires pour la r\u00e9paration sur place de composants volumineux et difficiles \u00e0 d\u00e9placer, tels que les tourillons de paliers, les arbres d&#8217;h\u00e9lices, les si\u00e8ges de paliers et les enveloppes de turbines.<\/p>\n<p><strong>SIFCO Applied Surface Concepts est le leader mondial de l&#8217;industrie du placage s\u00e9lectif. Le proc\u00e9d\u00e9 SIFCO\u00ae &#8211; une m\u00e9thode portable de galvanisation de zones localis\u00e9es sans utiliser de cuve d&#8217;immersion &#8211; est utilis\u00e9 pour de nombreuses applications diff\u00e9rentes et exigeantes dans l&#8217;industrie maritime. Notre proc\u00e9d\u00e9 ne n\u00e9cessite pas de masquage important et peut minimiser ou \u00e9liminer la n\u00e9cessit\u00e9 de d\u00e9monter les composants.<\/strong><\/p>\n<p><img loading=\"lazy\" decoding=\"async\" class=\"wp-image-1615 alignleft\" title=\"Marine  \" src=\"\/wp-content\/uploads\/ABS_Design-Approval_blue-PMS294-150x150-1.jpg\" alt=\"Marine  \" width=\"195\" height=\"195\"><\/p>\n<p><strong>En raison des importantes \u00e9conomies de temps et d&#8217;argent qu&#8217;il permet de r\u00e9aliser en prolongeant les intervalles de maintenance et la dur\u00e9e de vie, le placage s\u00e9lectif joue un r\u00f4le essentiel \u00e0 bord des navires militaires et des navires certifi\u00e9s ABS. Le proc\u00e9d\u00e9 peut \u00eatre utilis\u00e9 en atelier pour r\u00e9parer les tourillons et les logements de roulements us\u00e9s sur les petits g\u00e9n\u00e9rateurs, les pompes et les ventilateurs ;  <\/strong><strong>il peut \u00e9galement \u00eatre embarqu\u00e9 \u00e0 bord du navire pour la r\u00e9paration sur place de composants volumineux et difficiles \u00e0 d\u00e9placer, tels que les arbres d&#8217;h\u00e9lice, les si\u00e8ges de roulement et les carters de turbine.<\/strong><\/p>\n<p><strong>Lorsque le temps est compt\u00e9 et que vous voulez que tout soit bien fait du premier coup, contactez SIFCO ASC dans l&#8217;un de nos sept sites dans le monde.<\/strong><\/p>\n","protected":false},"excerpt":{"rendered":"<p>Placage s\u00e9lectif pour l&#8217;industrie maritime Mieux \u00e0 bord. La question de la protection, o\u00f9 et quand elle est le plus n\u00e9cessaire. Notre proc\u00e9d\u00e9 de placage portable peut \u00eatre embarqu\u00e9 \u00e0 bord des navires pour la r\u00e9paration sur place de composants volumineux et difficiles \u00e0 d\u00e9placer, tels que les tourillons de paliers, les arbres d&#8217;h\u00e9lices, les [&hellip;]<\/p>\n","protected":false},"author":18,"featured_media":0,"parent":0,"menu_order":0,"comment_status":"closed","ping_status":"closed","template":"","meta":{"_acf_changed":false,"inline_featured_image":false,"footnotes":""},"class_list":["post-9787","page","type-page","status-publish","hentry"],"acf":[],"yoast_head":"<!-- This site is optimized with the Yoast SEO plugin v27.5 - https:\/\/yoast.com\/product\/yoast-seo-wordpress\/ -->\n<title>Placage s\u00e9lectif pour la marine | Placage \u00e0 la brosse | SIFCO ASC<\/title>\n<meta name=\"description\" content=\"Notre proc\u00e9d\u00e9 de placage portable peut \u00eatre utilis\u00e9 dans l&#039;industrie maritime pour les r\u00e9parations sur place de grands composants tels que les tourillons de paliers et les arbres d&#039;h\u00e9lice.\" \/>\n<meta name=\"robots\" content=\"index, follow, max-snippet:-1, max-image-preview:large, max-video-preview:-1\" \/>\n<link rel=\"canonical\" href=\"https:\/\/www.sifcoasc.com\/fr\/marine\" \/>\n<meta property=\"og:locale\" content=\"fr_FR\" \/>\n<meta property=\"og:type\" content=\"article\" \/>\n<meta property=\"og:title\" content=\"Placage s\u00e9lectif pour la marine | Placage \u00e0 la brosse | SIFCO ASC\" \/>\n<meta property=\"og:description\" content=\"Notre proc\u00e9d\u00e9 de placage portable peut \u00eatre utilis\u00e9 dans l&#039;industrie maritime pour les r\u00e9parations sur place de grands composants tels que les tourillons de paliers et les arbres d&#039;h\u00e9lice.\" \/>\n<meta property=\"og:url\" content=\"https:\/\/www.sifcoasc.com\/fr\/marine\" \/>\n<meta property=\"og:site_name\" content=\"SIFCO Applied Surface Concepts\" \/>\n<meta property=\"article:modified_time\" content=\"2023-02-07T12:26:41+00:00\" \/>\n<meta name=\"twitter:label1\" content=\"Est. reading time\" \/>\n\t<meta name=\"twitter:data1\" content=\"1 minute\" \/>\n<script type=\"application\/ld+json\" class=\"yoast-schema-graph\">{\"@context\":\"https:\\\/\\\/schema.org\",\"@graph\":[{\"@type\":\"WebPage\",\"@id\":\"https:\\\/\\\/www.sifcoasc.com\\\/fr\\\/marine\",\"url\":\"https:\\\/\\\/www.sifcoasc.com\\\/fr\\\/marine\",\"name\":\"Placage s\u00e9lectif pour la marine | Placage \u00e0 la brosse | SIFCO ASC\",\"isPartOf\":{\"@id\":\"https:\\\/\\\/www.sifcoasc.com\\\/fr#website\"},\"datePublished\":\"2022-07-14T15:30:54+00:00\",\"dateModified\":\"2023-02-07T12:26:41+00:00\",\"description\":\"Notre proc\u00e9d\u00e9 de placage portable peut \u00eatre utilis\u00e9 dans l'industrie maritime pour les r\u00e9parations sur place de grands composants tels que les tourillons de paliers et les arbres d'h\u00e9lice.\",\"breadcrumb\":{\"@id\":\"https:\\\/\\\/www.sifcoasc.com\\\/fr\\\/marine#breadcrumb\"},\"inLanguage\":\"fr-FR\",\"potentialAction\":[{\"@type\":\"ReadAction\",\"target\":[\"https:\\\/\\\/www.sifcoasc.com\\\/fr\\\/marine\"]}]},{\"@type\":\"BreadcrumbList\",\"@id\":\"https:\\\/\\\/www.sifcoasc.com\\\/fr\\\/marine#breadcrumb\",\"itemListElement\":[{\"@type\":\"ListItem\",\"position\":1,\"name\":\"Home\",\"item\":\"https:\\\/\\\/www.sifcoasc.com\\\/fr\"},{\"@type\":\"ListItem\",\"position\":2,\"name\":\"Marine\"}]},{\"@type\":\"WebSite\",\"@id\":\"https:\\\/\\\/www.sifcoasc.com\\\/fr#website\",\"url\":\"https:\\\/\\\/www.sifcoasc.com\\\/fr\",\"name\":\"SIFCO Applied Surface Concepts\",\"description\":\"\",\"potentialAction\":[{\"@type\":\"SearchAction\",\"target\":{\"@type\":\"EntryPoint\",\"urlTemplate\":\"https:\\\/\\\/www.sifcoasc.com\\\/fr?s={search_term_string}\"},\"query-input\":{\"@type\":\"PropertyValueSpecification\",\"valueRequired\":true,\"valueName\":\"search_term_string\"}}],\"inLanguage\":\"fr-FR\"}]}<\/script>\n<!-- \/ Yoast SEO plugin. -->","yoast_head_json":{"title":"Placage s\u00e9lectif pour la marine | Placage \u00e0 la brosse | SIFCO ASC","description":"Notre proc\u00e9d\u00e9 de placage portable peut \u00eatre utilis\u00e9 dans l'industrie maritime pour les r\u00e9parations sur place de grands composants tels que les tourillons de paliers et les arbres d'h\u00e9lice.","robots":{"index":"index","follow":"follow","max-snippet":"max-snippet:-1","max-image-preview":"max-image-preview:large","max-video-preview":"max-video-preview:-1"},"canonical":"https:\/\/www.sifcoasc.com\/fr\/marine","og_locale":"fr_FR","og_type":"article","og_title":"Placage s\u00e9lectif pour la marine | Placage \u00e0 la brosse | SIFCO ASC","og_description":"Notre proc\u00e9d\u00e9 de placage portable peut \u00eatre utilis\u00e9 dans l'industrie maritime pour les r\u00e9parations sur place de grands composants tels que les tourillons de paliers et les arbres d'h\u00e9lice.","og_url":"https:\/\/www.sifcoasc.com\/fr\/marine","og_site_name":"SIFCO Applied Surface Concepts","article_modified_time":"2023-02-07T12:26:41+00:00","twitter_misc":{"Est. reading time":"1 minute"},"schema":{"@context":"https:\/\/schema.org","@graph":[{"@type":"WebPage","@id":"https:\/\/www.sifcoasc.com\/fr\/marine","url":"https:\/\/www.sifcoasc.com\/fr\/marine","name":"Placage s\u00e9lectif pour la marine | Placage \u00e0 la brosse | SIFCO ASC","isPartOf":{"@id":"https:\/\/www.sifcoasc.com\/fr#website"},"datePublished":"2022-07-14T15:30:54+00:00","dateModified":"2023-02-07T12:26:41+00:00","description":"Notre proc\u00e9d\u00e9 de placage portable peut \u00eatre utilis\u00e9 dans l'industrie maritime pour les r\u00e9parations sur place de grands composants tels que les tourillons de paliers et les arbres d'h\u00e9lice.","breadcrumb":{"@id":"https:\/\/www.sifcoasc.com\/fr\/marine#breadcrumb"},"inLanguage":"fr-FR","potentialAction":[{"@type":"ReadAction","target":["https:\/\/www.sifcoasc.com\/fr\/marine"]}]},{"@type":"BreadcrumbList","@id":"https:\/\/www.sifcoasc.com\/fr\/marine#breadcrumb","itemListElement":[{"@type":"ListItem","position":1,"name":"Home","item":"https:\/\/www.sifcoasc.com\/fr"},{"@type":"ListItem","position":2,"name":"Marine"}]},{"@type":"WebSite","@id":"https:\/\/www.sifcoasc.com\/fr#website","url":"https:\/\/www.sifcoasc.com\/fr","name":"SIFCO Applied Surface Concepts","description":"","potentialAction":[{"@type":"SearchAction","target":{"@type":"EntryPoint","urlTemplate":"https:\/\/www.sifcoasc.com\/fr?s={search_term_string}"},"query-input":{"@type":"PropertyValueSpecification","valueRequired":true,"valueName":"search_term_string"}}],"inLanguage":"fr-FR"}]}},"featured_image_src":null,"featured_image_src_square":null,"_links":{"self":[{"href":"https:\/\/www.sifcoasc.com\/fr\/wp-json\/wp\/v2\/pages\/9787","targetHints":{"allow":["GET"]}}],"collection":[{"href":"https:\/\/www.sifcoasc.com\/fr\/wp-json\/wp\/v2\/pages"}],"about":[{"href":"https:\/\/www.sifcoasc.com\/fr\/wp-json\/wp\/v2\/types\/page"}],"author":[{"embeddable":true,"href":"https:\/\/www.sifcoasc.com\/fr\/wp-json\/wp\/v2\/users\/18"}],"replies":[{"embeddable":true,"href":"https:\/\/www.sifcoasc.com\/fr\/wp-json\/wp\/v2\/comments?post=9787"}],"version-history":[{"count":0,"href":"https:\/\/www.sifcoasc.com\/fr\/wp-json\/wp\/v2\/pages\/9787\/revisions"}],"wp:attachment":[{"href":"https:\/\/www.sifcoasc.com\/fr\/wp-json\/wp\/v2\/media?parent=9787"}],"curies":[{"name":"wp","href":"https:\/\/api.w.org\/{rel}","templated":true}]}}