{"id":9790,"date":"2022-07-14T15:30:55","date_gmt":"2022-07-14T15:30:55","guid":{"rendered":"https:\/\/www.sifcoasc.com\/livre-blanc-sur-la-petrochimie\/"},"modified":"2023-01-31T13:42:14","modified_gmt":"2023-01-31T13:42:14","slug":"livre-blanc-sur-la-petrochimie","status":"publish","type":"page","link":"https:\/\/www.sifcoasc.com\/fr\/petrochimie\/livre-blanc-sur-la-petrochimie","title":{"rendered":"Livre blanc sur la p\u00e9trochimie"},"content":{"rendered":"<h4 class=\"emph\">Combattre les co\u00fbts de la corrosion dans l&#8217;industrie de la production d&#8217;\u00e9nergie<\/h4>\n<p>The current cost of corrosion to US industry was estimated to reach $540 billion in 2015. With an infrastructure that continues to age, this cost is likely to rise and needs to be addressed urgently.<\/p>\n<p>A critical requirement to combat the economic impact of corrosion and wear damage to power generation equipment is selective plating that can enhance component performance, longevity, and protection, or be used to conduct repairs quickly and cost effectively.<\/p>\n<p>If you did not have a chance to visit us at our booth at Power-Gen International and would like to learn more, contact us today at <a href=\"mailto:info@sifcoasc.com\">info@sifcoasc.com <\/a> ou <a href=\"tel:2165240099\">216.524.0099<\/a>, ou <a href=\"https:\/\/www.sifcoasc.com\/fr\/production-delectricite\/#powergen-whitepaper\" target=\"_blank\" rel=\"noopener noreferrer\">t\u00e9l\u00e9chargez notre livre blanc ici<\/a><\/p>\n","protected":false},"excerpt":{"rendered":"<p>Combattre les co\u00fbts de la corrosion dans l&#8217;industrie de la production d&#8217;\u00e9nergie The current cost of corrosion to US industry was estimated to reach $540 billion in 2015. With an infrastructure that continues to age, this cost is likely to rise and needs to be addressed urgently. A critical requirement to combat the economic impact [&hellip;]<\/p>\n","protected":false},"author":18,"featured_media":0,"parent":9792,"menu_order":0,"comment_status":"closed","ping_status":"closed","template":"","meta":{"_acf_changed":false,"inline_featured_image":false,"footnotes":""},"class_list":["post-9790","page","type-page","status-publish","hentry"],"acf":[],"yoast_head":"<!-- This site is optimized with the Yoast SEO plugin v27.5 - https:\/\/yoast.com\/product\/yoast-seo-wordpress\/ -->\n<title>SIFCO ASC : R\u00e9paration de composants p\u00e9trochimiques complexes par galvanoplastie s\u00e9lective<\/title>\n<meta name=\"description\" content=\"Combattre les co\u00fbts de la corrosion dans l\u2019industrie de la production d\u2019\u00e9nergie Le co\u00fbt actuel de la corrosion pour l\u2019industrie am\u00e9ricaine a \u00e9t\u00e9 estim\u00e9 \u00e0 540 milliards de dollars en 2015. Avec une infrastructure qui continue de vieillir, ce co\u00fbt est susceptible de augmentent et doivent \u00eatre trait\u00e9s de toute urgence. Une exigence essentielle pour lutter contre l\u2019impact \u00e9conomique\" \/>\n<meta name=\"robots\" content=\"index, follow, max-snippet:-1, max-image-preview:large, max-video-preview:-1\" \/>\n<link rel=\"canonical\" href=\"https:\/\/www.sifcoasc.com\/fr\/petrochimie\/livre-blanc-sur-la-petrochimie\" \/>\n<meta property=\"og:locale\" content=\"fr_FR\" \/>\n<meta property=\"og:type\" content=\"article\" \/>\n<meta property=\"og:title\" content=\"SIFCO ASC : R\u00e9paration de composants p\u00e9trochimiques complexes par galvanoplastie s\u00e9lective\" \/>\n<meta property=\"og:description\" content=\"Combattre les co\u00fbts de la corrosion dans l\u2019industrie de la production d\u2019\u00e9nergie Le co\u00fbt actuel de la corrosion pour l\u2019industrie am\u00e9ricaine a \u00e9t\u00e9 estim\u00e9 \u00e0 540 milliards de dollars en 2015. Avec une infrastructure qui continue de vieillir, ce co\u00fbt est susceptible de augmentent et doivent \u00eatre trait\u00e9s de toute urgence. Une exigence essentielle pour lutter contre l\u2019impact \u00e9conomique\" \/>\n<meta property=\"og:url\" content=\"https:\/\/www.sifcoasc.com\/fr\/petrochimie\/livre-blanc-sur-la-petrochimie\" \/>\n<meta property=\"og:site_name\" content=\"SIFCO Applied Surface Concepts\" \/>\n<meta property=\"article:modified_time\" content=\"2023-01-31T13:42:14+00:00\" \/>\n<meta name=\"twitter:label1\" content=\"Est. reading time\" \/>\n\t<meta name=\"twitter:data1\" content=\"1 minute\" \/>\n<script type=\"application\/ld+json\" class=\"yoast-schema-graph\">{\"@context\":\"https:\\\/\\\/schema.org\",\"@graph\":[{\"@type\":\"WebPage\",\"@id\":\"https:\\\/\\\/www.sifcoasc.com\\\/fr\\\/petrochimie\\\/livre-blanc-sur-la-petrochimie\",\"url\":\"https:\\\/\\\/www.sifcoasc.com\\\/fr\\\/petrochimie\\\/livre-blanc-sur-la-petrochimie\",\"name\":\"SIFCO ASC : R\u00e9paration de composants p\u00e9trochimiques complexes par galvanoplastie s\u00e9lective\",\"isPartOf\":{\"@id\":\"https:\\\/\\\/www.sifcoasc.com\\\/fr#website\"},\"datePublished\":\"2022-07-14T15:30:55+00:00\",\"dateModified\":\"2023-01-31T13:42:14+00:00\",\"description\":\"Combattre les co\u00fbts de la corrosion dans l\u2019industrie de la production d\u2019\u00e9nergie Le co\u00fbt actuel de la corrosion pour l\u2019industrie am\u00e9ricaine a \u00e9t\u00e9 estim\u00e9 \u00e0 540 milliards de dollars en 2015. Avec une infrastructure qui continue de vieillir, ce co\u00fbt est susceptible de augmentent et doivent \u00eatre trait\u00e9s de toute urgence. Une exigence essentielle pour lutter contre l\u2019impact \u00e9conomique\",\"breadcrumb\":{\"@id\":\"https:\\\/\\\/www.sifcoasc.com\\\/fr\\\/petrochimie\\\/livre-blanc-sur-la-petrochimie#breadcrumb\"},\"inLanguage\":\"fr-FR\",\"potentialAction\":[{\"@type\":\"ReadAction\",\"target\":[\"https:\\\/\\\/www.sifcoasc.com\\\/fr\\\/petrochimie\\\/livre-blanc-sur-la-petrochimie\"]}]},{\"@type\":\"BreadcrumbList\",\"@id\":\"https:\\\/\\\/www.sifcoasc.com\\\/fr\\\/petrochimie\\\/livre-blanc-sur-la-petrochimie#breadcrumb\",\"itemListElement\":[{\"@type\":\"ListItem\",\"position\":1,\"name\":\"Home\",\"item\":\"https:\\\/\\\/www.sifcoasc.com\\\/fr\"},{\"@type\":\"ListItem\",\"position\":2,\"name\":\"P\u00e9trochimie\",\"item\":\"https:\\\/\\\/www.sifcoasc.com\\\/fr\\\/petrochimie\"},{\"@type\":\"ListItem\",\"position\":3,\"name\":\"Livre blanc sur la p\u00e9trochimie\"}]},{\"@type\":\"WebSite\",\"@id\":\"https:\\\/\\\/www.sifcoasc.com\\\/fr#website\",\"url\":\"https:\\\/\\\/www.sifcoasc.com\\\/fr\",\"name\":\"SIFCO Applied Surface Concepts\",\"description\":\"\",\"potentialAction\":[{\"@type\":\"SearchAction\",\"target\":{\"@type\":\"EntryPoint\",\"urlTemplate\":\"https:\\\/\\\/www.sifcoasc.com\\\/fr?s={search_term_string}\"},\"query-input\":{\"@type\":\"PropertyValueSpecification\",\"valueRequired\":true,\"valueName\":\"search_term_string\"}}],\"inLanguage\":\"fr-FR\"}]}<\/script>\n<!-- \/ Yoast SEO plugin. -->","yoast_head_json":{"title":"SIFCO ASC : R\u00e9paration de composants p\u00e9trochimiques complexes par galvanoplastie s\u00e9lective","description":"Combattre les co\u00fbts de la corrosion dans l\u2019industrie de la production d\u2019\u00e9nergie Le co\u00fbt actuel de la corrosion pour l\u2019industrie am\u00e9ricaine a \u00e9t\u00e9 estim\u00e9 \u00e0 540 milliards de dollars en 2015. Avec une infrastructure qui continue de vieillir, ce co\u00fbt est susceptible de augmentent et doivent \u00eatre trait\u00e9s de toute urgence. Une exigence essentielle pour lutter contre l\u2019impact \u00e9conomique","robots":{"index":"index","follow":"follow","max-snippet":"max-snippet:-1","max-image-preview":"max-image-preview:large","max-video-preview":"max-video-preview:-1"},"canonical":"https:\/\/www.sifcoasc.com\/fr\/petrochimie\/livre-blanc-sur-la-petrochimie","og_locale":"fr_FR","og_type":"article","og_title":"SIFCO ASC : R\u00e9paration de composants p\u00e9trochimiques complexes par galvanoplastie s\u00e9lective","og_description":"Combattre les co\u00fbts de la corrosion dans l\u2019industrie de la production d\u2019\u00e9nergie Le co\u00fbt actuel de la corrosion pour l\u2019industrie am\u00e9ricaine a \u00e9t\u00e9 estim\u00e9 \u00e0 540 milliards de dollars en 2015. Avec une infrastructure qui continue de vieillir, ce co\u00fbt est susceptible de augmentent et doivent \u00eatre trait\u00e9s de toute urgence. Une exigence essentielle pour lutter contre l\u2019impact \u00e9conomique","og_url":"https:\/\/www.sifcoasc.com\/fr\/petrochimie\/livre-blanc-sur-la-petrochimie","og_site_name":"SIFCO Applied Surface Concepts","article_modified_time":"2023-01-31T13:42:14+00:00","twitter_misc":{"Est. reading time":"1 minute"},"schema":{"@context":"https:\/\/schema.org","@graph":[{"@type":"WebPage","@id":"https:\/\/www.sifcoasc.com\/fr\/petrochimie\/livre-blanc-sur-la-petrochimie","url":"https:\/\/www.sifcoasc.com\/fr\/petrochimie\/livre-blanc-sur-la-petrochimie","name":"SIFCO ASC : R\u00e9paration de composants p\u00e9trochimiques complexes par galvanoplastie s\u00e9lective","isPartOf":{"@id":"https:\/\/www.sifcoasc.com\/fr#website"},"datePublished":"2022-07-14T15:30:55+00:00","dateModified":"2023-01-31T13:42:14+00:00","description":"Combattre les co\u00fbts de la corrosion dans l\u2019industrie de la production d\u2019\u00e9nergie Le co\u00fbt actuel de la corrosion pour l\u2019industrie am\u00e9ricaine a \u00e9t\u00e9 estim\u00e9 \u00e0 540 milliards de dollars en 2015. Avec une infrastructure qui continue de vieillir, ce co\u00fbt est susceptible de augmentent et doivent \u00eatre trait\u00e9s de toute urgence. Une exigence essentielle pour lutter contre l\u2019impact \u00e9conomique","breadcrumb":{"@id":"https:\/\/www.sifcoasc.com\/fr\/petrochimie\/livre-blanc-sur-la-petrochimie#breadcrumb"},"inLanguage":"fr-FR","potentialAction":[{"@type":"ReadAction","target":["https:\/\/www.sifcoasc.com\/fr\/petrochimie\/livre-blanc-sur-la-petrochimie"]}]},{"@type":"BreadcrumbList","@id":"https:\/\/www.sifcoasc.com\/fr\/petrochimie\/livre-blanc-sur-la-petrochimie#breadcrumb","itemListElement":[{"@type":"ListItem","position":1,"name":"Home","item":"https:\/\/www.sifcoasc.com\/fr"},{"@type":"ListItem","position":2,"name":"P\u00e9trochimie","item":"https:\/\/www.sifcoasc.com\/fr\/petrochimie"},{"@type":"ListItem","position":3,"name":"Livre blanc sur la p\u00e9trochimie"}]},{"@type":"WebSite","@id":"https:\/\/www.sifcoasc.com\/fr#website","url":"https:\/\/www.sifcoasc.com\/fr","name":"SIFCO Applied Surface Concepts","description":"","potentialAction":[{"@type":"SearchAction","target":{"@type":"EntryPoint","urlTemplate":"https:\/\/www.sifcoasc.com\/fr?s={search_term_string}"},"query-input":{"@type":"PropertyValueSpecification","valueRequired":true,"valueName":"search_term_string"}}],"inLanguage":"fr-FR"}]}},"featured_image_src":null,"featured_image_src_square":null,"_links":{"self":[{"href":"https:\/\/www.sifcoasc.com\/fr\/wp-json\/wp\/v2\/pages\/9790","targetHints":{"allow":["GET"]}}],"collection":[{"href":"https:\/\/www.sifcoasc.com\/fr\/wp-json\/wp\/v2\/pages"}],"about":[{"href":"https:\/\/www.sifcoasc.com\/fr\/wp-json\/wp\/v2\/types\/page"}],"author":[{"embeddable":true,"href":"https:\/\/www.sifcoasc.com\/fr\/wp-json\/wp\/v2\/users\/18"}],"replies":[{"embeddable":true,"href":"https:\/\/www.sifcoasc.com\/fr\/wp-json\/wp\/v2\/comments?post=9790"}],"version-history":[{"count":0,"href":"https:\/\/www.sifcoasc.com\/fr\/wp-json\/wp\/v2\/pages\/9790\/revisions"}],"up":[{"embeddable":true,"href":"https:\/\/www.sifcoasc.com\/fr\/wp-json\/wp\/v2\/pages\/9792"}],"wp:attachment":[{"href":"https:\/\/www.sifcoasc.com\/fr\/wp-json\/wp\/v2\/media?parent=9790"}],"curies":[{"name":"wp","href":"https:\/\/api.w.org\/{rel}","templated":true}]}}