{"id":9792,"date":"2022-07-14T15:30:55","date_gmt":"2022-07-14T15:30:55","guid":{"rendered":"https:\/\/www.sifcoasc.com\/petrochimie\/"},"modified":"2022-08-24T05:51:23","modified_gmt":"2022-08-24T05:51:23","slug":"petrochimie","status":"publish","type":"page","link":"https:\/\/www.sifcoasc.com\/fr\/petrochimie","title":{"rendered":"P\u00e9trochimie"},"content":{"rendered":"<h2>Placage s\u00e9lectif pour la maintenance des usines p\u00e9trochimiques<\/h2>\n<p class=\"emph\">Le proc\u00e9d\u00e9 SIFCO\u00ae de galvanisation s\u00e9lective est utile pour aider les usines chimiques et p\u00e9trochimiques \u00e0 effectuer des r\u00e9visions de maintenance rapides, efficaces et rentables.<\/p>\n<p><strong>En utilisant le proc\u00e9d\u00e9 SIFCO\u00ae pour le placage s\u00e9lectif, les ing\u00e9nieurs de maintenance et les entrepreneurs g\u00e9n\u00e9raux peuvent r\u00e9parer des pompes, des moteurs, des brides, des vannes et d&#8217;autres composants sur place en appliquant du m\u00e9tal sur les composants sans la chaleur ou la distorsion caus\u00e9es par la soudure ou la projection \u00e0 la flamme. Les techniciens peuvent plaquer sur mesure, souvent sans avoir besoin de post-usinage.<\/strong><\/p>\n<h2>Entreprendre des r\u00e9parations rentables dans les usines p\u00e9trochimiques.<\/h2>\n<div class=\"right-image\"><a class=\"lightbox\" href=\"\/wp-content\/uploads\/iStock-485339173-300x200-1.jpg\"><img loading=\"lazy\" decoding=\"async\" width=\"300\" height=\"200\" class=\"alignnone size-full wp-image-1617\" title=\"Placage s\u00e9lectif pour la maintenance des usines p\u00e9trochimiques  \" src=\"\/wp-content\/uploads\/iStock-485339173-300x200-1.jpg\" alt=\"Placage s\u00e9lectif pour la maintenance des usines p\u00e9trochimiques  \"><\/a><\/div>\n<p><span style=\"font-weight: 400;\">Avec la r\u00e9pression mondiale de l&#8217;utilisation des plastiques et la surcapacit\u00e9 des installations de traitement p\u00e9trochimique, les ing\u00e9nieurs doivent faire tout ce qu&#8217;ils peuvent pour r\u00e9duire la probabilit\u00e9 de temps d&#8217;arr\u00eat non planifi\u00e9s qui cr\u00e9ent des pertes de production et de profit. Le site  <\/span> <a href=\"https:\/\/www.sifcoasc.com\/sifco-process-plating-kit\/\"><span style=\"font-weight: 400;\">Le SIFCO Process\u00ae<\/span><\/a> est un moyen portable, efficace et \u00e9conomique d&#8217;effectuer des r\u00e9parations et des entretiens de traitement de surface in-situ.<\/p>\n<p>Comme le SIFCO Process \u00ae est enti\u00e8rement portable, il est possible de plaquer jusqu&#8217;\u00e0 100 m\u00e9taux et alliages diff\u00e9rents sans utiliser de cuves.<\/p>\n","protected":false},"excerpt":{"rendered":"<p>Placage s\u00e9lectif pour la maintenance des usines p\u00e9trochimiques Le proc\u00e9d\u00e9 SIFCO\u00ae de galvanisation s\u00e9lective est utile pour aider les usines chimiques et p\u00e9trochimiques \u00e0 effectuer des r\u00e9visions de maintenance rapides, efficaces et rentables. En utilisant le proc\u00e9d\u00e9 SIFCO\u00ae pour le placage s\u00e9lectif, les ing\u00e9nieurs de maintenance et les entrepreneurs g\u00e9n\u00e9raux peuvent r\u00e9parer des pompes, des [&hellip;]<\/p>\n","protected":false},"author":18,"featured_media":0,"parent":0,"menu_order":0,"comment_status":"closed","ping_status":"closed","template":"","meta":{"_acf_changed":false,"inline_featured_image":false,"footnotes":""},"class_list":["post-9792","page","type-page","status-publish","hentry"],"acf":[],"yoast_head":"<!-- This site is optimized with the Yoast SEO plugin v27.5 - https:\/\/yoast.com\/product\/yoast-seo-wordpress\/ -->\n<title>Placage s\u00e9lectif pour la maintenance des usines p\u00e9trochimiques | SIFCO ASC<\/title>\n<meta name=\"description\" content=\"Le SIFCO Process\u00ae est une m\u00e9thode de placage s\u00e9lectif pour la maintenance des usines p\u00e9trochimiques. Pour plus d&#039;informations sur nos services de placage par brossage, contactez-nous.\" \/>\n<meta name=\"robots\" content=\"index, follow, max-snippet:-1, max-image-preview:large, max-video-preview:-1\" \/>\n<link rel=\"canonical\" href=\"https:\/\/www.sifcoasc.com\/fr\/petrochimie\" \/>\n<meta property=\"og:locale\" content=\"fr_FR\" \/>\n<meta property=\"og:type\" content=\"article\" \/>\n<meta property=\"og:title\" content=\"Placage s\u00e9lectif pour la maintenance des usines p\u00e9trochimiques | SIFCO ASC\" \/>\n<meta property=\"og:description\" content=\"Le SIFCO Process\u00ae est une m\u00e9thode de placage s\u00e9lectif pour la maintenance des usines p\u00e9trochimiques. Pour plus d&#039;informations sur nos services de placage par brossage, contactez-nous.\" \/>\n<meta property=\"og:url\" content=\"https:\/\/www.sifcoasc.com\/fr\/petrochimie\" \/>\n<meta property=\"og:site_name\" content=\"SIFCO Applied Surface Concepts\" \/>\n<meta property=\"article:modified_time\" content=\"2022-08-24T05:51:23+00:00\" \/>\n<meta name=\"twitter:label1\" content=\"Est. reading time\" \/>\n\t<meta name=\"twitter:data1\" content=\"1 minute\" \/>\n<script type=\"application\/ld+json\" class=\"yoast-schema-graph\">{\"@context\":\"https:\\\/\\\/schema.org\",\"@graph\":[{\"@type\":\"WebPage\",\"@id\":\"https:\\\/\\\/www.sifcoasc.com\\\/fr\\\/petrochimie\",\"url\":\"https:\\\/\\\/www.sifcoasc.com\\\/fr\\\/petrochimie\",\"name\":\"Placage s\u00e9lectif pour la maintenance des usines p\u00e9trochimiques | SIFCO ASC\",\"isPartOf\":{\"@id\":\"https:\\\/\\\/www.sifcoasc.com\\\/fr#website\"},\"datePublished\":\"2022-07-14T15:30:55+00:00\",\"dateModified\":\"2022-08-24T05:51:23+00:00\",\"description\":\"Le SIFCO Process\u00ae est une m\u00e9thode de placage s\u00e9lectif pour la maintenance des usines p\u00e9trochimiques. Pour plus d'informations sur nos services de placage par brossage, contactez-nous.\",\"breadcrumb\":{\"@id\":\"https:\\\/\\\/www.sifcoasc.com\\\/fr\\\/petrochimie#breadcrumb\"},\"inLanguage\":\"fr-FR\",\"potentialAction\":[{\"@type\":\"ReadAction\",\"target\":[\"https:\\\/\\\/www.sifcoasc.com\\\/fr\\\/petrochimie\"]}]},{\"@type\":\"BreadcrumbList\",\"@id\":\"https:\\\/\\\/www.sifcoasc.com\\\/fr\\\/petrochimie#breadcrumb\",\"itemListElement\":[{\"@type\":\"ListItem\",\"position\":1,\"name\":\"Home\",\"item\":\"https:\\\/\\\/www.sifcoasc.com\\\/fr\"},{\"@type\":\"ListItem\",\"position\":2,\"name\":\"P\u00e9trochimie\"}]},{\"@type\":\"WebSite\",\"@id\":\"https:\\\/\\\/www.sifcoasc.com\\\/fr#website\",\"url\":\"https:\\\/\\\/www.sifcoasc.com\\\/fr\",\"name\":\"SIFCO Applied Surface Concepts\",\"description\":\"\",\"potentialAction\":[{\"@type\":\"SearchAction\",\"target\":{\"@type\":\"EntryPoint\",\"urlTemplate\":\"https:\\\/\\\/www.sifcoasc.com\\\/fr?s={search_term_string}\"},\"query-input\":{\"@type\":\"PropertyValueSpecification\",\"valueRequired\":true,\"valueName\":\"search_term_string\"}}],\"inLanguage\":\"fr-FR\"}]}<\/script>\n<!-- \/ Yoast SEO plugin. -->","yoast_head_json":{"title":"Placage s\u00e9lectif pour la maintenance des usines p\u00e9trochimiques | SIFCO ASC","description":"Le SIFCO Process\u00ae est une m\u00e9thode de placage s\u00e9lectif pour la maintenance des usines p\u00e9trochimiques. Pour plus d'informations sur nos services de placage par brossage, contactez-nous.","robots":{"index":"index","follow":"follow","max-snippet":"max-snippet:-1","max-image-preview":"max-image-preview:large","max-video-preview":"max-video-preview:-1"},"canonical":"https:\/\/www.sifcoasc.com\/fr\/petrochimie","og_locale":"fr_FR","og_type":"article","og_title":"Placage s\u00e9lectif pour la maintenance des usines p\u00e9trochimiques | SIFCO ASC","og_description":"Le SIFCO Process\u00ae est une m\u00e9thode de placage s\u00e9lectif pour la maintenance des usines p\u00e9trochimiques. Pour plus d'informations sur nos services de placage par brossage, contactez-nous.","og_url":"https:\/\/www.sifcoasc.com\/fr\/petrochimie","og_site_name":"SIFCO Applied Surface Concepts","article_modified_time":"2022-08-24T05:51:23+00:00","twitter_misc":{"Est. reading time":"1 minute"},"schema":{"@context":"https:\/\/schema.org","@graph":[{"@type":"WebPage","@id":"https:\/\/www.sifcoasc.com\/fr\/petrochimie","url":"https:\/\/www.sifcoasc.com\/fr\/petrochimie","name":"Placage s\u00e9lectif pour la maintenance des usines p\u00e9trochimiques | SIFCO ASC","isPartOf":{"@id":"https:\/\/www.sifcoasc.com\/fr#website"},"datePublished":"2022-07-14T15:30:55+00:00","dateModified":"2022-08-24T05:51:23+00:00","description":"Le SIFCO Process\u00ae est une m\u00e9thode de placage s\u00e9lectif pour la maintenance des usines p\u00e9trochimiques. Pour plus d'informations sur nos services de placage par brossage, contactez-nous.","breadcrumb":{"@id":"https:\/\/www.sifcoasc.com\/fr\/petrochimie#breadcrumb"},"inLanguage":"fr-FR","potentialAction":[{"@type":"ReadAction","target":["https:\/\/www.sifcoasc.com\/fr\/petrochimie"]}]},{"@type":"BreadcrumbList","@id":"https:\/\/www.sifcoasc.com\/fr\/petrochimie#breadcrumb","itemListElement":[{"@type":"ListItem","position":1,"name":"Home","item":"https:\/\/www.sifcoasc.com\/fr"},{"@type":"ListItem","position":2,"name":"P\u00e9trochimie"}]},{"@type":"WebSite","@id":"https:\/\/www.sifcoasc.com\/fr#website","url":"https:\/\/www.sifcoasc.com\/fr","name":"SIFCO Applied Surface Concepts","description":"","potentialAction":[{"@type":"SearchAction","target":{"@type":"EntryPoint","urlTemplate":"https:\/\/www.sifcoasc.com\/fr?s={search_term_string}"},"query-input":{"@type":"PropertyValueSpecification","valueRequired":true,"valueName":"search_term_string"}}],"inLanguage":"fr-FR"}]}},"featured_image_src":null,"featured_image_src_square":null,"_links":{"self":[{"href":"https:\/\/www.sifcoasc.com\/fr\/wp-json\/wp\/v2\/pages\/9792","targetHints":{"allow":["GET"]}}],"collection":[{"href":"https:\/\/www.sifcoasc.com\/fr\/wp-json\/wp\/v2\/pages"}],"about":[{"href":"https:\/\/www.sifcoasc.com\/fr\/wp-json\/wp\/v2\/types\/page"}],"author":[{"embeddable":true,"href":"https:\/\/www.sifcoasc.com\/fr\/wp-json\/wp\/v2\/users\/18"}],"replies":[{"embeddable":true,"href":"https:\/\/www.sifcoasc.com\/fr\/wp-json\/wp\/v2\/comments?post=9792"}],"version-history":[{"count":0,"href":"https:\/\/www.sifcoasc.com\/fr\/wp-json\/wp\/v2\/pages\/9792\/revisions"}],"wp:attachment":[{"href":"https:\/\/www.sifcoasc.com\/fr\/wp-json\/wp\/v2\/media?parent=9792"}],"curies":[{"name":"wp","href":"https:\/\/api.w.org\/{rel}","templated":true}]}}