{"id":9809,"date":"2022-07-14T15:31:08","date_gmt":"2022-07-14T15:31:08","guid":{"rendered":"https:\/\/www.sifcoasc.com\/chemin-de-fer\/"},"modified":"2022-08-24T07:16:42","modified_gmt":"2022-08-24T07:16:42","slug":"chemin-de-fer","status":"publish","type":"page","link":"https:\/\/www.sifcoasc.com\/fr\/chemin-de-fer","title":{"rendered":"Chemin de fer"},"content":{"rendered":"<h2>Placage s\u00e9lectif pour l&#8217;industrie ferroviaire<\/h2>\n<p class=\"emph\">SIFCO ASC est au service de l&#8217;industrie ferroviaire depuis plus de 50 ans avec des produits de placage s\u00e9lectif pour les ateliers de r\u00e9paration certifi\u00e9s par l&#8217;Association of American Railroads (AAR).<\/p>\n<p><strong>L&#8217;application principale est le redimensionnement des fus\u00e9es d&#8217;essieu de roulements \u00e0 rouleaux us\u00e9s.<\/strong><\/p>\n<h2>Anwendungen<\/h2>\n<p>Selon l&#8217;AAR, les r\u00e9parations des fus\u00e9es d&#8217;essieu des roulements \u00e0 rouleaux us\u00e9s doivent \u00eatre effectu\u00e9es tous les 300 000 miles. Dans l&#8217;industrie ferroviaire, le soudage, le manchonnage et les applications par pulv\u00e9risation ne sont pas des proc\u00e9d\u00e9s de r\u00e9paration approuv\u00e9s. Le proc\u00e9d\u00e9 SIFCO\u00ae permet de plaquer s\u00e9lectivement la fus\u00e9e d&#8217;essieu du roulement \u00e0 rouleaux \u00e0 la taille voulue \u00e0 l&#8217;aide d&#8217;un nickel \u00e0 grande vitesse. L&#8217;usinage de la fus\u00e9e, avant le plaquage, n&#8217;est g\u00e9n\u00e9ralement n\u00e9cessaire que pour r\u00e9tablir la concentricit\u00e9.<\/p>\n<p><strong>Les autres applications comprennent :<\/strong><\/p>\n<div class=\"infographic\">\n<a class=\"popup-youtube\" href=\"https:\/\/www.youtube.com\/watch?v=HcTYg6lT2Uw\"><img loading=\"lazy\" decoding=\"async\" width=\"550\" height=\"368\" class=\"size-full wp-image-2270 \" title=\"Placage s\u00e9lectif pour l'industrie ferroviaire  \" src=\"\/wp-content\/uploads\/img7.jpg\" alt=\"Placage s\u00e9lectif pour l'industrie ferroviaire  \" srcset=\"https:\/\/www.sifcoasc.com\/wp-content\/uploads\/img7.jpg 550w, https:\/\/www.sifcoasc.com\/wp-content\/uploads\/img7-500x335.jpg 500w, https:\/\/www.sifcoasc.com\/wp-content\/uploads\/img7-300x200.jpg 300w\" sizes=\"auto, (max-width: 709px) 85vw, (max-width: 909px) 67vw, (max-width: 1362px) 62vw, 840px\" \/><\/a><\/div>\n<ul>\n<li>Reconstruire les zones de la bague d&#8217;usure du joint<\/li>\n<li>Restaurer les c\u00f4nes de roulement surdimensionn\u00e9s<\/li>\n<li>R\u00e9parer les piq\u00fbres, les entailles et les dommages aux surfaces hydrauliques et d&#8217;\u00e9tanch\u00e9it\u00e9.<\/li>\n<li>Remise en \u00e9tat des joints de palier, des selles et des cloches d&#8217;extr\u00e9mit\u00e9 us\u00e9s.<\/li>\n<\/ul>\n<p><strong>Le proc\u00e9d\u00e9 SIFCO\u00ae est utilis\u00e9 dans de nombreuses applications industrielles o\u00f9 les surfaces ID, OD et plates doivent \u00eatre am\u00e9lior\u00e9es, r\u00e9par\u00e9es ou remises \u00e0 neuf. Le Processus SIFCO\u00ae :<\/strong><\/p>\n<ul>\n<li>\u00c9limine les co\u00fbts des services ext\u00e9rieurs<\/li>\n<li>\u00c9limine les frais de manutention et de transport<\/li>\n<li>R\u00e9duction des d\u00e9lais d&#8217;ex\u00e9cution<\/li>\n<li>Ne n\u00e9cessite pas de d\u00e9montage, r\u00e9paration sur place.<\/li>\n<li>R\u00e9duit les temps d&#8217;arr\u00eat<\/li>\n<\/ul>\n","protected":false},"excerpt":{"rendered":"<p>Placage s\u00e9lectif pour l&#8217;industrie ferroviaire SIFCO ASC est au service de l&#8217;industrie ferroviaire depuis plus de 50 ans avec des produits de placage s\u00e9lectif pour les ateliers de r\u00e9paration certifi\u00e9s par l&#8217;Association of American Railroads (AAR). L&#8217;application principale est le redimensionnement des fus\u00e9es d&#8217;essieu de roulements \u00e0 rouleaux us\u00e9s. Anwendungen Selon l&#8217;AAR, les r\u00e9parations des [&hellip;]<\/p>\n","protected":false},"author":18,"featured_media":0,"parent":0,"menu_order":0,"comment_status":"closed","ping_status":"closed","template":"","meta":{"_acf_changed":false,"inline_featured_image":false,"footnotes":""},"class_list":["post-9809","page","type-page","status-publish","hentry"],"acf":[],"yoast_head":"<!-- This site is optimized with the Yoast SEO plugin v27.4 - https:\/\/yoast.com\/product\/yoast-seo-wordpress\/ -->\n<title>Placage s\u00e9lectif pour l&#039;industrie ferroviaire | SIFCO ASC<\/title>\n<meta name=\"description\" content=\"Le SIFCO Process\u00ae est une m\u00e9thode de placage s\u00e9lectif pour l&#039;industrie ferroviaire. Pour plus d&#039;informations sur nos services de placage par brossage, contactez-nous.\" \/>\n<meta name=\"robots\" content=\"index, follow, max-snippet:-1, max-image-preview:large, max-video-preview:-1\" \/>\n<link rel=\"canonical\" href=\"https:\/\/www.sifcoasc.com\/fr\/chemin-de-fer\" \/>\n<meta property=\"og:locale\" content=\"fr_FR\" \/>\n<meta property=\"og:type\" content=\"article\" \/>\n<meta property=\"og:title\" content=\"Placage s\u00e9lectif pour l&#039;industrie ferroviaire | SIFCO ASC\" \/>\n<meta property=\"og:description\" content=\"Le SIFCO Process\u00ae est une m\u00e9thode de placage s\u00e9lectif pour l&#039;industrie ferroviaire. Pour plus d&#039;informations sur nos services de placage par brossage, contactez-nous.\" \/>\n<meta property=\"og:url\" content=\"https:\/\/www.sifcoasc.com\/fr\/chemin-de-fer\" \/>\n<meta property=\"og:site_name\" content=\"SIFCO Applied Surface Concepts\" \/>\n<meta property=\"article:modified_time\" content=\"2022-08-24T07:16:42+00:00\" \/>\n<meta name=\"twitter:label1\" content=\"Est. reading time\" \/>\n\t<meta name=\"twitter:data1\" content=\"1 minute\" \/>\n<script type=\"application\/ld+json\" class=\"yoast-schema-graph\">{\"@context\":\"https:\\\/\\\/schema.org\",\"@graph\":[{\"@type\":\"WebPage\",\"@id\":\"https:\\\/\\\/www.sifcoasc.com\\\/fr\\\/chemin-de-fer\",\"url\":\"https:\\\/\\\/www.sifcoasc.com\\\/fr\\\/chemin-de-fer\",\"name\":\"Placage s\u00e9lectif pour l'industrie ferroviaire | SIFCO ASC\",\"isPartOf\":{\"@id\":\"https:\\\/\\\/www.sifcoasc.com\\\/fr#website\"},\"datePublished\":\"2022-07-14T15:31:08+00:00\",\"dateModified\":\"2022-08-24T07:16:42+00:00\",\"description\":\"Le SIFCO Process\u00ae est une m\u00e9thode de placage s\u00e9lectif pour l'industrie ferroviaire. Pour plus d'informations sur nos services de placage par brossage, contactez-nous.\",\"breadcrumb\":{\"@id\":\"https:\\\/\\\/www.sifcoasc.com\\\/fr\\\/chemin-de-fer#breadcrumb\"},\"inLanguage\":\"fr-FR\",\"potentialAction\":[{\"@type\":\"ReadAction\",\"target\":[\"https:\\\/\\\/www.sifcoasc.com\\\/fr\\\/chemin-de-fer\"]}]},{\"@type\":\"BreadcrumbList\",\"@id\":\"https:\\\/\\\/www.sifcoasc.com\\\/fr\\\/chemin-de-fer#breadcrumb\",\"itemListElement\":[{\"@type\":\"ListItem\",\"position\":1,\"name\":\"Home\",\"item\":\"https:\\\/\\\/www.sifcoasc.com\\\/fr\"},{\"@type\":\"ListItem\",\"position\":2,\"name\":\"Chemin de fer\"}]},{\"@type\":\"WebSite\",\"@id\":\"https:\\\/\\\/www.sifcoasc.com\\\/fr#website\",\"url\":\"https:\\\/\\\/www.sifcoasc.com\\\/fr\",\"name\":\"SIFCO Applied Surface Concepts\",\"description\":\"\",\"potentialAction\":[{\"@type\":\"SearchAction\",\"target\":{\"@type\":\"EntryPoint\",\"urlTemplate\":\"https:\\\/\\\/www.sifcoasc.com\\\/fr?s={search_term_string}\"},\"query-input\":{\"@type\":\"PropertyValueSpecification\",\"valueRequired\":true,\"valueName\":\"search_term_string\"}}],\"inLanguage\":\"fr-FR\"}]}<\/script>\n<!-- \/ Yoast SEO plugin. -->","yoast_head_json":{"title":"Placage s\u00e9lectif pour l'industrie ferroviaire | SIFCO ASC","description":"Le SIFCO Process\u00ae est une m\u00e9thode de placage s\u00e9lectif pour l'industrie ferroviaire. Pour plus d'informations sur nos services de placage par brossage, contactez-nous.","robots":{"index":"index","follow":"follow","max-snippet":"max-snippet:-1","max-image-preview":"max-image-preview:large","max-video-preview":"max-video-preview:-1"},"canonical":"https:\/\/www.sifcoasc.com\/fr\/chemin-de-fer","og_locale":"fr_FR","og_type":"article","og_title":"Placage s\u00e9lectif pour l'industrie ferroviaire | SIFCO ASC","og_description":"Le SIFCO Process\u00ae est une m\u00e9thode de placage s\u00e9lectif pour l'industrie ferroviaire. Pour plus d'informations sur nos services de placage par brossage, contactez-nous.","og_url":"https:\/\/www.sifcoasc.com\/fr\/chemin-de-fer","og_site_name":"SIFCO Applied Surface Concepts","article_modified_time":"2022-08-24T07:16:42+00:00","twitter_misc":{"Est. reading time":"1 minute"},"schema":{"@context":"https:\/\/schema.org","@graph":[{"@type":"WebPage","@id":"https:\/\/www.sifcoasc.com\/fr\/chemin-de-fer","url":"https:\/\/www.sifcoasc.com\/fr\/chemin-de-fer","name":"Placage s\u00e9lectif pour l'industrie ferroviaire | SIFCO ASC","isPartOf":{"@id":"https:\/\/www.sifcoasc.com\/fr#website"},"datePublished":"2022-07-14T15:31:08+00:00","dateModified":"2022-08-24T07:16:42+00:00","description":"Le SIFCO Process\u00ae est une m\u00e9thode de placage s\u00e9lectif pour l'industrie ferroviaire. Pour plus d'informations sur nos services de placage par brossage, contactez-nous.","breadcrumb":{"@id":"https:\/\/www.sifcoasc.com\/fr\/chemin-de-fer#breadcrumb"},"inLanguage":"fr-FR","potentialAction":[{"@type":"ReadAction","target":["https:\/\/www.sifcoasc.com\/fr\/chemin-de-fer"]}]},{"@type":"BreadcrumbList","@id":"https:\/\/www.sifcoasc.com\/fr\/chemin-de-fer#breadcrumb","itemListElement":[{"@type":"ListItem","position":1,"name":"Home","item":"https:\/\/www.sifcoasc.com\/fr"},{"@type":"ListItem","position":2,"name":"Chemin de fer"}]},{"@type":"WebSite","@id":"https:\/\/www.sifcoasc.com\/fr#website","url":"https:\/\/www.sifcoasc.com\/fr","name":"SIFCO Applied Surface Concepts","description":"","potentialAction":[{"@type":"SearchAction","target":{"@type":"EntryPoint","urlTemplate":"https:\/\/www.sifcoasc.com\/fr?s={search_term_string}"},"query-input":{"@type":"PropertyValueSpecification","valueRequired":true,"valueName":"search_term_string"}}],"inLanguage":"fr-FR"}]}},"featured_image_src":null,"featured_image_src_square":null,"_links":{"self":[{"href":"https:\/\/www.sifcoasc.com\/fr\/wp-json\/wp\/v2\/pages\/9809","targetHints":{"allow":["GET"]}}],"collection":[{"href":"https:\/\/www.sifcoasc.com\/fr\/wp-json\/wp\/v2\/pages"}],"about":[{"href":"https:\/\/www.sifcoasc.com\/fr\/wp-json\/wp\/v2\/types\/page"}],"author":[{"embeddable":true,"href":"https:\/\/www.sifcoasc.com\/fr\/wp-json\/wp\/v2\/users\/18"}],"replies":[{"embeddable":true,"href":"https:\/\/www.sifcoasc.com\/fr\/wp-json\/wp\/v2\/comments?post=9809"}],"version-history":[{"count":0,"href":"https:\/\/www.sifcoasc.com\/fr\/wp-json\/wp\/v2\/pages\/9809\/revisions"}],"wp:attachment":[{"href":"https:\/\/www.sifcoasc.com\/fr\/wp-json\/wp\/v2\/media?parent=9809"}],"curies":[{"name":"wp","href":"https:\/\/api.w.org\/{rel}","templated":true}]}}