{"id":9814,"date":"2022-07-14T15:31:13","date_gmt":"2022-07-14T15:31:13","guid":{"rendered":"https:\/\/www.sifcoasc.com\/exploitation-miniere\/"},"modified":"2022-08-23T10:05:11","modified_gmt":"2022-08-23T10:05:11","slug":"exploitation-miniere","status":"publish","type":"page","link":"https:\/\/www.sifcoasc.com\/fr\/exploitation-miniere","title":{"rendered":"Exploitation mini\u00e8re"},"content":{"rendered":"<h2>Placage s\u00e9lectif pour l&#8217;industrie mini\u00e8re<\/h2>\n<p class=\"emph\">Pr\u00eat \u00e0 affronter tout ce que la Terre vous r\u00e9serve&#8230;<\/p>\n<p><strong>Solutions d&#8217;entretien et de r\u00e9paration s\u00e9lectives portables \u00e9prouv\u00e9es dans les environnements miniers les plus difficiles<\/strong><br \/>\n<em>Des \u00e9quipements de plus en plus grands. Environnements impr\u00e9visibles. Conditions s\u00e9v\u00e8res. Une production incessante 24\/7&#8230;<\/em><\/p>\n<div class=\"right-image\"><a class=\"lightbox\" href=\"\/wp-content\/uploads\/Mining-Blog-257x165-1.jpg\"><img loading=\"lazy\" decoding=\"async\" class=\"alignnone wp-image-1626\" title=\"Placage s\u00e9lectif pour l'industrie mini\u00e8re  \" src=\"\/wp-content\/uploads\/Mining-Blog-257x165-1.jpg\" alt=\"Placage s\u00e9lectif pour l'industrie mini\u00e8re  \" width=\"276\" height=\"177\"><\/a><\/div>\n<p>Lors d&#8217;op\u00e9rations mini\u00e8res lourdes, les v\u00e9hicules tout-terrain et les \u00e9quipements miniers sont soumis \u00e0 des contraintes constantes, ce qui endommage in\u00e9vitablement les composants communs, en particulier les syst\u00e8mes hydrauliques, les transmissions et la transmission finale.<\/p>\n<p>C&#8217;est pourquoi il est crucial, dans le climat \u00e9conomique actuel, de prolonger le cycle de vie de ces actifs existants gr\u00e2ce \u00e0 une maintenance rapide, fiable et rentable. Apr\u00e8s tout, le taux de ferraille am\u00e9ricain de 82 millions de tonnes de m\u00e9taux est d\u00e9j\u00e0 condamn\u00e9 par les gouvernements du monde entier. Et une nouvelle l\u00e9gislation environnementale sp\u00e9cifique \u00e0 l&#8217;industrie est imminente.<\/p>\n<p><strong>Ainsi, si un composant est trop grand pour \u00eatre plaqu\u00e9 en cuve, si une zone est trop petite pour masquer le composant pour le plaquage en cuve ou si une r\u00e9paration in situ est n\u00e9cessaire, quelles sont les options viables ?  <\/strong><\/p>\n<p>Nous pensons que le <strong>SIFCO Process\u00ae<\/strong> est la solution d\u00e9finitive.<\/p>\n<p>Une m\u00e9thode unique de galvanisation s\u00e9lective de zones localis\u00e9es sur des composants sans utiliser de cuve d&#8217;immersion, elle am\u00e9liore les performances des composants, minimise les temps d&#8217;arr\u00eat et r\u00e9duit les co\u00fbts de fabrication &#8211; mise en \u0153uvre manuelle, m\u00e9canis\u00e9e ou automatis\u00e9e pour les gros volumes.<\/p>\n<h3><\/h3>\n<h3>Vous avez besoin d&#8217;une preuve concr\u00e8te ? <a href=\"\/wp-content\/uploads\/Sifco_3858_Download_Sheet_V2a_PA_NO-CROPS1.pdf\" target=\"_blank\" rel=\"noopener noreferrer\"><strong><u>D\u00e9couvrez ici<\/u><\/strong><\/a> Comment l&#8217;un des fabricants les plus renomm\u00e9s au monde de grands \u00e9quipements d&#8217;exploitation mini\u00e8re \u00e0 ciel ouvert a r\u00e9alis\u00e9 des \u00e9conomies annuelles de pr\u00e8s de 100 000 $ <em>simplement<\/em> en r\u00e9cup\u00e9rant les culasses d\u00e9fectueuses &#8211; gr\u00e2ce au <strong>Processus SIFCO\u00ae<\/strong> en action.<\/h3>\n<p><strong>Le SIFCO Process\u00ae<\/strong> applique tous les m\u00e9taux traditionnellement r\u00e9alis\u00e9s par galvanoplastie en cuve (notamment le nickel, le cuivre, le cobalt, le nickel-tungst\u00e8ne, le carbure de chrome cobalt, l&#8217;argent, l&#8217;or et le platine) pour offrir une r\u00e9sistance \u00e0 l&#8217;usure, une duret\u00e9 et une restauration dimensionnelle. Les principales applications comprennent le redimensionnement des al\u00e9sages de moyeux de roues et des si\u00e8ges de roulements d&#8217;essieux, ainsi que la r\u00e9paration des d\u00e9fauts des bo\u00eetiers de diff\u00e9rentiels, des tourillons de pignons et des v\u00e9rins hydrauliques.<\/p>\n<p>Notre solution innovante r\u00e9pond \u00e9galement \u00e0 d&#8217;autres consid\u00e9rations vitales pour l&#8217;industrie mini\u00e8re : une meilleure r\u00e9sistance \u00e0 l&#8217;usure, une duret\u00e9 de surface accrue, une faible r\u00e9sistance aux contacts \u00e9lectriques ou une protection contre la corrosion.<\/p>\n<p>Avec plus de 50 ans d&#8217;expertise, une \u00e9quipe d&#8217;ing\u00e9nieurs hautement techniques et un d\u00e9partement R&amp;D innovant, nous sommes le plus grand fournisseur mondial de services contractuels de galvanoplastie et d&#8217;anodisation s\u00e9lectives.<\/p>\n<p class=\"emph\">Pour en savoir plus, t\u00e9l\u00e9chargez notre <a href=\"\/wp-content\/uploads\/Mining-Industry.pdf\" target=\"_blank\" rel=\"noopener noreferrer\"> fiche technique<\/a>. Aidez-nous \u00e0 en savoir plus sur vous, <a href=\"https:\/\/www.surveymonkey.com\/r\/SIFCOASC-mining\" target=\"_blank\" rel=\"noopener\">r\u00e9pondez \u00e0 notre enqu\u00eate<\/a>.<\/p>\n","protected":false},"excerpt":{"rendered":"<p>Placage s\u00e9lectif pour l&#8217;industrie mini\u00e8re Pr\u00eat \u00e0 affronter tout ce que la Terre vous r\u00e9serve&#8230; Solutions d&#8217;entretien et de r\u00e9paration s\u00e9lectives portables \u00e9prouv\u00e9es dans les environnements miniers les plus difficiles Des \u00e9quipements de plus en plus grands. Environnements impr\u00e9visibles. Conditions s\u00e9v\u00e8res. Une production incessante 24\/7&#8230; Lors d&#8217;op\u00e9rations mini\u00e8res lourdes, les v\u00e9hicules tout-terrain et les \u00e9quipements [&hellip;]<\/p>\n","protected":false},"author":18,"featured_media":0,"parent":0,"menu_order":0,"comment_status":"closed","ping_status":"closed","template":"","meta":{"_acf_changed":false,"inline_featured_image":false,"footnotes":""},"class_list":["post-9814","page","type-page","status-publish","hentry"],"acf":[],"yoast_head":"<!-- This site is optimized with the Yoast SEO plugin v27.4 - https:\/\/yoast.com\/product\/yoast-seo-wordpress\/ -->\n<title>Placage s\u00e9lectif pour l&#039;industrie mini\u00e8re | SIFCO ASC<\/title>\n<meta name=\"description\" content=\"Le SIFCO Process\u00ae est une m\u00e9thode de placage s\u00e9lectif pour l&#039;industrie mini\u00e8re. Pour plus d&#039;informations sur nos services de placage par brossage, contactez-nous.\" \/>\n<meta name=\"robots\" content=\"index, follow, max-snippet:-1, max-image-preview:large, max-video-preview:-1\" \/>\n<link rel=\"canonical\" href=\"https:\/\/www.sifcoasc.com\/fr\/exploitation-miniere\" \/>\n<meta property=\"og:locale\" content=\"fr_FR\" \/>\n<meta property=\"og:type\" content=\"article\" \/>\n<meta property=\"og:title\" content=\"Placage s\u00e9lectif pour l&#039;industrie mini\u00e8re | SIFCO ASC\" \/>\n<meta property=\"og:description\" content=\"Le SIFCO Process\u00ae est une m\u00e9thode de placage s\u00e9lectif pour l&#039;industrie mini\u00e8re. Pour plus d&#039;informations sur nos services de placage par brossage, contactez-nous.\" \/>\n<meta property=\"og:url\" content=\"https:\/\/www.sifcoasc.com\/fr\/exploitation-miniere\" \/>\n<meta property=\"og:site_name\" content=\"SIFCO Applied Surface Concepts\" \/>\n<meta property=\"article:modified_time\" content=\"2022-08-23T10:05:11+00:00\" \/>\n<meta name=\"twitter:label1\" content=\"Est. reading time\" \/>\n\t<meta name=\"twitter:data1\" content=\"3 minutes\" \/>\n<script type=\"application\/ld+json\" class=\"yoast-schema-graph\">{\"@context\":\"https:\\\/\\\/schema.org\",\"@graph\":[{\"@type\":\"WebPage\",\"@id\":\"https:\\\/\\\/www.sifcoasc.com\\\/fr\\\/exploitation-miniere\",\"url\":\"https:\\\/\\\/www.sifcoasc.com\\\/fr\\\/exploitation-miniere\",\"name\":\"Placage s\u00e9lectif pour l'industrie mini\u00e8re | SIFCO ASC\",\"isPartOf\":{\"@id\":\"https:\\\/\\\/www.sifcoasc.com\\\/fr#website\"},\"datePublished\":\"2022-07-14T15:31:13+00:00\",\"dateModified\":\"2022-08-23T10:05:11+00:00\",\"description\":\"Le SIFCO Process\u00ae est une m\u00e9thode de placage s\u00e9lectif pour l'industrie mini\u00e8re. Pour plus d'informations sur nos services de placage par brossage, contactez-nous.\",\"breadcrumb\":{\"@id\":\"https:\\\/\\\/www.sifcoasc.com\\\/fr\\\/exploitation-miniere#breadcrumb\"},\"inLanguage\":\"fr-FR\",\"potentialAction\":[{\"@type\":\"ReadAction\",\"target\":[\"https:\\\/\\\/www.sifcoasc.com\\\/fr\\\/exploitation-miniere\"]}]},{\"@type\":\"BreadcrumbList\",\"@id\":\"https:\\\/\\\/www.sifcoasc.com\\\/fr\\\/exploitation-miniere#breadcrumb\",\"itemListElement\":[{\"@type\":\"ListItem\",\"position\":1,\"name\":\"Home\",\"item\":\"https:\\\/\\\/www.sifcoasc.com\\\/fr\"},{\"@type\":\"ListItem\",\"position\":2,\"name\":\"Exploitation mini\u00e8re\"}]},{\"@type\":\"WebSite\",\"@id\":\"https:\\\/\\\/www.sifcoasc.com\\\/fr#website\",\"url\":\"https:\\\/\\\/www.sifcoasc.com\\\/fr\",\"name\":\"SIFCO Applied Surface Concepts\",\"description\":\"\",\"potentialAction\":[{\"@type\":\"SearchAction\",\"target\":{\"@type\":\"EntryPoint\",\"urlTemplate\":\"https:\\\/\\\/www.sifcoasc.com\\\/fr?s={search_term_string}\"},\"query-input\":{\"@type\":\"PropertyValueSpecification\",\"valueRequired\":true,\"valueName\":\"search_term_string\"}}],\"inLanguage\":\"fr-FR\"}]}<\/script>\n<!-- \/ Yoast SEO plugin. -->","yoast_head_json":{"title":"Placage s\u00e9lectif pour l'industrie mini\u00e8re | SIFCO ASC","description":"Le SIFCO Process\u00ae est une m\u00e9thode de placage s\u00e9lectif pour l'industrie mini\u00e8re. Pour plus d'informations sur nos services de placage par brossage, contactez-nous.","robots":{"index":"index","follow":"follow","max-snippet":"max-snippet:-1","max-image-preview":"max-image-preview:large","max-video-preview":"max-video-preview:-1"},"canonical":"https:\/\/www.sifcoasc.com\/fr\/exploitation-miniere","og_locale":"fr_FR","og_type":"article","og_title":"Placage s\u00e9lectif pour l'industrie mini\u00e8re | SIFCO ASC","og_description":"Le SIFCO Process\u00ae est une m\u00e9thode de placage s\u00e9lectif pour l'industrie mini\u00e8re. Pour plus d'informations sur nos services de placage par brossage, contactez-nous.","og_url":"https:\/\/www.sifcoasc.com\/fr\/exploitation-miniere","og_site_name":"SIFCO Applied Surface Concepts","article_modified_time":"2022-08-23T10:05:11+00:00","twitter_misc":{"Est. reading time":"3 minutes"},"schema":{"@context":"https:\/\/schema.org","@graph":[{"@type":"WebPage","@id":"https:\/\/www.sifcoasc.com\/fr\/exploitation-miniere","url":"https:\/\/www.sifcoasc.com\/fr\/exploitation-miniere","name":"Placage s\u00e9lectif pour l'industrie mini\u00e8re | SIFCO ASC","isPartOf":{"@id":"https:\/\/www.sifcoasc.com\/fr#website"},"datePublished":"2022-07-14T15:31:13+00:00","dateModified":"2022-08-23T10:05:11+00:00","description":"Le SIFCO Process\u00ae est une m\u00e9thode de placage s\u00e9lectif pour l'industrie mini\u00e8re. Pour plus d'informations sur nos services de placage par brossage, contactez-nous.","breadcrumb":{"@id":"https:\/\/www.sifcoasc.com\/fr\/exploitation-miniere#breadcrumb"},"inLanguage":"fr-FR","potentialAction":[{"@type":"ReadAction","target":["https:\/\/www.sifcoasc.com\/fr\/exploitation-miniere"]}]},{"@type":"BreadcrumbList","@id":"https:\/\/www.sifcoasc.com\/fr\/exploitation-miniere#breadcrumb","itemListElement":[{"@type":"ListItem","position":1,"name":"Home","item":"https:\/\/www.sifcoasc.com\/fr"},{"@type":"ListItem","position":2,"name":"Exploitation mini\u00e8re"}]},{"@type":"WebSite","@id":"https:\/\/www.sifcoasc.com\/fr#website","url":"https:\/\/www.sifcoasc.com\/fr","name":"SIFCO Applied Surface Concepts","description":"","potentialAction":[{"@type":"SearchAction","target":{"@type":"EntryPoint","urlTemplate":"https:\/\/www.sifcoasc.com\/fr?s={search_term_string}"},"query-input":{"@type":"PropertyValueSpecification","valueRequired":true,"valueName":"search_term_string"}}],"inLanguage":"fr-FR"}]}},"featured_image_src":null,"featured_image_src_square":null,"_links":{"self":[{"href":"https:\/\/www.sifcoasc.com\/fr\/wp-json\/wp\/v2\/pages\/9814","targetHints":{"allow":["GET"]}}],"collection":[{"href":"https:\/\/www.sifcoasc.com\/fr\/wp-json\/wp\/v2\/pages"}],"about":[{"href":"https:\/\/www.sifcoasc.com\/fr\/wp-json\/wp\/v2\/types\/page"}],"author":[{"embeddable":true,"href":"https:\/\/www.sifcoasc.com\/fr\/wp-json\/wp\/v2\/users\/18"}],"replies":[{"embeddable":true,"href":"https:\/\/www.sifcoasc.com\/fr\/wp-json\/wp\/v2\/comments?post=9814"}],"version-history":[{"count":0,"href":"https:\/\/www.sifcoasc.com\/fr\/wp-json\/wp\/v2\/pages\/9814\/revisions"}],"wp:attachment":[{"href":"https:\/\/www.sifcoasc.com\/fr\/wp-json\/wp\/v2\/media?parent=9814"}],"curies":[{"name":"wp","href":"https:\/\/api.w.org\/{rel}","templated":true}]}}