{"id":9844,"date":"2022-07-14T15:32:05","date_gmt":"2022-07-14T15:32:05","guid":{"rendered":"https:\/\/www.sifcoasc.com\/approbations-principales\/"},"modified":"2022-08-17T14:03:31","modified_gmt":"2022-08-17T14:03:31","slug":"approbations-principales","status":"publish","type":"page","link":"https:\/\/www.sifcoasc.com\/fr\/approbations-principales","title":{"rendered":"Approbations principales"},"content":{"rendered":"<p class=\"emph\">Faites confiance \u00e0 SIFCO ASC comme source de solutions, d&#8217;\u00e9quipements et de services de placage s\u00e9lectif.<\/p>\n<p>SIFCO ASC est fi\u00e8re des nombreuses entreprises qui font confiance au SIFCO Process\u00ae pour leurs solutions et services de placage s\u00e9lectif. Les entreprises suivantes ont d\u00e9sign\u00e9 SIFCO Applied Surface Concepts comme leur fournisseur agr\u00e9\u00e9 de solutions, d&#8217;\u00e9quipements ou de services de m\u00e9tallisation s\u00e9lective.<\/p>\n","protected":false},"excerpt":{"rendered":"<p>Faites confiance \u00e0 SIFCO ASC comme source de solutions, d&#8217;\u00e9quipements et de services de placage s\u00e9lectif. SIFCO ASC est fi\u00e8re des nombreuses entreprises qui font confiance au SIFCO Process\u00ae pour leurs solutions et services de placage s\u00e9lectif. Les entreprises suivantes ont d\u00e9sign\u00e9 SIFCO Applied Surface Concepts comme leur fournisseur agr\u00e9\u00e9 de solutions, d&#8217;\u00e9quipements ou de [&hellip;]<\/p>\n","protected":false},"author":18,"featured_media":0,"parent":0,"menu_order":0,"comment_status":"closed","ping_status":"closed","template":"","meta":{"_acf_changed":false,"inline_featured_image":false,"footnotes":""},"class_list":["post-9844","page","type-page","status-publish","hentry"],"acf":[],"yoast_head":"<!-- This site is optimized with the Yoast SEO plugin v27.4 - https:\/\/yoast.com\/product\/yoast-seo-wordpress\/ -->\n<title>Approbations de premier ordre : De grandes entreprises font confiance au SIFCO Process\u00ae.<\/title>\n<meta name=\"description\" content=\"Approbations de premier ordre : D\u00e9couvrez les entreprises qui ont d\u00e9sign\u00e9 SIFCO ASC comme leur fournisseur privil\u00e9gi\u00e9 de solutions, d&#039;\u00e9quipements ou de services de m\u00e9tallisation s\u00e9lective.\" \/>\n<meta name=\"robots\" content=\"index, follow, max-snippet:-1, max-image-preview:large, max-video-preview:-1\" \/>\n<link rel=\"canonical\" href=\"https:\/\/www.sifcoasc.com\/fr\/approbations-principales\" \/>\n<meta property=\"og:locale\" content=\"fr_FR\" \/>\n<meta property=\"og:type\" content=\"article\" \/>\n<meta property=\"og:title\" content=\"Approbations de premier ordre : De grandes entreprises font confiance au SIFCO Process\u00ae.\" \/>\n<meta property=\"og:description\" content=\"Approbations de premier ordre : D\u00e9couvrez les entreprises qui ont d\u00e9sign\u00e9 SIFCO ASC comme leur fournisseur privil\u00e9gi\u00e9 de solutions, d&#039;\u00e9quipements ou de services de m\u00e9tallisation s\u00e9lective.\" \/>\n<meta property=\"og:url\" content=\"https:\/\/www.sifcoasc.com\/fr\/approbations-principales\" \/>\n<meta property=\"og:site_name\" content=\"SIFCO Applied Surface Concepts\" \/>\n<meta property=\"article:modified_time\" content=\"2022-08-17T14:03:31+00:00\" \/>\n<script type=\"application\/ld+json\" class=\"yoast-schema-graph\">{\"@context\":\"https:\\\/\\\/schema.org\",\"@graph\":[{\"@type\":\"WebPage\",\"@id\":\"https:\\\/\\\/www.sifcoasc.com\\\/fr\\\/approbations-principales\",\"url\":\"https:\\\/\\\/www.sifcoasc.com\\\/fr\\\/approbations-principales\",\"name\":\"Approbations de premier ordre : De grandes entreprises font confiance au SIFCO Process\u00ae.\",\"isPartOf\":{\"@id\":\"https:\\\/\\\/www.sifcoasc.com\\\/fr#website\"},\"datePublished\":\"2022-07-14T15:32:05+00:00\",\"dateModified\":\"2022-08-17T14:03:31+00:00\",\"description\":\"Approbations de premier ordre : D\u00e9couvrez les entreprises qui ont d\u00e9sign\u00e9 SIFCO ASC comme leur fournisseur privil\u00e9gi\u00e9 de solutions, d'\u00e9quipements ou de services de m\u00e9tallisation s\u00e9lective.\",\"breadcrumb\":{\"@id\":\"https:\\\/\\\/www.sifcoasc.com\\\/fr\\\/approbations-principales#breadcrumb\"},\"inLanguage\":\"fr-FR\",\"potentialAction\":[{\"@type\":\"ReadAction\",\"target\":[\"https:\\\/\\\/www.sifcoasc.com\\\/fr\\\/approbations-principales\"]}]},{\"@type\":\"BreadcrumbList\",\"@id\":\"https:\\\/\\\/www.sifcoasc.com\\\/fr\\\/approbations-principales#breadcrumb\",\"itemListElement\":[{\"@type\":\"ListItem\",\"position\":1,\"name\":\"Home\",\"item\":\"https:\\\/\\\/www.sifcoasc.com\\\/fr\"},{\"@type\":\"ListItem\",\"position\":2,\"name\":\"Approbations principales\"}]},{\"@type\":\"WebSite\",\"@id\":\"https:\\\/\\\/www.sifcoasc.com\\\/fr#website\",\"url\":\"https:\\\/\\\/www.sifcoasc.com\\\/fr\",\"name\":\"SIFCO Applied Surface Concepts\",\"description\":\"\",\"potentialAction\":[{\"@type\":\"SearchAction\",\"target\":{\"@type\":\"EntryPoint\",\"urlTemplate\":\"https:\\\/\\\/www.sifcoasc.com\\\/fr?s={search_term_string}\"},\"query-input\":{\"@type\":\"PropertyValueSpecification\",\"valueRequired\":true,\"valueName\":\"search_term_string\"}}],\"inLanguage\":\"fr-FR\"}]}<\/script>\n<!-- \/ Yoast SEO plugin. -->","yoast_head_json":{"title":"Approbations de premier ordre : De grandes entreprises font confiance au SIFCO Process\u00ae.","description":"Approbations de premier ordre : D\u00e9couvrez les entreprises qui ont d\u00e9sign\u00e9 SIFCO ASC comme leur fournisseur privil\u00e9gi\u00e9 de solutions, d'\u00e9quipements ou de services de m\u00e9tallisation s\u00e9lective.","robots":{"index":"index","follow":"follow","max-snippet":"max-snippet:-1","max-image-preview":"max-image-preview:large","max-video-preview":"max-video-preview:-1"},"canonical":"https:\/\/www.sifcoasc.com\/fr\/approbations-principales","og_locale":"fr_FR","og_type":"article","og_title":"Approbations de premier ordre : De grandes entreprises font confiance au SIFCO Process\u00ae.","og_description":"Approbations de premier ordre : D\u00e9couvrez les entreprises qui ont d\u00e9sign\u00e9 SIFCO ASC comme leur fournisseur privil\u00e9gi\u00e9 de solutions, d'\u00e9quipements ou de services de m\u00e9tallisation s\u00e9lective.","og_url":"https:\/\/www.sifcoasc.com\/fr\/approbations-principales","og_site_name":"SIFCO Applied Surface Concepts","article_modified_time":"2022-08-17T14:03:31+00:00","schema":{"@context":"https:\/\/schema.org","@graph":[{"@type":"WebPage","@id":"https:\/\/www.sifcoasc.com\/fr\/approbations-principales","url":"https:\/\/www.sifcoasc.com\/fr\/approbations-principales","name":"Approbations de premier ordre : De grandes entreprises font confiance au SIFCO Process\u00ae.","isPartOf":{"@id":"https:\/\/www.sifcoasc.com\/fr#website"},"datePublished":"2022-07-14T15:32:05+00:00","dateModified":"2022-08-17T14:03:31+00:00","description":"Approbations de premier ordre : D\u00e9couvrez les entreprises qui ont d\u00e9sign\u00e9 SIFCO ASC comme leur fournisseur privil\u00e9gi\u00e9 de solutions, d'\u00e9quipements ou de services de m\u00e9tallisation s\u00e9lective.","breadcrumb":{"@id":"https:\/\/www.sifcoasc.com\/fr\/approbations-principales#breadcrumb"},"inLanguage":"fr-FR","potentialAction":[{"@type":"ReadAction","target":["https:\/\/www.sifcoasc.com\/fr\/approbations-principales"]}]},{"@type":"BreadcrumbList","@id":"https:\/\/www.sifcoasc.com\/fr\/approbations-principales#breadcrumb","itemListElement":[{"@type":"ListItem","position":1,"name":"Home","item":"https:\/\/www.sifcoasc.com\/fr"},{"@type":"ListItem","position":2,"name":"Approbations principales"}]},{"@type":"WebSite","@id":"https:\/\/www.sifcoasc.com\/fr#website","url":"https:\/\/www.sifcoasc.com\/fr","name":"SIFCO Applied Surface Concepts","description":"","potentialAction":[{"@type":"SearchAction","target":{"@type":"EntryPoint","urlTemplate":"https:\/\/www.sifcoasc.com\/fr?s={search_term_string}"},"query-input":{"@type":"PropertyValueSpecification","valueRequired":true,"valueName":"search_term_string"}}],"inLanguage":"fr-FR"}]}},"featured_image_src":null,"featured_image_src_square":null,"_links":{"self":[{"href":"https:\/\/www.sifcoasc.com\/fr\/wp-json\/wp\/v2\/pages\/9844","targetHints":{"allow":["GET"]}}],"collection":[{"href":"https:\/\/www.sifcoasc.com\/fr\/wp-json\/wp\/v2\/pages"}],"about":[{"href":"https:\/\/www.sifcoasc.com\/fr\/wp-json\/wp\/v2\/types\/page"}],"author":[{"embeddable":true,"href":"https:\/\/www.sifcoasc.com\/fr\/wp-json\/wp\/v2\/users\/18"}],"replies":[{"embeddable":true,"href":"https:\/\/www.sifcoasc.com\/fr\/wp-json\/wp\/v2\/comments?post=9844"}],"version-history":[{"count":0,"href":"https:\/\/www.sifcoasc.com\/fr\/wp-json\/wp\/v2\/pages\/9844\/revisions"}],"wp:attachment":[{"href":"https:\/\/www.sifcoasc.com\/fr\/wp-json\/wp\/v2\/media?parent=9844"}],"curies":[{"name":"wp","href":"https:\/\/api.w.org\/{rel}","templated":true}]}}