{"id":9848,"date":"2022-07-14T15:32:07","date_gmt":"2022-07-14T15:32:07","guid":{"rendered":"https:\/\/www.sifcoasc.com\/specifications-de-lindustrie\/"},"modified":"2022-07-19T12:28:04","modified_gmt":"2022-07-19T12:28:04","slug":"specifications-de-lindustrie","status":"publish","type":"page","link":"https:\/\/www.sifcoasc.com\/fr\/specifications-de-lindustrie","title":{"rendered":"Sp\u00e9cifications de l&#8217;industrie"},"content":{"rendered":"<h2>Sp\u00e9cifications de l&#8217;industrie du placage s\u00e9lectif<\/h2>\n<p class=\"emph\">Nos technologies et services d&#8217;am\u00e9lioration des surfaces sont utilis\u00e9s depuis plus de 50 ans dans les secteurs de l&#8217;a\u00e9rospatiale, de la production d&#8217;\u00e9nergie, du p\u00e9trole et du gaz, et de l&#8217;arm\u00e9e.<\/p>\n<p>Le SIFCO Process\u00ae est conforme \u00e0 de nombreuses sp\u00e9cifications industrielles, militaires, AMS et f\u00e9d\u00e9rales.<\/p>\n<table class=\"tablesaw tablesaw-stack\" data-tablesaw-mode=\"stack\">\n<thead>\n<th><strong>Finitions<\/strong><\/th>\n<th><strong>Descriptions<\/strong><\/th>\n<th><strong>Militaire<\/strong><\/th>\n<td><strong>AMS<\/strong><\/th>\n<th><strong>F\u00e9d\u00e9ral<\/strong><\/th>\n<\/thead>\n<tbody>\n<tr class=\"gray\">\n<td>Placage \u00e0 la brosse<\/td>\n<td>Placage s\u00e9lectif &#8211; US Navy<\/td>\n<td>Mil-Std-2197 (SH)<\/td>\n<td><\/td>\n<td><\/td>\n<\/tr>\n<tr>\n<td>Placage \u00e0 la brosse<\/td>\n<td>Placage s\u00e9lectif, brossage, \u00e9lectrod\u00e9position<\/td>\n<td>Mil-Std-865<\/td>\n<td>2451<\/td>\n<td><\/td>\n<\/tr>\n<tr class=\"gray\">\n<td>Placage \u00e0 la brosse Nickel<\/td>\n<td>Placage au nickel bross\u00e9<\/td>\n<td><\/td>\n<td>2451\/1<\/td>\n<td>QQ-N-290<\/td>\n<\/tr>\n<tr>\n<td>Placage \u00e0 la brosse Nickel<\/td>\n<td>Nickel \u00e0 faible contrainte, placage dur \u00e0 la brosse<\/td>\n<td><\/td>\n<td>2451\/2<\/td>\n<td><\/td>\n<\/tr>\n<tr class=\"gray\">\n<td>Placage \u00e0 la brosse Nickel<\/td>\n<td>Placage \u00e0 la brosse au nickel \u00e0 faible contrainte et faible duret\u00e9<\/td>\n<td><\/td>\n<td>2451\/3<\/td>\n<td><\/td>\n<\/tr>\n<tr>\n<td>Placage \u00e0 la brosse Cadmium<\/td>\n<td>Brossage au cadmium LHE<\/td>\n<td><\/td>\n<td>2451\/4<\/td>\n<td>QQ-P-416<\/td>\n<\/tr>\n<tr class=\"gray\">\n<td>Placage \u00e0 la brosse Chromium<\/td>\n<td>Placage au chrome \u00e0 la brosse<\/td>\n<td><\/td>\n<td>2451\/5<\/td>\n<td><\/td>\n<\/tr>\n<tr>\n<td>Placage au pinceau du cuivre<\/td>\n<td>Placage au pinceau de cuivre<\/td>\n<td><\/td>\n<td>2451\/6<\/td>\n<td><\/td>\n<\/tr>\n<tr class=\"gray\">\n<td>Placage \u00e0 la brosse Nickel<\/td>\n<td>Nickel Placage \u00e0 la brosse \u00e0 faible contrainte et \u00e0 duret\u00e9 moyenne<\/td>\n<td><\/td>\n<td>2451\/7<\/td>\n<td><\/td>\n<\/tr>\n<tr>\n<td>Placage au pinceau Argent<\/td>\n<td>Placage au pinceau d&#8217;argent non cyanur\u00e9<\/td>\n<td><\/td>\n<td>2451\/8<\/td>\n<td>QQ-S-365<\/td>\n<\/tr>\n<tr class=\"gray\">\n<td>Placage au pinceau Zinc-Nickel<\/td>\n<td>Placage au pinceau de zinc-nickel<\/td>\n<td><\/td>\n<td>  2451\/9<\/td>\n<td><\/td>\n<\/tr>\n<tr>\n<td>Placage \u00e0 la brosse \u00e9tain-zinc<\/td>\n<td>Placage \u00e0 la brosse \u00e9tain-zinc<\/td>\n<td><\/td>\n<td>2451\/10<\/td>\n<td><\/td>\n<\/tr>\n<tr class=\"gray\">\n<td>Placage au pinceau Cobalt<\/td>\n<td>Placage au pinceau de cobalt<\/td>\n<td><\/td>\n<td>2451\/11<\/td>\n<td><\/td>\n<\/tr>\n<tr>\n<td>\u00c9tain de placage \u00e0 la brosse<\/td>\n<td>Placage \u00e0 la brosse d&#8217;\u00e9tain<\/td>\n<td>Mil-T-10727 *<\/td>\n<td>2451\/12<\/td>\n<td><\/td>\n<\/tr>\n<tr class=\"gray\">\n<td>Placage au pinceau Argent<\/td>\n<td>Placage au pinceau d&#8217;argent<\/td>\n<td><\/td>\n<td>2451\/13<\/td>\n<td>QQ-S-365<\/td>\n<\/tr>\n<tr>\n<td>Plaque de nickel<\/td>\n<td>Placage, Nickel G\u00e9n\u00e9ral<\/td>\n<td><\/td>\n<td>2403 *<\/td>\n<td>QQ-N-290*<\/td>\n<\/tr>\n<tr class=\"gray\">\n<td>Plaque de nickel, dur<\/td>\n<td>Nickel sulfamat\u00e9, dur<\/td>\n<td><\/td>\n<td>2423 *<\/td>\n<td><\/td>\n<\/tr>\n<tr>\n<td>Plaque de nickel, souple<\/td>\n<td>Nickel sulfamat\u00e9 \u00e0 faible contrainte, souple<\/td>\n<td><\/td>\n<td>2424 *<\/td>\n<td><\/td>\n<\/tr>\n<tr class=\"gray\">\n<td>Plaque de cuivre<\/td>\n<td>Placage, cuivre<\/td>\n<td>Mil-C-14550<\/td>\n<td>2418 *<\/td>\n<td><\/td>\n<\/tr>\n<tr>\n<td>Plaque d&#8217;or<\/td>\n<td>Placage, or<\/td>\n<td>Mil-G-45204<\/td>\n<td>2422 *<\/td>\n<td><\/td>\n<\/tr>\n<tr class=\"gray\">\n<td>Plaque de cadmium<\/td>\n<td>Placage, Cadmium<\/td>\n<td><\/td>\n<td>2400, 2401*<\/td>\n<td><\/td>\n<\/tr>\n<tr>\n<td>Plaque d&#8217;argent<\/td>\n<td>Placage d&#8217;argent, \u00e9lectrod\u00e9position<\/td>\n<td><\/td>\n<td>2412 *<\/td>\n<td>QQ-S-365 *<\/td>\n<\/tr>\n<tr class=\"gray\">\n<td>Plaque de zinc-nickel<\/td>\n<td>Placage, alliage zinc-nickel<\/td>\n<td><\/td>\n<td>2417 *<\/td>\n<td><\/td>\n<\/tr>\n<tr>\n<td>T\u00f4le \u00e9tain-zinc<\/td>\n<td>Placage, alliage \u00e9tain-zinc<\/td>\n<td><\/td>\n<td>2434 *<\/td>\n<td><\/td>\n<\/tr>\n<tr class=\"gray\">\n<td>Plaque d&#8217;\u00e9tain<\/td>\n<td>\u00c9tamage, \u00e9lectrod\u00e9position<\/td>\n<td>Mil-T-10727 *<\/td>\n<td>2408 *<\/td>\n<td><\/td>\n<\/tr>\n<tr>\n<td>Anodisation<\/td>\n<td>Rev\u00eatements anodis\u00e9s<\/td>\n<td>Mil-A-8625 * Type I, II et III<\/td>\n<td><\/td>\n<td><\/td>\n<\/tr>\n<\/tbody>\n<\/table>\n<p>* Les sp\u00e9cifications marqu\u00e9es d&#8217;un ast\u00e9risque sont des normes de placage de r\u00e9servoir. Les d\u00e9p\u00f4ts SIFCO ASC r\u00e9pondent aux exigences de performance de ces normes.<\/p>\n","protected":false},"excerpt":{"rendered":"<p>Sp\u00e9cifications de l&#8217;industrie du placage s\u00e9lectif Nos technologies et services d&#8217;am\u00e9lioration des surfaces sont utilis\u00e9s depuis plus de 50 ans dans les secteurs de l&#8217;a\u00e9rospatiale, de la production d&#8217;\u00e9nergie, du p\u00e9trole et du gaz, et de l&#8217;arm\u00e9e. Le SIFCO Process\u00ae est conforme \u00e0 de nombreuses sp\u00e9cifications industrielles, militaires, AMS et f\u00e9d\u00e9rales. Finitions Descriptions Militaire AMS [&hellip;]<\/p>\n","protected":false},"author":18,"featured_media":0,"parent":0,"menu_order":0,"comment_status":"closed","ping_status":"closed","template":"","meta":{"_acf_changed":false,"inline_featured_image":false,"footnotes":""},"class_list":["post-9848","page","type-page","status-publish","hentry"],"acf":[],"yoast_head":"<!-- This site is optimized with the Yoast SEO plugin v27.3 - https:\/\/yoast.com\/product\/yoast-seo-wordpress\/ -->\n<title>Sp\u00e9cifications de l&#039;industrie du placage s\u00e9lectif | SIFCO ASC<\/title>\n<meta name=\"description\" content=\"Le SIFCO Process\u00ae est conforme \u00e0 de nombreuses sp\u00e9cifications industrielles, militaires, AMS et f\u00e9d\u00e9rales. D\u00e9couvrez quelle solution de placage \u00e0 la brosse vous convient le mieux.\" \/>\n<meta name=\"robots\" content=\"index, follow, max-snippet:-1, max-image-preview:large, max-video-preview:-1\" \/>\n<link rel=\"canonical\" href=\"https:\/\/www.sifcoasc.com\/fr\/specifications-de-lindustrie\" \/>\n<meta property=\"og:locale\" content=\"fr_FR\" \/>\n<meta property=\"og:type\" content=\"article\" \/>\n<meta property=\"og:title\" content=\"Sp\u00e9cifications de l&#039;industrie du placage s\u00e9lectif | SIFCO ASC\" \/>\n<meta property=\"og:description\" content=\"Le SIFCO Process\u00ae est conforme \u00e0 de nombreuses sp\u00e9cifications industrielles, militaires, AMS et f\u00e9d\u00e9rales. D\u00e9couvrez quelle solution de placage \u00e0 la brosse vous convient le mieux.\" \/>\n<meta property=\"og:url\" content=\"https:\/\/www.sifcoasc.com\/fr\/specifications-de-lindustrie\" \/>\n<meta property=\"og:site_name\" content=\"SIFCO Applied Surface Concepts\" \/>\n<meta property=\"article:modified_time\" content=\"2022-07-19T12:28:04+00:00\" \/>\n<meta name=\"twitter:label1\" content=\"Est. reading time\" \/>\n\t<meta name=\"twitter:data1\" content=\"2 minutes\" \/>\n<script type=\"application\/ld+json\" class=\"yoast-schema-graph\">{\"@context\":\"https:\\\/\\\/schema.org\",\"@graph\":[{\"@type\":\"WebPage\",\"@id\":\"https:\\\/\\\/www.sifcoasc.com\\\/fr\\\/specifications-de-lindustrie\",\"url\":\"https:\\\/\\\/www.sifcoasc.com\\\/fr\\\/specifications-de-lindustrie\",\"name\":\"Sp\u00e9cifications de l'industrie du placage s\u00e9lectif | SIFCO ASC\",\"isPartOf\":{\"@id\":\"https:\\\/\\\/www.sifcoasc.com\\\/fr#website\"},\"datePublished\":\"2022-07-14T15:32:07+00:00\",\"dateModified\":\"2022-07-19T12:28:04+00:00\",\"description\":\"Le SIFCO Process\u00ae est conforme \u00e0 de nombreuses sp\u00e9cifications industrielles, militaires, AMS et f\u00e9d\u00e9rales. D\u00e9couvrez quelle solution de placage \u00e0 la brosse vous convient le mieux.\",\"breadcrumb\":{\"@id\":\"https:\\\/\\\/www.sifcoasc.com\\\/fr\\\/specifications-de-lindustrie#breadcrumb\"},\"inLanguage\":\"fr-FR\",\"potentialAction\":[{\"@type\":\"ReadAction\",\"target\":[\"https:\\\/\\\/www.sifcoasc.com\\\/fr\\\/specifications-de-lindustrie\"]}]},{\"@type\":\"BreadcrumbList\",\"@id\":\"https:\\\/\\\/www.sifcoasc.com\\\/fr\\\/specifications-de-lindustrie#breadcrumb\",\"itemListElement\":[{\"@type\":\"ListItem\",\"position\":1,\"name\":\"Home\",\"item\":\"https:\\\/\\\/www.sifcoasc.com\\\/fr\"},{\"@type\":\"ListItem\",\"position\":2,\"name\":\"Sp\u00e9cifications de l&#8217;industrie\"}]},{\"@type\":\"WebSite\",\"@id\":\"https:\\\/\\\/www.sifcoasc.com\\\/fr#website\",\"url\":\"https:\\\/\\\/www.sifcoasc.com\\\/fr\",\"name\":\"SIFCO Applied Surface Concepts\",\"description\":\"\",\"potentialAction\":[{\"@type\":\"SearchAction\",\"target\":{\"@type\":\"EntryPoint\",\"urlTemplate\":\"https:\\\/\\\/www.sifcoasc.com\\\/fr?s={search_term_string}\"},\"query-input\":{\"@type\":\"PropertyValueSpecification\",\"valueRequired\":true,\"valueName\":\"search_term_string\"}}],\"inLanguage\":\"fr-FR\"}]}<\/script>\n<!-- \/ Yoast SEO plugin. -->","yoast_head_json":{"title":"Sp\u00e9cifications de l'industrie du placage s\u00e9lectif | SIFCO ASC","description":"Le SIFCO Process\u00ae est conforme \u00e0 de nombreuses sp\u00e9cifications industrielles, militaires, AMS et f\u00e9d\u00e9rales. D\u00e9couvrez quelle solution de placage \u00e0 la brosse vous convient le mieux.","robots":{"index":"index","follow":"follow","max-snippet":"max-snippet:-1","max-image-preview":"max-image-preview:large","max-video-preview":"max-video-preview:-1"},"canonical":"https:\/\/www.sifcoasc.com\/fr\/specifications-de-lindustrie","og_locale":"fr_FR","og_type":"article","og_title":"Sp\u00e9cifications de l'industrie du placage s\u00e9lectif | SIFCO ASC","og_description":"Le SIFCO Process\u00ae est conforme \u00e0 de nombreuses sp\u00e9cifications industrielles, militaires, AMS et f\u00e9d\u00e9rales. D\u00e9couvrez quelle solution de placage \u00e0 la brosse vous convient le mieux.","og_url":"https:\/\/www.sifcoasc.com\/fr\/specifications-de-lindustrie","og_site_name":"SIFCO Applied Surface Concepts","article_modified_time":"2022-07-19T12:28:04+00:00","twitter_misc":{"Est. reading time":"2 minutes"},"schema":{"@context":"https:\/\/schema.org","@graph":[{"@type":"WebPage","@id":"https:\/\/www.sifcoasc.com\/fr\/specifications-de-lindustrie","url":"https:\/\/www.sifcoasc.com\/fr\/specifications-de-lindustrie","name":"Sp\u00e9cifications de l'industrie du placage s\u00e9lectif | SIFCO ASC","isPartOf":{"@id":"https:\/\/www.sifcoasc.com\/fr#website"},"datePublished":"2022-07-14T15:32:07+00:00","dateModified":"2022-07-19T12:28:04+00:00","description":"Le SIFCO Process\u00ae est conforme \u00e0 de nombreuses sp\u00e9cifications industrielles, militaires, AMS et f\u00e9d\u00e9rales. D\u00e9couvrez quelle solution de placage \u00e0 la brosse vous convient le mieux.","breadcrumb":{"@id":"https:\/\/www.sifcoasc.com\/fr\/specifications-de-lindustrie#breadcrumb"},"inLanguage":"fr-FR","potentialAction":[{"@type":"ReadAction","target":["https:\/\/www.sifcoasc.com\/fr\/specifications-de-lindustrie"]}]},{"@type":"BreadcrumbList","@id":"https:\/\/www.sifcoasc.com\/fr\/specifications-de-lindustrie#breadcrumb","itemListElement":[{"@type":"ListItem","position":1,"name":"Home","item":"https:\/\/www.sifcoasc.com\/fr"},{"@type":"ListItem","position":2,"name":"Sp\u00e9cifications de l&#8217;industrie"}]},{"@type":"WebSite","@id":"https:\/\/www.sifcoasc.com\/fr#website","url":"https:\/\/www.sifcoasc.com\/fr","name":"SIFCO Applied Surface Concepts","description":"","potentialAction":[{"@type":"SearchAction","target":{"@type":"EntryPoint","urlTemplate":"https:\/\/www.sifcoasc.com\/fr?s={search_term_string}"},"query-input":{"@type":"PropertyValueSpecification","valueRequired":true,"valueName":"search_term_string"}}],"inLanguage":"fr-FR"}]}},"featured_image_src":null,"featured_image_src_square":null,"_links":{"self":[{"href":"https:\/\/www.sifcoasc.com\/fr\/wp-json\/wp\/v2\/pages\/9848","targetHints":{"allow":["GET"]}}],"collection":[{"href":"https:\/\/www.sifcoasc.com\/fr\/wp-json\/wp\/v2\/pages"}],"about":[{"href":"https:\/\/www.sifcoasc.com\/fr\/wp-json\/wp\/v2\/types\/page"}],"author":[{"embeddable":true,"href":"https:\/\/www.sifcoasc.com\/fr\/wp-json\/wp\/v2\/users\/18"}],"replies":[{"embeddable":true,"href":"https:\/\/www.sifcoasc.com\/fr\/wp-json\/wp\/v2\/comments?post=9848"}],"version-history":[{"count":0,"href":"https:\/\/www.sifcoasc.com\/fr\/wp-json\/wp\/v2\/pages\/9848\/revisions"}],"wp:attachment":[{"href":"https:\/\/www.sifcoasc.com\/fr\/wp-json\/wp\/v2\/media?parent=9848"}],"curies":[{"name":"wp","href":"https:\/\/api.w.org\/{rel}","templated":true}]}}