{"id":9855,"date":"2022-07-14T15:32:20","date_gmt":"2022-07-14T15:32:20","guid":{"rendered":"https:\/\/www.sifcoasc.com\/specifications-commerciales\/"},"modified":"2022-08-16T12:51:30","modified_gmt":"2022-08-16T12:51:30","slug":"specifications-commerciales","status":"publish","type":"page","link":"https:\/\/www.sifcoasc.com\/fr\/specifications-commerciales","title":{"rendered":"Sp\u00e9cifications commerciales"},"content":{"rendered":"<p class=\"emph\">Les sp\u00e9cifications commerciales suivantes ont \u00e9t\u00e9 r\u00e9dig\u00e9es autour des proc\u00e9d\u00e9s de m\u00e9tallisation SIFCO Process\u00ae, Dalic\u00ae, Selectron\u00ae et LDC\u00ae.<\/p>\n<p><strong>Sp\u00e9cifications commerciales<\/strong><\/p>\n<table class=\"tablesaw tablesaw-stack\" data-tablesaw-mode=\"stack\">\n<thead>\n<tr>\n<th>Entreprise<\/th>\n<th>N\u00b0 de sp\u00e9cification<\/th>\n<th>Entreprise<\/th>\n<th>N\u00b0 de sp\u00e9cification<\/th>\n<\/tr>\n<\/thead>\n<tbody>\n<tr class=\"gray\">\n<td>Compagnies a\u00e9riennes am\u00e9ricaines<\/td>\n<td>P12-16<\/td>\n<td>Gulfstream<\/td>\n<td>GAMP 6103<\/td>\n<\/tr>\n<tr>\n<td>H\u00e9licopt\u00e8re Bell<\/td>\n<td>BPS 4312<\/td>\n<td>Lucas A\u00e9rospatiale<\/td>\n<td>PCS-2141<\/td>\n<\/tr>\n<tr class=\"gray\">\n<td>H\u00e9licopt\u00e8re Bell<\/td>\n<td>FW 1309<\/td>\n<td>Messier Dowty<\/td>\n<td>PCS-2143<\/td>\n<\/tr>\n<tr>\n<td>Boeing<\/td>\n<td>BAC 5854<\/td>\n<td>Messier Dowty<\/td>\n<td>PCS-2144<\/td>\n<\/tr>\n<tr class=\"gray\">\n<td>Boeing<\/td>\n<td>BAC 5664<\/td>\n<td>Parker<\/td>\n<td>BPS 4511<\/td>\n<\/tr>\n<tr>\n<td>Boeing<\/td>\n<td>BAC 5849<\/td>\n<td>Parker<\/td>\n<td>LP 15<\/td>\n<\/tr>\n<tr class=\"gray\">\n<td>A\u00e9rospatiale britannique<\/td>\n<td>BAE 146<\/td>\n<td>Pratt &#038; amp; Whitney<\/td>\n<td>SPOP 321<\/td>\n<\/tr>\n<tr>\n<td>Douglas<\/td>\n<td>P.S. 13113<\/td>\n<td>Pratt &amp; Whitney<\/td>\n<td>PWA 36953<\/td>\n<\/tr>\n<tr class=\"gray\">\n<td>Douglas<\/td>\n<td>DPS 9.89<\/td>\n<td>Pratt &amp; Whitney<\/td>\n<td>PWA 36960<\/td>\n<\/tr>\n<tr>\n<td>Douglas<\/td>\n<td>DPS 9.28<\/td>\n<td>Rolls Royce &#8211; Allison<\/td>\n<td>EPS 10245<\/td>\n<\/tr>\n<tr class=\"gray\">\n<td>Dowty Aerospace<\/td>\n<td>PS118<\/td>\n<td>Schlumberger<\/td>\n<td>CSP-152<\/td>\n<\/tr>\n<tr>\n<td>Dowty Aerospace<\/td>\n<td>PS137<\/td>\n<td>Schlumberger<\/td>\n<td>CSP-153<\/td>\n<\/tr>\n<tr class=\"gray\">\n<td>Enventure<\/td>\n<td>F07.00067<\/td>\n<td>Siemens<\/td>\n<td>83228u1-u4<\/td>\n<\/tr>\n<tr>\n<td>FMC<\/td>\n<td>C80167<\/td>\n<td>Sikorsky<\/td>\n<td>SS 8494<\/td>\n<\/tr>\n<tr class=\"gray\">\n<td>FMC<\/td>\n<td>C80122<\/td>\n<td>Sikorsky<\/td>\n<td>SS 8443<\/td>\n<\/tr>\n<tr>\n<td>FMC<\/td>\n<td>C80137<\/td>\n<td>Turbines solaires<\/td>\n<td>ES 9-431<\/td>\n<\/tr>\n<tr class=\"gray\">\n<td>GE Oil &amp; Gaz<\/td>\n<td>VGS6.2.14<\/td>\n<td>Tenaris-Hydril<\/td>\n<td>TSH-PP-00.0008<\/td>\n<\/tr>\n<tr>\n<td>Goodrich<\/td>\n<td>GES 6,92<\/td>\n<td>TRW Syst\u00e8mes A\u00e9ronautiques Lucas Aerospace<\/td>\n<td>SPD 1000<\/td>\n<\/tr>\n<tr class=\"gray\">\n<td>Goodrich<\/td>\n<td>LGPS 1102<\/td>\n<td>VAM<\/td>\n<td>RLTI-75<\/td>\n<\/tr>\n<\/tbody>\n<\/table>\n","protected":false},"excerpt":{"rendered":"<p>Les sp\u00e9cifications commerciales suivantes ont \u00e9t\u00e9 r\u00e9dig\u00e9es autour des proc\u00e9d\u00e9s de m\u00e9tallisation SIFCO Process\u00ae, Dalic\u00ae, Selectron\u00ae et LDC\u00ae. Sp\u00e9cifications commerciales Entreprise N\u00b0 de sp\u00e9cification Entreprise N\u00b0 de sp\u00e9cification Compagnies a\u00e9riennes am\u00e9ricaines P12-16 Gulfstream GAMP 6103 H\u00e9licopt\u00e8re Bell BPS 4312 Lucas A\u00e9rospatiale PCS-2141 H\u00e9licopt\u00e8re Bell FW 1309 Messier Dowty PCS-2143 Boeing BAC 5854 Messier Dowty PCS-2144 [&hellip;]<\/p>\n","protected":false},"author":18,"featured_media":0,"parent":0,"menu_order":0,"comment_status":"closed","ping_status":"closed","template":"","meta":{"_acf_changed":false,"inline_featured_image":false,"footnotes":""},"class_list":["post-9855","page","type-page","status-publish","hentry"],"acf":[],"yoast_head":"<!-- This site is optimized with the Yoast SEO plugin v27.3 - https:\/\/yoast.com\/product\/yoast-seo-wordpress\/ -->\n<title>SIFCO ASC : Sp\u00e9cifications commerciales<\/title>\n<meta name=\"description\" content=\"Sp\u00e9cifications commerciales pour les proc\u00e9d\u00e9s de m\u00e9tallisation SIFCO Process\u00ae, Dalic\u00ae et Selectron\u00ae.\" \/>\n<meta name=\"robots\" content=\"index, follow, max-snippet:-1, max-image-preview:large, max-video-preview:-1\" \/>\n<link rel=\"canonical\" href=\"https:\/\/www.sifcoasc.com\/fr\/specifications-commerciales\" \/>\n<meta property=\"og:locale\" content=\"fr_FR\" \/>\n<meta property=\"og:type\" content=\"article\" \/>\n<meta property=\"og:title\" content=\"SIFCO ASC : Sp\u00e9cifications commerciales\" \/>\n<meta property=\"og:description\" content=\"Sp\u00e9cifications commerciales pour les proc\u00e9d\u00e9s de m\u00e9tallisation SIFCO Process\u00ae, Dalic\u00ae et Selectron\u00ae.\" \/>\n<meta property=\"og:url\" content=\"https:\/\/www.sifcoasc.com\/fr\/specifications-commerciales\" \/>\n<meta property=\"og:site_name\" content=\"SIFCO Applied Surface Concepts\" \/>\n<meta property=\"article:modified_time\" content=\"2022-08-16T12:51:30+00:00\" \/>\n<meta name=\"twitter:label1\" content=\"Est. reading time\" \/>\n\t<meta name=\"twitter:data1\" content=\"1 minute\" \/>\n<script type=\"application\/ld+json\" class=\"yoast-schema-graph\">{\"@context\":\"https:\\\/\\\/schema.org\",\"@graph\":[{\"@type\":\"WebPage\",\"@id\":\"https:\\\/\\\/www.sifcoasc.com\\\/fr\\\/specifications-commerciales\",\"url\":\"https:\\\/\\\/www.sifcoasc.com\\\/fr\\\/specifications-commerciales\",\"name\":\"SIFCO ASC : Sp\u00e9cifications commerciales\",\"isPartOf\":{\"@id\":\"https:\\\/\\\/www.sifcoasc.com\\\/fr#website\"},\"datePublished\":\"2022-07-14T15:32:20+00:00\",\"dateModified\":\"2022-08-16T12:51:30+00:00\",\"description\":\"Sp\u00e9cifications commerciales pour les proc\u00e9d\u00e9s de m\u00e9tallisation SIFCO Process\u00ae, Dalic\u00ae et Selectron\u00ae.\",\"breadcrumb\":{\"@id\":\"https:\\\/\\\/www.sifcoasc.com\\\/fr\\\/specifications-commerciales#breadcrumb\"},\"inLanguage\":\"fr-FR\",\"potentialAction\":[{\"@type\":\"ReadAction\",\"target\":[\"https:\\\/\\\/www.sifcoasc.com\\\/fr\\\/specifications-commerciales\"]}]},{\"@type\":\"BreadcrumbList\",\"@id\":\"https:\\\/\\\/www.sifcoasc.com\\\/fr\\\/specifications-commerciales#breadcrumb\",\"itemListElement\":[{\"@type\":\"ListItem\",\"position\":1,\"name\":\"Home\",\"item\":\"https:\\\/\\\/www.sifcoasc.com\\\/fr\"},{\"@type\":\"ListItem\",\"position\":2,\"name\":\"Sp\u00e9cifications commerciales\"}]},{\"@type\":\"WebSite\",\"@id\":\"https:\\\/\\\/www.sifcoasc.com\\\/fr#website\",\"url\":\"https:\\\/\\\/www.sifcoasc.com\\\/fr\",\"name\":\"SIFCO Applied Surface Concepts\",\"description\":\"\",\"potentialAction\":[{\"@type\":\"SearchAction\",\"target\":{\"@type\":\"EntryPoint\",\"urlTemplate\":\"https:\\\/\\\/www.sifcoasc.com\\\/fr?s={search_term_string}\"},\"query-input\":{\"@type\":\"PropertyValueSpecification\",\"valueRequired\":true,\"valueName\":\"search_term_string\"}}],\"inLanguage\":\"fr-FR\"}]}<\/script>\n<!-- \/ Yoast SEO plugin. -->","yoast_head_json":{"title":"SIFCO ASC : Sp\u00e9cifications commerciales","description":"Sp\u00e9cifications commerciales pour les proc\u00e9d\u00e9s de m\u00e9tallisation SIFCO Process\u00ae, Dalic\u00ae et Selectron\u00ae.","robots":{"index":"index","follow":"follow","max-snippet":"max-snippet:-1","max-image-preview":"max-image-preview:large","max-video-preview":"max-video-preview:-1"},"canonical":"https:\/\/www.sifcoasc.com\/fr\/specifications-commerciales","og_locale":"fr_FR","og_type":"article","og_title":"SIFCO ASC : Sp\u00e9cifications commerciales","og_description":"Sp\u00e9cifications commerciales pour les proc\u00e9d\u00e9s de m\u00e9tallisation SIFCO Process\u00ae, Dalic\u00ae et Selectron\u00ae.","og_url":"https:\/\/www.sifcoasc.com\/fr\/specifications-commerciales","og_site_name":"SIFCO Applied Surface Concepts","article_modified_time":"2022-08-16T12:51:30+00:00","twitter_misc":{"Est. reading time":"1 minute"},"schema":{"@context":"https:\/\/schema.org","@graph":[{"@type":"WebPage","@id":"https:\/\/www.sifcoasc.com\/fr\/specifications-commerciales","url":"https:\/\/www.sifcoasc.com\/fr\/specifications-commerciales","name":"SIFCO ASC : Sp\u00e9cifications commerciales","isPartOf":{"@id":"https:\/\/www.sifcoasc.com\/fr#website"},"datePublished":"2022-07-14T15:32:20+00:00","dateModified":"2022-08-16T12:51:30+00:00","description":"Sp\u00e9cifications commerciales pour les proc\u00e9d\u00e9s de m\u00e9tallisation SIFCO Process\u00ae, Dalic\u00ae et Selectron\u00ae.","breadcrumb":{"@id":"https:\/\/www.sifcoasc.com\/fr\/specifications-commerciales#breadcrumb"},"inLanguage":"fr-FR","potentialAction":[{"@type":"ReadAction","target":["https:\/\/www.sifcoasc.com\/fr\/specifications-commerciales"]}]},{"@type":"BreadcrumbList","@id":"https:\/\/www.sifcoasc.com\/fr\/specifications-commerciales#breadcrumb","itemListElement":[{"@type":"ListItem","position":1,"name":"Home","item":"https:\/\/www.sifcoasc.com\/fr"},{"@type":"ListItem","position":2,"name":"Sp\u00e9cifications commerciales"}]},{"@type":"WebSite","@id":"https:\/\/www.sifcoasc.com\/fr#website","url":"https:\/\/www.sifcoasc.com\/fr","name":"SIFCO Applied Surface Concepts","description":"","potentialAction":[{"@type":"SearchAction","target":{"@type":"EntryPoint","urlTemplate":"https:\/\/www.sifcoasc.com\/fr?s={search_term_string}"},"query-input":{"@type":"PropertyValueSpecification","valueRequired":true,"valueName":"search_term_string"}}],"inLanguage":"fr-FR"}]}},"featured_image_src":null,"featured_image_src_square":null,"_links":{"self":[{"href":"https:\/\/www.sifcoasc.com\/fr\/wp-json\/wp\/v2\/pages\/9855","targetHints":{"allow":["GET"]}}],"collection":[{"href":"https:\/\/www.sifcoasc.com\/fr\/wp-json\/wp\/v2\/pages"}],"about":[{"href":"https:\/\/www.sifcoasc.com\/fr\/wp-json\/wp\/v2\/types\/page"}],"author":[{"embeddable":true,"href":"https:\/\/www.sifcoasc.com\/fr\/wp-json\/wp\/v2\/users\/18"}],"replies":[{"embeddable":true,"href":"https:\/\/www.sifcoasc.com\/fr\/wp-json\/wp\/v2\/comments?post=9855"}],"version-history":[{"count":0,"href":"https:\/\/www.sifcoasc.com\/fr\/wp-json\/wp\/v2\/pages\/9855\/revisions"}],"wp:attachment":[{"href":"https:\/\/www.sifcoasc.com\/fr\/wp-json\/wp\/v2\/media?parent=9855"}],"curies":[{"name":"wp","href":"https:\/\/api.w.org\/{rel}","templated":true}]}}