{"id":9903,"date":"2022-07-14T16:59:00","date_gmt":"2022-07-14T16:59:00","guid":{"rendered":"https:\/\/www.sifcoasc.com\/conditions-dutilisation\/"},"modified":"2022-08-17T16:18:17","modified_gmt":"2022-08-17T16:18:17","slug":"conditions-dutilisation","status":"publish","type":"page","link":"https:\/\/www.sifcoasc.com\/fr\/conditions-dutilisation","title":{"rendered":"Conditions d&#8217;utilisation"},"content":{"rendered":"<p>Derni\u00e8re mise \u00e0 jour : 24 septembre 2021<\/p>\n<p>Veuillez lire attentivement les pr\u00e9sentes conditions d&#8217;utilisation (&#8221; Conditions &#8220;, &#8221; Conditions d&#8217;utilisation &#8220;) avant d&#8217;utiliser le site web <a href=\"https:\/\/www.sifcoasc.com\/fr\/\">www.sifcoappliedsurfaceConcepts.com<\/a> (le &#8221; Service &#8220;) exploit\u00e9 par SIFCO Applied Surface Concepts (&#8221; nous &#8220;, &#8221; notre &#8221; ou &#8221; nos &#8220;).<\/p>\n<p>Votre acc\u00e8s au service et son utilisation sont conditionn\u00e9s par votre acceptation et votre respect des pr\u00e9sentes conditions. Ces conditions s&#8217;appliquent \u00e0 tous les visiteurs, utilisateurs et autres personnes qui acc\u00e8dent ou utilisent le service.<\/p>\n<p>En acc\u00e9dant au service ou en l&#8217;utilisant, vous acceptez d&#8217;\u00eatre li\u00e9 par les pr\u00e9sentes conditions. Si vous \u00eates en d\u00e9saccord avec une partie des conditions, vous ne pouvez pas acc\u00e9der au service.<\/p>\n<h2>Propri\u00e9t\u00e9 intellectuelle<\/h2>\n<p>Le service et son contenu original, ses caract\u00e9ristiques et ses fonctionnalit\u00e9s sont et resteront la propri\u00e9t\u00e9 exclusive de SIFCO Applied Surface Concepts et de ses conc\u00e9dants de licence.<\/p>\n<h2>Liens vers d&#8217;autres sites web<\/h2>\n<p>Notre service peut contenir des liens vers des sites Web ou des services de tiers qui ne sont pas d\u00e9tenus ou contr\u00f4l\u00e9s par SIFCO Applied Surface Concepts.<\/p>\n<p>SIFCO Applied Surface Concepts n&#8217;a aucun contr\u00f4le et n&#8217;assume aucune responsabilit\u00e9 quant au contenu, aux politiques de confidentialit\u00e9 ou aux pratiques des sites Web ou services de tiers. Vous reconnaissez et acceptez en outre que SIFCO Applied Surface Concepts ne peut \u00eatre tenu responsable, directement ou indirectement, de tout dommage ou perte caus\u00e9 ou suppos\u00e9 \u00eatre caus\u00e9 par ou en relation avec l&#8217;utilisation ou la confiance accord\u00e9e \u00e0 tout contenu, biens ou services disponibles sur ou par le biais de tels sites web ou services.<\/p>\n<p>Nous vous conseillons vivement de lire les conditions g\u00e9n\u00e9rales et les politiques de confidentialit\u00e9 de tout site web ou service tiers que vous visitez.<\/p>\n<h2>Terminaison<\/h2>\n<p>Nous pouvons r\u00e9silier ou suspendre l&#8217;acc\u00e8s \u00e0 notre service imm\u00e9diatement, sans pr\u00e9avis ni responsabilit\u00e9, pour quelque raison que ce soit, y compris, mais sans s&#8217;y limiter, si vous violez les conditions.<\/p>\n<p>Toutes les dispositions des Conditions qui, par leur nature, devraient survivre \u00e0 la r\u00e9siliation, survivront \u00e0 la r\u00e9siliation, y compris, mais sans s&#8217;y limiter, les dispositions relatives \u00e0 la propri\u00e9t\u00e9, l&#8217;exon\u00e9ration de garantie, l&#8217;indemnisation et les limitations de responsabilit\u00e9.<\/p>\n<h2>Avis de non-responsabilit\u00e9<\/h2>\n<p>Vous utilisez le service \u00e0 vos propres risques. Le service est fourni sur une base &#8220;TEL QUEL&#8221; et &#8220;TEL QUE DISPONIBLE&#8221;. Le service est fourni sans garantie d&#8217;aucune sorte, qu&#8217;elle soit expresse ou implicite, y compris, mais sans s&#8217;y limiter, les garanties implicites de qualit\u00e9 marchande, d&#8217;ad\u00e9quation \u00e0 un usage particulier, de non-violation ou d&#8217;ex\u00e9cution.<\/p>\n<h2>Loi applicable<\/h2>\n<p>Les pr\u00e9sentes conditions sont r\u00e9gies et interpr\u00e9t\u00e9es conform\u00e9ment aux lois des \u00c9tats-Unis, sans tenir compte des dispositions relatives aux conflits de lois.<\/p>\n<p>Le fait que nous ne fassions pas valoir un droit ou une disposition des pr\u00e9sentes conditions ne sera pas consid\u00e9r\u00e9 comme une renonciation \u00e0 ces droits. Si une disposition des pr\u00e9sentes Conditions est jug\u00e9e invalide ou inapplicable par un tribunal, les autres dispositions des pr\u00e9sentes Conditions resteront en vigueur. Les pr\u00e9sentes Conditions constituent l&#8217;int\u00e9gralit\u00e9 de l&#8217;accord entre nous concernant notre Service, et annulent et remplacent tout accord ant\u00e9rieur que nous pourrions avoir entre nous concernant le Service.<\/p>\n<h2>Changements<\/h2>\n<p>Nous nous r\u00e9servons le droit, \u00e0 notre seule discr\u00e9tion, de modifier ou de remplacer ces conditions \u00e0 tout moment. Si une r\u00e9vision est importante, nous nous efforcerons de fournir un pr\u00e9avis d&#8217;au moins 30 jours avant l&#8217;entr\u00e9e en vigueur des nouvelles conditions. Ce qui constitue un changement important sera d\u00e9termin\u00e9 \u00e0 notre seule discr\u00e9tion.<\/p>\n<p>En continuant \u00e0 acc\u00e9der \u00e0 notre service ou \u00e0 l&#8217;utiliser apr\u00e8s l&#8217;entr\u00e9e en vigueur de ces r\u00e9visions, vous acceptez d&#8217;\u00eatre li\u00e9 par les conditions r\u00e9vis\u00e9es. Si vous n&#8217;acceptez pas les nouvelles conditions, veuillez cesser d&#8217;utiliser le service.<\/p>\n<h2>Nous contacter<\/h2>\n<p>Si vous avez des questions sur ces conditions, veuillez <a href=\"\/fr\/nous-contacter\/\">nous contacter<\/a>.<\/p>\n","protected":false},"excerpt":{"rendered":"<p>Derni\u00e8re mise \u00e0 jour : 24 septembre 2021 Veuillez lire attentivement les pr\u00e9sentes conditions d&#8217;utilisation (&#8221; Conditions &#8220;, &#8221; Conditions d&#8217;utilisation &#8220;) avant d&#8217;utiliser le site web www.sifcoappliedsurfaceConcepts.com (le &#8221; Service &#8220;) exploit\u00e9 par SIFCO Applied Surface Concepts (&#8221; nous &#8220;, &#8221; notre &#8221; ou &#8221; nos &#8220;). Votre acc\u00e8s au service et son utilisation [&hellip;]<\/p>\n","protected":false},"author":18,"featured_media":0,"parent":0,"menu_order":0,"comment_status":"closed","ping_status":"closed","template":"","meta":{"_acf_changed":false,"inline_featured_image":false,"footnotes":""},"class_list":["post-9903","page","type-page","status-publish","hentry"],"acf":[],"yoast_head":"<!-- This site is optimized with the Yoast SEO plugin v27.5 - https:\/\/yoast.com\/product\/yoast-seo-wordpress\/ -->\n<title>Conditions d&#039;utilisation - SIFCO Applied Surface Concepts<\/title>\n<meta name=\"robots\" content=\"index, follow, max-snippet:-1, max-image-preview:large, max-video-preview:-1\" \/>\n<link rel=\"canonical\" href=\"https:\/\/www.sifcoasc.com\/fr\/conditions-dutilisation\" \/>\n<meta property=\"og:locale\" content=\"fr_FR\" \/>\n<meta property=\"og:type\" content=\"article\" \/>\n<meta property=\"og:title\" content=\"Conditions d&#039;utilisation - SIFCO Applied Surface Concepts\" \/>\n<meta property=\"og:description\" content=\"Derni\u00e8re mise \u00e0 jour : 24 septembre 2021 Veuillez lire attentivement les pr\u00e9sentes conditions d&#8217;utilisation (&#8221; Conditions &#8220;, &#8221; Conditions d&#8217;utilisation &#8220;) avant d&#8217;utiliser le site web www.sifcoappliedsurfaceConcepts.com (le &#8221; Service &#8220;) exploit\u00e9 par SIFCO Applied Surface Concepts (&#8221; nous &#8220;, &#8221; notre &#8221; ou &#8221; nos &#8220;). Votre acc\u00e8s au service et son utilisation [&hellip;]\" \/>\n<meta property=\"og:url\" content=\"https:\/\/www.sifcoasc.com\/fr\/conditions-dutilisation\" \/>\n<meta property=\"og:site_name\" content=\"SIFCO Applied Surface Concepts\" \/>\n<meta property=\"article:modified_time\" content=\"2022-08-17T16:18:17+00:00\" \/>\n<meta name=\"twitter:label1\" content=\"Est. reading time\" \/>\n\t<meta name=\"twitter:data1\" content=\"3 minutes\" \/>\n<script type=\"application\/ld+json\" class=\"yoast-schema-graph\">{\"@context\":\"https:\\\/\\\/schema.org\",\"@graph\":[{\"@type\":\"WebPage\",\"@id\":\"https:\\\/\\\/www.sifcoasc.com\\\/fr\\\/conditions-dutilisation\",\"url\":\"https:\\\/\\\/www.sifcoasc.com\\\/fr\\\/conditions-dutilisation\",\"name\":\"Conditions d'utilisation - SIFCO Applied Surface Concepts\",\"isPartOf\":{\"@id\":\"https:\\\/\\\/www.sifcoasc.com\\\/fr#website\"},\"datePublished\":\"2022-07-14T16:59:00+00:00\",\"dateModified\":\"2022-08-17T16:18:17+00:00\",\"breadcrumb\":{\"@id\":\"https:\\\/\\\/www.sifcoasc.com\\\/fr\\\/conditions-dutilisation#breadcrumb\"},\"inLanguage\":\"fr-FR\",\"potentialAction\":[{\"@type\":\"ReadAction\",\"target\":[\"https:\\\/\\\/www.sifcoasc.com\\\/fr\\\/conditions-dutilisation\"]}]},{\"@type\":\"BreadcrumbList\",\"@id\":\"https:\\\/\\\/www.sifcoasc.com\\\/fr\\\/conditions-dutilisation#breadcrumb\",\"itemListElement\":[{\"@type\":\"ListItem\",\"position\":1,\"name\":\"Home\",\"item\":\"https:\\\/\\\/www.sifcoasc.com\\\/fr\"},{\"@type\":\"ListItem\",\"position\":2,\"name\":\"Conditions d&#8217;utilisation\"}]},{\"@type\":\"WebSite\",\"@id\":\"https:\\\/\\\/www.sifcoasc.com\\\/fr#website\",\"url\":\"https:\\\/\\\/www.sifcoasc.com\\\/fr\",\"name\":\"SIFCO Applied Surface Concepts\",\"description\":\"\",\"potentialAction\":[{\"@type\":\"SearchAction\",\"target\":{\"@type\":\"EntryPoint\",\"urlTemplate\":\"https:\\\/\\\/www.sifcoasc.com\\\/fr?s={search_term_string}\"},\"query-input\":{\"@type\":\"PropertyValueSpecification\",\"valueRequired\":true,\"valueName\":\"search_term_string\"}}],\"inLanguage\":\"fr-FR\"}]}<\/script>\n<!-- \/ Yoast SEO plugin. -->","yoast_head_json":{"title":"Conditions d'utilisation - SIFCO Applied Surface Concepts","robots":{"index":"index","follow":"follow","max-snippet":"max-snippet:-1","max-image-preview":"max-image-preview:large","max-video-preview":"max-video-preview:-1"},"canonical":"https:\/\/www.sifcoasc.com\/fr\/conditions-dutilisation","og_locale":"fr_FR","og_type":"article","og_title":"Conditions d'utilisation - SIFCO Applied Surface Concepts","og_description":"Derni\u00e8re mise \u00e0 jour : 24 septembre 2021 Veuillez lire attentivement les pr\u00e9sentes conditions d&#8217;utilisation (&#8221; Conditions &#8220;, &#8221; Conditions d&#8217;utilisation &#8220;) avant d&#8217;utiliser le site web www.sifcoappliedsurfaceConcepts.com (le &#8221; Service &#8220;) exploit\u00e9 par SIFCO Applied Surface Concepts (&#8221; nous &#8220;, &#8221; notre &#8221; ou &#8221; nos &#8220;). Votre acc\u00e8s au service et son utilisation [&hellip;]","og_url":"https:\/\/www.sifcoasc.com\/fr\/conditions-dutilisation","og_site_name":"SIFCO Applied Surface Concepts","article_modified_time":"2022-08-17T16:18:17+00:00","twitter_misc":{"Est. reading time":"3 minutes"},"schema":{"@context":"https:\/\/schema.org","@graph":[{"@type":"WebPage","@id":"https:\/\/www.sifcoasc.com\/fr\/conditions-dutilisation","url":"https:\/\/www.sifcoasc.com\/fr\/conditions-dutilisation","name":"Conditions d'utilisation - SIFCO Applied Surface Concepts","isPartOf":{"@id":"https:\/\/www.sifcoasc.com\/fr#website"},"datePublished":"2022-07-14T16:59:00+00:00","dateModified":"2022-08-17T16:18:17+00:00","breadcrumb":{"@id":"https:\/\/www.sifcoasc.com\/fr\/conditions-dutilisation#breadcrumb"},"inLanguage":"fr-FR","potentialAction":[{"@type":"ReadAction","target":["https:\/\/www.sifcoasc.com\/fr\/conditions-dutilisation"]}]},{"@type":"BreadcrumbList","@id":"https:\/\/www.sifcoasc.com\/fr\/conditions-dutilisation#breadcrumb","itemListElement":[{"@type":"ListItem","position":1,"name":"Home","item":"https:\/\/www.sifcoasc.com\/fr"},{"@type":"ListItem","position":2,"name":"Conditions d&#8217;utilisation"}]},{"@type":"WebSite","@id":"https:\/\/www.sifcoasc.com\/fr#website","url":"https:\/\/www.sifcoasc.com\/fr","name":"SIFCO Applied Surface Concepts","description":"","potentialAction":[{"@type":"SearchAction","target":{"@type":"EntryPoint","urlTemplate":"https:\/\/www.sifcoasc.com\/fr?s={search_term_string}"},"query-input":{"@type":"PropertyValueSpecification","valueRequired":true,"valueName":"search_term_string"}}],"inLanguage":"fr-FR"}]}},"featured_image_src":null,"featured_image_src_square":null,"_links":{"self":[{"href":"https:\/\/www.sifcoasc.com\/fr\/wp-json\/wp\/v2\/pages\/9903","targetHints":{"allow":["GET"]}}],"collection":[{"href":"https:\/\/www.sifcoasc.com\/fr\/wp-json\/wp\/v2\/pages"}],"about":[{"href":"https:\/\/www.sifcoasc.com\/fr\/wp-json\/wp\/v2\/types\/page"}],"author":[{"embeddable":true,"href":"https:\/\/www.sifcoasc.com\/fr\/wp-json\/wp\/v2\/users\/18"}],"replies":[{"embeddable":true,"href":"https:\/\/www.sifcoasc.com\/fr\/wp-json\/wp\/v2\/comments?post=9903"}],"version-history":[{"count":0,"href":"https:\/\/www.sifcoasc.com\/fr\/wp-json\/wp\/v2\/pages\/9903\/revisions"}],"wp:attachment":[{"href":"https:\/\/www.sifcoasc.com\/fr\/wp-json\/wp\/v2\/media?parent=9903"}],"curies":[{"name":"wp","href":"https:\/\/api.w.org\/{rel}","templated":true}]}}