{"id":7342,"date":"2022-06-16T14:48:28","date_gmt":"2022-06-16T14:48:28","guid":{"rendered":"https:\/\/www.sifcoasc.com\/?page_id=7342"},"modified":"2023-01-31T14:06:23","modified_gmt":"2023-01-31T14:06:23","slug":"integritetspolicy","status":"publish","type":"page","link":"https:\/\/www.sifcoasc.com\/sv\/integritetspolicy","title":{"rendered":"Integritetspolicy"},"content":{"rendered":"<p><span style=\"font-weight: 400;\">Din integritet \u00e4r viktig f\u00f6r oss. Som s\u00e5dan har SIFCO ASC, ett dotterbolag till Quaker Chemical Corporation d\/b\/a Quaker Houghton, och dess dotterbolag \u00e5tagit sig att uppr\u00e4tth\u00e5lla integriteten f\u00f6r alla bes\u00f6kare p\u00e5 denna webbplats (&#8220;Webbplatsen&#8221;) enligt beskrivningarna i denna sekretesspolicy ( &#8220;Sekretesspolicyn&#8221;). Vi anser att det \u00e4r viktigt f\u00f6r dig att veta hur vi anv\u00e4nder och behandlar informationen vi tar emot och samlar in om dig via webbplatsen. V\u00e4nligen l\u00e4s denna sekretesspolicy, s\u00e5v\u00e4l som v\u00e5rt juridiska meddelande f\u00f6r webbplatsen, f\u00f6r mer information om hur vi anv\u00e4nder information som du skickar till webbplatsen.<\/span><\/p>\n<p><span style=\"font-weight: 400;\">Denna sekretesspolicy, tillsammans med v\u00e5r webbplats juridiska meddelande, utg\u00f6r hela avtalet mellan dig och SIFCO ASC avseende denna webbplats. Genom din anv\u00e4ndning av webbplatsen samtycker du till att styras av denna sekretesspolicy. SIFCO ASC f\u00f6rbeh\u00e5ller sig r\u00e4tten att, efter v\u00e5rt gottfinnande, modifiera eller \u00e4ndra denna integritetspolicy n\u00e4r som helst och att din fortsatta anv\u00e4ndning av webbplatsen efter s\u00e5dana \u00e4ndringar kommer att anses vara ett definitivt godk\u00e4nnande av alla \u00e4ndringar av denna sekretesspolicy. Du samtycker till att meddelande om \u00e4ndringar av integritetspolicyn som publiceras p\u00e5 webbplatsen utg\u00f6r ett rimligt och tillr\u00e4ckligt meddelande. Du \u00e4r alltid bunden av den d\u00e5 g\u00e4llande versionen av integritetspolicyn, webbplatsens juridiska meddelande och alla till\u00e4mpliga lagar.<\/span><\/p>\n<p><span style=\"font-weight: 400;\">Det finns tillf\u00e4llen d\u00e5 SIFCO ASC kan beh\u00f6va personlig information fr\u00e5n dig, s\u00e5som ditt namn, adress, e-postadress, telefonnummer och kreditkortsinformation (&#8220;Personlig information&#8221; ), f\u00f6r att svara p\u00e5 dina f\u00f6rfr\u00e5gningar, samt behandla best\u00e4llningar eller ge tillg\u00e5ng till specifik information. S\u00e5dan information kan avsl\u00f6jas av SIFCO ASC till brottsbek\u00e4mpande eller andra regeringstj\u00e4nstem\u00e4n, som vi, efter eget gottfinnande, anser vara n\u00f6dv\u00e4ndigt eller l\u00e4mpligt. SIFCO ASC kan ocks\u00e5 dela s\u00e5dan information med icke-anslutna enheter; vi kommer dock inte att g\u00f6ra det om du inte har angett intresse av att s\u00e5dan information delas med s\u00e5dana enheter.<\/span><\/p>\n<p><span style=\"font-weight: 400;\">Om du registrerar dig hos SIFCO ASC online kan vi anv\u00e4nda denna information f\u00f6r att f\u00f6rse dig med anpassad information till st\u00f6d f\u00f6r dina behov. En teknik som kallas cookies kan anv\u00e4ndas p\u00e5 vissa sidor p\u00e5 v\u00e5r webbplats. En cookie \u00e4r en liten del av data som en webbplats kan skicka till din webbl\u00e4sare, som sedan kan lagras p\u00e5 din h\u00e5rddisk s\u00e5 att webbplatsen kan k\u00e4nna igen dig n\u00e4r du kommer tillbaka. Cookies g\u00f6r att vi kan ge dig skr\u00e4ddarsydd information och tillhandah\u00e5lla tj\u00e4nster till dig via Internet. Om din webbl\u00e4sare till\u00e5ter det kan du st\u00e4lla in din webbl\u00e4sare s\u00e5 att den meddelar dig n\u00e4r du f\u00e5r en cookie eller att den avvisar cookies.<\/span><\/p>\n<p><span style=\"font-weight: 400;\">Varje webbl\u00e4sare som f\u00e5r \u00e5tkomst till webbplatsen ges en unik cookie som sedan anv\u00e4nds f\u00f6r att fastst\u00e4lla omfattningen av upprepad anv\u00e4ndning, anv\u00e4ndning av en registrerad anv\u00e4ndare kontra av en oregistrerad anv\u00e4ndare, och f\u00f6r att hj\u00e4lpa till att utveckla inneh\u00e5ll baserat p\u00e5 anv\u00e4ndarnas intressen och beteende. SIFCO ASC kan ocks\u00e5 m\u00e4ta vissa trafikm\u00f6nster, vilka delar av SIFCO ASC:s n\u00e4tverk av webbplatser du har bes\u00f6kt och dina bes\u00f6ksm\u00f6nster sammantaget. S\u00e5dan information anv\u00e4nds f\u00f6r att f\u00f6rst\u00e5 hur v\u00e5ra anv\u00e4ndares vanor liknar eller skiljer sig fr\u00e5n varandra s\u00e5 att vi kan g\u00f6ra varje ny upplevelse p\u00e5 webbplatsen b\u00e4ttre. Vi kan anv\u00e4nda denna information f\u00f6r att b\u00e4ttre anpassa inneh\u00e5llet, banners och kampanjer som du och andra anv\u00e4ndare kommer att se p\u00e5 v\u00e5ra webbplatser.<\/span><\/p>\n<p><span style=\"font-weight: 400;\">Observera att olika sidor p\u00e5 webbplatsen kan uppmana dig att samla in platsen f\u00f6r din IP-adress. Om det till\u00e5ts kommer du att f\u00e5 information om din plats och SIFCO ASC-tj\u00e4nster som \u00e4r tillg\u00e4ngliga i n\u00e4rheten av dig. Alla s\u00e5dana cookies och data som samlas in kommer att tas bort n\u00e4r du st\u00e4nger din webbl\u00e4sare. P\u00e5 samma s\u00e4tt kommer ett bes\u00f6k p\u00e5 Quaker Houghtons &#8220;Karri\u00e4r&#8221;-sida att ge dig m\u00f6jligheten att till\u00e5ta eller neka platsen f\u00f6r din IP-adress, s\u00e5 att du kan se de lediga jobben i n\u00e4rmaste n\u00e4rhet och relevanta f\u00f6r din plats f\u00f6r att ge en b\u00e4ttre anv\u00e4ndarupplevelse . Alla cookies och data som samlas in, om till\u00e5tet, tas bort n\u00e4r webbl\u00e4saren st\u00e4ngs. Varje inl\u00e4mning av ditt namn, e-post och CV\/CV f\u00f6r att ans\u00f6ka om en ledig tj\u00e4nst kommer att granskas av Human Resources i ett f\u00f6rs\u00f6k att identifiera den mest kvalificerade personen f\u00f6r \u00f6ppningen. Alla uppgifter som tas emot i syfte att ans\u00f6ka om jobb kommer att sparas under en viss tid f\u00f6r att \u00f6verv\u00e4ga den s\u00f6kande f\u00f6r framtida lediga jobb.<\/span><\/p>\n<p><span style=\"font-weight: 400;\">Om du v\u00e4ljer att kontakta SIFCO ASC och skickar en beg\u00e4ran till &#8220;Kontakta oss&#8221; p\u00e5 webbplatsen, kommer SIFCO ASC att samla in den inl\u00e4mnade informationen, inklusive men inte begr\u00e4nsat till ditt namn, f\u00f6retag, adress, telefonnummer och e-post, f\u00f6r att koppla dig till l\u00e4mplig intern anst\u00e4lld som b\u00e4ttre kan hj\u00e4lpa dig med din f\u00f6rfr\u00e5gan. All s\u00e5dan information som skickas till SIFCO ASC lagras i Quaker Houghton Customer Relationship Management (\u201cCRM\u201d)-kontot. Om du vill att din information och data ska tas bort fr\u00e5n CRM-kontot, v\u00e4nligen kontakta <\/span><a href=\"mailto:info@quakerhoughton.com\"><span style=\"font-weight: 400;\">info @quakerhoughton.com<\/span><\/a><span style=\"font-weight: 400;\">  med din specifika beg\u00e4ran.<\/span><\/p>\n<p><span style=\"font-weight: 400;\">Denna webbplats kan inneh\u00e5lla l\u00e4nkar till andra webbplatser och andra organisationer vars produkter eller tj\u00e4nster vi tror kan intressera dig. \u00c4ven om vi f\u00f6rs\u00f6ker l\u00e4nka endast till webbplatser som delar v\u00e5r h\u00f6ga standard och respekt f\u00f6r integritet, \u00e4r vi inte ansvariga f\u00f6r inneh\u00e5llet eller sekretesspraxis som de anv\u00e4nder. Vidare ger vi inga l\u00f6ften eller garantier ang\u00e5ende datainsamling p\u00e5 hyperl\u00e4nkade sidor som inte \u00e4gs av SIFCO ASC. Som diskuteras i det juridiska meddelandet f\u00f6r webbplatsen \u00e4r SIFCO ASC inte ansvarigt f\u00f6r inneh\u00e5llet p\u00e5 dessa tredjepartswebbplatser. SIFCO ASC har fastst\u00e4llt rimliga f\u00f6rsiktighets\u00e5tg\u00e4rder f\u00f6r att skydda insamlad personlig information fr\u00e5n f\u00f6rlust, missbruk, obeh\u00f6rig \u00e5tkomst, avsl\u00f6jande, \u00e4ndring eller f\u00f6rst\u00f6relse, vilket inkluderar avtalsenliga, administrativa, fysiska och tekniska steg. \u00c4ven om SIFCO ASC vidtar rimliga f\u00f6rsiktighets\u00e5tg\u00e4rder f\u00f6r att bed\u00f6ma tillf\u00f6rlitligheten hos s\u00e5dan teknik, f\u00f6rlitar man sig p\u00e5 uttalanden fr\u00e5n leverant\u00f6rer av dessa produkter och tj\u00e4nster som en del av sin s\u00e4kerhetsutv\u00e4rdering. Observera att \u00e4ven om SIFCO ASC har str\u00e4vat efter att skapa en s\u00e4ker och p\u00e5litlig webbplats f\u00f6r anv\u00e4ndare, kan inte sekretessen f\u00f6r all kommunikation eller material som \u00f6verf\u00f6rs till och fr\u00e5n webbplatsen garanteras.<\/span><\/p>\n<p><span style=\"font-weight: 400;\">SIFCO ASC anv\u00e4nder Google Analytics, ett verktyg som anv\u00e4nds f\u00f6r att samla in information om anv\u00e4ndningen av denna webbplats. Google Analytics samlar in information som hur ofta anv\u00e4ndare bes\u00f6ker denna webbplats, vilka sidor de bes\u00f6ker och vilka andra webbplatser de anv\u00e4nde innan de kom till denna webbplats. SIFCO ASC f\u00e5r anv\u00e4nda informationen vi f\u00e5r fr\u00e5n Google Analytics endast f\u00f6r att f\u00f6rb\u00e4ttra denna webbplats. Google Analytics samlar endast in den IP-adress som tilldelats dig det datum du bes\u00f6ker denna webbplats, snarare \u00e4n ditt namn eller annan identifieringsinformation. Dessutom kombinerar SIFCO ASC inte den information som samlas in genom anv\u00e4ndningen av Google Analytics med personlig information som samlas in p\u00e5 annat s\u00e4tt. Google Analytics placerar en permanent cookie i din webbl\u00e4sare f\u00f6r att identifiera dig som en unik anv\u00e4ndare n\u00e4sta g\u00e5ng du bes\u00f6ker denna webbplats, men cookien kan inte anv\u00e4ndas av n\u00e5gon annan \u00e4n Google. Googles m\u00f6jlighet att anv\u00e4nda och dela information som samlats in av Google Analytics om dina bes\u00f6k p\u00e5 denna webbplats begr\u00e4nsas av Google Analytics anv\u00e4ndarvillkor och Googles sekretesspolicy. Du kan f\u00f6rhindra att Google Analytics k\u00e4nner igen dig vid \u00e5terbes\u00f6k p\u00e5 denna webbplats genom att inaktivera cookies i din webbl\u00e4sare. F\u00f6r mer information, klicka p\u00e5 f\u00f6ljande l\u00e4nk:  <\/span><a target=\"_blank\" rel=\"noopener noreferrer\" href=\"https:\/\/support.google.com\/analytics\/answer\/6004245\"><span style=\"font-weight: 400;\">https :\/\/support.google.com\/analytics\/answer\/6004245<\/span><\/a><span style=\"font-weight: 400;\">.<\/span><\/p>\n<p><span style=\"font-weight: 400;\">Genom att anv\u00e4nda denna webbplats godk\u00e4nner du denna sekretesspolicy och relaterade policyer, och samtycker vidare till anv\u00e4ndningen av informationen vi tar emot och samlar in p\u00e5 det s\u00e4tt som anges h\u00e4r. Genom att tillhandah\u00e5lla personlig information till denna webbplats, f\u00f6rst\u00e5r anv\u00e4ndare, inklusive utan begr\u00e4nsning anv\u00e4ndare i Europeiska Unionen, till fullo och samtycker otvetydigt till insamling och bearbetning av s\u00e5dan information i USA.<\/span><\/p>\n","protected":false},"excerpt":{"rendered":"<p>Din integritet \u00e4r viktig f\u00f6r oss. Som s\u00e5dan har SIFCO ASC, ett dotterbolag till Quaker Chemical Corporation d\/b\/a Quaker Houghton, och dess dotterbolag \u00e5tagit sig att uppr\u00e4tth\u00e5lla integriteten f\u00f6r alla bes\u00f6kare p\u00e5 denna webbplats (&#8220;Webbplatsen&#8221;) enligt beskrivningarna i denna sekretesspolicy ( &#8220;Sekretesspolicyn&#8221;). Vi anser att det \u00e4r viktigt f\u00f6r dig att veta hur vi anv\u00e4nder [&hellip;]<\/p>\n","protected":false},"author":103,"featured_media":0,"parent":0,"menu_order":0,"comment_status":"closed","ping_status":"closed","template":"","meta":{"_acf_changed":false,"inline_featured_image":false,"footnotes":""},"class_list":["post-7342","page","type-page","status-publish","hentry"],"acf":[],"yoast_head":"<!-- This site is optimized with the Yoast SEO plugin v27.3 - https:\/\/yoast.com\/product\/yoast-seo-wordpress\/ -->\n<title>Integritetspolicy - SIFCO Applied Surface Concepts<\/title>\n<meta name=\"description\" content=\"Din integritet \u00e4r viktig f\u00f6r oss. Som s\u00e5dan har SIFCO ASC, ett dotterbolag till Quaker Chemical Corporation d\/b\/a Quaker Houghton, och dess dotterbolag \u00e5tagit sig att uppr\u00e4tth\u00e5lla integriteten f\u00f6r alla bes\u00f6kare p\u00e5 denna webbplats (\u201cWebbplatsen\u201d) enligt beskrivningarna i denna sekretesspolicy ( \u201cSekretesspolicyn\u201d). Vi anser att det \u00e4r viktigt f\u00f6r dig att veta hur vi anv\u00e4nder\" \/>\n<meta name=\"robots\" content=\"index, follow, max-snippet:-1, max-image-preview:large, max-video-preview:-1\" \/>\n<link rel=\"canonical\" href=\"https:\/\/www.sifcoasc.com\/sv\/integritetspolicy\" \/>\n<meta property=\"og:locale\" content=\"sv_SE\" \/>\n<meta property=\"og:type\" content=\"article\" \/>\n<meta property=\"og:title\" content=\"Integritetspolicy - SIFCO Applied Surface Concepts\" \/>\n<meta property=\"og:description\" content=\"Din integritet \u00e4r viktig f\u00f6r oss. Som s\u00e5dan har SIFCO ASC, ett dotterbolag till Quaker Chemical Corporation d\/b\/a Quaker Houghton, och dess dotterbolag \u00e5tagit sig att uppr\u00e4tth\u00e5lla integriteten f\u00f6r alla bes\u00f6kare p\u00e5 denna webbplats (\u201cWebbplatsen\u201d) enligt beskrivningarna i denna sekretesspolicy ( \u201cSekretesspolicyn\u201d). Vi anser att det \u00e4r viktigt f\u00f6r dig att veta hur vi anv\u00e4nder\" \/>\n<meta property=\"og:url\" content=\"https:\/\/www.sifcoasc.com\/sv\/integritetspolicy\" \/>\n<meta property=\"og:site_name\" content=\"SIFCO Applied Surface Concepts\" \/>\n<meta property=\"article:modified_time\" content=\"2023-01-31T14:06:23+00:00\" \/>\n<meta name=\"twitter:label1\" content=\"Est. reading time\" \/>\n\t<meta name=\"twitter:data1\" content=\"7 minuter\" \/>\n<script type=\"application\/ld+json\" class=\"yoast-schema-graph\">{\"@context\":\"https:\\\/\\\/schema.org\",\"@graph\":[{\"@type\":\"WebPage\",\"@id\":\"https:\\\/\\\/www.sifcoasc.com\\\/sv\\\/integritetspolicy\",\"url\":\"https:\\\/\\\/www.sifcoasc.com\\\/sv\\\/integritetspolicy\",\"name\":\"Integritetspolicy - SIFCO Applied Surface Concepts\",\"isPartOf\":{\"@id\":\"https:\\\/\\\/www.sifcoasc.com\\\/sv#website\"},\"datePublished\":\"2022-06-16T14:48:28+00:00\",\"dateModified\":\"2023-01-31T14:06:23+00:00\",\"description\":\"Din integritet \u00e4r viktig f\u00f6r oss. Som s\u00e5dan har SIFCO ASC, ett dotterbolag till Quaker Chemical Corporation d\\\/b\\\/a Quaker Houghton, och dess dotterbolag \u00e5tagit sig att uppr\u00e4tth\u00e5lla integriteten f\u00f6r alla bes\u00f6kare p\u00e5 denna webbplats (\u201cWebbplatsen\u201d) enligt beskrivningarna i denna sekretesspolicy ( \u201cSekretesspolicyn\u201d). Vi anser att det \u00e4r viktigt f\u00f6r dig att veta hur vi anv\u00e4nder\",\"breadcrumb\":{\"@id\":\"https:\\\/\\\/www.sifcoasc.com\\\/sv\\\/integritetspolicy#breadcrumb\"},\"inLanguage\":\"sv-SE\",\"potentialAction\":[{\"@type\":\"ReadAction\",\"target\":[\"https:\\\/\\\/www.sifcoasc.com\\\/sv\\\/integritetspolicy\"]}]},{\"@type\":\"BreadcrumbList\",\"@id\":\"https:\\\/\\\/www.sifcoasc.com\\\/sv\\\/integritetspolicy#breadcrumb\",\"itemListElement\":[{\"@type\":\"ListItem\",\"position\":1,\"name\":\"Home\",\"item\":\"https:\\\/\\\/www.sifcoasc.com\\\/sv\"},{\"@type\":\"ListItem\",\"position\":2,\"name\":\"Integritetspolicy\"}]},{\"@type\":\"WebSite\",\"@id\":\"https:\\\/\\\/www.sifcoasc.com\\\/sv#website\",\"url\":\"https:\\\/\\\/www.sifcoasc.com\\\/sv\",\"name\":\"SIFCO Applied Surface Concepts\",\"description\":\"\",\"potentialAction\":[{\"@type\":\"SearchAction\",\"target\":{\"@type\":\"EntryPoint\",\"urlTemplate\":\"https:\\\/\\\/www.sifcoasc.com\\\/sv?s={search_term_string}\"},\"query-input\":{\"@type\":\"PropertyValueSpecification\",\"valueRequired\":true,\"valueName\":\"search_term_string\"}}],\"inLanguage\":\"sv-SE\"}]}<\/script>\n<!-- \/ Yoast SEO plugin. -->","yoast_head_json":{"title":"Integritetspolicy - SIFCO Applied Surface Concepts","description":"Din integritet \u00e4r viktig f\u00f6r oss. Som s\u00e5dan har SIFCO ASC, ett dotterbolag till Quaker Chemical Corporation d\/b\/a Quaker Houghton, och dess dotterbolag \u00e5tagit sig att uppr\u00e4tth\u00e5lla integriteten f\u00f6r alla bes\u00f6kare p\u00e5 denna webbplats (\u201cWebbplatsen\u201d) enligt beskrivningarna i denna sekretesspolicy ( \u201cSekretesspolicyn\u201d). Vi anser att det \u00e4r viktigt f\u00f6r dig att veta hur vi anv\u00e4nder","robots":{"index":"index","follow":"follow","max-snippet":"max-snippet:-1","max-image-preview":"max-image-preview:large","max-video-preview":"max-video-preview:-1"},"canonical":"https:\/\/www.sifcoasc.com\/sv\/integritetspolicy","og_locale":"sv_SE","og_type":"article","og_title":"Integritetspolicy - SIFCO Applied Surface Concepts","og_description":"Din integritet \u00e4r viktig f\u00f6r oss. Som s\u00e5dan har SIFCO ASC, ett dotterbolag till Quaker Chemical Corporation d\/b\/a Quaker Houghton, och dess dotterbolag \u00e5tagit sig att uppr\u00e4tth\u00e5lla integriteten f\u00f6r alla bes\u00f6kare p\u00e5 denna webbplats (\u201cWebbplatsen\u201d) enligt beskrivningarna i denna sekretesspolicy ( \u201cSekretesspolicyn\u201d). Vi anser att det \u00e4r viktigt f\u00f6r dig att veta hur vi anv\u00e4nder","og_url":"https:\/\/www.sifcoasc.com\/sv\/integritetspolicy","og_site_name":"SIFCO Applied Surface Concepts","article_modified_time":"2023-01-31T14:06:23+00:00","twitter_misc":{"Est. reading time":"7 minuter"},"schema":{"@context":"https:\/\/schema.org","@graph":[{"@type":"WebPage","@id":"https:\/\/www.sifcoasc.com\/sv\/integritetspolicy","url":"https:\/\/www.sifcoasc.com\/sv\/integritetspolicy","name":"Integritetspolicy - SIFCO Applied Surface Concepts","isPartOf":{"@id":"https:\/\/www.sifcoasc.com\/sv#website"},"datePublished":"2022-06-16T14:48:28+00:00","dateModified":"2023-01-31T14:06:23+00:00","description":"Din integritet \u00e4r viktig f\u00f6r oss. Som s\u00e5dan har SIFCO ASC, ett dotterbolag till Quaker Chemical Corporation d\/b\/a Quaker Houghton, och dess dotterbolag \u00e5tagit sig att uppr\u00e4tth\u00e5lla integriteten f\u00f6r alla bes\u00f6kare p\u00e5 denna webbplats (\u201cWebbplatsen\u201d) enligt beskrivningarna i denna sekretesspolicy ( \u201cSekretesspolicyn\u201d). Vi anser att det \u00e4r viktigt f\u00f6r dig att veta hur vi anv\u00e4nder","breadcrumb":{"@id":"https:\/\/www.sifcoasc.com\/sv\/integritetspolicy#breadcrumb"},"inLanguage":"sv-SE","potentialAction":[{"@type":"ReadAction","target":["https:\/\/www.sifcoasc.com\/sv\/integritetspolicy"]}]},{"@type":"BreadcrumbList","@id":"https:\/\/www.sifcoasc.com\/sv\/integritetspolicy#breadcrumb","itemListElement":[{"@type":"ListItem","position":1,"name":"Home","item":"https:\/\/www.sifcoasc.com\/sv"},{"@type":"ListItem","position":2,"name":"Integritetspolicy"}]},{"@type":"WebSite","@id":"https:\/\/www.sifcoasc.com\/sv#website","url":"https:\/\/www.sifcoasc.com\/sv","name":"SIFCO Applied Surface Concepts","description":"","potentialAction":[{"@type":"SearchAction","target":{"@type":"EntryPoint","urlTemplate":"https:\/\/www.sifcoasc.com\/sv?s={search_term_string}"},"query-input":{"@type":"PropertyValueSpecification","valueRequired":true,"valueName":"search_term_string"}}],"inLanguage":"sv-SE"}]}},"featured_image_src":null,"featured_image_src_square":null,"_links":{"self":[{"href":"https:\/\/www.sifcoasc.com\/sv\/wp-json\/wp\/v2\/pages\/7342","targetHints":{"allow":["GET"]}}],"collection":[{"href":"https:\/\/www.sifcoasc.com\/sv\/wp-json\/wp\/v2\/pages"}],"about":[{"href":"https:\/\/www.sifcoasc.com\/sv\/wp-json\/wp\/v2\/types\/page"}],"author":[{"embeddable":true,"href":"https:\/\/www.sifcoasc.com\/sv\/wp-json\/wp\/v2\/users\/103"}],"replies":[{"embeddable":true,"href":"https:\/\/www.sifcoasc.com\/sv\/wp-json\/wp\/v2\/comments?post=7342"}],"version-history":[{"count":0,"href":"https:\/\/www.sifcoasc.com\/sv\/wp-json\/wp\/v2\/pages\/7342\/revisions"}],"wp:attachment":[{"href":"https:\/\/www.sifcoasc.com\/sv\/wp-json\/wp\/v2\/media?parent=7342"}],"curies":[{"name":"wp","href":"https:\/\/api.w.org\/{rel}","templated":true}]}}