{"id":9530,"date":"2022-07-05T08:10:16","date_gmt":"2022-07-05T08:10:16","guid":{"rendered":"https:\/\/www.sifcoasc.com\/nickelplatering\/"},"modified":"2023-02-02T11:11:51","modified_gmt":"2023-02-02T11:11:51","slug":"nickelplatering","status":"publish","type":"page","link":"https:\/\/www.sifcoasc.com\/sv\/nickelplatering","title":{"rendered":"Nickelpl\u00e4tering"},"content":{"rendered":"<div style=\"float: right;\"><iframe title=\"Demonstration av borstpl\u00e4tering av nickel  \" src=\"https:\/\/www.youtube.com\/embed\/81JQOon5X4M\" width=\"560\" height=\"315\" frameborder=\"0\" allowfullscreen=\"allowfullscreen\"><\/iframe><\/div>\n<p class=\"emph\">Vi erbjuder ett stort antal rena metaller och legeringar som kan elektropl\u00e4teras p\u00e5 praktiskt taget alla vanliga metaller och legeringar som anv\u00e4nds i industrin idag, inklusive nickel- och kopparpl\u00e4tering.<\/p>\n<h2>Vad \u00e4r selektiv pl\u00e4tering?<\/h2>\n<p>SIFCO Process\u00ae \u00e4r en selektiv pl\u00e4teringsmetod med borste f\u00f6r att applicera metallbel\u00e4ggningar p\u00e5 lokala omr\u00e5den utan att anv\u00e4nda en neds\u00e4nkningstank. Den b\u00e4rbara processen g\u00f6r det m\u00f6jligt att pl\u00e5ta station\u00e4ra delar som \u00e4r sv\u00e5ra att flytta eller demontera.<\/p>\n<p><strong>Titta p\u00e5 v\u00e5r video f\u00f6r en demonstration av borstpl\u00e4tering av nickel.<\/strong><\/p>\n","protected":false},"excerpt":{"rendered":"<p>Vi erbjuder ett stort antal rena metaller och legeringar som kan elektropl\u00e4teras p\u00e5 praktiskt taget alla vanliga metaller och legeringar som anv\u00e4nds i industrin idag, inklusive nickel- och kopparpl\u00e4tering. Vad \u00e4r selektiv pl\u00e4tering? SIFCO Process\u00ae \u00e4r en selektiv pl\u00e4teringsmetod med borste f\u00f6r att applicera metallbel\u00e4ggningar p\u00e5 lokala omr\u00e5den utan att anv\u00e4nda en neds\u00e4nkningstank. Den b\u00e4rbara [&hellip;]<\/p>\n","protected":false},"author":18,"featured_media":0,"parent":0,"menu_order":0,"comment_status":"closed","ping_status":"closed","template":"","meta":{"_acf_changed":false,"inline_featured_image":false,"footnotes":""},"class_list":["post-9530","page","type-page","status-publish","hentry"],"acf":[],"yoast_head":"<!-- This site is optimized with the Yoast SEO plugin v27.3 - https:\/\/yoast.com\/product\/yoast-seo-wordpress\/ -->\n<title>Nickelpl\u00e4tering - SIFCO Applied Surface Concepts<\/title>\n<meta name=\"description\" content=\"Vi erbjuder ett stort antal rena metaller och legeringar som kan galvaniseras p\u00e5 alla vanliga metaller och legeringar, inklusive nickelpl\u00e4tering.\" \/>\n<meta name=\"robots\" content=\"index, follow, max-snippet:-1, max-image-preview:large, max-video-preview:-1\" \/>\n<link rel=\"canonical\" href=\"https:\/\/www.sifcoasc.com\/sv\/nickelplatering\" \/>\n<meta property=\"og:locale\" content=\"sv_SE\" \/>\n<meta property=\"og:type\" content=\"article\" \/>\n<meta property=\"og:title\" content=\"Nickelpl\u00e4tering - SIFCO Applied Surface Concepts\" \/>\n<meta property=\"og:description\" content=\"Vi erbjuder ett stort antal rena metaller och legeringar som kan galvaniseras p\u00e5 alla vanliga metaller och legeringar, inklusive nickelpl\u00e4tering.\" \/>\n<meta property=\"og:url\" content=\"https:\/\/www.sifcoasc.com\/sv\/nickelplatering\" \/>\n<meta property=\"og:site_name\" content=\"SIFCO Applied Surface Concepts\" \/>\n<meta property=\"article:modified_time\" content=\"2023-02-02T11:11:51+00:00\" \/>\n<meta name=\"twitter:label1\" content=\"Est. reading time\" \/>\n\t<meta name=\"twitter:data1\" content=\"1 minut\" \/>\n<script type=\"application\/ld+json\" class=\"yoast-schema-graph\">{\"@context\":\"https:\\\/\\\/schema.org\",\"@graph\":[{\"@type\":\"WebPage\",\"@id\":\"https:\\\/\\\/www.sifcoasc.com\\\/sv\\\/nickelplatering\",\"url\":\"https:\\\/\\\/www.sifcoasc.com\\\/sv\\\/nickelplatering\",\"name\":\"Nickelpl\u00e4tering - SIFCO Applied Surface Concepts\",\"isPartOf\":{\"@id\":\"https:\\\/\\\/www.sifcoasc.com\\\/sv#website\"},\"datePublished\":\"2022-07-05T08:10:16+00:00\",\"dateModified\":\"2023-02-02T11:11:51+00:00\",\"description\":\"Vi erbjuder ett stort antal rena metaller och legeringar som kan galvaniseras p\u00e5 alla vanliga metaller och legeringar, inklusive nickelpl\u00e4tering.\",\"breadcrumb\":{\"@id\":\"https:\\\/\\\/www.sifcoasc.com\\\/sv\\\/nickelplatering#breadcrumb\"},\"inLanguage\":\"sv-SE\",\"potentialAction\":[{\"@type\":\"ReadAction\",\"target\":[\"https:\\\/\\\/www.sifcoasc.com\\\/sv\\\/nickelplatering\"]}]},{\"@type\":\"BreadcrumbList\",\"@id\":\"https:\\\/\\\/www.sifcoasc.com\\\/sv\\\/nickelplatering#breadcrumb\",\"itemListElement\":[{\"@type\":\"ListItem\",\"position\":1,\"name\":\"Home\",\"item\":\"https:\\\/\\\/www.sifcoasc.com\\\/sv\"},{\"@type\":\"ListItem\",\"position\":2,\"name\":\"Nickelpl\u00e4tering\"}]},{\"@type\":\"WebSite\",\"@id\":\"https:\\\/\\\/www.sifcoasc.com\\\/sv#website\",\"url\":\"https:\\\/\\\/www.sifcoasc.com\\\/sv\",\"name\":\"SIFCO Applied Surface Concepts\",\"description\":\"\",\"potentialAction\":[{\"@type\":\"SearchAction\",\"target\":{\"@type\":\"EntryPoint\",\"urlTemplate\":\"https:\\\/\\\/www.sifcoasc.com\\\/sv?s={search_term_string}\"},\"query-input\":{\"@type\":\"PropertyValueSpecification\",\"valueRequired\":true,\"valueName\":\"search_term_string\"}}],\"inLanguage\":\"sv-SE\"}]}<\/script>\n<!-- \/ Yoast SEO plugin. -->","yoast_head_json":{"title":"Nickelpl\u00e4tering - SIFCO Applied Surface Concepts","description":"Vi erbjuder ett stort antal rena metaller och legeringar som kan galvaniseras p\u00e5 alla vanliga metaller och legeringar, inklusive nickelpl\u00e4tering.","robots":{"index":"index","follow":"follow","max-snippet":"max-snippet:-1","max-image-preview":"max-image-preview:large","max-video-preview":"max-video-preview:-1"},"canonical":"https:\/\/www.sifcoasc.com\/sv\/nickelplatering","og_locale":"sv_SE","og_type":"article","og_title":"Nickelpl\u00e4tering - SIFCO Applied Surface Concepts","og_description":"Vi erbjuder ett stort antal rena metaller och legeringar som kan galvaniseras p\u00e5 alla vanliga metaller och legeringar, inklusive nickelpl\u00e4tering.","og_url":"https:\/\/www.sifcoasc.com\/sv\/nickelplatering","og_site_name":"SIFCO Applied Surface Concepts","article_modified_time":"2023-02-02T11:11:51+00:00","twitter_misc":{"Est. reading time":"1 minut"},"schema":{"@context":"https:\/\/schema.org","@graph":[{"@type":"WebPage","@id":"https:\/\/www.sifcoasc.com\/sv\/nickelplatering","url":"https:\/\/www.sifcoasc.com\/sv\/nickelplatering","name":"Nickelpl\u00e4tering - SIFCO Applied Surface Concepts","isPartOf":{"@id":"https:\/\/www.sifcoasc.com\/sv#website"},"datePublished":"2022-07-05T08:10:16+00:00","dateModified":"2023-02-02T11:11:51+00:00","description":"Vi erbjuder ett stort antal rena metaller och legeringar som kan galvaniseras p\u00e5 alla vanliga metaller och legeringar, inklusive nickelpl\u00e4tering.","breadcrumb":{"@id":"https:\/\/www.sifcoasc.com\/sv\/nickelplatering#breadcrumb"},"inLanguage":"sv-SE","potentialAction":[{"@type":"ReadAction","target":["https:\/\/www.sifcoasc.com\/sv\/nickelplatering"]}]},{"@type":"BreadcrumbList","@id":"https:\/\/www.sifcoasc.com\/sv\/nickelplatering#breadcrumb","itemListElement":[{"@type":"ListItem","position":1,"name":"Home","item":"https:\/\/www.sifcoasc.com\/sv"},{"@type":"ListItem","position":2,"name":"Nickelpl\u00e4tering"}]},{"@type":"WebSite","@id":"https:\/\/www.sifcoasc.com\/sv#website","url":"https:\/\/www.sifcoasc.com\/sv","name":"SIFCO Applied Surface Concepts","description":"","potentialAction":[{"@type":"SearchAction","target":{"@type":"EntryPoint","urlTemplate":"https:\/\/www.sifcoasc.com\/sv?s={search_term_string}"},"query-input":{"@type":"PropertyValueSpecification","valueRequired":true,"valueName":"search_term_string"}}],"inLanguage":"sv-SE"}]}},"featured_image_src":null,"featured_image_src_square":null,"_links":{"self":[{"href":"https:\/\/www.sifcoasc.com\/sv\/wp-json\/wp\/v2\/pages\/9530","targetHints":{"allow":["GET"]}}],"collection":[{"href":"https:\/\/www.sifcoasc.com\/sv\/wp-json\/wp\/v2\/pages"}],"about":[{"href":"https:\/\/www.sifcoasc.com\/sv\/wp-json\/wp\/v2\/types\/page"}],"author":[{"embeddable":true,"href":"https:\/\/www.sifcoasc.com\/sv\/wp-json\/wp\/v2\/users\/18"}],"replies":[{"embeddable":true,"href":"https:\/\/www.sifcoasc.com\/sv\/wp-json\/wp\/v2\/comments?post=9530"}],"version-history":[{"count":0,"href":"https:\/\/www.sifcoasc.com\/sv\/wp-json\/wp\/v2\/pages\/9530\/revisions"}],"wp:attachment":[{"href":"https:\/\/www.sifcoasc.com\/sv\/wp-json\/wp\/v2\/media?parent=9530"}],"curies":[{"name":"wp","href":"https:\/\/api.w.org\/{rel}","templated":true}]}}