{"id":9611,"date":"2022-07-14T10:28:53","date_gmt":"2022-07-14T10:28:53","guid":{"rendered":"https:\/\/www.sifcoasc.com\/whitepaper-om-inkapslad-platering\/"},"modified":"2023-02-07T12:29:49","modified_gmt":"2023-02-07T12:29:49","slug":"whitepaper-om-inkapslad-platering","status":"publish","type":"page","link":"https:\/\/www.sifcoasc.com\/sv\/vad-ar-selektiv-platering\/inkapslad-flodesplatering\/whitepaper-om-inkapslad-platering","title":{"rendered":"Whitepaper om inkapslad pl\u00e4tering"},"content":{"rendered":"<h2>Inkapslande pl\u00e4tering: \u00d6kad genomstr\u00f6mning och repeterbarhet f\u00f6r komplexa pl\u00e4teringstill\u00e4mpningar<\/h2>\n<p><em>Tillverkningsf\u00f6retag \u00f6ver hela v\u00e4rlden \u00e4r pressade. Regel- och kostnadstryck inneb\u00e4r att organisationer anv\u00e4nder sig av nya processer f\u00f6r att \u00f6ka genomstr\u00f6mningen och f\u00f6rb\u00e4ttra effektiviteten utan att kompromissa med kvaliteten p\u00e5 den f\u00e4rdiga produkten.  <\/em><em>Patrick Kerampran, teknisk chef p\u00e5 SIFCO ASC Frankrike<\/em><em>, utforskar hur en ny pl\u00e4teringsmetod kan vara nyckeln till f\u00f6rb\u00e4ttrad repeterbarhet, snabbare genomstr\u00f6mning och minskad m\u00e4ngd kassationer f\u00f6r komplexa pl\u00e4teringstill\u00e4mpningar.<\/em><\/p>\n<p><strong>Inkapslad pl\u00e4tering \u00e4r ett idealiskt alternativ n\u00e4r volymen delar som ska pl\u00e4teras \u00e4r f\u00f6r stor f\u00f6r borstpl\u00e4tering, men f\u00f6r liten eller f\u00f6r komplex f\u00f6r tankpl\u00e4tering. \u00c4ven om de viktigaste f\u00f6rdelarna \u00e4r desamma som f\u00f6r borstpl\u00e4tering, inklusive minimerad maskering och avfallsproduktion, inget behov av att s\u00e4nka ner hela delen och en snabb pl\u00e4teringstakt, inneb\u00e4r processens natur att den kan anv\u00e4ndas f\u00f6r att pl\u00e4tera delar med mycket komplexa geometrier och dimensioner.<\/strong><\/p>\n<p>Ett snabbt och effektivt s\u00e4tt att pl\u00e5ta delar med f\u00f6rs\u00e4nkta omr\u00e5den, skarpa h\u00f6rn eller cirkulerande geometrier, t.ex. r\u00f6r eller kopplingar, kommer att \u00f6ka processeffektiviteten avsev\u00e4rt inom en rad olika branscher.<\/p>\n<h2>Ladda ner vitboken<\/h2>\n<script type=\"text\/javascript\">\n\/* <![CDATA[ *\/\nvar gform;gform||(document.addEventListener(\"gform_main_scripts_loaded\",function(){gform.scriptsLoaded=!0}),document.addEventListener(\"gform\/theme\/scripts_loaded\",function(){gform.themeScriptsLoaded=!0}),window.addEventListener(\"DOMContentLoaded\",function(){gform.domLoaded=!0}),gform={domLoaded:!1,scriptsLoaded:!1,themeScriptsLoaded:!1,isFormEditor:()=>\"function\"==typeof InitializeEditor,callIfLoaded:function(o){return!(!gform.domLoaded||!gform.scriptsLoaded||!gform.themeScriptsLoaded&&!gform.isFormEditor()||(gform.isFormEditor()&&console.warn(\"The use of gform.initializeOnLoaded() is deprecated in the form editor context and will be removed in Gravity Forms 3.1.\"),o(),0))},initializeOnLoaded:function(o){gform.callIfLoaded(o)||(document.addEventListener(\"gform_main_scripts_loaded\",()=>{gform.scriptsLoaded=!0,gform.callIfLoaded(o)}),document.addEventListener(\"gform\/theme\/scripts_loaded\",()=>{gform.themeScriptsLoaded=!0,gform.callIfLoaded(o)}),window.addEventListener(\"DOMContentLoaded\",()=>{gform.domLoaded=!0,gform.callIfLoaded(o)}))},hooks:{action:{},filter:{}},addAction:function(o,r,e,t){gform.addHook(\"action\",o,r,e,t)},addFilter:function(o,r,e,t){gform.addHook(\"filter\",o,r,e,t)},doAction:function(o){gform.doHook(\"action\",o,arguments)},applyFilters:function(o){return gform.doHook(\"filter\",o,arguments)},removeAction:function(o,r){gform.removeHook(\"action\",o,r)},removeFilter:function(o,r,e){gform.removeHook(\"filter\",o,r,e)},addHook:function(o,r,e,t,n){null==gform.hooks[o][r]&&(gform.hooks[o][r]=[]);var d=gform.hooks[o][r];null==n&&(n=r+\"_\"+d.length),gform.hooks[o][r].push({tag:n,callable:e,priority:t=null==t?10:t})},doHook:function(r,o,e){var t;if(e=Array.prototype.slice.call(e,1),null!=gform.hooks[r][o]&&((o=gform.hooks[r][o]).sort(function(o,r){return o.priority-r.priority}),o.forEach(function(o){\"function\"!=typeof(t=o.callable)&&(t=window[t]),\"action\"==r?t.apply(null,e):e[0]=t.apply(null,e)})),\"filter\"==r)return e[0]},removeHook:function(o,r,t,n){var e;null!=gform.hooks[o][r]&&(e=(e=gform.hooks[o][r]).filter(function(o,r,e){return!!(null!=n&&n!=o.tag||null!=t&&t!=o.priority)}),gform.hooks[o][r]=e)}});\n\/* ]]> *\/\n<\/script>\n\n                <div class='gf_browser_gecko gform_wrapper gform_legacy_markup_wrapper gform-theme--no-framework' data-form-theme='legacy' data-form-index='0' id='gform_wrapper_48' ><form method='post' enctype='multipart\/form-data'  id='gform_48'  action='\/sv\/wp-json\/wp\/v2\/pages\/9611' data-formid='48' novalidate>\n                        <div class='gform-body gform_body'><ul id='gform_fields_48' class='gform_fields top_label form_sublabel_below description_below validation_below'><li id=\"field_48_12\" class=\"gfield gfield--type-text gf_left_half field_sublabel_below gfield--no-description field_description_below field_validation_below gfield_visibility_visible\"  ><label class='gfield_label gform-field-label' for='input_48_12'>Fullst\u00e4ndiga namn<\/label><div class='ginput_container ginput_container_text'><input name='input_12' id='input_48_12' type='text' value='' class='medium'      aria-invalid=\"false\"   \/><\/div><\/li><li id=\"field_48_3\" class=\"gfield gfield--type-text gf_right_half gfield_contains_required field_sublabel_below gfield--no-description field_description_below field_validation_below gfield_visibility_visible\"  ><label class='gfield_label gform-field-label' for='input_48_3'>E-postadress<span class=\"gfield_required\"><span class=\"gfield_required gfield_required_asterisk\">*<\/span><\/span><\/label><div class='ginput_container ginput_container_text'><input name='input_3' id='input_48_3' type='text' value='' class='medium'     aria-required=\"true\" aria-invalid=\"false\"   \/><\/div><\/li><li id=\"field_48_13\" class=\"gfield gfield--type-text field_sublabel_below gfield--no-description field_description_below field_validation_below gfield_visibility_visible\"  ><label class='gfield_label gform-field-label' for='input_48_13'>stat<\/label><div class='ginput_container ginput_container_text'><input name='input_13' id='input_48_13' type='text' value='' class='large'      aria-invalid=\"false\"   \/><\/div><\/li><li id=\"field_48_14\" class=\"gfield gfield--type-text field_sublabel_below gfield--no-description field_description_below field_validation_below gfield_visibility_visible\"  ><label class='gfield_label gform-field-label' for='input_48_14'>Befattning eller roll<\/label><div class='ginput_container ginput_container_text'><input name='input_14' id='input_48_14' type='text' value='' class='large'      aria-invalid=\"false\"   \/><\/div><\/li><li id=\"field_48_15\" class=\"gfield gfield--type-text field_sublabel_below gfield--no-description field_description_below field_validation_below gfield_visibility_visible\"  ><label class='gfield_label gform-field-label' for='input_48_15'>F\u00f6retag\/Organisation<\/label><div class='ginput_container ginput_container_text'><input name='input_15' id='input_48_15' type='text' value='' class='large'      aria-invalid=\"false\"   \/><\/div><\/li><li id=\"field_48_16\" class=\"gfield gfield--type-checkbox gfield--type-choice field_sublabel_below gfield--no-description field_description_below field_validation_below gfield_visibility_visible\"  ><label class='gfield_label gform-field-label screen-reader-text gfield_label_before_complex' ><\/label><div class='ginput_container ginput_container_checkbox'><ul class='gfield_checkbox' id='input_48_16'><li class='gchoice gchoice_48_16_1'>\n\t\t\t\t\t\t\t\t<input class='gfield-choice-input' name='input_16.1' type='checkbox'  value='SIFCO ASC kan vilja kontakta dig ang\u00e5ende produkter, tj\u00e4nster, erbjudanden, teknisk utveckling eller dina \u00e5sikter. Om du inte vill bli kontaktad, v\u00e4nligen kryssa i rutan.'  id='choice_48_16_1'   \/>\n\t\t\t\t\t\t\t\t<label for='choice_48_16_1' id='label_48_16_1' class='gform-field-label gform-field-label--type-inline'>SIFCO ASC kan vilja kontakta dig ang\u00e5ende produkter, tj\u00e4nster, erbjudanden, teknisk utveckling eller dina \u00e5sikter. Om du inte vill bli kontaktad, v\u00e4nligen kryssa i rutan.<\/label>\n\t\t\t\t\t\t\t<\/li><\/ul><\/div><\/li><\/ul><\/div>\n        <div class='gform-footer gform_footer top_label'> <input type='submit' id='gform_submit_button_48' class='gform_button button' onclick='gform.submission.handleButtonClick(this);' data-submission-type='submit' value='Skicka in'  \/> \n            <input type='hidden' class='gform_hidden' name='gform_submission_method' data-js='gform_submission_method_48' value='postback' \/>\n            <input type='hidden' class='gform_hidden' name='gform_theme' data-js='gform_theme_48' id='gform_theme_48' value='legacy' \/>\n            <input type='hidden' class='gform_hidden' name='gform_style_settings' data-js='gform_style_settings_48' id='gform_style_settings_48' value='[]' \/>\n            <input type='hidden' class='gform_hidden' name='is_submit_48' value='1' \/>\n            <input type='hidden' class='gform_hidden' name='gform_submit' value='48' \/>\n            \n            <input type='hidden' class='gform_hidden' name='gform_currency' data-currency='USD' value='IWHGvQYGKBw9NJWa5pKFGm6K9gLu2fACDYLE3NN5nctSMN6BlVbXFCs1RZsVw7523kZ4O\/\/1+8rRPr\/wM9ZXOVmmahCOP++v0rOKby7z+SytLo4=' \/>\n            <input type='hidden' class='gform_hidden' name='gform_unique_id' value='' \/>\n            <input type='hidden' class='gform_hidden' name='state_48' value='WyJbXSIsImQxMDU1MWUyOGU1ZTQ2ZDJhNDlhNWMzNTQ1MmI1YzQxIl0=' \/>\n            <input type='hidden' autocomplete='off' class='gform_hidden' name='gform_target_page_number_48' id='gform_target_page_number_48' value='0' \/>\n            <input type='hidden' autocomplete='off' class='gform_hidden' name='gform_source_page_number_48' id='gform_source_page_number_48' value='1' \/>\n            <input type='hidden' name='gform_field_values' value='' \/>\n            \n        <\/div>\n                        <input type=\"hidden\" id=\"ct_checkjs_5737034557ef5b8c02c0e46513b98f90\" name=\"ct_checkjs\" value=\"0\" \/><script >setTimeout(function(){var ct_input_name = \"ct_checkjs_5737034557ef5b8c02c0e46513b98f90\";if (document.getElementById(ct_input_name) !== null) {var ct_input_value = document.getElementById(ct_input_name).value;document.getElementById(ct_input_name).value = document.getElementById(ct_input_name).value.replace(ct_input_value, 'c8498e28f559b8da2c32f3a99cba62af5901009f5edc3429c51971a226a0f89c');}}, 1000);<\/script><input\n                    class=\"apbct_special_field apbct_email_id__gravity_form\"\n                    name=\"apbct__email_id__gravity_form\"\n                    aria-label=\"apbct__label_id__gravity_form\"\n                    type=\"text\" size=\"30\" maxlength=\"200\" autocomplete=\"off\"\n                    value=\"\"\n                \/><\/form>\n                        <\/div><script type=\"text\/javascript\">\n\/* <![CDATA[ *\/\n gform.initializeOnLoaded( function() {gformInitSpinner( 48, 'https:\/\/www.sifcoasc.com\/wp-content\/plugins\/gravityforms\/images\/spinner.svg', true );jQuery('#gform_ajax_frame_48').on('load',function(){var contents = jQuery(this).contents().find('*').html();var is_postback = contents.indexOf('GF_AJAX_POSTBACK') >= 0;if(!is_postback){return;}var form_content = jQuery(this).contents().find('#gform_wrapper_48');var is_confirmation = jQuery(this).contents().find('#gform_confirmation_wrapper_48').length > 0;var is_redirect = contents.indexOf('gformRedirect(){') >= 0;var is_form = form_content.length > 0 && ! is_redirect && ! is_confirmation;var mt = parseInt(jQuery('html').css('margin-top'), 10) + parseInt(jQuery('body').css('margin-top'), 10) + 100;if(is_form){jQuery('#gform_wrapper_48').html(form_content.html());if(form_content.hasClass('gform_validation_error')){jQuery('#gform_wrapper_48').addClass('gform_validation_error');} else {jQuery('#gform_wrapper_48').removeClass('gform_validation_error');}setTimeout( function() { \/* delay the scroll by 50 milliseconds to fix a bug in chrome *\/  }, 50 );if(window['gformInitDatepicker']) {gformInitDatepicker();}if(window['gformInitPriceFields']) {gformInitPriceFields();}var current_page = jQuery('#gform_source_page_number_48').val();gformInitSpinner( 48, 'https:\/\/www.sifcoasc.com\/wp-content\/plugins\/gravityforms\/images\/spinner.svg', true );jQuery(document).trigger('gform_page_loaded', [48, current_page]);window['gf_submitting_48'] = false;}else if(!is_redirect){var confirmation_content = jQuery(this).contents().find('.GF_AJAX_POSTBACK').html();if(!confirmation_content){confirmation_content = contents;}jQuery('#gform_wrapper_48').replaceWith(confirmation_content);jQuery(document).trigger('gform_confirmation_loaded', [48]);window['gf_submitting_48'] = false;wp.a11y.speak(jQuery('#gform_confirmation_message_48').text());}else{jQuery('#gform_48').append(contents);if(window['gformRedirect']) {gformRedirect();}}jQuery(document).trigger(\"gform_pre_post_render\", [{ formId: \"48\", currentPage: \"current_page\", abort: function() { this.preventDefault(); } }]);        if (event && event.defaultPrevented) {                return;        }        const gformWrapperDiv = document.getElementById( \"gform_wrapper_48\" );        if ( gformWrapperDiv ) {            const visibilitySpan = document.createElement( \"span\" );            visibilitySpan.id = \"gform_visibility_test_48\";            gformWrapperDiv.insertAdjacentElement( \"afterend\", visibilitySpan );        }        const visibilityTestDiv = document.getElementById( \"gform_visibility_test_48\" );        let postRenderFired = false;        function triggerPostRender() {            if ( postRenderFired ) {                return;            }            postRenderFired = true;            gform.core.triggerPostRenderEvents( 48, current_page );            if ( visibilityTestDiv ) {                visibilityTestDiv.parentNode.removeChild( visibilityTestDiv );            }        }        function debounce( func, wait, immediate ) {            var timeout;            return function() {                var context = this, args = arguments;                var later = function() {                    timeout = null;                    if ( !immediate ) func.apply( context, args );                };                var callNow = immediate && !timeout;                clearTimeout( timeout );                timeout = setTimeout( later, wait );                if ( callNow ) func.apply( context, args );            };        }        const debouncedTriggerPostRender = debounce( function() {            triggerPostRender();        }, 200 );        if ( visibilityTestDiv && visibilityTestDiv.offsetParent === null ) {            const observer = new MutationObserver( ( mutations ) => {                mutations.forEach( ( mutation ) => {                    if ( mutation.type === 'attributes' && visibilityTestDiv.offsetParent !== null ) {                        debouncedTriggerPostRender();                        observer.disconnect();                    }                });            });            observer.observe( document.body, {                attributes: true,                childList: false,                subtree: true,                attributeFilter: [ 'style', 'class' ],            });        } else {            triggerPostRender();        }    } );} ); \n\/* ]]> *\/\n<\/script>\n\n","protected":false},"excerpt":{"rendered":"<p>Inkapslande pl\u00e4tering: \u00d6kad genomstr\u00f6mning och repeterbarhet f\u00f6r komplexa pl\u00e4teringstill\u00e4mpningar Tillverkningsf\u00f6retag \u00f6ver hela v\u00e4rlden \u00e4r pressade. Regel- och kostnadstryck inneb\u00e4r att organisationer anv\u00e4nder sig av nya processer f\u00f6r att \u00f6ka genomstr\u00f6mningen och f\u00f6rb\u00e4ttra effektiviteten utan att kompromissa med kvaliteten p\u00e5 den f\u00e4rdiga produkten. Patrick Kerampran, teknisk chef p\u00e5 SIFCO ASC Frankrike, utforskar hur en ny pl\u00e4teringsmetod [&hellip;]<\/p>\n","protected":false},"author":81,"featured_media":0,"parent":9643,"menu_order":0,"comment_status":"closed","ping_status":"closed","template":"","meta":{"_acf_changed":false,"inline_featured_image":false,"footnotes":""},"class_list":["post-9611","page","type-page","status-publish","hentry"],"acf":[],"yoast_head":"<!-- This site is optimized with the Yoast SEO plugin v27.3 - https:\/\/yoast.com\/product\/yoast-seo-wordpress\/ -->\n<title>SIFCO ASC : \u00d6kad repeterbarhet f\u00f6r komplexa pl\u00e4teringsapplikationer<\/title>\n<meta name=\"description\" content=\"I det h\u00e4r vitboken f\u00f6rklarar vi hur inkapslad pl\u00e4tering kombinerar det b\u00e4sta av b\u00e5de selektiv pl\u00e4tering och tankpl\u00e4tering f\u00f6r omr\u00e5den som inte \u00e4r synliga.\" \/>\n<meta name=\"robots\" content=\"index, follow, max-snippet:-1, max-image-preview:large, max-video-preview:-1\" \/>\n<link rel=\"canonical\" href=\"https:\/\/www.sifcoasc.com\/sv\/vad-ar-selektiv-platering\/inkapslad-flodesplatering\/whitepaper-om-inkapslad-platering\" \/>\n<meta property=\"og:locale\" content=\"sv_SE\" \/>\n<meta property=\"og:type\" content=\"article\" \/>\n<meta property=\"og:title\" content=\"SIFCO ASC : \u00d6kad repeterbarhet f\u00f6r komplexa pl\u00e4teringsapplikationer\" \/>\n<meta property=\"og:description\" content=\"I det h\u00e4r vitboken f\u00f6rklarar vi hur inkapslad pl\u00e4tering kombinerar det b\u00e4sta av b\u00e5de selektiv pl\u00e4tering och tankpl\u00e4tering f\u00f6r omr\u00e5den som inte \u00e4r synliga.\" \/>\n<meta property=\"og:url\" content=\"https:\/\/www.sifcoasc.com\/sv\/vad-ar-selektiv-platering\/inkapslad-flodesplatering\/whitepaper-om-inkapslad-platering\" \/>\n<meta property=\"og:site_name\" content=\"SIFCO Applied Surface Concepts\" \/>\n<meta property=\"article:modified_time\" content=\"2023-02-07T12:29:49+00:00\" \/>\n<meta name=\"twitter:label1\" content=\"Est. reading time\" \/>\n\t<meta name=\"twitter:data1\" content=\"1 minut\" \/>\n<script type=\"application\/ld+json\" class=\"yoast-schema-graph\">{\"@context\":\"https:\\\/\\\/schema.org\",\"@graph\":[{\"@type\":\"WebPage\",\"@id\":\"https:\\\/\\\/www.sifcoasc.com\\\/sv\\\/vad-ar-selektiv-platering\\\/inkapslad-flodesplatering\\\/whitepaper-om-inkapslad-platering\",\"url\":\"https:\\\/\\\/www.sifcoasc.com\\\/sv\\\/vad-ar-selektiv-platering\\\/inkapslad-flodesplatering\\\/whitepaper-om-inkapslad-platering\",\"name\":\"SIFCO ASC : \u00d6kad repeterbarhet f\u00f6r komplexa pl\u00e4teringsapplikationer\",\"isPartOf\":{\"@id\":\"https:\\\/\\\/www.sifcoasc.com\\\/sv#website\"},\"datePublished\":\"2022-07-14T10:28:53+00:00\",\"dateModified\":\"2023-02-07T12:29:49+00:00\",\"description\":\"I det h\u00e4r vitboken f\u00f6rklarar vi hur inkapslad pl\u00e4tering kombinerar det b\u00e4sta av b\u00e5de selektiv pl\u00e4tering och tankpl\u00e4tering f\u00f6r omr\u00e5den som inte \u00e4r synliga.\",\"breadcrumb\":{\"@id\":\"https:\\\/\\\/www.sifcoasc.com\\\/sv\\\/vad-ar-selektiv-platering\\\/inkapslad-flodesplatering\\\/whitepaper-om-inkapslad-platering#breadcrumb\"},\"inLanguage\":\"sv-SE\",\"potentialAction\":[{\"@type\":\"ReadAction\",\"target\":[\"https:\\\/\\\/www.sifcoasc.com\\\/sv\\\/vad-ar-selektiv-platering\\\/inkapslad-flodesplatering\\\/whitepaper-om-inkapslad-platering\"]}]},{\"@type\":\"BreadcrumbList\",\"@id\":\"https:\\\/\\\/www.sifcoasc.com\\\/sv\\\/vad-ar-selektiv-platering\\\/inkapslad-flodesplatering\\\/whitepaper-om-inkapslad-platering#breadcrumb\",\"itemListElement\":[{\"@type\":\"ListItem\",\"position\":1,\"name\":\"Home\",\"item\":\"https:\\\/\\\/www.sifcoasc.com\\\/sv\"},{\"@type\":\"ListItem\",\"position\":2,\"name\":\"Vad \u00e4r selektiv pl\u00e4tering?\",\"item\":\"https:\\\/\\\/www.sifcoasc.com\\\/sv\\\/vad-ar-selektiv-platering\"},{\"@type\":\"ListItem\",\"position\":3,\"name\":\"Inkapslad fl\u00f6despl\u00e4tering\",\"item\":\"https:\\\/\\\/www.sifcoasc.com\\\/sv\\\/vad-ar-selektiv-platering\\\/inkapslad-flodesplatering\"},{\"@type\":\"ListItem\",\"position\":4,\"name\":\"Whitepaper om inkapslad pl\u00e4tering\"}]},{\"@type\":\"WebSite\",\"@id\":\"https:\\\/\\\/www.sifcoasc.com\\\/sv#website\",\"url\":\"https:\\\/\\\/www.sifcoasc.com\\\/sv\",\"name\":\"SIFCO Applied Surface Concepts\",\"description\":\"\",\"potentialAction\":[{\"@type\":\"SearchAction\",\"target\":{\"@type\":\"EntryPoint\",\"urlTemplate\":\"https:\\\/\\\/www.sifcoasc.com\\\/sv?s={search_term_string}\"},\"query-input\":{\"@type\":\"PropertyValueSpecification\",\"valueRequired\":true,\"valueName\":\"search_term_string\"}}],\"inLanguage\":\"sv-SE\"}]}<\/script>\n<!-- \/ Yoast SEO plugin. -->","yoast_head_json":{"title":"SIFCO ASC : \u00d6kad repeterbarhet f\u00f6r komplexa pl\u00e4teringsapplikationer","description":"I det h\u00e4r vitboken f\u00f6rklarar vi hur inkapslad pl\u00e4tering kombinerar det b\u00e4sta av b\u00e5de selektiv pl\u00e4tering och tankpl\u00e4tering f\u00f6r omr\u00e5den som inte \u00e4r synliga.","robots":{"index":"index","follow":"follow","max-snippet":"max-snippet:-1","max-image-preview":"max-image-preview:large","max-video-preview":"max-video-preview:-1"},"canonical":"https:\/\/www.sifcoasc.com\/sv\/vad-ar-selektiv-platering\/inkapslad-flodesplatering\/whitepaper-om-inkapslad-platering","og_locale":"sv_SE","og_type":"article","og_title":"SIFCO ASC : \u00d6kad repeterbarhet f\u00f6r komplexa pl\u00e4teringsapplikationer","og_description":"I det h\u00e4r vitboken f\u00f6rklarar vi hur inkapslad pl\u00e4tering kombinerar det b\u00e4sta av b\u00e5de selektiv pl\u00e4tering och tankpl\u00e4tering f\u00f6r omr\u00e5den som inte \u00e4r synliga.","og_url":"https:\/\/www.sifcoasc.com\/sv\/vad-ar-selektiv-platering\/inkapslad-flodesplatering\/whitepaper-om-inkapslad-platering","og_site_name":"SIFCO Applied Surface Concepts","article_modified_time":"2023-02-07T12:29:49+00:00","twitter_misc":{"Est. reading time":"1 minut"},"schema":{"@context":"https:\/\/schema.org","@graph":[{"@type":"WebPage","@id":"https:\/\/www.sifcoasc.com\/sv\/vad-ar-selektiv-platering\/inkapslad-flodesplatering\/whitepaper-om-inkapslad-platering","url":"https:\/\/www.sifcoasc.com\/sv\/vad-ar-selektiv-platering\/inkapslad-flodesplatering\/whitepaper-om-inkapslad-platering","name":"SIFCO ASC : \u00d6kad repeterbarhet f\u00f6r komplexa pl\u00e4teringsapplikationer","isPartOf":{"@id":"https:\/\/www.sifcoasc.com\/sv#website"},"datePublished":"2022-07-14T10:28:53+00:00","dateModified":"2023-02-07T12:29:49+00:00","description":"I det h\u00e4r vitboken f\u00f6rklarar vi hur inkapslad pl\u00e4tering kombinerar det b\u00e4sta av b\u00e5de selektiv pl\u00e4tering och tankpl\u00e4tering f\u00f6r omr\u00e5den som inte \u00e4r synliga.","breadcrumb":{"@id":"https:\/\/www.sifcoasc.com\/sv\/vad-ar-selektiv-platering\/inkapslad-flodesplatering\/whitepaper-om-inkapslad-platering#breadcrumb"},"inLanguage":"sv-SE","potentialAction":[{"@type":"ReadAction","target":["https:\/\/www.sifcoasc.com\/sv\/vad-ar-selektiv-platering\/inkapslad-flodesplatering\/whitepaper-om-inkapslad-platering"]}]},{"@type":"BreadcrumbList","@id":"https:\/\/www.sifcoasc.com\/sv\/vad-ar-selektiv-platering\/inkapslad-flodesplatering\/whitepaper-om-inkapslad-platering#breadcrumb","itemListElement":[{"@type":"ListItem","position":1,"name":"Home","item":"https:\/\/www.sifcoasc.com\/sv"},{"@type":"ListItem","position":2,"name":"Vad \u00e4r selektiv pl\u00e4tering?","item":"https:\/\/www.sifcoasc.com\/sv\/vad-ar-selektiv-platering"},{"@type":"ListItem","position":3,"name":"Inkapslad fl\u00f6despl\u00e4tering","item":"https:\/\/www.sifcoasc.com\/sv\/vad-ar-selektiv-platering\/inkapslad-flodesplatering"},{"@type":"ListItem","position":4,"name":"Whitepaper om inkapslad pl\u00e4tering"}]},{"@type":"WebSite","@id":"https:\/\/www.sifcoasc.com\/sv#website","url":"https:\/\/www.sifcoasc.com\/sv","name":"SIFCO Applied Surface Concepts","description":"","potentialAction":[{"@type":"SearchAction","target":{"@type":"EntryPoint","urlTemplate":"https:\/\/www.sifcoasc.com\/sv?s={search_term_string}"},"query-input":{"@type":"PropertyValueSpecification","valueRequired":true,"valueName":"search_term_string"}}],"inLanguage":"sv-SE"}]}},"featured_image_src":null,"featured_image_src_square":null,"_links":{"self":[{"href":"https:\/\/www.sifcoasc.com\/sv\/wp-json\/wp\/v2\/pages\/9611","targetHints":{"allow":["GET"]}}],"collection":[{"href":"https:\/\/www.sifcoasc.com\/sv\/wp-json\/wp\/v2\/pages"}],"about":[{"href":"https:\/\/www.sifcoasc.com\/sv\/wp-json\/wp\/v2\/types\/page"}],"author":[{"embeddable":true,"href":"https:\/\/www.sifcoasc.com\/sv\/wp-json\/wp\/v2\/users\/81"}],"replies":[{"embeddable":true,"href":"https:\/\/www.sifcoasc.com\/sv\/wp-json\/wp\/v2\/comments?post=9611"}],"version-history":[{"count":0,"href":"https:\/\/www.sifcoasc.com\/sv\/wp-json\/wp\/v2\/pages\/9611\/revisions"}],"up":[{"embeddable":true,"href":"https:\/\/www.sifcoasc.com\/sv\/wp-json\/wp\/v2\/pages\/9643"}],"wp:attachment":[{"href":"https:\/\/www.sifcoasc.com\/sv\/wp-json\/wp\/v2\/media?parent=9611"}],"curies":[{"name":"wp","href":"https:\/\/api.w.org\/{rel}","templated":true}]}}