{"id":9634,"date":"2022-07-14T15:28:29","date_gmt":"2022-07-14T15:28:29","guid":{"rendered":"https:\/\/www.sifcoasc.com\/vad-ar-selektiv-platering\/"},"modified":"2023-02-07T12:29:43","modified_gmt":"2023-02-07T12:29:43","slug":"vad-ar-selektiv-platering","status":"publish","type":"page","link":"https:\/\/www.sifcoasc.com\/sv\/vad-ar-selektiv-platering","title":{"rendered":"Vad \u00e4r selektiv pl\u00e4tering?"},"content":{"rendered":"","protected":false},"excerpt":{"rendered":"","protected":false},"author":18,"featured_media":0,"parent":0,"menu_order":0,"comment_status":"closed","ping_status":"closed","template":"fullwidth.php","meta":{"_acf_changed":false,"inline_featured_image":false,"footnotes":""},"class_list":["post-9634","page","type-page","status-publish","hentry"],"acf":[],"yoast_head":"<!-- This site is optimized with the Yoast SEO plugin v27.4 - https:\/\/yoast.com\/product\/yoast-seo-wordpress\/ -->\n<title>Vad \u00e4r selektiv pl\u00e4tering? | Vanliga fr\u00e5gor om selektiv pl\u00e4tering | SIFCO ASC<\/title>\n<meta name=\"description\" content=\"Selektiv pl\u00e4tering \u00e4r en b\u00e4rbar pl\u00e4teringsmetod som anv\u00e4nds f\u00f6r att f\u00f6rb\u00e4ttra, reparera och renovera lokala omr\u00e5den p\u00e5 tillverkade komponenter.\" \/>\n<meta name=\"robots\" content=\"index, follow, max-snippet:-1, max-image-preview:large, max-video-preview:-1\" \/>\n<link rel=\"canonical\" href=\"https:\/\/www.sifcoasc.com\/sv\/vad-ar-selektiv-platering\" \/>\n<meta property=\"og:locale\" content=\"sv_SE\" \/>\n<meta property=\"og:type\" content=\"article\" \/>\n<meta property=\"og:title\" content=\"Vad \u00e4r selektiv pl\u00e4tering? | Vanliga fr\u00e5gor om selektiv pl\u00e4tering | SIFCO ASC\" \/>\n<meta property=\"og:description\" content=\"Selektiv pl\u00e4tering \u00e4r en b\u00e4rbar pl\u00e4teringsmetod som anv\u00e4nds f\u00f6r att f\u00f6rb\u00e4ttra, reparera och renovera lokala omr\u00e5den p\u00e5 tillverkade komponenter.\" \/>\n<meta property=\"og:url\" content=\"https:\/\/www.sifcoasc.com\/sv\/vad-ar-selektiv-platering\" \/>\n<meta property=\"og:site_name\" content=\"SIFCO Applied Surface Concepts\" \/>\n<meta property=\"article:modified_time\" content=\"2023-02-07T12:29:43+00:00\" \/>\n<script type=\"application\/ld+json\" class=\"yoast-schema-graph\">{\"@context\":\"https:\\\/\\\/schema.org\",\"@graph\":[{\"@type\":\"WebPage\",\"@id\":\"https:\\\/\\\/www.sifcoasc.com\\\/sv\\\/vad-ar-selektiv-platering\",\"url\":\"https:\\\/\\\/www.sifcoasc.com\\\/sv\\\/vad-ar-selektiv-platering\",\"name\":\"Vad \u00e4r selektiv pl\u00e4tering? | Vanliga fr\u00e5gor om selektiv pl\u00e4tering | SIFCO ASC\",\"isPartOf\":{\"@id\":\"https:\\\/\\\/www.sifcoasc.com\\\/sv#website\"},\"datePublished\":\"2022-07-14T15:28:29+00:00\",\"dateModified\":\"2023-02-07T12:29:43+00:00\",\"description\":\"Selektiv pl\u00e4tering \u00e4r en b\u00e4rbar pl\u00e4teringsmetod som anv\u00e4nds f\u00f6r att f\u00f6rb\u00e4ttra, reparera och renovera lokala omr\u00e5den p\u00e5 tillverkade komponenter.\",\"breadcrumb\":{\"@id\":\"https:\\\/\\\/www.sifcoasc.com\\\/sv\\\/vad-ar-selektiv-platering#breadcrumb\"},\"inLanguage\":\"sv-SE\",\"potentialAction\":[{\"@type\":\"ReadAction\",\"target\":[\"https:\\\/\\\/www.sifcoasc.com\\\/sv\\\/vad-ar-selektiv-platering\"]}]},{\"@type\":\"BreadcrumbList\",\"@id\":\"https:\\\/\\\/www.sifcoasc.com\\\/sv\\\/vad-ar-selektiv-platering#breadcrumb\",\"itemListElement\":[{\"@type\":\"ListItem\",\"position\":1,\"name\":\"Home\",\"item\":\"https:\\\/\\\/www.sifcoasc.com\\\/sv\"},{\"@type\":\"ListItem\",\"position\":2,\"name\":\"Vad \u00e4r selektiv pl\u00e4tering?\"}]},{\"@type\":\"WebSite\",\"@id\":\"https:\\\/\\\/www.sifcoasc.com\\\/sv#website\",\"url\":\"https:\\\/\\\/www.sifcoasc.com\\\/sv\",\"name\":\"SIFCO Applied Surface Concepts\",\"description\":\"\",\"potentialAction\":[{\"@type\":\"SearchAction\",\"target\":{\"@type\":\"EntryPoint\",\"urlTemplate\":\"https:\\\/\\\/www.sifcoasc.com\\\/sv?s={search_term_string}\"},\"query-input\":{\"@type\":\"PropertyValueSpecification\",\"valueRequired\":true,\"valueName\":\"search_term_string\"}}],\"inLanguage\":\"sv-SE\"}]}<\/script>\n<!-- \/ Yoast SEO plugin. -->","yoast_head_json":{"title":"Vad \u00e4r selektiv pl\u00e4tering? | Vanliga fr\u00e5gor om selektiv pl\u00e4tering | SIFCO ASC","description":"Selektiv pl\u00e4tering \u00e4r en b\u00e4rbar pl\u00e4teringsmetod som anv\u00e4nds f\u00f6r att f\u00f6rb\u00e4ttra, reparera och renovera lokala omr\u00e5den p\u00e5 tillverkade komponenter.","robots":{"index":"index","follow":"follow","max-snippet":"max-snippet:-1","max-image-preview":"max-image-preview:large","max-video-preview":"max-video-preview:-1"},"canonical":"https:\/\/www.sifcoasc.com\/sv\/vad-ar-selektiv-platering","og_locale":"sv_SE","og_type":"article","og_title":"Vad \u00e4r selektiv pl\u00e4tering? | Vanliga fr\u00e5gor om selektiv pl\u00e4tering | SIFCO ASC","og_description":"Selektiv pl\u00e4tering \u00e4r en b\u00e4rbar pl\u00e4teringsmetod som anv\u00e4nds f\u00f6r att f\u00f6rb\u00e4ttra, reparera och renovera lokala omr\u00e5den p\u00e5 tillverkade komponenter.","og_url":"https:\/\/www.sifcoasc.com\/sv\/vad-ar-selektiv-platering","og_site_name":"SIFCO Applied Surface Concepts","article_modified_time":"2023-02-07T12:29:43+00:00","schema":{"@context":"https:\/\/schema.org","@graph":[{"@type":"WebPage","@id":"https:\/\/www.sifcoasc.com\/sv\/vad-ar-selektiv-platering","url":"https:\/\/www.sifcoasc.com\/sv\/vad-ar-selektiv-platering","name":"Vad \u00e4r selektiv pl\u00e4tering? | Vanliga fr\u00e5gor om selektiv pl\u00e4tering | SIFCO ASC","isPartOf":{"@id":"https:\/\/www.sifcoasc.com\/sv#website"},"datePublished":"2022-07-14T15:28:29+00:00","dateModified":"2023-02-07T12:29:43+00:00","description":"Selektiv pl\u00e4tering \u00e4r en b\u00e4rbar pl\u00e4teringsmetod som anv\u00e4nds f\u00f6r att f\u00f6rb\u00e4ttra, reparera och renovera lokala omr\u00e5den p\u00e5 tillverkade komponenter.","breadcrumb":{"@id":"https:\/\/www.sifcoasc.com\/sv\/vad-ar-selektiv-platering#breadcrumb"},"inLanguage":"sv-SE","potentialAction":[{"@type":"ReadAction","target":["https:\/\/www.sifcoasc.com\/sv\/vad-ar-selektiv-platering"]}]},{"@type":"BreadcrumbList","@id":"https:\/\/www.sifcoasc.com\/sv\/vad-ar-selektiv-platering#breadcrumb","itemListElement":[{"@type":"ListItem","position":1,"name":"Home","item":"https:\/\/www.sifcoasc.com\/sv"},{"@type":"ListItem","position":2,"name":"Vad \u00e4r selektiv pl\u00e4tering?"}]},{"@type":"WebSite","@id":"https:\/\/www.sifcoasc.com\/sv#website","url":"https:\/\/www.sifcoasc.com\/sv","name":"SIFCO Applied Surface Concepts","description":"","potentialAction":[{"@type":"SearchAction","target":{"@type":"EntryPoint","urlTemplate":"https:\/\/www.sifcoasc.com\/sv?s={search_term_string}"},"query-input":{"@type":"PropertyValueSpecification","valueRequired":true,"valueName":"search_term_string"}}],"inLanguage":"sv-SE"}]}},"featured_image_src":null,"featured_image_src_square":null,"_links":{"self":[{"href":"https:\/\/www.sifcoasc.com\/sv\/wp-json\/wp\/v2\/pages\/9634","targetHints":{"allow":["GET"]}}],"collection":[{"href":"https:\/\/www.sifcoasc.com\/sv\/wp-json\/wp\/v2\/pages"}],"about":[{"href":"https:\/\/www.sifcoasc.com\/sv\/wp-json\/wp\/v2\/types\/page"}],"author":[{"embeddable":true,"href":"https:\/\/www.sifcoasc.com\/sv\/wp-json\/wp\/v2\/users\/18"}],"replies":[{"embeddable":true,"href":"https:\/\/www.sifcoasc.com\/sv\/wp-json\/wp\/v2\/comments?post=9634"}],"version-history":[{"count":0,"href":"https:\/\/www.sifcoasc.com\/sv\/wp-json\/wp\/v2\/pages\/9634\/revisions"}],"wp:attachment":[{"href":"https:\/\/www.sifcoasc.com\/sv\/wp-json\/wp\/v2\/media?parent=9634"}],"curies":[{"name":"wp","href":"https:\/\/api.w.org\/{rel}","templated":true}]}}