{"id":9643,"date":"2022-07-14T15:28:40","date_gmt":"2022-07-14T15:28:40","guid":{"rendered":"https:\/\/www.sifcoasc.com\/vad-ar-selektiv-platering\/inkapslad-flodesplatering\/"},"modified":"2023-01-31T14:24:49","modified_gmt":"2023-01-31T14:24:49","slug":"inkapslad-flodesplatering","status":"publish","type":"page","link":"https:\/\/www.sifcoasc.com\/sv\/vad-ar-selektiv-platering\/inkapslad-flodesplatering","title":{"rendered":"Inkapslad fl\u00f6despl\u00e4tering"},"content":{"rendered":"<p><a href=\"https:\/\/www.sifcoasc.com\/what-is-selective-plating\/what-is-encapsulated-plating\/encapsulated-plating-whitepaper\/\"><img loading=\"lazy\" decoding=\"async\" class=\"alignnone wp-image-7127 size-full\" src=\"https:\/\/www.sifcoasc.com\/wp-content\/uploads\/Option_One.jpg\" alt=\"\" width=\"1920\" height=\"490\" srcset=\"https:\/\/www.sifcoasc.com\/wp-content\/uploads\/Option_One.jpg 1920w, https:\/\/www.sifcoasc.com\/wp-content\/uploads\/Option_One-500x128.jpg 500w, https:\/\/www.sifcoasc.com\/wp-content\/uploads\/Option_One-1024x261.jpg 1024w, https:\/\/www.sifcoasc.com\/wp-content\/uploads\/Option_One-768x196.jpg 768w, https:\/\/www.sifcoasc.com\/wp-content\/uploads\/Option_One-1536x392.jpg 1536w\" sizes=\"auto, (max-width: 709px) 85vw, (max-width: 909px) 67vw, (max-width: 1362px) 62vw, 840px\" \/><\/a><\/p>\n<p><strong><img loading=\"lazy\" decoding=\"async\" class=\"alignright wp-image-2453 size-medium\" src=\"\/wp-content\/uploads\/Page-6-Heat-exchanger-stock-500x333.jpg\" alt=\"\" width=\"500\" height=\"333\" srcset=\"https:\/\/www.sifcoasc.com\/wp-content\/uploads\/Page-6-Heat-exchanger-stock-500x333.jpg 500w, https:\/\/www.sifcoasc.com\/wp-content\/uploads\/Page-6-Heat-exchanger-stock-1024x683.jpg 1024w, https:\/\/www.sifcoasc.com\/wp-content\/uploads\/Page-6-Heat-exchanger-stock-300x200.jpg 300w, https:\/\/www.sifcoasc.com\/wp-content\/uploads\/Page-6-Heat-exchanger-stock-768x512.jpg 768w, https:\/\/www.sifcoasc.com\/wp-content\/uploads\/Page-6-Heat-exchanger-stock-1536x1024.jpg 1536w, https:\/\/www.sifcoasc.com\/wp-content\/uploads\/Page-6-Heat-exchanger-stock-2048x1365.jpg 2048w, https:\/\/www.sifcoasc.com\/wp-content\/uploads\/Page-6-Heat-exchanger-stock-600x400.jpg 600w\" sizes=\"auto, (max-width: 709px) 85vw, (max-width: 909px) 67vw, (max-width: 1362px) 62vw, 840px\" \/><\/strong><\/p>\n<p><strong>Industrif\u00f6retag v\u00e4rlden \u00f6ver \u00e4r pressade. Globalisering, konkurrens och f\u00f6r\u00e4ndring  <\/strong><strong>Aff\u00e4rsmodellerna, liksom regel- och kostnadstryck, inneb\u00e4r att organisationerna m\u00e5ste f\u00f6rb\u00e4ttra sina processer, spara kostnader och maximera varje produkts livsl\u00e4ngd. F\u00f6r att uppn\u00e5 detta kommer investeringar att g\u00f6ras i verktyg och utrustning som bevisligen minskar antalet komponentfel och undviker stillest\u00e5nd.<\/strong><\/p>\n<p>Tillverkare m\u00e5ste f\u00f6rb\u00e4ttra sina processer, spara kostnader och maximera varje produkts livsl\u00e4ngd. F\u00f6r att uppn\u00e5 detta m\u00e5ste organisationer investera i verktyg och utrustning som bevisligen minskar antalet komponentfel och undviker stillest\u00e5nd. Samtidigt finns det ett \u00f6kat behov av repeterbarhet f\u00f6r att maximera effektiviteten genom att minska antalet komponentfel och omarbetningar.<\/p>\n<p>Det \u00e4r h\u00e4r som SIFCO ASC:s nya elektropl\u00e4teringsteknik, inkapslad pl\u00e4tering, kommer in i bilden. I huvudsak en hybrid av tankpl\u00e4tering och selektiv pl\u00e4tering. Processens karakt\u00e4r inneb\u00e4r att den kan anv\u00e4ndas f\u00f6r att pl\u00e5ta delar med omr\u00e5den som \u00e4r sv\u00e5ra att n\u00e5 (t.ex. utan siktlinje) &#8211; inklusive f\u00f6rs\u00e4nkta omr\u00e5den, skarpa h\u00f6rn eller djupa cirkulationsgeometrier, t.ex. r\u00f6r eller kopplingar.<\/p>\n<p>Tekniken, som ursprungligen utvecklades f\u00f6r h\u00f6ghastighetspl\u00e4tering av h\u00e5l och borrningar med liten diameter f\u00f6r flygindustrin, \u00e4r idealisk f\u00f6r snabb och effektiv pl\u00e4tering av cirkul\u00e4ra delar och delar med komplexa geometrier.<\/p>\n<h2>Den inkapslade pl\u00e4teringsprocessen<\/h2>\n<p><img loading=\"lazy\" decoding=\"async\" class=\"alignright wp-image-2454 size-medium\" src=\"\/wp-content\/uploads\/Page-9-EHS-500x375.jpg\" alt=\"\" width=\"500\" height=\"375\" srcset=\"https:\/\/www.sifcoasc.com\/wp-content\/uploads\/Page-9-EHS-500x375.jpg 500w, https:\/\/www.sifcoasc.com\/wp-content\/uploads\/Page-9-EHS-1024x768.jpg 1024w, https:\/\/www.sifcoasc.com\/wp-content\/uploads\/Page-9-EHS-768x576.jpg 768w, https:\/\/www.sifcoasc.com\/wp-content\/uploads\/Page-9-EHS-1536x1152.jpg 1536w, https:\/\/www.sifcoasc.com\/wp-content\/uploads\/Page-9-EHS-2048x1536.jpg 2048w\" sizes=\"auto, (max-width: 709px) 85vw, (max-width: 909px) 67vw, (max-width: 1362px) 62vw, 840px\" \/><\/p>\n<p>Med hj\u00e4lp av specialanpassade verktyg leder ingenj\u00f6ren pl\u00e4teringsl\u00f6sningen genom en \u00f6ppning i verktyget, vilket g\u00f6r att kompositen kan fl\u00f6da \u00f6ver delen med h\u00f6g hastighet. Detta skapar sedan elektrodeposition, som sker n\u00e4r den elektriska str\u00f6mmen passerar genom kemin n\u00e4r den flyter \u00f6ver omr\u00e5det.<br \/>\nIngenj\u00f6rer kan pl\u00e5ta invecklade komponenter och delar med hj\u00e4lp av moderna, skr\u00e4ddarsydda elektroder som \u00e4r utformade f\u00f6r att matcha det valda omr\u00e5dets komplexa geometri. Skr\u00e4ddarsydda t\u00e4tningar kapslar in omr\u00e5det, vilket ger ett definierat utrymme mellan anoden och komponenten.<\/p>\n<p>Specialanpassade verktyg g\u00f6r det m\u00f6jligt f\u00f6r l\u00f6sningen att flyta och begr\u00e4nsas till den yta som ska pl\u00e4teras. Detta verktyg ger b\u00e4ttre hantering av fl\u00f6det f\u00f6r att undvika kavitationsrisker vid gr\u00e4nssnittet mellan anod och katod. Den optimerade h\u00f6ga fl\u00f6deshastigheten f\u00f6r l\u00f6sningen hj\u00e4lper till att avl\u00e4gsna v\u00e4tegasbubblor p\u00e5 ytan. Den fyller ocks\u00e5 effektivt p\u00e5 metalljonerna p\u00e5 arbetsstyckets yta f\u00f6r att ge en j\u00e4mn och enhetlig finish.<\/p>\n<h2>F\u00f6rdelarna med inkapslad pl\u00e4tering<\/h2>\n<p>Den st\u00f6rsta f\u00f6rdelen med inkapslad pl\u00e4tering \u00e4r att ingenj\u00f6rer kan pl\u00e5ta till\u00e4mpningar som inte \u00e4r synliga, men denna unika pl\u00e4teringsmetod har m\u00e5nga andra f\u00f6rdelar:<\/p>\n<h3>F\u00f6rb\u00e4ttrad processkontroll<\/h3>\n<p>Processkontroll, repeterbarhet och sp\u00e5rbarhet spelar en viktig roll n\u00e4r det g\u00e4ller att se till att tillverkarna uppfyller de str\u00e4nga branschspecifikationerna, och den h\u00e4r pl\u00e4teringsmetoden s\u00e4kerst\u00e4ller detta.<\/p>\n<p>Vid fl\u00f6desbehandlingen i ett stycke anv\u00e4nds samma verktyg och parametrar g\u00e5ng p\u00e5 g\u00e5ng, vilket inneb\u00e4r \u00f6kad processkontroll j\u00e4mf\u00f6rt med andra ytbel\u00e4ggningsmetoder.<\/p>\n<p>Eftersom ingenj\u00f6rerna kan hantera temperatur, fl\u00f6deshastighet, hastighet och ampere har de en h\u00f6g kontrollniv\u00e5. Dessutom g\u00f6r systemets utformning det m\u00f6jligt att sp\u00e5ra och f\u00f6lja pl\u00e4teringsprocessparametrarna f\u00f6r varje pl\u00e4terad del.<\/p>\n<p><img loading=\"lazy\" decoding=\"async\" class=\"alignright wp-image-2456\" src=\"\/wp-content\/uploads\/Page-18-France-Heat-Exchanger2-500x375.jpg\" alt=\"\" width=\"400\" height=\"300\" srcset=\"https:\/\/www.sifcoasc.com\/wp-content\/uploads\/Page-18-France-Heat-Exchanger2-500x375.jpg 500w, https:\/\/www.sifcoasc.com\/wp-content\/uploads\/Page-18-France-Heat-Exchanger2-1024x768.jpg 1024w, https:\/\/www.sifcoasc.com\/wp-content\/uploads\/Page-18-France-Heat-Exchanger2-768x576.jpg 768w, https:\/\/www.sifcoasc.com\/wp-content\/uploads\/Page-18-France-Heat-Exchanger2.jpg 1200w\" sizes=\"auto, (max-width: 709px) 85vw, (max-width: 909px) 67vw, (max-width: 1362px) 62vw, 840px\" \/><\/p>\n<h3>Snabbhet, effektivitet och ROI<\/h3>\n<p>Snabbare cykeltider, f\u00e4rre kostsamma omarbetningar och effektivisering av fabrikens fotavtryck \u00e4r andra f\u00f6rdelar som f\u00f6ljer med den h\u00e4r pl\u00e4teringsmetoden.<\/p>\n<p>De anpassade allt-i-ett-verktygen deponerar snabbt, vilket eliminerar behovet av maskering och andra tidskr\u00e4vande f\u00f6rpl\u00e4teringsprocedurer som vanligtvis f\u00f6rdr\u00f6jer pl\u00e4teringsprocessen.<\/p>\n<p>Eftersom det inte kr\u00e4vs n\u00e5gra stora tankar och ingen komplett pl\u00e4teringslinje, inneb\u00e4r processens lilla fotavtryck att den kan utf\u00f6ras <a href=\"\/\/www.sifcoasc.com\/on-site-plating\/\">p\u00e5 plats<\/a> och inf\u00f6rlivas i den nuvarande produktionslayouten.<\/p>\n<h3>Ett s\u00e4krare och mer h\u00e5llbart s\u00e4tt att pl\u00e4tera<\/h3>\n<p>Inkapslad pl\u00e4tering hj\u00e4lper ingenj\u00f6rer att minska sitt koldioxidavtryck och uppfylla EHS-standarder, eftersom de specialutformade verktygen ger b\u00e4ttre h\u00e4lso- och s\u00e4kerhetsreferenser j\u00e4mf\u00f6rt med andra pl\u00e4teringsmetoder.<\/p>\n<p>Eftersom komponenten och pl\u00e4teringsl\u00f6sningen \u00e4r inneslutna i verktyget \u00e4r exponeringen f\u00f6r kemikalier begr\u00e4nsad. J\u00e4mf\u00f6rt med tankpl\u00e4tering, som anv\u00e4nder stora m\u00e4ngder kemikalier, anv\u00e4nder inkapslad pl\u00e4tering till exempel betydligt mindre l\u00f6sning och skapar mindre avfall fr\u00e5n avloppsvatten. Detta inneb\u00e4r ocks\u00e5 en minimal risk f\u00f6r milj\u00f6n.<\/p>\n<p>Eftersom processen \u00e4r liten kan den genomf\u00f6ras p\u00e5 kundens plats. Eftersom produkterna inte beh\u00f6ver skickas till andra platser f\u00f6r att pl\u00e4teras kan f\u00f6retagen ytterligare minska koldioxidavtrycket, kostnaderna och stillest\u00e5ndstiden i samband med reparationer utanf\u00f6r anl\u00e4ggningen.<\/p>\n<h3>Till\u00e4mpad p\u00e5 ett brett spektrum av industrier<\/h3>\n<p>Inkapslad pl\u00e4tering utvecklades f\u00f6r fordonsindustrin, men kan anv\u00e4ndas i m\u00e5nga olika branscher d\u00e4r operat\u00f6rer kan beh\u00f6va pl\u00e5ta komponenter som \u00e4r sv\u00e5ra att komma \u00e5t, har axi-symmetriska geometrier eller \u00e4r komplicerade i sin konstruktion. Till exempel \u00e4r guldpl\u00e4terade resonatorer i flygindustrin och v\u00e4rmev\u00e4xlare i kraftverk, elektronik och kompressorer komplexa och sv\u00e5ra att komma \u00e5t, vilket g\u00f6r att de gynnas av inkapslad pl\u00e4tering.<br \/>\nOm du har en invecklad del som beh\u00f6ver pl\u00e4tering eller en applikation som inte \u00e4r synlig, <a href=\"\/\/www.sifcoasc.com\/contact-us\/\">kontakta<\/a> en av v\u00e5ra ingenj\u00f6rer idag.<\/p>\n<p><img loading=\"lazy\" decoding=\"async\" class=\"aligncenter wp-image-2455 size-large\" src=\"\/wp-content\/uploads\/GMP-Station-1024x512.jpg\" alt=\"\" width=\"1024\" height=\"512\" srcset=\"https:\/\/www.sifcoasc.com\/wp-content\/uploads\/GMP-Station-1024x512.jpg 1024w, https:\/\/www.sifcoasc.com\/wp-content\/uploads\/GMP-Station-500x250.jpg 500w, https:\/\/www.sifcoasc.com\/wp-content\/uploads\/GMP-Station-768x384.jpg 768w, https:\/\/www.sifcoasc.com\/wp-content\/uploads\/GMP-Station.jpg 1284w\" sizes=\"auto, (max-width: 709px) 85vw, (max-width: 909px) 67vw, (max-width: 1362px) 62vw, 840px\" \/><\/p>\n","protected":false},"excerpt":{"rendered":"<p>Industrif\u00f6retag v\u00e4rlden \u00f6ver \u00e4r pressade. Globalisering, konkurrens och f\u00f6r\u00e4ndring Aff\u00e4rsmodellerna, liksom regel- och kostnadstryck, inneb\u00e4r att organisationerna m\u00e5ste f\u00f6rb\u00e4ttra sina processer, spara kostnader och maximera varje produkts livsl\u00e4ngd. F\u00f6r att uppn\u00e5 detta kommer investeringar att g\u00f6ras i verktyg och utrustning som bevisligen minskar antalet komponentfel och undviker stillest\u00e5nd. Tillverkare m\u00e5ste f\u00f6rb\u00e4ttra sina processer, spara kostnader [&hellip;]<\/p>\n","protected":false},"author":18,"featured_media":0,"parent":9634,"menu_order":0,"comment_status":"closed","ping_status":"closed","template":"","meta":{"_acf_changed":false,"inline_featured_image":false,"footnotes":""},"class_list":["post-9643","page","type-page","status-publish","hentry"],"acf":[],"yoast_head":"<!-- This site is optimized with the Yoast SEO plugin v27.4 - https:\/\/yoast.com\/product\/yoast-seo-wordpress\/ -->\n<title>Inkapslad fl\u00f6despl\u00e4tering - SIFCO Applied Surface Concepts<\/title>\n<meta name=\"description\" content=\"Industrif\u00f6retag v\u00e4rlden \u00f6ver \u00e4r pressade. Globalisering, konkurrens och f\u00f6r\u00e4ndring Aff\u00e4rsmodellerna, liksom regel- och kostnadstryck, inneb\u00e4r att organisationerna m\u00e5ste f\u00f6rb\u00e4ttra sina processer, spara kostnader och maximera varje produkts livsl\u00e4ngd. F\u00f6r att uppn\u00e5 detta kommer investeringar att g\u00f6ras i verktyg och utrustning som bevisligen minskar antalet komponentfel och undviker stillest\u00e5nd. Tillverkare m\u00e5ste f\u00f6rb\u00e4ttra sina processer, spara kostnader\" \/>\n<meta name=\"robots\" content=\"index, follow, max-snippet:-1, max-image-preview:large, max-video-preview:-1\" \/>\n<link rel=\"canonical\" href=\"https:\/\/www.sifcoasc.com\/sv\/vad-ar-selektiv-platering\/inkapslad-flodesplatering\" \/>\n<meta property=\"og:locale\" content=\"sv_SE\" \/>\n<meta property=\"og:type\" content=\"article\" \/>\n<meta property=\"og:title\" content=\"Inkapslad fl\u00f6despl\u00e4tering - SIFCO Applied Surface Concepts\" \/>\n<meta property=\"og:description\" content=\"Industrif\u00f6retag v\u00e4rlden \u00f6ver \u00e4r pressade. Globalisering, konkurrens och f\u00f6r\u00e4ndring Aff\u00e4rsmodellerna, liksom regel- och kostnadstryck, inneb\u00e4r att organisationerna m\u00e5ste f\u00f6rb\u00e4ttra sina processer, spara kostnader och maximera varje produkts livsl\u00e4ngd. F\u00f6r att uppn\u00e5 detta kommer investeringar att g\u00f6ras i verktyg och utrustning som bevisligen minskar antalet komponentfel och undviker stillest\u00e5nd. Tillverkare m\u00e5ste f\u00f6rb\u00e4ttra sina processer, spara kostnader\" \/>\n<meta property=\"og:url\" content=\"https:\/\/www.sifcoasc.com\/sv\/vad-ar-selektiv-platering\/inkapslad-flodesplatering\" \/>\n<meta property=\"og:site_name\" content=\"SIFCO Applied Surface Concepts\" \/>\n<meta property=\"article:modified_time\" content=\"2023-01-31T14:24:49+00:00\" \/>\n<meta property=\"og:image\" content=\"https:\/\/www.sifcoasc.com\/wp-content\/uploads\/Option_One.jpg\" \/>\n<meta name=\"twitter:label1\" content=\"Est. reading time\" \/>\n\t<meta name=\"twitter:data1\" content=\"5 minuter\" \/>\n<script type=\"application\/ld+json\" class=\"yoast-schema-graph\">{\"@context\":\"https:\\\/\\\/schema.org\",\"@graph\":[{\"@type\":\"WebPage\",\"@id\":\"https:\\\/\\\/www.sifcoasc.com\\\/sv\\\/vad-ar-selektiv-platering\\\/inkapslad-flodesplatering\",\"url\":\"https:\\\/\\\/www.sifcoasc.com\\\/sv\\\/vad-ar-selektiv-platering\\\/inkapslad-flodesplatering\",\"name\":\"Inkapslad fl\u00f6despl\u00e4tering - SIFCO Applied Surface Concepts\",\"isPartOf\":{\"@id\":\"https:\\\/\\\/www.sifcoasc.com\\\/sv#website\"},\"primaryImageOfPage\":{\"@id\":\"https:\\\/\\\/www.sifcoasc.com\\\/sv\\\/vad-ar-selektiv-platering\\\/inkapslad-flodesplatering#primaryimage\"},\"image\":{\"@id\":\"https:\\\/\\\/www.sifcoasc.com\\\/sv\\\/vad-ar-selektiv-platering\\\/inkapslad-flodesplatering#primaryimage\"},\"thumbnailUrl\":\"https:\\\/\\\/www.sifcoasc.com\\\/wp-content\\\/uploads\\\/Option_One.jpg\",\"datePublished\":\"2022-07-14T15:28:40+00:00\",\"dateModified\":\"2023-01-31T14:24:49+00:00\",\"description\":\"Industrif\u00f6retag v\u00e4rlden \u00f6ver \u00e4r pressade. Globalisering, konkurrens och f\u00f6r\u00e4ndring Aff\u00e4rsmodellerna, liksom regel- och kostnadstryck, inneb\u00e4r att organisationerna m\u00e5ste f\u00f6rb\u00e4ttra sina processer, spara kostnader och maximera varje produkts livsl\u00e4ngd. F\u00f6r att uppn\u00e5 detta kommer investeringar att g\u00f6ras i verktyg och utrustning som bevisligen minskar antalet komponentfel och undviker stillest\u00e5nd. Tillverkare m\u00e5ste f\u00f6rb\u00e4ttra sina processer, spara kostnader\",\"breadcrumb\":{\"@id\":\"https:\\\/\\\/www.sifcoasc.com\\\/sv\\\/vad-ar-selektiv-platering\\\/inkapslad-flodesplatering#breadcrumb\"},\"inLanguage\":\"sv-SE\",\"potentialAction\":[{\"@type\":\"ReadAction\",\"target\":[\"https:\\\/\\\/www.sifcoasc.com\\\/sv\\\/vad-ar-selektiv-platering\\\/inkapslad-flodesplatering\"]}]},{\"@type\":\"ImageObject\",\"inLanguage\":\"sv-SE\",\"@id\":\"https:\\\/\\\/www.sifcoasc.com\\\/sv\\\/vad-ar-selektiv-platering\\\/inkapslad-flodesplatering#primaryimage\",\"url\":\"https:\\\/\\\/www.sifcoasc.com\\\/wp-content\\\/uploads\\\/Option_One.jpg\",\"contentUrl\":\"https:\\\/\\\/www.sifcoasc.com\\\/wp-content\\\/uploads\\\/Option_One.jpg\"},{\"@type\":\"BreadcrumbList\",\"@id\":\"https:\\\/\\\/www.sifcoasc.com\\\/sv\\\/vad-ar-selektiv-platering\\\/inkapslad-flodesplatering#breadcrumb\",\"itemListElement\":[{\"@type\":\"ListItem\",\"position\":1,\"name\":\"Home\",\"item\":\"https:\\\/\\\/www.sifcoasc.com\\\/sv\"},{\"@type\":\"ListItem\",\"position\":2,\"name\":\"Vad \u00e4r selektiv pl\u00e4tering?\",\"item\":\"https:\\\/\\\/www.sifcoasc.com\\\/sv\\\/vad-ar-selektiv-platering\"},{\"@type\":\"ListItem\",\"position\":3,\"name\":\"Inkapslad fl\u00f6despl\u00e4tering\"}]},{\"@type\":\"WebSite\",\"@id\":\"https:\\\/\\\/www.sifcoasc.com\\\/sv#website\",\"url\":\"https:\\\/\\\/www.sifcoasc.com\\\/sv\",\"name\":\"SIFCO Applied Surface Concepts\",\"description\":\"\",\"potentialAction\":[{\"@type\":\"SearchAction\",\"target\":{\"@type\":\"EntryPoint\",\"urlTemplate\":\"https:\\\/\\\/www.sifcoasc.com\\\/sv?s={search_term_string}\"},\"query-input\":{\"@type\":\"PropertyValueSpecification\",\"valueRequired\":true,\"valueName\":\"search_term_string\"}}],\"inLanguage\":\"sv-SE\"}]}<\/script>\n<!-- \/ Yoast SEO plugin. -->","yoast_head_json":{"title":"Inkapslad fl\u00f6despl\u00e4tering - SIFCO Applied Surface Concepts","description":"Industrif\u00f6retag v\u00e4rlden \u00f6ver \u00e4r pressade. Globalisering, konkurrens och f\u00f6r\u00e4ndring Aff\u00e4rsmodellerna, liksom regel- och kostnadstryck, inneb\u00e4r att organisationerna m\u00e5ste f\u00f6rb\u00e4ttra sina processer, spara kostnader och maximera varje produkts livsl\u00e4ngd. F\u00f6r att uppn\u00e5 detta kommer investeringar att g\u00f6ras i verktyg och utrustning som bevisligen minskar antalet komponentfel och undviker stillest\u00e5nd. Tillverkare m\u00e5ste f\u00f6rb\u00e4ttra sina processer, spara kostnader","robots":{"index":"index","follow":"follow","max-snippet":"max-snippet:-1","max-image-preview":"max-image-preview:large","max-video-preview":"max-video-preview:-1"},"canonical":"https:\/\/www.sifcoasc.com\/sv\/vad-ar-selektiv-platering\/inkapslad-flodesplatering","og_locale":"sv_SE","og_type":"article","og_title":"Inkapslad fl\u00f6despl\u00e4tering - SIFCO Applied Surface Concepts","og_description":"Industrif\u00f6retag v\u00e4rlden \u00f6ver \u00e4r pressade. Globalisering, konkurrens och f\u00f6r\u00e4ndring Aff\u00e4rsmodellerna, liksom regel- och kostnadstryck, inneb\u00e4r att organisationerna m\u00e5ste f\u00f6rb\u00e4ttra sina processer, spara kostnader och maximera varje produkts livsl\u00e4ngd. F\u00f6r att uppn\u00e5 detta kommer investeringar att g\u00f6ras i verktyg och utrustning som bevisligen minskar antalet komponentfel och undviker stillest\u00e5nd. Tillverkare m\u00e5ste f\u00f6rb\u00e4ttra sina processer, spara kostnader","og_url":"https:\/\/www.sifcoasc.com\/sv\/vad-ar-selektiv-platering\/inkapslad-flodesplatering","og_site_name":"SIFCO Applied Surface Concepts","article_modified_time":"2023-01-31T14:24:49+00:00","og_image":[{"url":"https:\/\/www.sifcoasc.com\/wp-content\/uploads\/Option_One.jpg","type":"","width":"","height":""}],"twitter_misc":{"Est. reading time":"5 minuter"},"schema":{"@context":"https:\/\/schema.org","@graph":[{"@type":"WebPage","@id":"https:\/\/www.sifcoasc.com\/sv\/vad-ar-selektiv-platering\/inkapslad-flodesplatering","url":"https:\/\/www.sifcoasc.com\/sv\/vad-ar-selektiv-platering\/inkapslad-flodesplatering","name":"Inkapslad fl\u00f6despl\u00e4tering - SIFCO Applied Surface Concepts","isPartOf":{"@id":"https:\/\/www.sifcoasc.com\/sv#website"},"primaryImageOfPage":{"@id":"https:\/\/www.sifcoasc.com\/sv\/vad-ar-selektiv-platering\/inkapslad-flodesplatering#primaryimage"},"image":{"@id":"https:\/\/www.sifcoasc.com\/sv\/vad-ar-selektiv-platering\/inkapslad-flodesplatering#primaryimage"},"thumbnailUrl":"https:\/\/www.sifcoasc.com\/wp-content\/uploads\/Option_One.jpg","datePublished":"2022-07-14T15:28:40+00:00","dateModified":"2023-01-31T14:24:49+00:00","description":"Industrif\u00f6retag v\u00e4rlden \u00f6ver \u00e4r pressade. Globalisering, konkurrens och f\u00f6r\u00e4ndring Aff\u00e4rsmodellerna, liksom regel- och kostnadstryck, inneb\u00e4r att organisationerna m\u00e5ste f\u00f6rb\u00e4ttra sina processer, spara kostnader och maximera varje produkts livsl\u00e4ngd. F\u00f6r att uppn\u00e5 detta kommer investeringar att g\u00f6ras i verktyg och utrustning som bevisligen minskar antalet komponentfel och undviker stillest\u00e5nd. Tillverkare m\u00e5ste f\u00f6rb\u00e4ttra sina processer, spara kostnader","breadcrumb":{"@id":"https:\/\/www.sifcoasc.com\/sv\/vad-ar-selektiv-platering\/inkapslad-flodesplatering#breadcrumb"},"inLanguage":"sv-SE","potentialAction":[{"@type":"ReadAction","target":["https:\/\/www.sifcoasc.com\/sv\/vad-ar-selektiv-platering\/inkapslad-flodesplatering"]}]},{"@type":"ImageObject","inLanguage":"sv-SE","@id":"https:\/\/www.sifcoasc.com\/sv\/vad-ar-selektiv-platering\/inkapslad-flodesplatering#primaryimage","url":"https:\/\/www.sifcoasc.com\/wp-content\/uploads\/Option_One.jpg","contentUrl":"https:\/\/www.sifcoasc.com\/wp-content\/uploads\/Option_One.jpg"},{"@type":"BreadcrumbList","@id":"https:\/\/www.sifcoasc.com\/sv\/vad-ar-selektiv-platering\/inkapslad-flodesplatering#breadcrumb","itemListElement":[{"@type":"ListItem","position":1,"name":"Home","item":"https:\/\/www.sifcoasc.com\/sv"},{"@type":"ListItem","position":2,"name":"Vad \u00e4r selektiv pl\u00e4tering?","item":"https:\/\/www.sifcoasc.com\/sv\/vad-ar-selektiv-platering"},{"@type":"ListItem","position":3,"name":"Inkapslad fl\u00f6despl\u00e4tering"}]},{"@type":"WebSite","@id":"https:\/\/www.sifcoasc.com\/sv#website","url":"https:\/\/www.sifcoasc.com\/sv","name":"SIFCO Applied Surface Concepts","description":"","potentialAction":[{"@type":"SearchAction","target":{"@type":"EntryPoint","urlTemplate":"https:\/\/www.sifcoasc.com\/sv?s={search_term_string}"},"query-input":{"@type":"PropertyValueSpecification","valueRequired":true,"valueName":"search_term_string"}}],"inLanguage":"sv-SE"}]}},"featured_image_src":null,"featured_image_src_square":null,"_links":{"self":[{"href":"https:\/\/www.sifcoasc.com\/sv\/wp-json\/wp\/v2\/pages\/9643","targetHints":{"allow":["GET"]}}],"collection":[{"href":"https:\/\/www.sifcoasc.com\/sv\/wp-json\/wp\/v2\/pages"}],"about":[{"href":"https:\/\/www.sifcoasc.com\/sv\/wp-json\/wp\/v2\/types\/page"}],"author":[{"embeddable":true,"href":"https:\/\/www.sifcoasc.com\/sv\/wp-json\/wp\/v2\/users\/18"}],"replies":[{"embeddable":true,"href":"https:\/\/www.sifcoasc.com\/sv\/wp-json\/wp\/v2\/comments?post=9643"}],"version-history":[{"count":0,"href":"https:\/\/www.sifcoasc.com\/sv\/wp-json\/wp\/v2\/pages\/9643\/revisions"}],"up":[{"embeddable":true,"href":"https:\/\/www.sifcoasc.com\/sv\/wp-json\/wp\/v2\/pages\/9634"}],"wp:attachment":[{"href":"https:\/\/www.sifcoasc.com\/sv\/wp-json\/wp\/v2\/media?parent=9643"}],"curies":[{"name":"wp","href":"https:\/\/api.w.org\/{rel}","templated":true}]}}