{"id":9647,"date":"2022-07-14T15:28:43","date_gmt":"2022-07-14T15:28:43","guid":{"rendered":"https:\/\/www.sifcoasc.com\/varfor-anvanda-sifco-asc\/"},"modified":"2022-09-23T20:11:25","modified_gmt":"2022-09-23T20:11:25","slug":"varfor-anvanda-sig-av-sifco-asc","status":"publish","type":"page","link":"https:\/\/www.sifcoasc.com\/sv\/varfor-anvanda-sig-av-sifco-asc","title":{"rendered":"Varf\u00f6r anv\u00e4nda sig av SIFCO ASC?"},"content":{"rendered":"<h2>Varf\u00f6r v\u00e4lja SIFCO ASC?<\/h2>\n<h3>SIFCO ASC \u00e4r en utm\u00e4rkt tillg\u00e5ng n\u00e4r ni beh\u00f6ver reparera och \u00e5terst\u00e4lla era viktiga komponenter. Vi arbetar hand i hand med er f\u00f6r att utveckla skr\u00e4ddarsydda l\u00f6sningar anpassade efter de krav er verksamhet kr\u00e4ver.<\/h3>\n<p><strong>D\u00e5 SIFCO ASC \u00e4r en global organisation, inneb\u00e4r ett samarbete med oss att ni kan dra nytta av \u2013<\/strong><\/p>\n<ul>\n<li><a class=\"popup-youtube\" href=\"https:\/\/www.youtube.com\/watch?v=gInks8mr-2Y\"><img loading=\"lazy\" decoding=\"async\" class=\"alignright wp-image-2270 size-full\" title=\"SIFCO-processen\u00ae f\u00f6r selektiv elektropl\u00e4tering\" src=\"\/wp-content\/uploads\/landing-page-video-thumbnail-1.jpg\" alt=\"Selektiv pl\u00e4tering f\u00f6r j\u00e4rnv\u00e4gsindustrin \" width=\"615\" height=\"345\" \/><\/a>Ledande teknisk kunskap och expertis<\/li>\n<li>Utbildade servicetekniker<\/li>\n<li>St\u00e4ndig forskning och utveckling<\/li>\n<li>Det senaste inom process och utrustning<\/li>\n<li>Engagemang f\u00f6r service och support<\/li>\n<li>Milj\u00f6engagemang och st\u00e4ndiga f\u00f6rb\u00e4ttrningar<\/li>\n<li>Trygghet som en del <a href=\"https:\/\/home.quakerhoughton.com\/\">Quaker Houghton<\/a><\/li>\n<\/ul>\n<p>Detta inneb\u00e4r att du kan ha fullt f\u00f6rtroende f\u00f6r v\u00e5ra tj\u00e4nster och lita p\u00e5 att SIFCO Process\u00ae har en positiv inverkan p\u00e5 er konkurrenskraft och l\u00f6nsamhet.<\/p>\n<section class=\"rows-of-2\">\n<div>\n<h2>Relaterade resurser<\/h2>\n<p>SIFCO Applied Surface Concepts \u00e4r din viktiga resurs f\u00f6r att f\u00f6rb\u00e4ttra, reparera eller renovera kritiska komponenter genom selektiv elektropl\u00e4tering. SIFCO Process\u00ae \u00e4r den ledande metoden f\u00f6r selektiv elektropl\u00e4tering av lokaliserade omr\u00e5den p\u00e5 komponenter utan anv\u00e4ndning av en neds\u00e4nkt tank. Vi tillhandah\u00e5ller kontraktstj\u00e4nster, kemiska l\u00f6sningar och utrustning f\u00f6r ytf\u00f6rb\u00e4ttring f\u00f6r att f\u00f6rb\u00e4ttra komponenternas prestanda, minimera stillest\u00e5ndstider och minska tillverkningskostnaderna. Om du vill veta mer kan du v\u00e4lja bland dessa resurser.<\/p>\n<\/div>\n<div>\n<div class=\"click-expand relatedresource\">\n<h3 class=\"ce-header\" tabindex=\"0\">Products och tj\u00e4nster<\/h3>\n<div class=\"ce-body\">\n<ul>\n<li><a href=\"https:\/\/plating.sifcoasc.com\/\">Produktkatalog online<\/a><\/li>\n<li><a href=\"\/\/www.sifcoasc.com\/datasheet-library\/\">Bibliotek med datablad<\/a><\/li>\n<li><a href=\"\/\/www.sifcoasc.com\/video-library\/\">Videobibliotek<\/a><\/li>\n<\/ul>\n<\/div>\n<\/div>\n<p>&nbsp;<\/p>\n<div class=\"click-expand\">\n<h3 class=\"ce-header\" tabindex=\"0\">Resurser f\u00f6r kvalitet<\/h3>\n<div class=\"ce-body\">\n<ul>\n<li><a href=\"\/\/www.sifcoasc.com\/quality-accreditations\/\">Kvalitetsackrediteringar<\/a><\/li>\n<li><a href=\"\/\/www.sifcoasc.com\/industry-specifications\/\">Specifikationer<\/a><\/li>\n<li><a href=\"\/\/www.sifcoasc.com\/restricted-certificates-of-conformance\/\">Intyg om \u00f6verensst\u00e4mmelse<\/a><\/li>\n<\/ul>\n<\/div>\n<\/div>\n<p>&nbsp;<\/p>\n<div class=\"click-expand\">\n<h3 class=\"ce-header\" tabindex=\"0\">L\u00e4s mer<\/h3>\n<div class=\"ce-body\">\n<ul>\n<li><a href=\"\/\/www.sifcoasc.com\/what-is-selective-plating\/\">Vad \u00e4r selektiv pl\u00e4tering?<\/a><\/li>\n<li><a href=\"\/\/www.sifcoasc.com\/meet-the-team\/\">Tr\u00e4ffa teamet<\/a><\/li>\n<li><a href=\"\/\/www.sifcoasc.com\/contact-us\/\">Kontakta oss<\/a><\/li>\n<\/ul>\n<\/div>\n<\/div>\n<\/div>\n<\/section>\n","protected":false},"excerpt":{"rendered":"<p>Varf\u00f6r v\u00e4lja SIFCO ASC? SIFCO ASC \u00e4r en utm\u00e4rkt tillg\u00e5ng n\u00e4r ni beh\u00f6ver reparera och \u00e5terst\u00e4lla era viktiga komponenter. Vi arbetar hand i hand med er f\u00f6r att utveckla skr\u00e4ddarsydda l\u00f6sningar anpassade efter de krav er verksamhet kr\u00e4ver. D\u00e5 SIFCO ASC \u00e4r en global organisation, inneb\u00e4r ett samarbete med oss att ni kan dra nytta [&hellip;]<\/p>\n","protected":false},"author":18,"featured_media":0,"parent":0,"menu_order":0,"comment_status":"closed","ping_status":"closed","template":"","meta":{"_acf_changed":false,"inline_featured_image":false,"footnotes":""},"class_list":["post-9647","page","type-page","status-publish","hentry"],"acf":[],"yoast_head":"<!-- This site is optimized with the Yoast SEO plugin v27.3 - https:\/\/yoast.com\/product\/yoast-seo-wordpress\/ -->\n<title>Varf\u00f6r v\u00e4lja SIFCO ASC? | Experter inom selektiv pl\u00e4tering | SIFCO ASC<\/title>\n<meta name=\"description\" content=\"SIFCO ASC \u00e4r en viktig resurs n\u00e4r du beh\u00f6ver f\u00f6rb\u00e4ttra, reparera och \u00e4ndra storlek p\u00e5 dina kritiska komponenter. Vi samarbetar med dig f\u00f6r att utveckla skr\u00e4ddarsydda l\u00f6sningar.\" \/>\n<meta name=\"robots\" content=\"index, follow, max-snippet:-1, max-image-preview:large, max-video-preview:-1\" \/>\n<link rel=\"canonical\" href=\"https:\/\/www.sifcoasc.com\/sv\/varfor-anvanda-sig-av-sifco-asc\" \/>\n<meta property=\"og:locale\" content=\"sv_SE\" \/>\n<meta property=\"og:type\" content=\"article\" \/>\n<meta property=\"og:title\" content=\"Varf\u00f6r v\u00e4lja SIFCO ASC? | Experter inom selektiv pl\u00e4tering | SIFCO ASC\" \/>\n<meta property=\"og:description\" content=\"SIFCO ASC \u00e4r en viktig resurs n\u00e4r du beh\u00f6ver f\u00f6rb\u00e4ttra, reparera och \u00e4ndra storlek p\u00e5 dina kritiska komponenter. Vi samarbetar med dig f\u00f6r att utveckla skr\u00e4ddarsydda l\u00f6sningar.\" \/>\n<meta property=\"og:url\" content=\"https:\/\/www.sifcoasc.com\/sv\/varfor-anvanda-sig-av-sifco-asc\" \/>\n<meta property=\"og:site_name\" content=\"SIFCO Applied Surface Concepts\" \/>\n<meta property=\"article:modified_time\" content=\"2022-09-23T20:11:25+00:00\" \/>\n<meta name=\"twitter:label1\" content=\"Est. reading time\" \/>\n\t<meta name=\"twitter:data1\" content=\"1 minut\" \/>\n<script type=\"application\/ld+json\" class=\"yoast-schema-graph\">{\"@context\":\"https:\\\/\\\/schema.org\",\"@graph\":[{\"@type\":\"WebPage\",\"@id\":\"https:\\\/\\\/www.sifcoasc.com\\\/sv\\\/varfor-anvanda-sig-av-sifco-asc\",\"url\":\"https:\\\/\\\/www.sifcoasc.com\\\/sv\\\/varfor-anvanda-sig-av-sifco-asc\",\"name\":\"Varf\u00f6r v\u00e4lja SIFCO ASC? | Experter inom selektiv pl\u00e4tering | SIFCO ASC\",\"isPartOf\":{\"@id\":\"https:\\\/\\\/www.sifcoasc.com\\\/sv#website\"},\"datePublished\":\"2022-07-14T15:28:43+00:00\",\"dateModified\":\"2022-09-23T20:11:25+00:00\",\"description\":\"SIFCO ASC \u00e4r en viktig resurs n\u00e4r du beh\u00f6ver f\u00f6rb\u00e4ttra, reparera och \u00e4ndra storlek p\u00e5 dina kritiska komponenter. Vi samarbetar med dig f\u00f6r att utveckla skr\u00e4ddarsydda l\u00f6sningar.\",\"breadcrumb\":{\"@id\":\"https:\\\/\\\/www.sifcoasc.com\\\/sv\\\/varfor-anvanda-sig-av-sifco-asc#breadcrumb\"},\"inLanguage\":\"sv-SE\",\"potentialAction\":[{\"@type\":\"ReadAction\",\"target\":[\"https:\\\/\\\/www.sifcoasc.com\\\/sv\\\/varfor-anvanda-sig-av-sifco-asc\"]}]},{\"@type\":\"BreadcrumbList\",\"@id\":\"https:\\\/\\\/www.sifcoasc.com\\\/sv\\\/varfor-anvanda-sig-av-sifco-asc#breadcrumb\",\"itemListElement\":[{\"@type\":\"ListItem\",\"position\":1,\"name\":\"Home\",\"item\":\"https:\\\/\\\/www.sifcoasc.com\\\/sv\"},{\"@type\":\"ListItem\",\"position\":2,\"name\":\"Varf\u00f6r anv\u00e4nda sig av SIFCO ASC?\"}]},{\"@type\":\"WebSite\",\"@id\":\"https:\\\/\\\/www.sifcoasc.com\\\/sv#website\",\"url\":\"https:\\\/\\\/www.sifcoasc.com\\\/sv\",\"name\":\"SIFCO Applied Surface Concepts\",\"description\":\"\",\"potentialAction\":[{\"@type\":\"SearchAction\",\"target\":{\"@type\":\"EntryPoint\",\"urlTemplate\":\"https:\\\/\\\/www.sifcoasc.com\\\/sv?s={search_term_string}\"},\"query-input\":{\"@type\":\"PropertyValueSpecification\",\"valueRequired\":true,\"valueName\":\"search_term_string\"}}],\"inLanguage\":\"sv-SE\"}]}<\/script>\n<!-- \/ Yoast SEO plugin. -->","yoast_head_json":{"title":"Varf\u00f6r v\u00e4lja SIFCO ASC? | Experter inom selektiv pl\u00e4tering | SIFCO ASC","description":"SIFCO ASC \u00e4r en viktig resurs n\u00e4r du beh\u00f6ver f\u00f6rb\u00e4ttra, reparera och \u00e4ndra storlek p\u00e5 dina kritiska komponenter. Vi samarbetar med dig f\u00f6r att utveckla skr\u00e4ddarsydda l\u00f6sningar.","robots":{"index":"index","follow":"follow","max-snippet":"max-snippet:-1","max-image-preview":"max-image-preview:large","max-video-preview":"max-video-preview:-1"},"canonical":"https:\/\/www.sifcoasc.com\/sv\/varfor-anvanda-sig-av-sifco-asc","og_locale":"sv_SE","og_type":"article","og_title":"Varf\u00f6r v\u00e4lja SIFCO ASC? | Experter inom selektiv pl\u00e4tering | SIFCO ASC","og_description":"SIFCO ASC \u00e4r en viktig resurs n\u00e4r du beh\u00f6ver f\u00f6rb\u00e4ttra, reparera och \u00e4ndra storlek p\u00e5 dina kritiska komponenter. Vi samarbetar med dig f\u00f6r att utveckla skr\u00e4ddarsydda l\u00f6sningar.","og_url":"https:\/\/www.sifcoasc.com\/sv\/varfor-anvanda-sig-av-sifco-asc","og_site_name":"SIFCO Applied Surface Concepts","article_modified_time":"2022-09-23T20:11:25+00:00","twitter_misc":{"Est. reading time":"1 minut"},"schema":{"@context":"https:\/\/schema.org","@graph":[{"@type":"WebPage","@id":"https:\/\/www.sifcoasc.com\/sv\/varfor-anvanda-sig-av-sifco-asc","url":"https:\/\/www.sifcoasc.com\/sv\/varfor-anvanda-sig-av-sifco-asc","name":"Varf\u00f6r v\u00e4lja SIFCO ASC? | Experter inom selektiv pl\u00e4tering | SIFCO ASC","isPartOf":{"@id":"https:\/\/www.sifcoasc.com\/sv#website"},"datePublished":"2022-07-14T15:28:43+00:00","dateModified":"2022-09-23T20:11:25+00:00","description":"SIFCO ASC \u00e4r en viktig resurs n\u00e4r du beh\u00f6ver f\u00f6rb\u00e4ttra, reparera och \u00e4ndra storlek p\u00e5 dina kritiska komponenter. Vi samarbetar med dig f\u00f6r att utveckla skr\u00e4ddarsydda l\u00f6sningar.","breadcrumb":{"@id":"https:\/\/www.sifcoasc.com\/sv\/varfor-anvanda-sig-av-sifco-asc#breadcrumb"},"inLanguage":"sv-SE","potentialAction":[{"@type":"ReadAction","target":["https:\/\/www.sifcoasc.com\/sv\/varfor-anvanda-sig-av-sifco-asc"]}]},{"@type":"BreadcrumbList","@id":"https:\/\/www.sifcoasc.com\/sv\/varfor-anvanda-sig-av-sifco-asc#breadcrumb","itemListElement":[{"@type":"ListItem","position":1,"name":"Home","item":"https:\/\/www.sifcoasc.com\/sv"},{"@type":"ListItem","position":2,"name":"Varf\u00f6r anv\u00e4nda sig av SIFCO ASC?"}]},{"@type":"WebSite","@id":"https:\/\/www.sifcoasc.com\/sv#website","url":"https:\/\/www.sifcoasc.com\/sv","name":"SIFCO Applied Surface Concepts","description":"","potentialAction":[{"@type":"SearchAction","target":{"@type":"EntryPoint","urlTemplate":"https:\/\/www.sifcoasc.com\/sv?s={search_term_string}"},"query-input":{"@type":"PropertyValueSpecification","valueRequired":true,"valueName":"search_term_string"}}],"inLanguage":"sv-SE"}]}},"featured_image_src":null,"featured_image_src_square":null,"_links":{"self":[{"href":"https:\/\/www.sifcoasc.com\/sv\/wp-json\/wp\/v2\/pages\/9647","targetHints":{"allow":["GET"]}}],"collection":[{"href":"https:\/\/www.sifcoasc.com\/sv\/wp-json\/wp\/v2\/pages"}],"about":[{"href":"https:\/\/www.sifcoasc.com\/sv\/wp-json\/wp\/v2\/types\/page"}],"author":[{"embeddable":true,"href":"https:\/\/www.sifcoasc.com\/sv\/wp-json\/wp\/v2\/users\/18"}],"replies":[{"embeddable":true,"href":"https:\/\/www.sifcoasc.com\/sv\/wp-json\/wp\/v2\/comments?post=9647"}],"version-history":[{"count":0,"href":"https:\/\/www.sifcoasc.com\/sv\/wp-json\/wp\/v2\/pages\/9647\/revisions"}],"wp:attachment":[{"href":"https:\/\/www.sifcoasc.com\/sv\/wp-json\/wp\/v2\/media?parent=9647"}],"curies":[{"name":"wp","href":"https:\/\/api.w.org\/{rel}","templated":true}]}}