{"id":9653,"date":"2022-07-14T15:28:49","date_gmt":"2022-07-14T15:28:49","guid":{"rendered":"https:\/\/www.sifcoasc.com\/ehs-och-hallbarhet\/"},"modified":"2022-09-23T20:28:32","modified_gmt":"2022-09-23T20:28:32","slug":"miljohantering","status":"publish","type":"page","link":"https:\/\/www.sifcoasc.com\/sv\/miljohantering","title":{"rendered":"Milj\u00f6hantering"},"content":{"rendered":"<h2>Milj\u00f6hantering<\/h2>\n<h3>SIFCO ASC har \u00e5tagit sig att tillhandah\u00e5lla pl\u00e4teringsl\u00f6sningar av h\u00f6g kvalitet som uppfyller dagens kr\u00e4vande milj\u00f6standarder samt v\u00e5ra kunders exakta krav p\u00e5 pl\u00e4teringstill\u00e4mpningar.<\/h3>\n<div class=\"right-image\"><img loading=\"lazy\" decoding=\"async\" width=\"135\" height=\"165\" class=\"alignnone size-full wp-image-1864\" title=\"EMS och h\u00e5llbarhet \" src=\"\/wp-content\/uploads\/SQA-ISO14001-2015-135x165-1.jpg\" alt=\"EMS och h\u00e5llbarhet \" \/><\/div>\n<p>SIFCO ASC uppr\u00e4tth\u00e5ller frivilligt sitt kvalitets- och milj\u00f6hanteringssystem (EMS) i enlighet med ISO 14001:2015. ISO 14001:2015 \u00e4r den internationella standarden som anger krav f\u00f6r ett effektivt milj\u00f6hanteringssystem. I st\u00e4llet f\u00f6r att tillhandah\u00e5lla prestandakrav ger ISO 14001:2015 bara ett ramverk som organisationerna ska f\u00f6lja. De omfattar v\u00e5ra produkter under hela livscykeln, snarare \u00e4n bara dess produktion. Genom att f\u00f6rb\u00e4ttra v\u00e5r resurseffektivitet s\u00e4nker vi d\u00e4rigenom avfall och kostnader.<\/p>\n<p>Genom att uppr\u00e4tth\u00e5lla v\u00e5r EMS hj\u00e4lper SIFCO ASC att minimera hur v\u00e5r verksamhet p\u00e5verkar milj\u00f6n, f\u00f6lja myndighetens f\u00f6reskrifter och krav, samt st\u00e4ndigt utf\u00f6ra f\u00f6rb\u00e4ttringar f\u00f6r att uppr\u00e4tth\u00e5lla v\u00e5rt milj\u00f6arbete.<\/p>\n<p>Hittills \u00f6vervakar SIFCO ASC f\u00f6ljande:<\/p>\n<ul>\n<li>Elektrisk anv\u00e4ndning<\/li>\n<li>Farligt avfall fr\u00e5n produktion<\/li>\n<li>Anv\u00e4ndning av f\u00f6rpackningar<\/li>\n<li>Anv\u00e4ndning av papper<\/li>\n<\/ul>\n<h2>Milj\u00f6v\u00e4nliga l\u00f6sningar<\/h2>\n<p><strong>Kadmiumalternativ<\/strong><\/p>\n<p>Dagens kr\u00e4vande till\u00e4mpningar kr\u00e4ver v\u00e4lkonstruerade och bepr\u00f6vade bel\u00e4ggningar som utg\u00f6r s\u00e5 liten risk som m\u00f6jligt f\u00f6r b\u00e5de operat\u00f6ren och milj\u00f6n. Beroende p\u00e5 dina pl\u00e4teringskrav har SIFCO ASC utvecklat kadmiumalternativ f\u00f6r att tillgodose dina behov av till\u00e4mpningar.<\/p>\n<ul>\n<li>Zink-nickel LHE\u00ae<\/li>\n<li>Tenn-Zink<\/li>\n<\/ul>\n<p>Zink-Nickel LHE\u00ae och tenn-zink \u00e4r mindre giftiga alternativ till kadmium som kan anv\u00e4ndas f\u00f6r att reparera kadmium, zink-nickel, tenn-zink och IVD-aluminium p\u00e5 h\u00f6gh\u00e5llfast st\u00e5l. B\u00e5da bedl\u00e4ggningarna ger utm\u00e4rkt korrosionsskydd, har l\u00e5g v\u00e4tgasspr\u00f6dhet och kr\u00e4ver ingen, v\u00e4tgasspr\u00f6dhets utdrivning genom bakning.<\/p>\n<p>Zink-Nickel LHE\u00ae och tenn-zink \u00e4r redan godk\u00e4nt av:<\/p>\n<ul>\n<li>Boeing<\/li>\n<li>Messier-Bugatti-Dowty<\/li>\n<li>Ratier-Figeac<\/li>\n<li>Turbomeca<\/li>\n<li>NASA<\/li>\n<li>och mer<\/li>\n<\/ul>\n<p><strong><br \/>\n<\/strong><strong>Kromalternativ<\/strong><\/p>\n<p>SIFCO ASC:s kromalternativ \u00e4r de perfekta milj\u00f6v\u00e4nliga borstpl\u00e4terade lager f\u00f6r reparation och OEM-applikationer som kr\u00e4ver exceptionellt h\u00e5rda bel\u00e4ggningar. Beroende p\u00e5 dina pl\u00e4teringskrav har SIFCO ASC utvecklat en m\u00e4ngd olika lager f\u00f6r att tillgodose dina behov av till\u00e4mpningar:<\/p>\n<ul>\n<li>AeroShield\u00ae 4015<\/li>\n<li>AeroNikl\u00ae 575 7280\/5727<\/li>\n<li>Cobalt-Nickel Semi-Bright 5720<\/li>\n<li>Nickel High-Speed 2803<\/li>\n<li>Nickel-Tungsten 5711<\/li>\n<\/ul>\n<p>Dessa bel\u00e4ggningar har utvecklats f\u00f6r flyg-, fordons-, olje- och gasindustrin och alla andra industrier d\u00e4r yth\u00e5rdhet, slitstyrka och friktionskoefficient \u00e4r kritiska. SIFCO ASC:s kromalternativ anv\u00e4nds i en m\u00e4ngd olika till\u00e4mpningar, s\u00e5som f\u00f6r uppbyggnad, storleks\u00e4ndring av delar som uts\u00e4tts f\u00f6r slitage och korrosion.<\/p>\n<p><strong>Cyanidfria l\u00f6sningar<\/strong><\/p>\n<p>Cyanid \u00e4r en kemisk f\u00f6rening som \u00e4r giftig i sig. Pl\u00e4teringsl\u00f6sningar som inneh\u00e5ller cyanidjoner \u00e4r fr\u00e4tande f\u00f6r hud och \u00f6gon och potentiellt d\u00f6dliga vid f\u00f6rt\u00e4ring. \u00c4ven om det \u00e4r viktigt att bibeh\u00e5lla ordentlig ventilation under alla pl\u00e4teringar, kommer luften i pl\u00e4teringsomr\u00e5det att inneh\u00e5lla h\u00f6ga halter av cyanv\u00e4tegas om cyanidjoner skulle komma i kontakt med en syra. F\u00f6r att m\u00f6ta kundernas efterfr\u00e5gan p\u00e5 \u00f6kad h\u00e4lsa och s\u00e4kerhet f\u00f6r teknikerna, har SIFCO ASC utvecklat pl\u00e4teringsl\u00f6sningar utan cyanid som har samma vidh\u00e4ftnings- och lageregenskaper.<\/p>\n<ul>\n<li>Gold Non-Cyanide 5355<\/li>\n<li>Silver Non-Cyanide 3084\/5870<\/li>\n<li>Silver Production Non-Cyanide 5871<\/li>\n<\/ul>\n<p>F\u00f6r pl\u00e4tering med SIFCO Process\u00ae p\u00e5 nitrerade ytor kr\u00e4vs inte cyanidetsning, utan tekniken kommer att etsa bort det vita skiktet med en vattenbaserad f\u00f6rbehandlingsl\u00f6sning. F\u00f6rberedande procedurer f\u00f6r cyanid har ocks\u00e5 utvecklats f\u00f6r pl\u00e4tering p\u00e5 aluminium f\u00f6r att s\u00e4kerst\u00e4lla bel\u00e4ggningens kvalitet och korrekt vidh\u00e4ftning.<\/p>\n<p><strong>Borsyrefria nickell\u00f6sningar<\/strong><\/p>\n<p>F\u00f6r \u00f6ver tio \u00e5r sedan lades borsyra p\u00e5 grund av dess giftighet till i listan \u00f6ver \u00e4mnen som \u00e4r mycket farliga (SVHC) enligt REACH n\u00e4r det g\u00e4ller reproduktionsf\u00f6rm\u00e5gan. I v\u00e5rt utbud med \u00f6ver 100 borstpl\u00e4terings- och legeringsl\u00f6sningar inneh\u00e5ller endast 13 produkter borsyra.<\/p>\n<p>F\u00f6r att f\u00f6rst\u00e5 varf\u00f6r det \u00e4r anm\u00e4rkningsv\u00e4rt att ha ett stort antal borsyrafria l\u00f6sningar, m\u00e5ste man f\u00f6rst\u00e5 borsyrans roll vid pl\u00e4tering. Borsyra har flera funktioner, inklusive kontroll av inre p\u00e5frestningar, stabilisering av pH-v\u00e4rdet, bibeh\u00e5llande av god kvalitet p\u00e5 bel\u00e4ggningen, och anv\u00e4ndning av kornraffineringstillsatser. SIFCO ASC:s l\u00f6sningar har uppn\u00e5tt dessa egenskaper med milj\u00f6v\u00e4nliga, vattenbaserade l\u00f6sningar utan anv\u00e4ndning av borsyra.<\/p>\n<p>Flera av v\u00e5ra stora kunder arbetar h\u00e5rt f\u00f6r att f\u00f6rutse nya SVHC-\u00e4mnen. N\u00e4r man tittar p\u00e5 nya bel\u00e4ggningar som ska specificeras som en reparations- eller OEM-process, kommer m\u00e5nga f\u00f6retag att f\u00f6rs\u00f6ka skapa procedurer som kan anv\u00e4ndas \u00f6ver hela v\u00e4rlden och st\u00f6ta p\u00e5 minsta m\u00f6jliga begr\u00e4nsningar. V\u00e5ra vanligaste borsyrafria nickell\u00f6sningar \u00e4r:<\/p>\n<ul>\n<li>Nickel Acid 2080\/5600<\/li>\n<li>Nickel Acid 2807<\/li>\n<li>Nickel Ductile 2086<\/li>\n<li>Nickel Ductile 2088<\/li>\n<\/ul>\n<p>Dessutom ger SIFCO Process\u00ae f\u00f6r selektiv elektropl\u00e4tering \u00f6verl\u00e4gsna elektropl\u00e4terade avlagringar och anodiserade bel\u00e4ggningar med minimalt avfall. Genom att anv\u00e4nda SIFCO Process\u00ae kan f\u00f6retag uppfylla eller \u00f6vertr\u00e4ffa de flesta industriella krav samtidigt som de \u00e4r k\u00e4nsliga f\u00f6r milj\u00f6best\u00e4mmelser.<\/p>\n<p>Det r\u00e5der ingen tvekan om att till\u00e4mpningen av milj\u00f6lagstiftningen \u00e4r mycket annorlunda i dag \u00e4n f\u00f6r flera \u00e5r sedan. Bara terminologin kan vara f\u00f6rbryllande tills den studeras och f\u00f6rst\u00e5s. SIFCO ASC har en grundlig kunskap om de best\u00e4mmelser som huvudsakligen utf\u00e4rdas av OSHA och EPA. V\u00e5r avdelning f\u00f6r milj\u00f6tj\u00e4nster har till uppgift att h\u00e5lla sig uppdaterad om milj\u00f6best\u00e4mmelser och hj\u00e4lpa v\u00e5r personal och v\u00e5ra kunder. Alla SIFCO Process\u00ae-kunder kan f\u00e5 tillg\u00e5ng till dessa milj\u00f6st\u00f6dstj\u00e4nster genom att ringa SIFCO Applied Surface Concepts huvudkontor p\u00e5 800-765-4131.<\/p>\n<section class=\"rows-of-2\">\n<div>\n<h2>Relaterade resurser<\/h2>\n<p>SIFCO Applied Surface Concepts \u00e4r din viktiga resurs f\u00f6r att f\u00f6rb\u00e4ttra, reparera eller renovera kritiska komponenter genom selektiv elektropl\u00e4tering. SIFCO Process\u00ae \u00e4r den ledande metoden f\u00f6r selektiv elektropl\u00e4tering av lokaliserade omr\u00e5den p\u00e5 komponenter utan anv\u00e4ndning av en neds\u00e4nkt tank. Vi tillhandah\u00e5ller kontraktstj\u00e4nster, kemiska l\u00f6sningar och utrustning f\u00f6r ytf\u00f6rb\u00e4ttring f\u00f6r att f\u00f6rb\u00e4ttra komponenternas prestanda, minimera stillest\u00e5ndstider och minska tillverkningskostnaderna. Om du vill veta mer kan du v\u00e4lja bland dessa resurser.<\/p>\n<\/div>\n<div>\n<div class=\"click-expand relatedresource\">\n<h3 class=\"ce-header\" tabindex=\"0\">Products och tj\u00e4nster<\/h3>\n<div class=\"ce-body\">\n<ul>\n<li><a href=\"https:\/\/plating.sifcoasc.com\/\">Produktkatalog online<\/a><\/li>\n<li><a href=\"\/\/www.sifcoasc.com\/datasheet-library\/\">Bibliotek med datablad<\/a><\/li>\n<li><a href=\"\/\/www.sifcoasc.com\/video-library\/\">Videobibliotek<\/a><\/li>\n<\/ul>\n<\/div>\n<\/div>\n<p>&nbsp;<\/p>\n<div class=\"click-expand\">\n<h3 class=\"ce-header\" tabindex=\"0\">Resurser f\u00f6r kvalitet<\/h3>\n<div class=\"ce-body\">\n<ul>\n<li><a href=\"\/\/www.sifcoasc.com\/quality-accreditations\/\">Kvalitetsackrediteringar<\/a><\/li>\n<li><a href=\"\/\/www.sifcoasc.com\/industry-specifications\/\">Specifikationer<\/a><\/li>\n<li><a href=\"\/\/www.sifcoasc.com\/restricted-certificates-of-conformance\/\">Intyg om \u00f6verensst\u00e4mmelse<\/a><\/li>\n<\/ul>\n<\/div>\n<\/div>\n<p>&nbsp;<\/p>\n<div class=\"click-expand\">\n<h3 class=\"ce-header\" tabindex=\"0\">L\u00e4s mer<\/h3>\n<div class=\"ce-body\">\n<ul>\n<li><a href=\"\/\/www.sifcoasc.com\/what-is-selective-plating\/\">Vad \u00e4r selektiv pl\u00e4tering?<\/a><\/li>\n<li><a href=\"\/\/www.sifcoasc.com\/meet-the-team\/\">Tr\u00e4ffa teamet<\/a><\/li>\n<li><a href=\"\/\/www.sifcoasc.com\/contact-us\/\">Kontakta oss<\/a><\/li>\n<\/ul>\n<\/div>\n<\/div>\n<\/div>\n<\/section>\n","protected":false},"excerpt":{"rendered":"<p>Milj\u00f6hantering SIFCO ASC har \u00e5tagit sig att tillhandah\u00e5lla pl\u00e4teringsl\u00f6sningar av h\u00f6g kvalitet som uppfyller dagens kr\u00e4vande milj\u00f6standarder samt v\u00e5ra kunders exakta krav p\u00e5 pl\u00e4teringstill\u00e4mpningar. SIFCO ASC uppr\u00e4tth\u00e5ller frivilligt sitt kvalitets- och milj\u00f6hanteringssystem (EMS) i enlighet med ISO 14001:2015. ISO 14001:2015 \u00e4r den internationella standarden som anger krav f\u00f6r ett effektivt milj\u00f6hanteringssystem. I st\u00e4llet f\u00f6r att [&hellip;]<\/p>\n","protected":false},"author":18,"featured_media":0,"parent":0,"menu_order":0,"comment_status":"closed","ping_status":"closed","template":"","meta":{"_acf_changed":false,"inline_featured_image":false,"footnotes":""},"class_list":["post-9653","page","type-page","status-publish","hentry"],"acf":[],"yoast_head":"<!-- This site is optimized with the Yoast SEO plugin v27.3 - https:\/\/yoast.com\/product\/yoast-seo-wordpress\/ -->\n<title>SIFCO ASC : EMS och h\u00e5llbarhet<\/title>\n<meta name=\"description\" content=\"EHS och h\u00e5llbarhet SIFCO ASC har \u00e5tagit sig att tillhandah\u00e5lla kvalitetsl\u00f6sningar f\u00f6r pl\u00e4tering som uppfyller dagens kr\u00e4vande milj\u00f6krav samt ...\" \/>\n<meta name=\"robots\" content=\"index, follow, max-snippet:-1, max-image-preview:large, max-video-preview:-1\" \/>\n<link rel=\"canonical\" href=\"https:\/\/www.sifcoasc.com\/sv\/miljohantering\" \/>\n<meta property=\"og:locale\" content=\"sv_SE\" \/>\n<meta property=\"og:type\" content=\"article\" \/>\n<meta property=\"og:title\" content=\"SIFCO ASC : EMS och h\u00e5llbarhet\" \/>\n<meta property=\"og:description\" content=\"EHS och h\u00e5llbarhet SIFCO ASC har \u00e5tagit sig att tillhandah\u00e5lla kvalitetsl\u00f6sningar f\u00f6r pl\u00e4tering som uppfyller dagens kr\u00e4vande milj\u00f6krav samt ...\" \/>\n<meta property=\"og:url\" content=\"https:\/\/www.sifcoasc.com\/sv\/miljohantering\" \/>\n<meta property=\"og:site_name\" content=\"SIFCO Applied Surface Concepts\" \/>\n<meta property=\"article:modified_time\" content=\"2022-09-23T20:28:32+00:00\" \/>\n<meta name=\"twitter:label1\" content=\"Est. reading time\" \/>\n\t<meta name=\"twitter:data1\" content=\"5 minuter\" \/>\n<script type=\"application\/ld+json\" class=\"yoast-schema-graph\">{\"@context\":\"https:\\\/\\\/schema.org\",\"@graph\":[{\"@type\":\"WebPage\",\"@id\":\"https:\\\/\\\/www.sifcoasc.com\\\/sv\\\/miljohantering\",\"url\":\"https:\\\/\\\/www.sifcoasc.com\\\/sv\\\/miljohantering\",\"name\":\"SIFCO ASC : EMS och h\u00e5llbarhet\",\"isPartOf\":{\"@id\":\"https:\\\/\\\/www.sifcoasc.com\\\/sv#website\"},\"datePublished\":\"2022-07-14T15:28:49+00:00\",\"dateModified\":\"2022-09-23T20:28:32+00:00\",\"description\":\"EHS och h\u00e5llbarhet SIFCO ASC har \u00e5tagit sig att tillhandah\u00e5lla kvalitetsl\u00f6sningar f\u00f6r pl\u00e4tering som uppfyller dagens kr\u00e4vande milj\u00f6krav samt ...\",\"breadcrumb\":{\"@id\":\"https:\\\/\\\/www.sifcoasc.com\\\/sv\\\/miljohantering#breadcrumb\"},\"inLanguage\":\"sv-SE\",\"potentialAction\":[{\"@type\":\"ReadAction\",\"target\":[\"https:\\\/\\\/www.sifcoasc.com\\\/sv\\\/miljohantering\"]}]},{\"@type\":\"BreadcrumbList\",\"@id\":\"https:\\\/\\\/www.sifcoasc.com\\\/sv\\\/miljohantering#breadcrumb\",\"itemListElement\":[{\"@type\":\"ListItem\",\"position\":1,\"name\":\"Home\",\"item\":\"https:\\\/\\\/www.sifcoasc.com\\\/sv\"},{\"@type\":\"ListItem\",\"position\":2,\"name\":\"Milj\u00f6hantering\"}]},{\"@type\":\"WebSite\",\"@id\":\"https:\\\/\\\/www.sifcoasc.com\\\/sv#website\",\"url\":\"https:\\\/\\\/www.sifcoasc.com\\\/sv\",\"name\":\"SIFCO Applied Surface Concepts\",\"description\":\"\",\"potentialAction\":[{\"@type\":\"SearchAction\",\"target\":{\"@type\":\"EntryPoint\",\"urlTemplate\":\"https:\\\/\\\/www.sifcoasc.com\\\/sv?s={search_term_string}\"},\"query-input\":{\"@type\":\"PropertyValueSpecification\",\"valueRequired\":true,\"valueName\":\"search_term_string\"}}],\"inLanguage\":\"sv-SE\"}]}<\/script>\n<!-- \/ Yoast SEO plugin. -->","yoast_head_json":{"title":"SIFCO ASC : EMS och h\u00e5llbarhet","description":"EHS och h\u00e5llbarhet SIFCO ASC har \u00e5tagit sig att tillhandah\u00e5lla kvalitetsl\u00f6sningar f\u00f6r pl\u00e4tering som uppfyller dagens kr\u00e4vande milj\u00f6krav samt ...","robots":{"index":"index","follow":"follow","max-snippet":"max-snippet:-1","max-image-preview":"max-image-preview:large","max-video-preview":"max-video-preview:-1"},"canonical":"https:\/\/www.sifcoasc.com\/sv\/miljohantering","og_locale":"sv_SE","og_type":"article","og_title":"SIFCO ASC : EMS och h\u00e5llbarhet","og_description":"EHS och h\u00e5llbarhet SIFCO ASC har \u00e5tagit sig att tillhandah\u00e5lla kvalitetsl\u00f6sningar f\u00f6r pl\u00e4tering som uppfyller dagens kr\u00e4vande milj\u00f6krav samt ...","og_url":"https:\/\/www.sifcoasc.com\/sv\/miljohantering","og_site_name":"SIFCO Applied Surface Concepts","article_modified_time":"2022-09-23T20:28:32+00:00","twitter_misc":{"Est. reading time":"5 minuter"},"schema":{"@context":"https:\/\/schema.org","@graph":[{"@type":"WebPage","@id":"https:\/\/www.sifcoasc.com\/sv\/miljohantering","url":"https:\/\/www.sifcoasc.com\/sv\/miljohantering","name":"SIFCO ASC : EMS och h\u00e5llbarhet","isPartOf":{"@id":"https:\/\/www.sifcoasc.com\/sv#website"},"datePublished":"2022-07-14T15:28:49+00:00","dateModified":"2022-09-23T20:28:32+00:00","description":"EHS och h\u00e5llbarhet SIFCO ASC har \u00e5tagit sig att tillhandah\u00e5lla kvalitetsl\u00f6sningar f\u00f6r pl\u00e4tering som uppfyller dagens kr\u00e4vande milj\u00f6krav samt ...","breadcrumb":{"@id":"https:\/\/www.sifcoasc.com\/sv\/miljohantering#breadcrumb"},"inLanguage":"sv-SE","potentialAction":[{"@type":"ReadAction","target":["https:\/\/www.sifcoasc.com\/sv\/miljohantering"]}]},{"@type":"BreadcrumbList","@id":"https:\/\/www.sifcoasc.com\/sv\/miljohantering#breadcrumb","itemListElement":[{"@type":"ListItem","position":1,"name":"Home","item":"https:\/\/www.sifcoasc.com\/sv"},{"@type":"ListItem","position":2,"name":"Milj\u00f6hantering"}]},{"@type":"WebSite","@id":"https:\/\/www.sifcoasc.com\/sv#website","url":"https:\/\/www.sifcoasc.com\/sv","name":"SIFCO Applied Surface Concepts","description":"","potentialAction":[{"@type":"SearchAction","target":{"@type":"EntryPoint","urlTemplate":"https:\/\/www.sifcoasc.com\/sv?s={search_term_string}"},"query-input":{"@type":"PropertyValueSpecification","valueRequired":true,"valueName":"search_term_string"}}],"inLanguage":"sv-SE"}]}},"featured_image_src":null,"featured_image_src_square":null,"_links":{"self":[{"href":"https:\/\/www.sifcoasc.com\/sv\/wp-json\/wp\/v2\/pages\/9653","targetHints":{"allow":["GET"]}}],"collection":[{"href":"https:\/\/www.sifcoasc.com\/sv\/wp-json\/wp\/v2\/pages"}],"about":[{"href":"https:\/\/www.sifcoasc.com\/sv\/wp-json\/wp\/v2\/types\/page"}],"author":[{"embeddable":true,"href":"https:\/\/www.sifcoasc.com\/sv\/wp-json\/wp\/v2\/users\/18"}],"replies":[{"embeddable":true,"href":"https:\/\/www.sifcoasc.com\/sv\/wp-json\/wp\/v2\/comments?post=9653"}],"version-history":[{"count":0,"href":"https:\/\/www.sifcoasc.com\/sv\/wp-json\/wp\/v2\/pages\/9653\/revisions"}],"wp:attachment":[{"href":"https:\/\/www.sifcoasc.com\/sv\/wp-json\/wp\/v2\/media?parent=9653"}],"curies":[{"name":"wp","href":"https:\/\/api.w.org\/{rel}","templated":true}]}}