{"id":9654,"date":"2022-07-14T15:28:49","date_gmt":"2022-07-14T15:28:49","guid":{"rendered":"https:\/\/www.sifcoasc.com\/platser\/"},"modified":"2022-09-23T20:32:08","modified_gmt":"2022-09-23T20:32:08","slug":"platser","status":"publish","type":"page","link":"https:\/\/www.sifcoasc.com\/sv\/platser","title":{"rendered":"Platser"},"content":{"rendered":"<h3>SIFCO ASC \u00e4r en global organisation med kontor, serviceverkst\u00e4der och auktoriserade distribut\u00f6rer p\u00e5 strategiska platser runt om i v\u00e4rlden.<\/h3>\n<p>Vi erbjuder pl\u00e4teringstj\u00e4nster On-site p\u00e5 er anl\u00e4ggning eller p\u00e5 n\u00e5gon av v\u00e5ra orter. F\u00f6r specifika bel\u00e4ggningsarbeten kan vi skr\u00e4ddarsy ett system anpassat just f\u00f6r era detaljer till er produktionsmilj\u00f6.<\/p>\n<p><strong>Klicka p\u00e5<\/strong> platserna p\u00e5 kartan nedan f\u00f6r att f\u00e5 fullst\u00e4ndig kontaktinformation om en SIFCO ASC-anl\u00e4ggning n\u00e4ra dig.<\/p>\n<div id=\"mapsvg-2335\" data-id=\"2335\" class=\"mapsvg\" data-svg-file-last-changed=\"1637158550\" data-autoload=\"true\" data-loading-text=\"Loading map...\" data-region-prefix=\"\" data-width=\"1009.1149\" data-height=\"665.242\"><\/div>\n","protected":false},"excerpt":{"rendered":"<p>SIFCO ASC \u00e4r en global organisation med kontor, serviceverkst\u00e4der och auktoriserade distribut\u00f6rer p\u00e5 strategiska platser runt om i v\u00e4rlden. Vi erbjuder pl\u00e4teringstj\u00e4nster On-site p\u00e5 er anl\u00e4ggning eller p\u00e5 n\u00e5gon av v\u00e5ra orter. F\u00f6r specifika bel\u00e4ggningsarbeten kan vi skr\u00e4ddarsy ett system anpassat just f\u00f6r era detaljer till er produktionsmilj\u00f6. Klicka p\u00e5 platserna p\u00e5 kartan nedan f\u00f6r [&hellip;]<\/p>\n","protected":false},"author":18,"featured_media":0,"parent":0,"menu_order":0,"comment_status":"closed","ping_status":"closed","template":"","meta":{"_acf_changed":false,"inline_featured_image":false,"footnotes":""},"class_list":["post-9654","page","type-page","status-publish","hentry"],"acf":[],"yoast_head":"<!-- This site is optimized with the Yoast SEO plugin v27.5 - https:\/\/yoast.com\/product\/yoast-seo-wordpress\/ -->\n<title>V\u00e5ra platser | Kontor, verkst\u00e4der och distribut\u00f6rer | SIFCO ASC<\/title>\n<meta name=\"description\" content=\"Vi erbjuder v\u00e5ra borstpl\u00e4teringstj\u00e4nster och l\u00f6sningar \u00f6ver hela v\u00e4rlden. Ta kontakt med n\u00e4rmaste kontor, jobbbutik eller distributionscenter.\" \/>\n<meta name=\"robots\" content=\"index, follow, max-snippet:-1, max-image-preview:large, max-video-preview:-1\" \/>\n<link rel=\"canonical\" href=\"https:\/\/www.sifcoasc.com\/sv\/platser\" \/>\n<meta property=\"og:locale\" content=\"sv_SE\" \/>\n<meta property=\"og:type\" content=\"article\" \/>\n<meta property=\"og:title\" content=\"V\u00e5ra platser | Kontor, verkst\u00e4der och distribut\u00f6rer | SIFCO ASC\" \/>\n<meta property=\"og:description\" content=\"Vi erbjuder v\u00e5ra borstpl\u00e4teringstj\u00e4nster och l\u00f6sningar \u00f6ver hela v\u00e4rlden. Ta kontakt med n\u00e4rmaste kontor, jobbbutik eller distributionscenter.\" \/>\n<meta property=\"og:url\" content=\"https:\/\/www.sifcoasc.com\/sv\/platser\" \/>\n<meta property=\"og:site_name\" content=\"SIFCO Applied Surface Concepts\" \/>\n<meta property=\"article:modified_time\" content=\"2022-09-23T20:32:08+00:00\" \/>\n<script type=\"application\/ld+json\" class=\"yoast-schema-graph\">{\"@context\":\"https:\\\/\\\/schema.org\",\"@graph\":[{\"@type\":\"WebPage\",\"@id\":\"https:\\\/\\\/www.sifcoasc.com\\\/sv\\\/platser\",\"url\":\"https:\\\/\\\/www.sifcoasc.com\\\/sv\\\/platser\",\"name\":\"V\u00e5ra platser | Kontor, verkst\u00e4der och distribut\u00f6rer | SIFCO ASC\",\"isPartOf\":{\"@id\":\"https:\\\/\\\/www.sifcoasc.com\\\/sv#website\"},\"datePublished\":\"2022-07-14T15:28:49+00:00\",\"dateModified\":\"2022-09-23T20:32:08+00:00\",\"description\":\"Vi erbjuder v\u00e5ra borstpl\u00e4teringstj\u00e4nster och l\u00f6sningar \u00f6ver hela v\u00e4rlden. Ta kontakt med n\u00e4rmaste kontor, jobbbutik eller distributionscenter.\",\"breadcrumb\":{\"@id\":\"https:\\\/\\\/www.sifcoasc.com\\\/sv\\\/platser#breadcrumb\"},\"inLanguage\":\"sv-SE\",\"potentialAction\":[{\"@type\":\"ReadAction\",\"target\":[\"https:\\\/\\\/www.sifcoasc.com\\\/sv\\\/platser\"]}]},{\"@type\":\"BreadcrumbList\",\"@id\":\"https:\\\/\\\/www.sifcoasc.com\\\/sv\\\/platser#breadcrumb\",\"itemListElement\":[{\"@type\":\"ListItem\",\"position\":1,\"name\":\"Home\",\"item\":\"https:\\\/\\\/www.sifcoasc.com\\\/sv\"},{\"@type\":\"ListItem\",\"position\":2,\"name\":\"Platser\"}]},{\"@type\":\"WebSite\",\"@id\":\"https:\\\/\\\/www.sifcoasc.com\\\/sv#website\",\"url\":\"https:\\\/\\\/www.sifcoasc.com\\\/sv\",\"name\":\"SIFCO Applied Surface Concepts\",\"description\":\"\",\"potentialAction\":[{\"@type\":\"SearchAction\",\"target\":{\"@type\":\"EntryPoint\",\"urlTemplate\":\"https:\\\/\\\/www.sifcoasc.com\\\/sv?s={search_term_string}\"},\"query-input\":{\"@type\":\"PropertyValueSpecification\",\"valueRequired\":true,\"valueName\":\"search_term_string\"}}],\"inLanguage\":\"sv-SE\"}]}<\/script>\n<!-- \/ Yoast SEO plugin. -->","yoast_head_json":{"title":"V\u00e5ra platser | Kontor, verkst\u00e4der och distribut\u00f6rer | SIFCO ASC","description":"Vi erbjuder v\u00e5ra borstpl\u00e4teringstj\u00e4nster och l\u00f6sningar \u00f6ver hela v\u00e4rlden. Ta kontakt med n\u00e4rmaste kontor, jobbbutik eller distributionscenter.","robots":{"index":"index","follow":"follow","max-snippet":"max-snippet:-1","max-image-preview":"max-image-preview:large","max-video-preview":"max-video-preview:-1"},"canonical":"https:\/\/www.sifcoasc.com\/sv\/platser","og_locale":"sv_SE","og_type":"article","og_title":"V\u00e5ra platser | Kontor, verkst\u00e4der och distribut\u00f6rer | SIFCO ASC","og_description":"Vi erbjuder v\u00e5ra borstpl\u00e4teringstj\u00e4nster och l\u00f6sningar \u00f6ver hela v\u00e4rlden. Ta kontakt med n\u00e4rmaste kontor, jobbbutik eller distributionscenter.","og_url":"https:\/\/www.sifcoasc.com\/sv\/platser","og_site_name":"SIFCO Applied Surface Concepts","article_modified_time":"2022-09-23T20:32:08+00:00","schema":{"@context":"https:\/\/schema.org","@graph":[{"@type":"WebPage","@id":"https:\/\/www.sifcoasc.com\/sv\/platser","url":"https:\/\/www.sifcoasc.com\/sv\/platser","name":"V\u00e5ra platser | Kontor, verkst\u00e4der och distribut\u00f6rer | SIFCO ASC","isPartOf":{"@id":"https:\/\/www.sifcoasc.com\/sv#website"},"datePublished":"2022-07-14T15:28:49+00:00","dateModified":"2022-09-23T20:32:08+00:00","description":"Vi erbjuder v\u00e5ra borstpl\u00e4teringstj\u00e4nster och l\u00f6sningar \u00f6ver hela v\u00e4rlden. Ta kontakt med n\u00e4rmaste kontor, jobbbutik eller distributionscenter.","breadcrumb":{"@id":"https:\/\/www.sifcoasc.com\/sv\/platser#breadcrumb"},"inLanguage":"sv-SE","potentialAction":[{"@type":"ReadAction","target":["https:\/\/www.sifcoasc.com\/sv\/platser"]}]},{"@type":"BreadcrumbList","@id":"https:\/\/www.sifcoasc.com\/sv\/platser#breadcrumb","itemListElement":[{"@type":"ListItem","position":1,"name":"Home","item":"https:\/\/www.sifcoasc.com\/sv"},{"@type":"ListItem","position":2,"name":"Platser"}]},{"@type":"WebSite","@id":"https:\/\/www.sifcoasc.com\/sv#website","url":"https:\/\/www.sifcoasc.com\/sv","name":"SIFCO Applied Surface Concepts","description":"","potentialAction":[{"@type":"SearchAction","target":{"@type":"EntryPoint","urlTemplate":"https:\/\/www.sifcoasc.com\/sv?s={search_term_string}"},"query-input":{"@type":"PropertyValueSpecification","valueRequired":true,"valueName":"search_term_string"}}],"inLanguage":"sv-SE"}]}},"featured_image_src":null,"featured_image_src_square":null,"_links":{"self":[{"href":"https:\/\/www.sifcoasc.com\/sv\/wp-json\/wp\/v2\/pages\/9654","targetHints":{"allow":["GET"]}}],"collection":[{"href":"https:\/\/www.sifcoasc.com\/sv\/wp-json\/wp\/v2\/pages"}],"about":[{"href":"https:\/\/www.sifcoasc.com\/sv\/wp-json\/wp\/v2\/types\/page"}],"author":[{"embeddable":true,"href":"https:\/\/www.sifcoasc.com\/sv\/wp-json\/wp\/v2\/users\/18"}],"replies":[{"embeddable":true,"href":"https:\/\/www.sifcoasc.com\/sv\/wp-json\/wp\/v2\/comments?post=9654"}],"version-history":[{"count":0,"href":"https:\/\/www.sifcoasc.com\/sv\/wp-json\/wp\/v2\/pages\/9654\/revisions"}],"wp:attachment":[{"href":"https:\/\/www.sifcoasc.com\/sv\/wp-json\/wp\/v2\/media?parent=9654"}],"curies":[{"name":"wp","href":"https:\/\/api.w.org\/{rel}","templated":true}]}}