{"id":9671,"date":"2022-07-14T15:29:12","date_gmt":"2022-07-14T15:29:12","guid":{"rendered":"https:\/\/www.sifcoasc.com\/karriarer\/"},"modified":"2023-02-10T16:24:10","modified_gmt":"2023-02-10T16:24:10","slug":"karriarer","status":"publish","type":"page","link":"https:\/\/www.sifcoasc.com\/sv\/karriarer","title":{"rendered":"Karri\u00e4rer"},"content":{"rendered":"<p class=\"emph\">V\u00e5r framg\u00e5ng och tillv\u00e4xt \u00e4r beroende av v\u00e5ra anst\u00e4llda och v\u00e5rt engagemang f\u00f6r dem. Vi utvecklar kontinuerligt v\u00e5r befintliga personal och rekryterar ambiti\u00f6sa och beg\u00e5vade personer.<\/p>\n<p><strong>SIFCO ASC:s verksamhet \u00e4r v\u00e4rldsomsp\u00e4nnande, s\u00e5 v\u00e5r rekryteringspolicy omfattar karri\u00e4rm\u00f6jligheter \u00f6ver hela v\u00e4rlden. Vi \u00e4r \u00f6vertygade om att vi inte bara ska rekrytera de b\u00e4sta personerna utan ocks\u00e5 erbjuda kontinuerliga m\u00f6jligheter till kompetensutveckling och karri\u00e4rutveckling.<\/strong><\/p>\n","protected":false},"excerpt":{"rendered":"<p>V\u00e5r framg\u00e5ng och tillv\u00e4xt \u00e4r beroende av v\u00e5ra anst\u00e4llda och v\u00e5rt engagemang f\u00f6r dem. Vi utvecklar kontinuerligt v\u00e5r befintliga personal och rekryterar ambiti\u00f6sa och beg\u00e5vade personer. SIFCO ASC:s verksamhet \u00e4r v\u00e4rldsomsp\u00e4nnande, s\u00e5 v\u00e5r rekryteringspolicy omfattar karri\u00e4rm\u00f6jligheter \u00f6ver hela v\u00e4rlden. Vi \u00e4r \u00f6vertygade om att vi inte bara ska rekrytera de b\u00e4sta personerna utan ocks\u00e5 erbjuda [&hellip;]<\/p>\n","protected":false},"author":18,"featured_media":0,"parent":0,"menu_order":0,"comment_status":"closed","ping_status":"closed","template":"","meta":{"_acf_changed":false,"inline_featured_image":false,"footnotes":""},"class_list":["post-9671","page","type-page","status-publish","hentry"],"acf":[],"yoast_head":"<!-- This site is optimized with the Yoast SEO plugin v27.3 - https:\/\/yoast.com\/product\/yoast-seo-wordpress\/ -->\n<title>Karri\u00e4r och lediga tj\u00e4nster | SIFCO ASC<\/title>\n<meta name=\"description\" content=\"V\u00e5r framg\u00e5ng och tillv\u00e4xt \u00e4r beroende av v\u00e5ra anst\u00e4llda och v\u00e5rt engagemang f\u00f6r dem. L\u00e4s mer om v\u00e5ra lediga tj\u00e4nster. B\u00f6rja din karri\u00e4r idag.\" \/>\n<meta name=\"robots\" content=\"index, follow, max-snippet:-1, max-image-preview:large, max-video-preview:-1\" \/>\n<link rel=\"canonical\" href=\"https:\/\/www.sifcoasc.com\/sv\/karriarer\" \/>\n<meta property=\"og:locale\" content=\"sv_SE\" \/>\n<meta property=\"og:type\" content=\"article\" \/>\n<meta property=\"og:title\" content=\"Karri\u00e4r och lediga tj\u00e4nster | SIFCO ASC\" \/>\n<meta property=\"og:description\" content=\"V\u00e5r framg\u00e5ng och tillv\u00e4xt \u00e4r beroende av v\u00e5ra anst\u00e4llda och v\u00e5rt engagemang f\u00f6r dem. L\u00e4s mer om v\u00e5ra lediga tj\u00e4nster. B\u00f6rja din karri\u00e4r idag.\" \/>\n<meta property=\"og:url\" content=\"https:\/\/www.sifcoasc.com\/sv\/karriarer\" \/>\n<meta property=\"og:site_name\" content=\"SIFCO Applied Surface Concepts\" \/>\n<meta property=\"article:modified_time\" content=\"2023-02-10T16:24:10+00:00\" \/>\n<script type=\"application\/ld+json\" class=\"yoast-schema-graph\">{\"@context\":\"https:\\\/\\\/schema.org\",\"@graph\":[{\"@type\":\"WebPage\",\"@id\":\"https:\\\/\\\/www.sifcoasc.com\\\/sv\\\/karriarer\",\"url\":\"https:\\\/\\\/www.sifcoasc.com\\\/sv\\\/karriarer\",\"name\":\"Karri\u00e4r och lediga tj\u00e4nster | SIFCO ASC\",\"isPartOf\":{\"@id\":\"https:\\\/\\\/www.sifcoasc.com\\\/sv#website\"},\"datePublished\":\"2022-07-14T15:29:12+00:00\",\"dateModified\":\"2023-02-10T16:24:10+00:00\",\"description\":\"V\u00e5r framg\u00e5ng och tillv\u00e4xt \u00e4r beroende av v\u00e5ra anst\u00e4llda och v\u00e5rt engagemang f\u00f6r dem. L\u00e4s mer om v\u00e5ra lediga tj\u00e4nster. B\u00f6rja din karri\u00e4r idag.\",\"breadcrumb\":{\"@id\":\"https:\\\/\\\/www.sifcoasc.com\\\/sv\\\/karriarer#breadcrumb\"},\"inLanguage\":\"sv-SE\",\"potentialAction\":[{\"@type\":\"ReadAction\",\"target\":[\"https:\\\/\\\/www.sifcoasc.com\\\/sv\\\/karriarer\"]}]},{\"@type\":\"BreadcrumbList\",\"@id\":\"https:\\\/\\\/www.sifcoasc.com\\\/sv\\\/karriarer#breadcrumb\",\"itemListElement\":[{\"@type\":\"ListItem\",\"position\":1,\"name\":\"Home\",\"item\":\"https:\\\/\\\/www.sifcoasc.com\\\/sv\"},{\"@type\":\"ListItem\",\"position\":2,\"name\":\"Karri\u00e4rer\"}]},{\"@type\":\"WebSite\",\"@id\":\"https:\\\/\\\/www.sifcoasc.com\\\/sv#website\",\"url\":\"https:\\\/\\\/www.sifcoasc.com\\\/sv\",\"name\":\"SIFCO Applied Surface Concepts\",\"description\":\"\",\"potentialAction\":[{\"@type\":\"SearchAction\",\"target\":{\"@type\":\"EntryPoint\",\"urlTemplate\":\"https:\\\/\\\/www.sifcoasc.com\\\/sv?s={search_term_string}\"},\"query-input\":{\"@type\":\"PropertyValueSpecification\",\"valueRequired\":true,\"valueName\":\"search_term_string\"}}],\"inLanguage\":\"sv-SE\"}]}<\/script>\n<!-- \/ Yoast SEO plugin. -->","yoast_head_json":{"title":"Karri\u00e4r och lediga tj\u00e4nster | SIFCO ASC","description":"V\u00e5r framg\u00e5ng och tillv\u00e4xt \u00e4r beroende av v\u00e5ra anst\u00e4llda och v\u00e5rt engagemang f\u00f6r dem. L\u00e4s mer om v\u00e5ra lediga tj\u00e4nster. B\u00f6rja din karri\u00e4r idag.","robots":{"index":"index","follow":"follow","max-snippet":"max-snippet:-1","max-image-preview":"max-image-preview:large","max-video-preview":"max-video-preview:-1"},"canonical":"https:\/\/www.sifcoasc.com\/sv\/karriarer","og_locale":"sv_SE","og_type":"article","og_title":"Karri\u00e4r och lediga tj\u00e4nster | SIFCO ASC","og_description":"V\u00e5r framg\u00e5ng och tillv\u00e4xt \u00e4r beroende av v\u00e5ra anst\u00e4llda och v\u00e5rt engagemang f\u00f6r dem. L\u00e4s mer om v\u00e5ra lediga tj\u00e4nster. B\u00f6rja din karri\u00e4r idag.","og_url":"https:\/\/www.sifcoasc.com\/sv\/karriarer","og_site_name":"SIFCO Applied Surface Concepts","article_modified_time":"2023-02-10T16:24:10+00:00","schema":{"@context":"https:\/\/schema.org","@graph":[{"@type":"WebPage","@id":"https:\/\/www.sifcoasc.com\/sv\/karriarer","url":"https:\/\/www.sifcoasc.com\/sv\/karriarer","name":"Karri\u00e4r och lediga tj\u00e4nster | SIFCO ASC","isPartOf":{"@id":"https:\/\/www.sifcoasc.com\/sv#website"},"datePublished":"2022-07-14T15:29:12+00:00","dateModified":"2023-02-10T16:24:10+00:00","description":"V\u00e5r framg\u00e5ng och tillv\u00e4xt \u00e4r beroende av v\u00e5ra anst\u00e4llda och v\u00e5rt engagemang f\u00f6r dem. L\u00e4s mer om v\u00e5ra lediga tj\u00e4nster. B\u00f6rja din karri\u00e4r idag.","breadcrumb":{"@id":"https:\/\/www.sifcoasc.com\/sv\/karriarer#breadcrumb"},"inLanguage":"sv-SE","potentialAction":[{"@type":"ReadAction","target":["https:\/\/www.sifcoasc.com\/sv\/karriarer"]}]},{"@type":"BreadcrumbList","@id":"https:\/\/www.sifcoasc.com\/sv\/karriarer#breadcrumb","itemListElement":[{"@type":"ListItem","position":1,"name":"Home","item":"https:\/\/www.sifcoasc.com\/sv"},{"@type":"ListItem","position":2,"name":"Karri\u00e4rer"}]},{"@type":"WebSite","@id":"https:\/\/www.sifcoasc.com\/sv#website","url":"https:\/\/www.sifcoasc.com\/sv","name":"SIFCO Applied Surface Concepts","description":"","potentialAction":[{"@type":"SearchAction","target":{"@type":"EntryPoint","urlTemplate":"https:\/\/www.sifcoasc.com\/sv?s={search_term_string}"},"query-input":{"@type":"PropertyValueSpecification","valueRequired":true,"valueName":"search_term_string"}}],"inLanguage":"sv-SE"}]}},"featured_image_src":null,"featured_image_src_square":null,"_links":{"self":[{"href":"https:\/\/www.sifcoasc.com\/sv\/wp-json\/wp\/v2\/pages\/9671","targetHints":{"allow":["GET"]}}],"collection":[{"href":"https:\/\/www.sifcoasc.com\/sv\/wp-json\/wp\/v2\/pages"}],"about":[{"href":"https:\/\/www.sifcoasc.com\/sv\/wp-json\/wp\/v2\/types\/page"}],"author":[{"embeddable":true,"href":"https:\/\/www.sifcoasc.com\/sv\/wp-json\/wp\/v2\/users\/18"}],"replies":[{"embeddable":true,"href":"https:\/\/www.sifcoasc.com\/sv\/wp-json\/wp\/v2\/comments?post=9671"}],"version-history":[{"count":0,"href":"https:\/\/www.sifcoasc.com\/sv\/wp-json\/wp\/v2\/pages\/9671\/revisions"}],"wp:attachment":[{"href":"https:\/\/www.sifcoasc.com\/sv\/wp-json\/wp\/v2\/media?parent=9671"}],"curies":[{"name":"wp","href":"https:\/\/api.w.org\/{rel}","templated":true}]}}