{"id":9678,"date":"2022-07-14T15:29:13","date_gmt":"2022-07-14T15:29:13","guid":{"rendered":"https:\/\/www.sifcoasc.com\/platering-i-job-shop\/"},"modified":"2023-01-31T14:16:29","modified_gmt":"2023-01-31T14:16:29","slug":"platering-i-job-shop","status":"publish","type":"page","link":"https:\/\/www.sifcoasc.com\/sv\/platering-i-job-shop","title":{"rendered":"Pl\u00e4tering i egen verkstad"},"content":{"rendered":"<h2>Job Shop Plating f\u00f6r OEM- och komponentreparationer<\/h2>\n<h3>V\u00e5ra experter inom selektiv pl\u00e4tering hj\u00e4lper er med era komponenter.<\/h3>\n<p>Vi f\u00f6rst\u00e5r ert behov och kan med v\u00e5rt professionella team hantera de krav ni har p\u00e5 selektiv pl\u00e4tering. V\u00e5rt m\u00e5l \u00e4r att hj\u00e4lpa er uppn\u00e5 ert verksamhetsm\u00e5l och maximera er l\u00f6nsamhet.<\/p>\n<p>Vi har ett team av erfarna tekniker, uppbackade av teknisk support och egen FoU-avdelning, som kan ge er en niv\u00e5 av service som \u00e4r o\u00f6vertr\u00e4ffad i branschen.<\/p>\n<p>Vi har m\u00f6jlighet att hj\u00e4lpa er utifr\u00e5n ert behov vid n\u00e5gon av v\u00e5ra anl\u00e4ggningar i Sverige, Storbritannien, Frankrike och USA.<\/p>\n<p><strong><br \/>\nOEM- och komponentreparation under COVID-19 <\/strong><\/p>\n<p>Vi har \u00e5tagit oss att hj\u00e4lpa till att hantera pandemin och h\u00e5lla viktiga sektorer som <a href=\"https:\/\/www.sifcoasc.com\/sv\/energiproduktion\/\" target=\"_blank\" rel=\"noopener\">kraftproduktion<\/a>, <a href=\"https:\/\/www.sifcoasc.com\/sv\/aerospace\/\" target=\"_blank\" rel=\"noopener\">flygindustrin<\/a>, <a href=\"https:\/\/www.sifcoasc.com\/sv\/olja-och-gas\/\" target=\"_blank\" rel=\"noopener\">olja och gas,<\/a> milit\u00e4r och<a href=\"https:\/\/www.sifcoasc.com\/sv\/marin\/\" target=\"_blank\" rel=\"noopener\"> marin<\/a> verksamhet ig\u00e5ng. V\u00e5rt team av erfarna tekniker \u00f6vervakar noga situationen och f\u00f6ljer regeringens r\u00e5d om medicinska, sociala och kommersiella fr\u00e5gor f\u00f6r att p\u00e5 b\u00e4sta s\u00e4tt skydda alla som de arbetar med, s\u00e5 att dessa nyckelindustrier snabbt och effektivt kan reparera kritiska komponenter.<\/p>\n<p>Endast viktiga underh\u00e5llsingenj\u00f6rer och tekniker f\u00f6r selektiv pl\u00e4tering finns p\u00e5 plats p\u00e5 SIFCO ASC:s anl\u00e4ggningar i USA, Storbritannien, Frankrike och Sverige, medan all icke-kritisk kontorspersonal arbetar p\u00e5 distans.<\/p>\n<p>Vi har flexibiliteten att st\u00f6dja dina behov fr\u00e5n v\u00e5ra strategiskt placerade anl\u00e4ggningar runt om i v\u00e4rlden.<\/p>\n<p><a href=\"https:\/\/www.sifcoasc.com\/sv\/platser\/\" target=\"_blank\" rel=\"noopener\">Hitta en serviceverkstad i v\u00e5rt globala n\u00e4tverk av certifierade verkst\u00e4der n\u00e4ra dig. <\/a><\/p>\n","protected":false},"excerpt":{"rendered":"<p>Job Shop Plating f\u00f6r OEM- och komponentreparationer V\u00e5ra experter inom selektiv pl\u00e4tering hj\u00e4lper er med era komponenter. Vi f\u00f6rst\u00e5r ert behov och kan med v\u00e5rt professionella team hantera de krav ni har p\u00e5 selektiv pl\u00e4tering. V\u00e5rt m\u00e5l \u00e4r att hj\u00e4lpa er uppn\u00e5 ert verksamhetsm\u00e5l och maximera er l\u00f6nsamhet. Vi har ett team av erfarna tekniker, [&hellip;]<\/p>\n","protected":false},"author":18,"featured_media":0,"parent":0,"menu_order":0,"comment_status":"closed","ping_status":"closed","template":"","meta":{"_acf_changed":false,"inline_featured_image":false,"footnotes":""},"class_list":["post-9678","page","type-page","status-publish","hentry"],"acf":[],"yoast_head":"<!-- This site is optimized with the Yoast SEO plugin v27.3 - https:\/\/yoast.com\/product\/yoast-seo-wordpress\/ -->\n<title>Pl\u00e4tering i egen verkstad - SIFCO Applied Surface Concepts<\/title>\n<meta name=\"description\" content=\"Job Shop Plating f\u00f6r OEM- och komponentreparationer V\u00e5ra experter inom selektiv pl\u00e4tering hj\u00e4lper er med era komponenter. Vi f\u00f6rst\u00e5r ert behov och kan med v\u00e5rt professionella team hantera de krav ni har p\u00e5 selektiv pl\u00e4tering. V\u00e5rt m\u00e5l \u00e4r att hj\u00e4lpa er uppn\u00e5 ert verksamhetsm\u00e5l och maximera er l\u00f6nsamhet. Vi har ett team av erfarna tekniker\" \/>\n<meta name=\"robots\" content=\"index, follow, max-snippet:-1, max-image-preview:large, max-video-preview:-1\" \/>\n<link rel=\"canonical\" href=\"https:\/\/www.sifcoasc.com\/sv\/platering-i-job-shop\" \/>\n<meta property=\"og:locale\" content=\"sv_SE\" \/>\n<meta property=\"og:type\" content=\"article\" \/>\n<meta property=\"og:title\" content=\"Pl\u00e4tering i egen verkstad - SIFCO Applied Surface Concepts\" \/>\n<meta property=\"og:description\" content=\"Job Shop Plating f\u00f6r OEM- och komponentreparationer V\u00e5ra experter inom selektiv pl\u00e4tering hj\u00e4lper er med era komponenter. Vi f\u00f6rst\u00e5r ert behov och kan med v\u00e5rt professionella team hantera de krav ni har p\u00e5 selektiv pl\u00e4tering. V\u00e5rt m\u00e5l \u00e4r att hj\u00e4lpa er uppn\u00e5 ert verksamhetsm\u00e5l och maximera er l\u00f6nsamhet. Vi har ett team av erfarna tekniker\" \/>\n<meta property=\"og:url\" content=\"https:\/\/www.sifcoasc.com\/sv\/platering-i-job-shop\" \/>\n<meta property=\"og:site_name\" content=\"SIFCO Applied Surface Concepts\" \/>\n<meta property=\"article:modified_time\" content=\"2023-01-31T14:16:29+00:00\" \/>\n<meta name=\"twitter:label1\" content=\"Est. reading time\" \/>\n\t<meta name=\"twitter:data1\" content=\"1 minut\" \/>\n<script type=\"application\/ld+json\" class=\"yoast-schema-graph\">{\"@context\":\"https:\\\/\\\/schema.org\",\"@graph\":[{\"@type\":\"WebPage\",\"@id\":\"https:\\\/\\\/www.sifcoasc.com\\\/sv\\\/platering-i-job-shop\",\"url\":\"https:\\\/\\\/www.sifcoasc.com\\\/sv\\\/platering-i-job-shop\",\"name\":\"Pl\u00e4tering i egen verkstad - SIFCO Applied Surface Concepts\",\"isPartOf\":{\"@id\":\"https:\\\/\\\/www.sifcoasc.com\\\/sv#website\"},\"datePublished\":\"2022-07-14T15:29:13+00:00\",\"dateModified\":\"2023-01-31T14:16:29+00:00\",\"description\":\"Job Shop Plating f\u00f6r OEM- och komponentreparationer V\u00e5ra experter inom selektiv pl\u00e4tering hj\u00e4lper er med era komponenter. Vi f\u00f6rst\u00e5r ert behov och kan med v\u00e5rt professionella team hantera de krav ni har p\u00e5 selektiv pl\u00e4tering. V\u00e5rt m\u00e5l \u00e4r att hj\u00e4lpa er uppn\u00e5 ert verksamhetsm\u00e5l och maximera er l\u00f6nsamhet. Vi har ett team av erfarna tekniker\",\"breadcrumb\":{\"@id\":\"https:\\\/\\\/www.sifcoasc.com\\\/sv\\\/platering-i-job-shop#breadcrumb\"},\"inLanguage\":\"sv-SE\",\"potentialAction\":[{\"@type\":\"ReadAction\",\"target\":[\"https:\\\/\\\/www.sifcoasc.com\\\/sv\\\/platering-i-job-shop\"]}]},{\"@type\":\"BreadcrumbList\",\"@id\":\"https:\\\/\\\/www.sifcoasc.com\\\/sv\\\/platering-i-job-shop#breadcrumb\",\"itemListElement\":[{\"@type\":\"ListItem\",\"position\":1,\"name\":\"Home\",\"item\":\"https:\\\/\\\/www.sifcoasc.com\\\/sv\"},{\"@type\":\"ListItem\",\"position\":2,\"name\":\"Pl\u00e4tering i egen verkstad\"}]},{\"@type\":\"WebSite\",\"@id\":\"https:\\\/\\\/www.sifcoasc.com\\\/sv#website\",\"url\":\"https:\\\/\\\/www.sifcoasc.com\\\/sv\",\"name\":\"SIFCO Applied Surface Concepts\",\"description\":\"\",\"potentialAction\":[{\"@type\":\"SearchAction\",\"target\":{\"@type\":\"EntryPoint\",\"urlTemplate\":\"https:\\\/\\\/www.sifcoasc.com\\\/sv?s={search_term_string}\"},\"query-input\":{\"@type\":\"PropertyValueSpecification\",\"valueRequired\":true,\"valueName\":\"search_term_string\"}}],\"inLanguage\":\"sv-SE\"}]}<\/script>\n<!-- \/ Yoast SEO plugin. -->","yoast_head_json":{"title":"Pl\u00e4tering i egen verkstad - SIFCO Applied Surface Concepts","description":"Job Shop Plating f\u00f6r OEM- och komponentreparationer V\u00e5ra experter inom selektiv pl\u00e4tering hj\u00e4lper er med era komponenter. Vi f\u00f6rst\u00e5r ert behov och kan med v\u00e5rt professionella team hantera de krav ni har p\u00e5 selektiv pl\u00e4tering. V\u00e5rt m\u00e5l \u00e4r att hj\u00e4lpa er uppn\u00e5 ert verksamhetsm\u00e5l och maximera er l\u00f6nsamhet. Vi har ett team av erfarna tekniker","robots":{"index":"index","follow":"follow","max-snippet":"max-snippet:-1","max-image-preview":"max-image-preview:large","max-video-preview":"max-video-preview:-1"},"canonical":"https:\/\/www.sifcoasc.com\/sv\/platering-i-job-shop","og_locale":"sv_SE","og_type":"article","og_title":"Pl\u00e4tering i egen verkstad - SIFCO Applied Surface Concepts","og_description":"Job Shop Plating f\u00f6r OEM- och komponentreparationer V\u00e5ra experter inom selektiv pl\u00e4tering hj\u00e4lper er med era komponenter. Vi f\u00f6rst\u00e5r ert behov och kan med v\u00e5rt professionella team hantera de krav ni har p\u00e5 selektiv pl\u00e4tering. V\u00e5rt m\u00e5l \u00e4r att hj\u00e4lpa er uppn\u00e5 ert verksamhetsm\u00e5l och maximera er l\u00f6nsamhet. Vi har ett team av erfarna tekniker","og_url":"https:\/\/www.sifcoasc.com\/sv\/platering-i-job-shop","og_site_name":"SIFCO Applied Surface Concepts","article_modified_time":"2023-01-31T14:16:29+00:00","twitter_misc":{"Est. reading time":"1 minut"},"schema":{"@context":"https:\/\/schema.org","@graph":[{"@type":"WebPage","@id":"https:\/\/www.sifcoasc.com\/sv\/platering-i-job-shop","url":"https:\/\/www.sifcoasc.com\/sv\/platering-i-job-shop","name":"Pl\u00e4tering i egen verkstad - SIFCO Applied Surface Concepts","isPartOf":{"@id":"https:\/\/www.sifcoasc.com\/sv#website"},"datePublished":"2022-07-14T15:29:13+00:00","dateModified":"2023-01-31T14:16:29+00:00","description":"Job Shop Plating f\u00f6r OEM- och komponentreparationer V\u00e5ra experter inom selektiv pl\u00e4tering hj\u00e4lper er med era komponenter. Vi f\u00f6rst\u00e5r ert behov och kan med v\u00e5rt professionella team hantera de krav ni har p\u00e5 selektiv pl\u00e4tering. V\u00e5rt m\u00e5l \u00e4r att hj\u00e4lpa er uppn\u00e5 ert verksamhetsm\u00e5l och maximera er l\u00f6nsamhet. Vi har ett team av erfarna tekniker","breadcrumb":{"@id":"https:\/\/www.sifcoasc.com\/sv\/platering-i-job-shop#breadcrumb"},"inLanguage":"sv-SE","potentialAction":[{"@type":"ReadAction","target":["https:\/\/www.sifcoasc.com\/sv\/platering-i-job-shop"]}]},{"@type":"BreadcrumbList","@id":"https:\/\/www.sifcoasc.com\/sv\/platering-i-job-shop#breadcrumb","itemListElement":[{"@type":"ListItem","position":1,"name":"Home","item":"https:\/\/www.sifcoasc.com\/sv"},{"@type":"ListItem","position":2,"name":"Pl\u00e4tering i egen verkstad"}]},{"@type":"WebSite","@id":"https:\/\/www.sifcoasc.com\/sv#website","url":"https:\/\/www.sifcoasc.com\/sv","name":"SIFCO Applied Surface Concepts","description":"","potentialAction":[{"@type":"SearchAction","target":{"@type":"EntryPoint","urlTemplate":"https:\/\/www.sifcoasc.com\/sv?s={search_term_string}"},"query-input":{"@type":"PropertyValueSpecification","valueRequired":true,"valueName":"search_term_string"}}],"inLanguage":"sv-SE"}]}},"featured_image_src":null,"featured_image_src_square":null,"_links":{"self":[{"href":"https:\/\/www.sifcoasc.com\/sv\/wp-json\/wp\/v2\/pages\/9678","targetHints":{"allow":["GET"]}}],"collection":[{"href":"https:\/\/www.sifcoasc.com\/sv\/wp-json\/wp\/v2\/pages"}],"about":[{"href":"https:\/\/www.sifcoasc.com\/sv\/wp-json\/wp\/v2\/types\/page"}],"author":[{"embeddable":true,"href":"https:\/\/www.sifcoasc.com\/sv\/wp-json\/wp\/v2\/users\/18"}],"replies":[{"embeddable":true,"href":"https:\/\/www.sifcoasc.com\/sv\/wp-json\/wp\/v2\/comments?post=9678"}],"version-history":[{"count":0,"href":"https:\/\/www.sifcoasc.com\/sv\/wp-json\/wp\/v2\/pages\/9678\/revisions"}],"wp:attachment":[{"href":"https:\/\/www.sifcoasc.com\/sv\/wp-json\/wp\/v2\/media?parent=9678"}],"curies":[{"name":"wp","href":"https:\/\/api.w.org\/{rel}","templated":true}]}}