{"id":9688,"date":"2022-07-14T15:29:19","date_gmt":"2022-07-14T15:29:19","guid":{"rendered":"https:\/\/www.sifcoasc.com\/testning-for-ind-comm-specs\/"},"modified":"2022-08-23T12:48:28","modified_gmt":"2022-08-23T12:48:28","slug":"testning-for-ind-comm-specs","status":"publish","type":"page","link":"https:\/\/www.sifcoasc.com\/sv\/testning-for-ind-comm-specs","title":{"rendered":"Testning f\u00f6r Ind &amp; Comm Specs"},"content":{"rendered":"<p class=\"emph\">SIFCO ASC erbjuder kritiska testtj\u00e4nster f\u00f6r att st\u00f6dja industriella och kommersiella specifikationer.  <\/p>\n<p>SIFCO ASC har f\u00f6rm\u00e5gan att uppfylla dina testbehov med st\u00f6d av m\u00e5nga specifikationer. F\u00f6ljande \u00e4r en del av specifikationerna:<\/p>\n","protected":false},"excerpt":{"rendered":"<p>SIFCO ASC erbjuder kritiska testtj\u00e4nster f\u00f6r att st\u00f6dja industriella och kommersiella specifikationer. SIFCO ASC har f\u00f6rm\u00e5gan att uppfylla dina testbehov med st\u00f6d av m\u00e5nga specifikationer. F\u00f6ljande \u00e4r en del av specifikationerna:<\/p>\n","protected":false},"author":18,"featured_media":0,"parent":0,"menu_order":0,"comment_status":"closed","ping_status":"closed","template":"","meta":{"_acf_changed":false,"inline_featured_image":false,"footnotes":""},"class_list":["post-9688","page","type-page","status-publish","hentry"],"acf":[],"yoast_head":"<!-- This site is optimized with the Yoast SEO plugin v27.3 - https:\/\/yoast.com\/product\/yoast-seo-wordpress\/ -->\n<title>Testtj\u00e4nster f\u00f6r industri och kommersiella specifikationer | SIFCO ASC<\/title>\n<meta name=\"description\" content=\"SIFCO ASC erbjuder kritiska testtj\u00e4nster f\u00f6r att st\u00f6dja industriella och kommersiella specifikationer. Vi har f\u00f6rm\u00e5gan att uppfylla dina testbehov.\" \/>\n<meta name=\"robots\" content=\"index, follow, max-snippet:-1, max-image-preview:large, max-video-preview:-1\" \/>\n<link rel=\"canonical\" href=\"https:\/\/www.sifcoasc.com\/sv\/testning-for-ind-comm-specs\" \/>\n<meta property=\"og:locale\" content=\"sv_SE\" \/>\n<meta property=\"og:type\" content=\"article\" \/>\n<meta property=\"og:title\" content=\"Testtj\u00e4nster f\u00f6r industri och kommersiella specifikationer | SIFCO ASC\" \/>\n<meta property=\"og:description\" content=\"SIFCO ASC erbjuder kritiska testtj\u00e4nster f\u00f6r att st\u00f6dja industriella och kommersiella specifikationer. Vi har f\u00f6rm\u00e5gan att uppfylla dina testbehov.\" \/>\n<meta property=\"og:url\" content=\"https:\/\/www.sifcoasc.com\/sv\/testning-for-ind-comm-specs\" \/>\n<meta property=\"og:site_name\" content=\"SIFCO Applied Surface Concepts\" \/>\n<meta property=\"article:modified_time\" content=\"2022-08-23T12:48:28+00:00\" \/>\n<script type=\"application\/ld+json\" class=\"yoast-schema-graph\">{\"@context\":\"https:\\\/\\\/schema.org\",\"@graph\":[{\"@type\":\"WebPage\",\"@id\":\"https:\\\/\\\/www.sifcoasc.com\\\/sv\\\/testning-for-ind-comm-specs\",\"url\":\"https:\\\/\\\/www.sifcoasc.com\\\/sv\\\/testning-for-ind-comm-specs\",\"name\":\"Testtj\u00e4nster f\u00f6r industri och kommersiella specifikationer | SIFCO ASC\",\"isPartOf\":{\"@id\":\"https:\\\/\\\/www.sifcoasc.com\\\/sv#website\"},\"datePublished\":\"2022-07-14T15:29:19+00:00\",\"dateModified\":\"2022-08-23T12:48:28+00:00\",\"description\":\"SIFCO ASC erbjuder kritiska testtj\u00e4nster f\u00f6r att st\u00f6dja industriella och kommersiella specifikationer. Vi har f\u00f6rm\u00e5gan att uppfylla dina testbehov.\",\"breadcrumb\":{\"@id\":\"https:\\\/\\\/www.sifcoasc.com\\\/sv\\\/testning-for-ind-comm-specs#breadcrumb\"},\"inLanguage\":\"sv-SE\",\"potentialAction\":[{\"@type\":\"ReadAction\",\"target\":[\"https:\\\/\\\/www.sifcoasc.com\\\/sv\\\/testning-for-ind-comm-specs\"]}]},{\"@type\":\"BreadcrumbList\",\"@id\":\"https:\\\/\\\/www.sifcoasc.com\\\/sv\\\/testning-for-ind-comm-specs#breadcrumb\",\"itemListElement\":[{\"@type\":\"ListItem\",\"position\":1,\"name\":\"Home\",\"item\":\"https:\\\/\\\/www.sifcoasc.com\\\/sv\"},{\"@type\":\"ListItem\",\"position\":2,\"name\":\"Testning f\u00f6r Ind &amp; Comm Specs\"}]},{\"@type\":\"WebSite\",\"@id\":\"https:\\\/\\\/www.sifcoasc.com\\\/sv#website\",\"url\":\"https:\\\/\\\/www.sifcoasc.com\\\/sv\",\"name\":\"SIFCO Applied Surface Concepts\",\"description\":\"\",\"potentialAction\":[{\"@type\":\"SearchAction\",\"target\":{\"@type\":\"EntryPoint\",\"urlTemplate\":\"https:\\\/\\\/www.sifcoasc.com\\\/sv?s={search_term_string}\"},\"query-input\":{\"@type\":\"PropertyValueSpecification\",\"valueRequired\":true,\"valueName\":\"search_term_string\"}}],\"inLanguage\":\"sv-SE\"}]}<\/script>\n<!-- \/ Yoast SEO plugin. -->","yoast_head_json":{"title":"Testtj\u00e4nster f\u00f6r industri och kommersiella specifikationer | SIFCO ASC","description":"SIFCO ASC erbjuder kritiska testtj\u00e4nster f\u00f6r att st\u00f6dja industriella och kommersiella specifikationer. Vi har f\u00f6rm\u00e5gan att uppfylla dina testbehov.","robots":{"index":"index","follow":"follow","max-snippet":"max-snippet:-1","max-image-preview":"max-image-preview:large","max-video-preview":"max-video-preview:-1"},"canonical":"https:\/\/www.sifcoasc.com\/sv\/testning-for-ind-comm-specs","og_locale":"sv_SE","og_type":"article","og_title":"Testtj\u00e4nster f\u00f6r industri och kommersiella specifikationer | SIFCO ASC","og_description":"SIFCO ASC erbjuder kritiska testtj\u00e4nster f\u00f6r att st\u00f6dja industriella och kommersiella specifikationer. Vi har f\u00f6rm\u00e5gan att uppfylla dina testbehov.","og_url":"https:\/\/www.sifcoasc.com\/sv\/testning-for-ind-comm-specs","og_site_name":"SIFCO Applied Surface Concepts","article_modified_time":"2022-08-23T12:48:28+00:00","schema":{"@context":"https:\/\/schema.org","@graph":[{"@type":"WebPage","@id":"https:\/\/www.sifcoasc.com\/sv\/testning-for-ind-comm-specs","url":"https:\/\/www.sifcoasc.com\/sv\/testning-for-ind-comm-specs","name":"Testtj\u00e4nster f\u00f6r industri och kommersiella specifikationer | SIFCO ASC","isPartOf":{"@id":"https:\/\/www.sifcoasc.com\/sv#website"},"datePublished":"2022-07-14T15:29:19+00:00","dateModified":"2022-08-23T12:48:28+00:00","description":"SIFCO ASC erbjuder kritiska testtj\u00e4nster f\u00f6r att st\u00f6dja industriella och kommersiella specifikationer. Vi har f\u00f6rm\u00e5gan att uppfylla dina testbehov.","breadcrumb":{"@id":"https:\/\/www.sifcoasc.com\/sv\/testning-for-ind-comm-specs#breadcrumb"},"inLanguage":"sv-SE","potentialAction":[{"@type":"ReadAction","target":["https:\/\/www.sifcoasc.com\/sv\/testning-for-ind-comm-specs"]}]},{"@type":"BreadcrumbList","@id":"https:\/\/www.sifcoasc.com\/sv\/testning-for-ind-comm-specs#breadcrumb","itemListElement":[{"@type":"ListItem","position":1,"name":"Home","item":"https:\/\/www.sifcoasc.com\/sv"},{"@type":"ListItem","position":2,"name":"Testning f\u00f6r Ind &amp; Comm Specs"}]},{"@type":"WebSite","@id":"https:\/\/www.sifcoasc.com\/sv#website","url":"https:\/\/www.sifcoasc.com\/sv","name":"SIFCO Applied Surface Concepts","description":"","potentialAction":[{"@type":"SearchAction","target":{"@type":"EntryPoint","urlTemplate":"https:\/\/www.sifcoasc.com\/sv?s={search_term_string}"},"query-input":{"@type":"PropertyValueSpecification","valueRequired":true,"valueName":"search_term_string"}}],"inLanguage":"sv-SE"}]}},"featured_image_src":null,"featured_image_src_square":null,"_links":{"self":[{"href":"https:\/\/www.sifcoasc.com\/sv\/wp-json\/wp\/v2\/pages\/9688","targetHints":{"allow":["GET"]}}],"collection":[{"href":"https:\/\/www.sifcoasc.com\/sv\/wp-json\/wp\/v2\/pages"}],"about":[{"href":"https:\/\/www.sifcoasc.com\/sv\/wp-json\/wp\/v2\/types\/page"}],"author":[{"embeddable":true,"href":"https:\/\/www.sifcoasc.com\/sv\/wp-json\/wp\/v2\/users\/18"}],"replies":[{"embeddable":true,"href":"https:\/\/www.sifcoasc.com\/sv\/wp-json\/wp\/v2\/comments?post=9688"}],"version-history":[{"count":0,"href":"https:\/\/www.sifcoasc.com\/sv\/wp-json\/wp\/v2\/pages\/9688\/revisions"}],"wp:attachment":[{"href":"https:\/\/www.sifcoasc.com\/sv\/wp-json\/wp\/v2\/media?parent=9688"}],"curies":[{"name":"wp","href":"https:\/\/api.w.org\/{rel}","templated":true}]}}