{"id":9689,"date":"2022-07-14T15:29:20","date_gmt":"2022-07-14T15:29:20","guid":{"rendered":"https:\/\/www.sifcoasc.com\/ersattningar-for-kadmium\/"},"modified":"2023-01-31T13:59:21","modified_gmt":"2023-01-31T13:59:21","slug":"ersattningar-for-kadmium","status":"publish","type":"page","link":"https:\/\/www.sifcoasc.com\/sv\/ersattningar-for-kadmium","title":{"rendered":"Ers\u00e4ttningar f\u00f6r kadmium"},"content":{"rendered":"<div class=\"right-image\"><img loading=\"lazy\" decoding=\"async\" width=\"200\" height=\"300\" class=\"size-full wp-image-1599 alignright\" title=\"Ers\u00e4ttningar f\u00f6r kadmium  \" src=\"\/wp-content\/uploads\/Landing-Gear_detail_STOCK-200x300-1.jpg\" alt=\"Ers\u00e4ttningar f\u00f6r kadmium  \"><\/div>\n<h4>Dagens kr\u00e4vande flyg- och rymdtill\u00e4mpningar kr\u00e4ver v\u00e4lutvecklade och bepr\u00f6vade avlagringar som inneb\u00e4r s\u00e5 liten risk som m\u00f6jligt f\u00f6r b\u00e5de operat\u00f6ren och milj\u00f6n. SIFCO ASC:s kadmiumers\u00e4ttningar \u00e4r av \u00f6verl\u00e4gsen kvalitet och kan anv\u00e4ndas var som helst, i verkstaden eller p\u00e5 f\u00e4ltet.<\/h4>\n<h2><b>Vad \u00e4r kadmiumpl\u00e4tering?<\/b><\/h2>\n<p><span style=\"font-weight: 400;\">Kadmiumpl\u00e4tering \u00e4r en silvermetallisk bel\u00e4ggning som ger utm\u00e4rkt korrosionsbest\u00e4ndighet och kan appliceras p\u00e5 olika material som st\u00e5l, koppar, j\u00e4rn, m\u00e4ssing och aluminium. D\u00e4rf\u00f6r anv\u00e4ndes den ofta inom flygindustrin.<\/span><\/p>\n<h2><b>Varf\u00f6r \u00e4r kadmiumpl\u00e4tering f\u00f6rbjuden?<\/b><\/h2>\n<p><span style=\"font-weight: 400;\">Kadmium \u00e4r en mycket giftig metall och ett IARC-grupp 2A-material som l\u00e4tt l\u00e4cker ut och d\u00e4rf\u00f6r inte \u00e4r milj\u00f6v\u00e4nligt. Enligt den nya europeiska Reach-stadgan \u00e4r kadmiumpl\u00e4tering f\u00f6rbjuden utom i vissa anv\u00e4ndningsomr\u00e5den.<\/span><\/p>\n<p><span style=\"font-weight: 400;\">\u00d6ver hela v\u00e4rlden har kadmiumpl\u00e4tering tagits bort fr\u00e5n n\u00e4stan all kommersiell anv\u00e4ndning. De enda anv\u00e4ndningsomr\u00e5den som \u00e5terst\u00e5r \u00e4r flygplan och milit\u00e4ra till\u00e4mpningar, men \u00e4ven dessa f\u00f6rv\u00e4ntas fasas ut.  <\/span><\/p>\n<p><span style=\"font-weight: 400;\">Det \u00e4r d\u00e4rf\u00f6r kadmiumalternativ, som zink-nickel, anv\u00e4nds i m\u00e5nga fall ist\u00e4llet.  <\/span><\/p>\n<h2><b>Alternativ till kadmium:  <\/b><\/h2>\n<p>F\u00f6r flygplansindustrin \u00e4r zink-nickel LHE och tenn-zink mindre giftiga alternativ till kadmium som kan anv\u00e4ndas f\u00f6r att reparera skadat kadmium, zink-nickel, tenn-zink och skadat IVD-aluminium p\u00e5 h\u00f6gh\u00e5llfasta st\u00e5l. B\u00e5da dessa avlagringar ger ett utm\u00e4rkt korrosionsskydd och \u00e4r LHE, och kr\u00e4ver inte n\u00e5gon efterbehandling f\u00f6r att minska v\u00e4tef\u00f6rspr\u00f6dning.<\/p>\n","protected":false},"excerpt":{"rendered":"<p>Dagens kr\u00e4vande flyg- och rymdtill\u00e4mpningar kr\u00e4ver v\u00e4lutvecklade och bepr\u00f6vade avlagringar som inneb\u00e4r s\u00e5 liten risk som m\u00f6jligt f\u00f6r b\u00e5de operat\u00f6ren och milj\u00f6n. SIFCO ASC:s kadmiumers\u00e4ttningar \u00e4r av \u00f6verl\u00e4gsen kvalitet och kan anv\u00e4ndas var som helst, i verkstaden eller p\u00e5 f\u00e4ltet. Vad \u00e4r kadmiumpl\u00e4tering? Kadmiumpl\u00e4tering \u00e4r en silvermetallisk bel\u00e4ggning som ger utm\u00e4rkt korrosionsbest\u00e4ndighet och kan appliceras [&hellip;]<\/p>\n","protected":false},"author":18,"featured_media":0,"parent":0,"menu_order":0,"comment_status":"closed","ping_status":"closed","template":"","meta":{"_acf_changed":false,"inline_featured_image":false,"footnotes":""},"class_list":["post-9689","page","type-page","status-publish","hentry"],"acf":[],"yoast_head":"<!-- This site is optimized with the Yoast SEO plugin v27.6 - https:\/\/yoast.com\/product\/yoast-seo-wordpress\/ -->\n<title>Ers\u00e4ttningar f\u00f6r kadmium - SIFCO Applied Surface Concepts<\/title>\n<meta name=\"description\" content=\"Ers\u00e4ttningar f\u00f6r kadmium - SIFCO Applied Surface Concepts\" \/>\n<meta name=\"robots\" content=\"index, follow, max-snippet:-1, max-image-preview:large, max-video-preview:-1\" \/>\n<link rel=\"canonical\" href=\"https:\/\/www.sifcoasc.com\/sv\/ersattningar-for-kadmium\" \/>\n<meta property=\"og:locale\" content=\"sv_SE\" \/>\n<meta property=\"og:type\" content=\"article\" \/>\n<meta property=\"og:title\" content=\"Ers\u00e4ttningar f\u00f6r kadmium - SIFCO Applied Surface Concepts\" \/>\n<meta property=\"og:description\" content=\"Ers\u00e4ttningar f\u00f6r kadmium - SIFCO Applied Surface Concepts\" \/>\n<meta property=\"og:url\" content=\"https:\/\/www.sifcoasc.com\/sv\/ersattningar-for-kadmium\" \/>\n<meta property=\"og:site_name\" content=\"SIFCO Applied Surface Concepts\" \/>\n<meta property=\"article:modified_time\" content=\"2023-01-31T13:59:21+00:00\" \/>\n<meta name=\"twitter:label1\" content=\"Est. reading time\" \/>\n\t<meta name=\"twitter:data1\" content=\"1 minut\" \/>\n<script type=\"application\/ld+json\" class=\"yoast-schema-graph\">{\"@context\":\"https:\\\/\\\/schema.org\",\"@graph\":[{\"@type\":\"WebPage\",\"@id\":\"https:\\\/\\\/www.sifcoasc.com\\\/sv\\\/ersattningar-for-kadmium\",\"url\":\"https:\\\/\\\/www.sifcoasc.com\\\/sv\\\/ersattningar-for-kadmium\",\"name\":\"Ers\u00e4ttningar f\u00f6r kadmium - SIFCO Applied Surface Concepts\",\"isPartOf\":{\"@id\":\"https:\\\/\\\/www.sifcoasc.com\\\/sv#website\"},\"datePublished\":\"2022-07-14T15:29:20+00:00\",\"dateModified\":\"2023-01-31T13:59:21+00:00\",\"description\":\"Ers\u00e4ttningar f\u00f6r kadmium - SIFCO Applied Surface Concepts\",\"breadcrumb\":{\"@id\":\"https:\\\/\\\/www.sifcoasc.com\\\/sv\\\/ersattningar-for-kadmium#breadcrumb\"},\"inLanguage\":\"sv-SE\",\"potentialAction\":[{\"@type\":\"ReadAction\",\"target\":[\"https:\\\/\\\/www.sifcoasc.com\\\/sv\\\/ersattningar-for-kadmium\"]}]},{\"@type\":\"BreadcrumbList\",\"@id\":\"https:\\\/\\\/www.sifcoasc.com\\\/sv\\\/ersattningar-for-kadmium#breadcrumb\",\"itemListElement\":[{\"@type\":\"ListItem\",\"position\":1,\"name\":\"Home\",\"item\":\"https:\\\/\\\/www.sifcoasc.com\\\/sv\"},{\"@type\":\"ListItem\",\"position\":2,\"name\":\"Ers\u00e4ttningar f\u00f6r kadmium\"}]},{\"@type\":\"WebSite\",\"@id\":\"https:\\\/\\\/www.sifcoasc.com\\\/sv#website\",\"url\":\"https:\\\/\\\/www.sifcoasc.com\\\/sv\",\"name\":\"SIFCO Applied Surface Concepts\",\"description\":\"\",\"potentialAction\":[{\"@type\":\"SearchAction\",\"target\":{\"@type\":\"EntryPoint\",\"urlTemplate\":\"https:\\\/\\\/www.sifcoasc.com\\\/sv?s={search_term_string}\"},\"query-input\":{\"@type\":\"PropertyValueSpecification\",\"valueRequired\":true,\"valueName\":\"search_term_string\"}}],\"inLanguage\":\"sv-SE\"}]}<\/script>\n<!-- \/ Yoast SEO plugin. -->","yoast_head_json":{"title":"Ers\u00e4ttningar f\u00f6r kadmium - SIFCO Applied Surface Concepts","description":"Ers\u00e4ttningar f\u00f6r kadmium - SIFCO Applied Surface Concepts","robots":{"index":"index","follow":"follow","max-snippet":"max-snippet:-1","max-image-preview":"max-image-preview:large","max-video-preview":"max-video-preview:-1"},"canonical":"https:\/\/www.sifcoasc.com\/sv\/ersattningar-for-kadmium","og_locale":"sv_SE","og_type":"article","og_title":"Ers\u00e4ttningar f\u00f6r kadmium - SIFCO Applied Surface Concepts","og_description":"Ers\u00e4ttningar f\u00f6r kadmium - SIFCO Applied Surface Concepts","og_url":"https:\/\/www.sifcoasc.com\/sv\/ersattningar-for-kadmium","og_site_name":"SIFCO Applied Surface Concepts","article_modified_time":"2023-01-31T13:59:21+00:00","twitter_misc":{"Est. reading time":"1 minut"},"schema":{"@context":"https:\/\/schema.org","@graph":[{"@type":"WebPage","@id":"https:\/\/www.sifcoasc.com\/sv\/ersattningar-for-kadmium","url":"https:\/\/www.sifcoasc.com\/sv\/ersattningar-for-kadmium","name":"Ers\u00e4ttningar f\u00f6r kadmium - SIFCO Applied Surface Concepts","isPartOf":{"@id":"https:\/\/www.sifcoasc.com\/sv#website"},"datePublished":"2022-07-14T15:29:20+00:00","dateModified":"2023-01-31T13:59:21+00:00","description":"Ers\u00e4ttningar f\u00f6r kadmium - SIFCO Applied Surface Concepts","breadcrumb":{"@id":"https:\/\/www.sifcoasc.com\/sv\/ersattningar-for-kadmium#breadcrumb"},"inLanguage":"sv-SE","potentialAction":[{"@type":"ReadAction","target":["https:\/\/www.sifcoasc.com\/sv\/ersattningar-for-kadmium"]}]},{"@type":"BreadcrumbList","@id":"https:\/\/www.sifcoasc.com\/sv\/ersattningar-for-kadmium#breadcrumb","itemListElement":[{"@type":"ListItem","position":1,"name":"Home","item":"https:\/\/www.sifcoasc.com\/sv"},{"@type":"ListItem","position":2,"name":"Ers\u00e4ttningar f\u00f6r kadmium"}]},{"@type":"WebSite","@id":"https:\/\/www.sifcoasc.com\/sv#website","url":"https:\/\/www.sifcoasc.com\/sv","name":"SIFCO Applied Surface Concepts","description":"","potentialAction":[{"@type":"SearchAction","target":{"@type":"EntryPoint","urlTemplate":"https:\/\/www.sifcoasc.com\/sv?s={search_term_string}"},"query-input":{"@type":"PropertyValueSpecification","valueRequired":true,"valueName":"search_term_string"}}],"inLanguage":"sv-SE"}]}},"featured_image_src":null,"featured_image_src_square":null,"_links":{"self":[{"href":"https:\/\/www.sifcoasc.com\/sv\/wp-json\/wp\/v2\/pages\/9689","targetHints":{"allow":["GET"]}}],"collection":[{"href":"https:\/\/www.sifcoasc.com\/sv\/wp-json\/wp\/v2\/pages"}],"about":[{"href":"https:\/\/www.sifcoasc.com\/sv\/wp-json\/wp\/v2\/types\/page"}],"author":[{"embeddable":true,"href":"https:\/\/www.sifcoasc.com\/sv\/wp-json\/wp\/v2\/users\/18"}],"replies":[{"embeddable":true,"href":"https:\/\/www.sifcoasc.com\/sv\/wp-json\/wp\/v2\/comments?post=9689"}],"version-history":[{"count":0,"href":"https:\/\/www.sifcoasc.com\/sv\/wp-json\/wp\/v2\/pages\/9689\/revisions"}],"wp:attachment":[{"href":"https:\/\/www.sifcoasc.com\/sv\/wp-json\/wp\/v2\/media?parent=9689"}],"curies":[{"name":"wp","href":"https:\/\/api.w.org\/{rel}","templated":true}]}}