{"id":9706,"date":"2022-07-14T15:29:29","date_gmt":"2022-07-14T15:29:29","guid":{"rendered":"https:\/\/www.sifcoasc.com\/quaker-houghton\/"},"modified":"2022-09-23T20:34:04","modified_gmt":"2022-09-23T20:34:04","slug":"quaker-houghton","status":"publish","type":"page","link":"https:\/\/www.sifcoasc.com\/sv\/quaker-houghton","title":{"rendered":"Quaker Houghton"},"content":{"rendered":"<h3>SIFCO ASC \u00e4gs utav\u00a0<a href=\"https:\/\/nam05.safelinks.protection.outlook.com\/?url=www.quakerhoughton.com&amp;amp;data=02%7C01%7Cjoseph.frio%40quakerhoughton.com%7Cf104f37eea5940e1185b08d74389c919%7C11122121693443268fbc4926de3892e3%7C0%7C0%7C637052131387391736&amp;amp;sdata=F%2Bf7NbOheLsEIuQEHdPiRNitYNI5wsBwuDL0gsZ6fqU%3D&amp;amp;reserved=0\">Quaker Houghton<\/a>\u00a0(NYSE: KWR), v\u00e4rldsledande inom industriella processv\u00e4tskor.<\/h3>\n<p class=\"emph\">.<\/p>\n<div class=\"right-image\"><img loading=\"lazy\" decoding=\"async\" width=\"200\" height=\"70\" class=\"alignnone size-full wp-image-1588\" title=\"Quaker Houghton \" src=\"\/wp-content\/uploads\/NH_website_QH_logo_200x70.png\" alt=\"Quaker Houghton \" \/><\/div>\n<p>Med en stabil n\u00e4rvaro v\u00e4rlden runt, inklusive verksamhet i fler \u00e4n 25 l\u00e4nder, d\u00e4r v\u00e5ra kunder inkluderar tusentals av v\u00e4rldens mest avancerade och specialiserade f\u00f6retag inom st\u00e5l, aluminium, bildelar, flygindustri, sj\u00f6fart, burktillverkning, gruvdrift och metallbearbetning.<\/p>\n<p>V\u00e5ra h\u00f6gpresterande, innovativa och h\u00e5llbara l\u00f6sningar st\u00f6ds av den b\u00e4sta teknologin i sin klass, djup processskunskap och kundanpassade tj\u00e4nster. Med 4 000 anst\u00e4llda, inklusive kemister, ingenj\u00f6rer och experter med branschkunnande, \u00e4r vi i kompanjonskap med v\u00e5ra kunder f\u00f6r att f\u00f6rb\u00e4ttra deras verksamhet s\u00e5 att dessa kan drivas \u00e4nnu mer \u00e4ndam\u00e5lsenligt, \u00e4nnu mer effektivt, oavsett vad som kommer h\u00e4rn\u00e4st.<\/p>\n","protected":false},"excerpt":{"rendered":"<p>SIFCO ASC \u00e4gs utav\u00a0Quaker Houghton\u00a0(NYSE: KWR), v\u00e4rldsledande inom industriella processv\u00e4tskor. . Med en stabil n\u00e4rvaro v\u00e4rlden runt, inklusive verksamhet i fler \u00e4n 25 l\u00e4nder, d\u00e4r v\u00e5ra kunder inkluderar tusentals av v\u00e4rldens mest avancerade och specialiserade f\u00f6retag inom st\u00e5l, aluminium, bildelar, flygindustri, sj\u00f6fart, burktillverkning, gruvdrift och metallbearbetning. V\u00e5ra h\u00f6gpresterande, innovativa och h\u00e5llbara l\u00f6sningar st\u00f6ds av den [&hellip;]<\/p>\n","protected":false},"author":18,"featured_media":0,"parent":0,"menu_order":0,"comment_status":"closed","ping_status":"closed","template":"","meta":{"_acf_changed":false,"inline_featured_image":false,"footnotes":""},"class_list":["post-9706","page","type-page","status-publish","hentry"],"acf":[],"yoast_head":"<!-- This site is optimized with the Yoast SEO plugin v27.3 - https:\/\/yoast.com\/product\/yoast-seo-wordpress\/ -->\n<title>SIFCO ASC : Quaker Houghton<\/title>\n<meta name=\"description\" content=\"SIFCO ASC \u00e4r ett f\u00f6retag inom Quaker Houghton (NYSE: KWR), v\u00e4rldsledande inom industriella processv\u00e4tskor.\" \/>\n<meta name=\"robots\" content=\"index, follow, max-snippet:-1, max-image-preview:large, max-video-preview:-1\" \/>\n<link rel=\"canonical\" href=\"https:\/\/www.sifcoasc.com\/sv\/quaker-houghton\" \/>\n<meta property=\"og:locale\" content=\"sv_SE\" \/>\n<meta property=\"og:type\" content=\"article\" \/>\n<meta property=\"og:title\" content=\"SIFCO ASC : Quaker Houghton\" \/>\n<meta property=\"og:description\" content=\"SIFCO ASC \u00e4r ett f\u00f6retag inom Quaker Houghton (NYSE: KWR), v\u00e4rldsledande inom industriella processv\u00e4tskor.\" \/>\n<meta property=\"og:url\" content=\"https:\/\/www.sifcoasc.com\/sv\/quaker-houghton\" \/>\n<meta property=\"og:site_name\" content=\"SIFCO Applied Surface Concepts\" \/>\n<meta property=\"article:modified_time\" content=\"2022-09-23T20:34:04+00:00\" \/>\n<meta name=\"twitter:label1\" content=\"Est. reading time\" \/>\n\t<meta name=\"twitter:data1\" content=\"1 minut\" \/>\n<script type=\"application\/ld+json\" class=\"yoast-schema-graph\">{\"@context\":\"https:\\\/\\\/schema.org\",\"@graph\":[{\"@type\":\"WebPage\",\"@id\":\"https:\\\/\\\/www.sifcoasc.com\\\/sv\\\/quaker-houghton\",\"url\":\"https:\\\/\\\/www.sifcoasc.com\\\/sv\\\/quaker-houghton\",\"name\":\"SIFCO ASC : Quaker Houghton\",\"isPartOf\":{\"@id\":\"https:\\\/\\\/www.sifcoasc.com\\\/sv#website\"},\"datePublished\":\"2022-07-14T15:29:29+00:00\",\"dateModified\":\"2022-09-23T20:34:04+00:00\",\"description\":\"SIFCO ASC \u00e4r ett f\u00f6retag inom Quaker Houghton (NYSE: KWR), v\u00e4rldsledande inom industriella processv\u00e4tskor.\",\"breadcrumb\":{\"@id\":\"https:\\\/\\\/www.sifcoasc.com\\\/sv\\\/quaker-houghton#breadcrumb\"},\"inLanguage\":\"sv-SE\",\"potentialAction\":[{\"@type\":\"ReadAction\",\"target\":[\"https:\\\/\\\/www.sifcoasc.com\\\/sv\\\/quaker-houghton\"]}]},{\"@type\":\"BreadcrumbList\",\"@id\":\"https:\\\/\\\/www.sifcoasc.com\\\/sv\\\/quaker-houghton#breadcrumb\",\"itemListElement\":[{\"@type\":\"ListItem\",\"position\":1,\"name\":\"Home\",\"item\":\"https:\\\/\\\/www.sifcoasc.com\\\/sv\"},{\"@type\":\"ListItem\",\"position\":2,\"name\":\"Quaker Houghton\"}]},{\"@type\":\"WebSite\",\"@id\":\"https:\\\/\\\/www.sifcoasc.com\\\/sv#website\",\"url\":\"https:\\\/\\\/www.sifcoasc.com\\\/sv\",\"name\":\"SIFCO Applied Surface Concepts\",\"description\":\"\",\"potentialAction\":[{\"@type\":\"SearchAction\",\"target\":{\"@type\":\"EntryPoint\",\"urlTemplate\":\"https:\\\/\\\/www.sifcoasc.com\\\/sv?s={search_term_string}\"},\"query-input\":{\"@type\":\"PropertyValueSpecification\",\"valueRequired\":true,\"valueName\":\"search_term_string\"}}],\"inLanguage\":\"sv-SE\"}]}<\/script>\n<!-- \/ Yoast SEO plugin. -->","yoast_head_json":{"title":"SIFCO ASC : Quaker Houghton","description":"SIFCO ASC \u00e4r ett f\u00f6retag inom Quaker Houghton (NYSE: KWR), v\u00e4rldsledande inom industriella processv\u00e4tskor.","robots":{"index":"index","follow":"follow","max-snippet":"max-snippet:-1","max-image-preview":"max-image-preview:large","max-video-preview":"max-video-preview:-1"},"canonical":"https:\/\/www.sifcoasc.com\/sv\/quaker-houghton","og_locale":"sv_SE","og_type":"article","og_title":"SIFCO ASC : Quaker Houghton","og_description":"SIFCO ASC \u00e4r ett f\u00f6retag inom Quaker Houghton (NYSE: KWR), v\u00e4rldsledande inom industriella processv\u00e4tskor.","og_url":"https:\/\/www.sifcoasc.com\/sv\/quaker-houghton","og_site_name":"SIFCO Applied Surface Concepts","article_modified_time":"2022-09-23T20:34:04+00:00","twitter_misc":{"Est. reading time":"1 minut"},"schema":{"@context":"https:\/\/schema.org","@graph":[{"@type":"WebPage","@id":"https:\/\/www.sifcoasc.com\/sv\/quaker-houghton","url":"https:\/\/www.sifcoasc.com\/sv\/quaker-houghton","name":"SIFCO ASC : Quaker Houghton","isPartOf":{"@id":"https:\/\/www.sifcoasc.com\/sv#website"},"datePublished":"2022-07-14T15:29:29+00:00","dateModified":"2022-09-23T20:34:04+00:00","description":"SIFCO ASC \u00e4r ett f\u00f6retag inom Quaker Houghton (NYSE: KWR), v\u00e4rldsledande inom industriella processv\u00e4tskor.","breadcrumb":{"@id":"https:\/\/www.sifcoasc.com\/sv\/quaker-houghton#breadcrumb"},"inLanguage":"sv-SE","potentialAction":[{"@type":"ReadAction","target":["https:\/\/www.sifcoasc.com\/sv\/quaker-houghton"]}]},{"@type":"BreadcrumbList","@id":"https:\/\/www.sifcoasc.com\/sv\/quaker-houghton#breadcrumb","itemListElement":[{"@type":"ListItem","position":1,"name":"Home","item":"https:\/\/www.sifcoasc.com\/sv"},{"@type":"ListItem","position":2,"name":"Quaker Houghton"}]},{"@type":"WebSite","@id":"https:\/\/www.sifcoasc.com\/sv#website","url":"https:\/\/www.sifcoasc.com\/sv","name":"SIFCO Applied Surface Concepts","description":"","potentialAction":[{"@type":"SearchAction","target":{"@type":"EntryPoint","urlTemplate":"https:\/\/www.sifcoasc.com\/sv?s={search_term_string}"},"query-input":{"@type":"PropertyValueSpecification","valueRequired":true,"valueName":"search_term_string"}}],"inLanguage":"sv-SE"}]}},"featured_image_src":null,"featured_image_src_square":null,"_links":{"self":[{"href":"https:\/\/www.sifcoasc.com\/sv\/wp-json\/wp\/v2\/pages\/9706","targetHints":{"allow":["GET"]}}],"collection":[{"href":"https:\/\/www.sifcoasc.com\/sv\/wp-json\/wp\/v2\/pages"}],"about":[{"href":"https:\/\/www.sifcoasc.com\/sv\/wp-json\/wp\/v2\/types\/page"}],"author":[{"embeddable":true,"href":"https:\/\/www.sifcoasc.com\/sv\/wp-json\/wp\/v2\/users\/18"}],"replies":[{"embeddable":true,"href":"https:\/\/www.sifcoasc.com\/sv\/wp-json\/wp\/v2\/comments?post=9706"}],"version-history":[{"count":0,"href":"https:\/\/www.sifcoasc.com\/sv\/wp-json\/wp\/v2\/pages\/9706\/revisions"}],"wp:attachment":[{"href":"https:\/\/www.sifcoasc.com\/sv\/wp-json\/wp\/v2\/media?parent=9706"}],"curies":[{"name":"wp","href":"https:\/\/api.w.org\/{rel}","templated":true}]}}