{"id":9715,"date":"2022-07-14T15:29:36","date_gmt":"2022-07-14T15:29:36","guid":{"rendered":"https:\/\/www.sifcoasc.com\/platering-pa-plats\/"},"modified":"2022-09-23T18:00:53","modified_gmt":"2022-09-23T18:00:53","slug":"platering-pa-plats","status":"publish","type":"page","link":"https:\/\/www.sifcoasc.com\/sv\/platering-pa-plats","title":{"rendered":"Pl\u00e4tering on-site"},"content":{"rendered":"<h2>Selektiv pl\u00e4tering p\u00e5 plats<\/h2>\n<h3 class=\"emph\">SIFCO ASC \u00e4r specialister p\u00e5 selektiv pl\u00e4tering av slitna, skadade eller feltillverkade detaljer.<\/h3>\n<p><img loading=\"lazy\" decoding=\"async\" width=\"555\" height=\"309\" class=\"size-full wp-image-2264 alignright\" title=\"Pl\u00e4tering on-site \" src=\"\/wp-content\/uploads\/img1-1.png\" alt=\"Pl\u00e4tering on-site \" srcset=\"https:\/\/www.sifcoasc.com\/wp-content\/uploads\/img1-1.png 555w, https:\/\/www.sifcoasc.com\/wp-content\/uploads\/img1-1-500x278.png 500w\" sizes=\"auto, (max-width: 709px) 85vw, (max-width: 909px) 67vw, (max-width: 1362px) 62vw, 840px\" \/><strong>Dra nytta av mobiliteten SIFCO Process\u00ae erbjuder. F\u00f6r att minska tiden vid stillest\u00e5nd eller n\u00e4r detaljen \u00e4r f\u00f6r stor f\u00f6r att transportera kan v\u00e5ra servicetekniker ta med processen till er. SIFCO ASC tillhandah\u00e5ller n\u00f6dv\u00e4ndiga resurser f\u00f6r att utf\u00f6ra \u00f6nskad applikation p\u00e5 plats hos er.<\/strong><\/p>\n<p class=\"emph\">Se v\u00e5r video &#8211; SIFCO-processen f\u00f6r kraftverksindustrin<\/p>\n<p>V\u00e5rt team har l\u00e5ng branscherfarenhet och vi utf\u00f6r m\u00e5nga olika typer av bel\u00e4ggningar inom olika omr\u00e5den. V\u00e5ra servicetekniker har l\u00e5ng erfarenhet av att utf\u00f6ra applikationer p\u00e5 plats hos kund.<\/p>\n","protected":false},"excerpt":{"rendered":"<p>Selektiv pl\u00e4tering p\u00e5 plats SIFCO ASC \u00e4r specialister p\u00e5 selektiv pl\u00e4tering av slitna, skadade eller feltillverkade detaljer. Dra nytta av mobiliteten SIFCO Process\u00ae erbjuder. F\u00f6r att minska tiden vid stillest\u00e5nd eller n\u00e4r detaljen \u00e4r f\u00f6r stor f\u00f6r att transportera kan v\u00e5ra servicetekniker ta med processen till er. SIFCO ASC tillhandah\u00e5ller n\u00f6dv\u00e4ndiga resurser f\u00f6r att utf\u00f6ra [&hellip;]<\/p>\n","protected":false},"author":18,"featured_media":0,"parent":0,"menu_order":0,"comment_status":"closed","ping_status":"closed","template":"","meta":{"_acf_changed":false,"inline_featured_image":false,"footnotes":""},"class_list":["post-9715","page","type-page","status-publish","hentry"],"acf":[],"yoast_head":"<!-- This site is optimized with the Yoast SEO plugin v27.5 - https:\/\/yoast.com\/product\/yoast-seo-wordpress\/ -->\n<title>Selektiv pl\u00e4tering p\u00e5 plats | borstpl\u00e4tering | SIFCO ASC<\/title>\n<meta name=\"description\" content=\"V\u00e5ra pl\u00e4teringstj\u00e4nster p\u00e5 plats inneb\u00e4r att du kan reparera, renovera, ytbehandla och f\u00f6rb\u00e4ttra kritiska komponenter utan att demontera maskinerna.\" \/>\n<meta name=\"robots\" content=\"index, follow, max-snippet:-1, max-image-preview:large, max-video-preview:-1\" \/>\n<link rel=\"canonical\" href=\"https:\/\/www.sifcoasc.com\/sv\/platering-pa-plats\" \/>\n<meta property=\"og:locale\" content=\"sv_SE\" \/>\n<meta property=\"og:type\" content=\"article\" \/>\n<meta property=\"og:title\" content=\"Selektiv pl\u00e4tering p\u00e5 plats | borstpl\u00e4tering | SIFCO ASC\" \/>\n<meta property=\"og:description\" content=\"V\u00e5ra pl\u00e4teringstj\u00e4nster p\u00e5 plats inneb\u00e4r att du kan reparera, renovera, ytbehandla och f\u00f6rb\u00e4ttra kritiska komponenter utan att demontera maskinerna.\" \/>\n<meta property=\"og:url\" content=\"https:\/\/www.sifcoasc.com\/sv\/platering-pa-plats\" \/>\n<meta property=\"og:site_name\" content=\"SIFCO Applied Surface Concepts\" \/>\n<meta property=\"article:modified_time\" content=\"2022-09-23T18:00:53+00:00\" \/>\n<meta name=\"twitter:label1\" content=\"Est. reading time\" \/>\n\t<meta name=\"twitter:data1\" content=\"1 minut\" \/>\n<script type=\"application\/ld+json\" class=\"yoast-schema-graph\">{\"@context\":\"https:\\\/\\\/schema.org\",\"@graph\":[{\"@type\":\"WebPage\",\"@id\":\"https:\\\/\\\/www.sifcoasc.com\\\/sv\\\/platering-pa-plats\",\"url\":\"https:\\\/\\\/www.sifcoasc.com\\\/sv\\\/platering-pa-plats\",\"name\":\"Selektiv pl\u00e4tering p\u00e5 plats | borstpl\u00e4tering | SIFCO ASC\",\"isPartOf\":{\"@id\":\"https:\\\/\\\/www.sifcoasc.com\\\/sv#website\"},\"datePublished\":\"2022-07-14T15:29:36+00:00\",\"dateModified\":\"2022-09-23T18:00:53+00:00\",\"description\":\"V\u00e5ra pl\u00e4teringstj\u00e4nster p\u00e5 plats inneb\u00e4r att du kan reparera, renovera, ytbehandla och f\u00f6rb\u00e4ttra kritiska komponenter utan att demontera maskinerna.\",\"breadcrumb\":{\"@id\":\"https:\\\/\\\/www.sifcoasc.com\\\/sv\\\/platering-pa-plats#breadcrumb\"},\"inLanguage\":\"sv-SE\",\"potentialAction\":[{\"@type\":\"ReadAction\",\"target\":[\"https:\\\/\\\/www.sifcoasc.com\\\/sv\\\/platering-pa-plats\"]}]},{\"@type\":\"BreadcrumbList\",\"@id\":\"https:\\\/\\\/www.sifcoasc.com\\\/sv\\\/platering-pa-plats#breadcrumb\",\"itemListElement\":[{\"@type\":\"ListItem\",\"position\":1,\"name\":\"Home\",\"item\":\"https:\\\/\\\/www.sifcoasc.com\\\/sv\"},{\"@type\":\"ListItem\",\"position\":2,\"name\":\"Pl\u00e4tering on-site\"}]},{\"@type\":\"WebSite\",\"@id\":\"https:\\\/\\\/www.sifcoasc.com\\\/sv#website\",\"url\":\"https:\\\/\\\/www.sifcoasc.com\\\/sv\",\"name\":\"SIFCO Applied Surface Concepts\",\"description\":\"\",\"potentialAction\":[{\"@type\":\"SearchAction\",\"target\":{\"@type\":\"EntryPoint\",\"urlTemplate\":\"https:\\\/\\\/www.sifcoasc.com\\\/sv?s={search_term_string}\"},\"query-input\":{\"@type\":\"PropertyValueSpecification\",\"valueRequired\":true,\"valueName\":\"search_term_string\"}}],\"inLanguage\":\"sv-SE\"}]}<\/script>\n<!-- \/ Yoast SEO plugin. -->","yoast_head_json":{"title":"Selektiv pl\u00e4tering p\u00e5 plats | borstpl\u00e4tering | SIFCO ASC","description":"V\u00e5ra pl\u00e4teringstj\u00e4nster p\u00e5 plats inneb\u00e4r att du kan reparera, renovera, ytbehandla och f\u00f6rb\u00e4ttra kritiska komponenter utan att demontera maskinerna.","robots":{"index":"index","follow":"follow","max-snippet":"max-snippet:-1","max-image-preview":"max-image-preview:large","max-video-preview":"max-video-preview:-1"},"canonical":"https:\/\/www.sifcoasc.com\/sv\/platering-pa-plats","og_locale":"sv_SE","og_type":"article","og_title":"Selektiv pl\u00e4tering p\u00e5 plats | borstpl\u00e4tering | SIFCO ASC","og_description":"V\u00e5ra pl\u00e4teringstj\u00e4nster p\u00e5 plats inneb\u00e4r att du kan reparera, renovera, ytbehandla och f\u00f6rb\u00e4ttra kritiska komponenter utan att demontera maskinerna.","og_url":"https:\/\/www.sifcoasc.com\/sv\/platering-pa-plats","og_site_name":"SIFCO Applied Surface Concepts","article_modified_time":"2022-09-23T18:00:53+00:00","twitter_misc":{"Est. reading time":"1 minut"},"schema":{"@context":"https:\/\/schema.org","@graph":[{"@type":"WebPage","@id":"https:\/\/www.sifcoasc.com\/sv\/platering-pa-plats","url":"https:\/\/www.sifcoasc.com\/sv\/platering-pa-plats","name":"Selektiv pl\u00e4tering p\u00e5 plats | borstpl\u00e4tering | SIFCO ASC","isPartOf":{"@id":"https:\/\/www.sifcoasc.com\/sv#website"},"datePublished":"2022-07-14T15:29:36+00:00","dateModified":"2022-09-23T18:00:53+00:00","description":"V\u00e5ra pl\u00e4teringstj\u00e4nster p\u00e5 plats inneb\u00e4r att du kan reparera, renovera, ytbehandla och f\u00f6rb\u00e4ttra kritiska komponenter utan att demontera maskinerna.","breadcrumb":{"@id":"https:\/\/www.sifcoasc.com\/sv\/platering-pa-plats#breadcrumb"},"inLanguage":"sv-SE","potentialAction":[{"@type":"ReadAction","target":["https:\/\/www.sifcoasc.com\/sv\/platering-pa-plats"]}]},{"@type":"BreadcrumbList","@id":"https:\/\/www.sifcoasc.com\/sv\/platering-pa-plats#breadcrumb","itemListElement":[{"@type":"ListItem","position":1,"name":"Home","item":"https:\/\/www.sifcoasc.com\/sv"},{"@type":"ListItem","position":2,"name":"Pl\u00e4tering on-site"}]},{"@type":"WebSite","@id":"https:\/\/www.sifcoasc.com\/sv#website","url":"https:\/\/www.sifcoasc.com\/sv","name":"SIFCO Applied Surface Concepts","description":"","potentialAction":[{"@type":"SearchAction","target":{"@type":"EntryPoint","urlTemplate":"https:\/\/www.sifcoasc.com\/sv?s={search_term_string}"},"query-input":{"@type":"PropertyValueSpecification","valueRequired":true,"valueName":"search_term_string"}}],"inLanguage":"sv-SE"}]}},"featured_image_src":null,"featured_image_src_square":null,"_links":{"self":[{"href":"https:\/\/www.sifcoasc.com\/sv\/wp-json\/wp\/v2\/pages\/9715","targetHints":{"allow":["GET"]}}],"collection":[{"href":"https:\/\/www.sifcoasc.com\/sv\/wp-json\/wp\/v2\/pages"}],"about":[{"href":"https:\/\/www.sifcoasc.com\/sv\/wp-json\/wp\/v2\/types\/page"}],"author":[{"embeddable":true,"href":"https:\/\/www.sifcoasc.com\/sv\/wp-json\/wp\/v2\/users\/18"}],"replies":[{"embeddable":true,"href":"https:\/\/www.sifcoasc.com\/sv\/wp-json\/wp\/v2\/comments?post=9715"}],"version-history":[{"count":0,"href":"https:\/\/www.sifcoasc.com\/sv\/wp-json\/wp\/v2\/pages\/9715\/revisions"}],"wp:attachment":[{"href":"https:\/\/www.sifcoasc.com\/sv\/wp-json\/wp\/v2\/media?parent=9715"}],"curies":[{"name":"wp","href":"https:\/\/api.w.org\/{rel}","templated":true}]}}