{"id":9728,"date":"2022-07-14T15:29:47","date_gmt":"2022-07-14T15:29:47","guid":{"rendered":"https:\/\/www.sifcoasc.com\/anvandning-av-selektiv-platering\/"},"modified":"2022-09-26T17:34:43","modified_gmt":"2022-09-26T17:34:43","slug":"anvandning-av-selektiv-platering","status":"publish","type":"page","link":"https:\/\/www.sifcoasc.com\/sv\/anvandning-av-selektiv-platering","title":{"rendered":"Anv\u00e4ndning av selektiv pl\u00e4tering"},"content":{"rendered":"<h3>SIFCO Process\u00ae \u00e4r en metod f\u00f6r att selektivt pl\u00e4tera metallbel\u00e4ggningar p\u00e5 lokala ytor utan att beh\u00f6va anv\u00e4nda sig av en tank. Denna portabla process ger er m\u00f6jlighet att pl\u00e4tera station\u00e4ra detaljer som antingen \u00e4r sv\u00e5ra och tidskr\u00e4vande att flytta eller demontera.<\/h3>\n<p><span style=\"font-weight: 400;\">Vi erbjuder ett flertal metaller och legeringar som kan pl\u00e4teras p\u00e5 praktiskt taget alla metaller och legeringar som anv\u00e4nds inom industrin idag. V\u00e5r process omfattar \u00e4ven fem typer av anodisering, samt elpolering<\/span><span style=\"font-weight: 400;\">. <\/span><\/p>\n","protected":false},"excerpt":{"rendered":"<p>SIFCO Process\u00ae \u00e4r en metod f\u00f6r att selektivt pl\u00e4tera metallbel\u00e4ggningar p\u00e5 lokala ytor utan att beh\u00f6va anv\u00e4nda sig av en tank. Denna portabla process ger er m\u00f6jlighet att pl\u00e4tera station\u00e4ra detaljer som antingen \u00e4r sv\u00e5ra och tidskr\u00e4vande att flytta eller demontera. Vi erbjuder ett flertal metaller och legeringar som kan pl\u00e4teras p\u00e5 praktiskt taget alla [&hellip;]<\/p>\n","protected":false},"author":18,"featured_media":0,"parent":0,"menu_order":0,"comment_status":"closed","ping_status":"closed","template":"","meta":{"_acf_changed":false,"inline_featured_image":false,"footnotes":""},"class_list":["post-9728","page","type-page","status-publish","hentry"],"acf":[],"yoast_head":"<!-- This site is optimized with the Yoast SEO plugin v27.3 - https:\/\/yoast.com\/product\/yoast-seo-wordpress\/ -->\n<title>Anv\u00e4ndning av selektiv pl\u00e4tering | SIFCO Process\u00ae | SIFCO ASC<\/title>\n<meta name=\"description\" content=\"SIFCO Process\u00ae kan utf\u00f6ra en m\u00e4ngd olika selektiva pl\u00e4teringsapplikationer f\u00f6r ledningsf\u00f6rm\u00e5ga, korrosionsskydd, slitstyrka, restaurering med mera.\" \/>\n<meta name=\"robots\" content=\"index, follow, max-snippet:-1, max-image-preview:large, max-video-preview:-1\" \/>\n<link rel=\"canonical\" href=\"https:\/\/www.sifcoasc.com\/sv\/anvandning-av-selektiv-platering\" \/>\n<meta property=\"og:locale\" content=\"sv_SE\" \/>\n<meta property=\"og:type\" content=\"article\" \/>\n<meta property=\"og:title\" content=\"Anv\u00e4ndning av selektiv pl\u00e4tering | SIFCO Process\u00ae | SIFCO ASC\" \/>\n<meta property=\"og:description\" content=\"SIFCO Process\u00ae kan utf\u00f6ra en m\u00e4ngd olika selektiva pl\u00e4teringsapplikationer f\u00f6r ledningsf\u00f6rm\u00e5ga, korrosionsskydd, slitstyrka, restaurering med mera.\" \/>\n<meta property=\"og:url\" content=\"https:\/\/www.sifcoasc.com\/sv\/anvandning-av-selektiv-platering\" \/>\n<meta property=\"og:site_name\" content=\"SIFCO Applied Surface Concepts\" \/>\n<meta property=\"article:modified_time\" content=\"2022-09-26T17:34:43+00:00\" \/>\n<script type=\"application\/ld+json\" class=\"yoast-schema-graph\">{\"@context\":\"https:\\\/\\\/schema.org\",\"@graph\":[{\"@type\":\"WebPage\",\"@id\":\"https:\\\/\\\/www.sifcoasc.com\\\/sv\\\/anvandning-av-selektiv-platering\",\"url\":\"https:\\\/\\\/www.sifcoasc.com\\\/sv\\\/anvandning-av-selektiv-platering\",\"name\":\"Anv\u00e4ndning av selektiv pl\u00e4tering | SIFCO Process\u00ae | SIFCO ASC\",\"isPartOf\":{\"@id\":\"https:\\\/\\\/www.sifcoasc.com\\\/sv#website\"},\"datePublished\":\"2022-07-14T15:29:47+00:00\",\"dateModified\":\"2022-09-26T17:34:43+00:00\",\"description\":\"SIFCO Process\u00ae kan utf\u00f6ra en m\u00e4ngd olika selektiva pl\u00e4teringsapplikationer f\u00f6r ledningsf\u00f6rm\u00e5ga, korrosionsskydd, slitstyrka, restaurering med mera.\",\"breadcrumb\":{\"@id\":\"https:\\\/\\\/www.sifcoasc.com\\\/sv\\\/anvandning-av-selektiv-platering#breadcrumb\"},\"inLanguage\":\"sv-SE\",\"potentialAction\":[{\"@type\":\"ReadAction\",\"target\":[\"https:\\\/\\\/www.sifcoasc.com\\\/sv\\\/anvandning-av-selektiv-platering\"]}]},{\"@type\":\"BreadcrumbList\",\"@id\":\"https:\\\/\\\/www.sifcoasc.com\\\/sv\\\/anvandning-av-selektiv-platering#breadcrumb\",\"itemListElement\":[{\"@type\":\"ListItem\",\"position\":1,\"name\":\"Home\",\"item\":\"https:\\\/\\\/www.sifcoasc.com\\\/sv\"},{\"@type\":\"ListItem\",\"position\":2,\"name\":\"Anv\u00e4ndning av selektiv pl\u00e4tering\"}]},{\"@type\":\"WebSite\",\"@id\":\"https:\\\/\\\/www.sifcoasc.com\\\/sv#website\",\"url\":\"https:\\\/\\\/www.sifcoasc.com\\\/sv\",\"name\":\"SIFCO Applied Surface Concepts\",\"description\":\"\",\"potentialAction\":[{\"@type\":\"SearchAction\",\"target\":{\"@type\":\"EntryPoint\",\"urlTemplate\":\"https:\\\/\\\/www.sifcoasc.com\\\/sv?s={search_term_string}\"},\"query-input\":{\"@type\":\"PropertyValueSpecification\",\"valueRequired\":true,\"valueName\":\"search_term_string\"}}],\"inLanguage\":\"sv-SE\"}]}<\/script>\n<!-- \/ Yoast SEO plugin. -->","yoast_head_json":{"title":"Anv\u00e4ndning av selektiv pl\u00e4tering | SIFCO Process\u00ae | SIFCO ASC","description":"SIFCO Process\u00ae kan utf\u00f6ra en m\u00e4ngd olika selektiva pl\u00e4teringsapplikationer f\u00f6r ledningsf\u00f6rm\u00e5ga, korrosionsskydd, slitstyrka, restaurering med mera.","robots":{"index":"index","follow":"follow","max-snippet":"max-snippet:-1","max-image-preview":"max-image-preview:large","max-video-preview":"max-video-preview:-1"},"canonical":"https:\/\/www.sifcoasc.com\/sv\/anvandning-av-selektiv-platering","og_locale":"sv_SE","og_type":"article","og_title":"Anv\u00e4ndning av selektiv pl\u00e4tering | SIFCO Process\u00ae | SIFCO ASC","og_description":"SIFCO Process\u00ae kan utf\u00f6ra en m\u00e4ngd olika selektiva pl\u00e4teringsapplikationer f\u00f6r ledningsf\u00f6rm\u00e5ga, korrosionsskydd, slitstyrka, restaurering med mera.","og_url":"https:\/\/www.sifcoasc.com\/sv\/anvandning-av-selektiv-platering","og_site_name":"SIFCO Applied Surface Concepts","article_modified_time":"2022-09-26T17:34:43+00:00","schema":{"@context":"https:\/\/schema.org","@graph":[{"@type":"WebPage","@id":"https:\/\/www.sifcoasc.com\/sv\/anvandning-av-selektiv-platering","url":"https:\/\/www.sifcoasc.com\/sv\/anvandning-av-selektiv-platering","name":"Anv\u00e4ndning av selektiv pl\u00e4tering | SIFCO Process\u00ae | SIFCO ASC","isPartOf":{"@id":"https:\/\/www.sifcoasc.com\/sv#website"},"datePublished":"2022-07-14T15:29:47+00:00","dateModified":"2022-09-26T17:34:43+00:00","description":"SIFCO Process\u00ae kan utf\u00f6ra en m\u00e4ngd olika selektiva pl\u00e4teringsapplikationer f\u00f6r ledningsf\u00f6rm\u00e5ga, korrosionsskydd, slitstyrka, restaurering med mera.","breadcrumb":{"@id":"https:\/\/www.sifcoasc.com\/sv\/anvandning-av-selektiv-platering#breadcrumb"},"inLanguage":"sv-SE","potentialAction":[{"@type":"ReadAction","target":["https:\/\/www.sifcoasc.com\/sv\/anvandning-av-selektiv-platering"]}]},{"@type":"BreadcrumbList","@id":"https:\/\/www.sifcoasc.com\/sv\/anvandning-av-selektiv-platering#breadcrumb","itemListElement":[{"@type":"ListItem","position":1,"name":"Home","item":"https:\/\/www.sifcoasc.com\/sv"},{"@type":"ListItem","position":2,"name":"Anv\u00e4ndning av selektiv pl\u00e4tering"}]},{"@type":"WebSite","@id":"https:\/\/www.sifcoasc.com\/sv#website","url":"https:\/\/www.sifcoasc.com\/sv","name":"SIFCO Applied Surface Concepts","description":"","potentialAction":[{"@type":"SearchAction","target":{"@type":"EntryPoint","urlTemplate":"https:\/\/www.sifcoasc.com\/sv?s={search_term_string}"},"query-input":{"@type":"PropertyValueSpecification","valueRequired":true,"valueName":"search_term_string"}}],"inLanguage":"sv-SE"}]}},"featured_image_src":null,"featured_image_src_square":null,"_links":{"self":[{"href":"https:\/\/www.sifcoasc.com\/sv\/wp-json\/wp\/v2\/pages\/9728","targetHints":{"allow":["GET"]}}],"collection":[{"href":"https:\/\/www.sifcoasc.com\/sv\/wp-json\/wp\/v2\/pages"}],"about":[{"href":"https:\/\/www.sifcoasc.com\/sv\/wp-json\/wp\/v2\/types\/page"}],"author":[{"embeddable":true,"href":"https:\/\/www.sifcoasc.com\/sv\/wp-json\/wp\/v2\/users\/18"}],"replies":[{"embeddable":true,"href":"https:\/\/www.sifcoasc.com\/sv\/wp-json\/wp\/v2\/comments?post=9728"}],"version-history":[{"count":0,"href":"https:\/\/www.sifcoasc.com\/sv\/wp-json\/wp\/v2\/pages\/9728\/revisions"}],"wp:attachment":[{"href":"https:\/\/www.sifcoasc.com\/sv\/wp-json\/wp\/v2\/media?parent=9728"}],"curies":[{"name":"wp","href":"https:\/\/api.w.org\/{rel}","templated":true}]}}