{"id":9740,"date":"2022-07-14T15:29:53","date_gmt":"2022-07-14T15:29:53","guid":{"rendered":"https:\/\/www.sifcoasc.com\/plana-ytor\/"},"modified":"2022-09-26T17:51:41","modified_gmt":"2022-09-26T17:51:41","slug":"plana-ytor","status":"publish","type":"page","link":"https:\/\/www.sifcoasc.com\/sv\/plana-ytor","title":{"rendered":"Plana ytor"},"content":{"rendered":"<h2>Selektiv pl\u00e4tering f\u00f6r plana ytor<\/h2>\n<h3>SIFCO Process\u00ae erbjuder en metod med utm\u00e4rkt vidh\u00e4ftning f\u00f6r att selektivt pl\u00e4tera ett lokalt omr\u00e5de utan omfattande maskering. Applikationer med selektiv pl\u00e4tering uppn\u00e5r optimala resultat f\u00f6r utv\u00e4ndiga och inv\u00e4ndiga diametrar, samt plana ytor p\u00e5 maskindetaljer.<\/h3>\n","protected":false},"excerpt":{"rendered":"<p>Selektiv pl\u00e4tering f\u00f6r plana ytor SIFCO Process\u00ae erbjuder en metod med utm\u00e4rkt vidh\u00e4ftning f\u00f6r att selektivt pl\u00e4tera ett lokalt omr\u00e5de utan omfattande maskering. Applikationer med selektiv pl\u00e4tering uppn\u00e5r optimala resultat f\u00f6r utv\u00e4ndiga och inv\u00e4ndiga diametrar, samt plana ytor p\u00e5 maskindetaljer.<\/p>\n","protected":false},"author":18,"featured_media":0,"parent":0,"menu_order":0,"comment_status":"closed","ping_status":"closed","template":"","meta":{"_acf_changed":false,"inline_featured_image":false,"footnotes":""},"class_list":["post-9740","page","type-page","status-publish","hentry"],"acf":[],"yoast_head":"<!-- This site is optimized with the Yoast SEO plugin v27.3 - https:\/\/yoast.com\/product\/yoast-seo-wordpress\/ -->\n<title>Selektiv pl\u00e4tering f\u00f6r plana ytor | Borstpl\u00e4tering | SIFCO ASC<\/title>\n<meta name=\"description\" content=\"SIFCO Process\u00ae \u00e4r en selektiv pl\u00e4teringsmetod f\u00f6r f\u00f6rb\u00e4ttring av plana ytor. Kontakta oss f\u00f6r mer information om v\u00e5ra tj\u00e4nster f\u00f6r borstpl\u00e4tering.\" \/>\n<meta name=\"robots\" content=\"index, follow, max-snippet:-1, max-image-preview:large, max-video-preview:-1\" \/>\n<link rel=\"canonical\" href=\"https:\/\/www.sifcoasc.com\/sv\/plana-ytor\" \/>\n<meta property=\"og:locale\" content=\"sv_SE\" \/>\n<meta property=\"og:type\" content=\"article\" \/>\n<meta property=\"og:title\" content=\"Selektiv pl\u00e4tering f\u00f6r plana ytor | Borstpl\u00e4tering | SIFCO ASC\" \/>\n<meta property=\"og:description\" content=\"SIFCO Process\u00ae \u00e4r en selektiv pl\u00e4teringsmetod f\u00f6r f\u00f6rb\u00e4ttring av plana ytor. Kontakta oss f\u00f6r mer information om v\u00e5ra tj\u00e4nster f\u00f6r borstpl\u00e4tering.\" \/>\n<meta property=\"og:url\" content=\"https:\/\/www.sifcoasc.com\/sv\/plana-ytor\" \/>\n<meta property=\"og:site_name\" content=\"SIFCO Applied Surface Concepts\" \/>\n<meta property=\"article:modified_time\" content=\"2022-09-26T17:51:41+00:00\" \/>\n<script type=\"application\/ld+json\" class=\"yoast-schema-graph\">{\"@context\":\"https:\\\/\\\/schema.org\",\"@graph\":[{\"@type\":\"WebPage\",\"@id\":\"https:\\\/\\\/www.sifcoasc.com\\\/sv\\\/plana-ytor\",\"url\":\"https:\\\/\\\/www.sifcoasc.com\\\/sv\\\/plana-ytor\",\"name\":\"Selektiv pl\u00e4tering f\u00f6r plana ytor | Borstpl\u00e4tering | SIFCO ASC\",\"isPartOf\":{\"@id\":\"https:\\\/\\\/www.sifcoasc.com\\\/sv#website\"},\"datePublished\":\"2022-07-14T15:29:53+00:00\",\"dateModified\":\"2022-09-26T17:51:41+00:00\",\"description\":\"SIFCO Process\u00ae \u00e4r en selektiv pl\u00e4teringsmetod f\u00f6r f\u00f6rb\u00e4ttring av plana ytor. Kontakta oss f\u00f6r mer information om v\u00e5ra tj\u00e4nster f\u00f6r borstpl\u00e4tering.\",\"breadcrumb\":{\"@id\":\"https:\\\/\\\/www.sifcoasc.com\\\/sv\\\/plana-ytor#breadcrumb\"},\"inLanguage\":\"sv-SE\",\"potentialAction\":[{\"@type\":\"ReadAction\",\"target\":[\"https:\\\/\\\/www.sifcoasc.com\\\/sv\\\/plana-ytor\"]}]},{\"@type\":\"BreadcrumbList\",\"@id\":\"https:\\\/\\\/www.sifcoasc.com\\\/sv\\\/plana-ytor#breadcrumb\",\"itemListElement\":[{\"@type\":\"ListItem\",\"position\":1,\"name\":\"Home\",\"item\":\"https:\\\/\\\/www.sifcoasc.com\\\/sv\"},{\"@type\":\"ListItem\",\"position\":2,\"name\":\"Plana ytor\"}]},{\"@type\":\"WebSite\",\"@id\":\"https:\\\/\\\/www.sifcoasc.com\\\/sv#website\",\"url\":\"https:\\\/\\\/www.sifcoasc.com\\\/sv\",\"name\":\"SIFCO Applied Surface Concepts\",\"description\":\"\",\"potentialAction\":[{\"@type\":\"SearchAction\",\"target\":{\"@type\":\"EntryPoint\",\"urlTemplate\":\"https:\\\/\\\/www.sifcoasc.com\\\/sv?s={search_term_string}\"},\"query-input\":{\"@type\":\"PropertyValueSpecification\",\"valueRequired\":true,\"valueName\":\"search_term_string\"}}],\"inLanguage\":\"sv-SE\"}]}<\/script>\n<!-- \/ Yoast SEO plugin. -->","yoast_head_json":{"title":"Selektiv pl\u00e4tering f\u00f6r plana ytor | Borstpl\u00e4tering | SIFCO ASC","description":"SIFCO Process\u00ae \u00e4r en selektiv pl\u00e4teringsmetod f\u00f6r f\u00f6rb\u00e4ttring av plana ytor. Kontakta oss f\u00f6r mer information om v\u00e5ra tj\u00e4nster f\u00f6r borstpl\u00e4tering.","robots":{"index":"index","follow":"follow","max-snippet":"max-snippet:-1","max-image-preview":"max-image-preview:large","max-video-preview":"max-video-preview:-1"},"canonical":"https:\/\/www.sifcoasc.com\/sv\/plana-ytor","og_locale":"sv_SE","og_type":"article","og_title":"Selektiv pl\u00e4tering f\u00f6r plana ytor | Borstpl\u00e4tering | SIFCO ASC","og_description":"SIFCO Process\u00ae \u00e4r en selektiv pl\u00e4teringsmetod f\u00f6r f\u00f6rb\u00e4ttring av plana ytor. Kontakta oss f\u00f6r mer information om v\u00e5ra tj\u00e4nster f\u00f6r borstpl\u00e4tering.","og_url":"https:\/\/www.sifcoasc.com\/sv\/plana-ytor","og_site_name":"SIFCO Applied Surface Concepts","article_modified_time":"2022-09-26T17:51:41+00:00","schema":{"@context":"https:\/\/schema.org","@graph":[{"@type":"WebPage","@id":"https:\/\/www.sifcoasc.com\/sv\/plana-ytor","url":"https:\/\/www.sifcoasc.com\/sv\/plana-ytor","name":"Selektiv pl\u00e4tering f\u00f6r plana ytor | Borstpl\u00e4tering | SIFCO ASC","isPartOf":{"@id":"https:\/\/www.sifcoasc.com\/sv#website"},"datePublished":"2022-07-14T15:29:53+00:00","dateModified":"2022-09-26T17:51:41+00:00","description":"SIFCO Process\u00ae \u00e4r en selektiv pl\u00e4teringsmetod f\u00f6r f\u00f6rb\u00e4ttring av plana ytor. Kontakta oss f\u00f6r mer information om v\u00e5ra tj\u00e4nster f\u00f6r borstpl\u00e4tering.","breadcrumb":{"@id":"https:\/\/www.sifcoasc.com\/sv\/plana-ytor#breadcrumb"},"inLanguage":"sv-SE","potentialAction":[{"@type":"ReadAction","target":["https:\/\/www.sifcoasc.com\/sv\/plana-ytor"]}]},{"@type":"BreadcrumbList","@id":"https:\/\/www.sifcoasc.com\/sv\/plana-ytor#breadcrumb","itemListElement":[{"@type":"ListItem","position":1,"name":"Home","item":"https:\/\/www.sifcoasc.com\/sv"},{"@type":"ListItem","position":2,"name":"Plana ytor"}]},{"@type":"WebSite","@id":"https:\/\/www.sifcoasc.com\/sv#website","url":"https:\/\/www.sifcoasc.com\/sv","name":"SIFCO Applied Surface Concepts","description":"","potentialAction":[{"@type":"SearchAction","target":{"@type":"EntryPoint","urlTemplate":"https:\/\/www.sifcoasc.com\/sv?s={search_term_string}"},"query-input":{"@type":"PropertyValueSpecification","valueRequired":true,"valueName":"search_term_string"}}],"inLanguage":"sv-SE"}]}},"featured_image_src":null,"featured_image_src_square":null,"_links":{"self":[{"href":"https:\/\/www.sifcoasc.com\/sv\/wp-json\/wp\/v2\/pages\/9740","targetHints":{"allow":["GET"]}}],"collection":[{"href":"https:\/\/www.sifcoasc.com\/sv\/wp-json\/wp\/v2\/pages"}],"about":[{"href":"https:\/\/www.sifcoasc.com\/sv\/wp-json\/wp\/v2\/types\/page"}],"author":[{"embeddable":true,"href":"https:\/\/www.sifcoasc.com\/sv\/wp-json\/wp\/v2\/users\/18"}],"replies":[{"embeddable":true,"href":"https:\/\/www.sifcoasc.com\/sv\/wp-json\/wp\/v2\/comments?post=9740"}],"version-history":[{"count":0,"href":"https:\/\/www.sifcoasc.com\/sv\/wp-json\/wp\/v2\/pages\/9740\/revisions"}],"wp:attachment":[{"href":"https:\/\/www.sifcoasc.com\/sv\/wp-json\/wp\/v2\/media?parent=9740"}],"curies":[{"name":"wp","href":"https:\/\/api.w.org\/{rel}","templated":true}]}}