{"id":9756,"date":"2022-07-14T15:30:11","date_gmt":"2022-07-14T15:30:11","guid":{"rendered":"https:\/\/www.sifcoasc.com\/aerospace\/whitepaper-om-flyg-och-rymdindustrin\/"},"modified":"2022-08-23T07:07:18","modified_gmt":"2022-08-23T07:07:18","slug":"whitepaper-om-flyg-och-rymdindustrin","status":"publish","type":"page","link":"https:\/\/www.sifcoasc.com\/sv\/flygindustri\/whitepaper-om-flyg-och-rymdindustrin","title":{"rendered":"Whitepaper om flyg- och rymdindustrin"},"content":{"rendered":"<h2>LADDA NER DITT KOSTNADSFRIA WHITEPAPER  <\/h2>\n<div class=\"right-image\"><img loading=\"lazy\" decoding=\"async\" width=\"69\" height=\"100\" src=\"\/wp-content\/uploads\/Lee-Benson_web-e1461338802781.jpg\" alt=\"Whitepaper om flyg- och rymdindustrin  \" title=\"Whitepaper om flyg- och rymdindustrin  \" class=\"alignnone size-full wp-image-2290\"> <\/div>\n<p class=\"emph\">PRECISION OCH PORTABILITET SOM STANDARD &#8211; Att argumentera f\u00f6r selektiv pl\u00e4tering inom flygindustrin: ett tekniskt dokument.  <\/p>\n<p>Lee Benson, vd f\u00f6r Able Aerospace Services, st\u00f6der detta: &#8220;Alla nya tillverkare eller flygplansoperat\u00f6rer som vill reparera flygplanskomponenter p\u00e5 ett s\u00e4kert s\u00e4tt och s\u00e4nka kostnaderna g\u00f6r sig sj\u00e4lva en bj\u00f6rntj\u00e4nst om de inte \u00f6verv\u00e4ger selektiv pl\u00e4tering f\u00f6r r\u00e4tt till\u00e4mpningar. De kollektiva kostnadsbesparingarna hos v\u00e5r globala kundbas och s\u00e4kerhetsredovisningen bevisar detta.&#8221;<\/p>\n<p>Med hj\u00e4lp av fallstudier och j\u00e4mf\u00f6relser med andra pl\u00e4teringsmetoder visar dokumentet tydligt f\u00f6rdelarna med SIFCO Process\u00ae, framf\u00f6r allt kvaliteten p\u00e5 de mekaniska egenskaperna, den l\u00e5ga investeringskostnaden, dess l\u00f6nsamhet som ett alternativ till kadmium samt dess enkla och snabba anv\u00e4ndning &#8211; inklusive anv\u00e4ndning p\u00e5 plats i hangarer och p\u00e5 f\u00e4ltet.<\/p>\n<p>F\u00f6r att f\u00e5 ditt exemplar av <strong>Precision and Portability as Standard<\/strong>, v\u00e4nligen fyll i formul\u00e4ret nedan.<\/p>\n<script type=\"text\/javascript\">\n\/* <![CDATA[ *\/\nvar gform;gform||(document.addEventListener(\"gform_main_scripts_loaded\",function(){gform.scriptsLoaded=!0}),document.addEventListener(\"gform\/theme\/scripts_loaded\",function(){gform.themeScriptsLoaded=!0}),window.addEventListener(\"DOMContentLoaded\",function(){gform.domLoaded=!0}),gform={domLoaded:!1,scriptsLoaded:!1,themeScriptsLoaded:!1,isFormEditor:()=>\"function\"==typeof InitializeEditor,callIfLoaded:function(o){return!(!gform.domLoaded||!gform.scriptsLoaded||!gform.themeScriptsLoaded&&!gform.isFormEditor()||(gform.isFormEditor()&&console.warn(\"The use of gform.initializeOnLoaded() is deprecated in the form editor context and will be removed in Gravity Forms 3.1.\"),o(),0))},initializeOnLoaded:function(o){gform.callIfLoaded(o)||(document.addEventListener(\"gform_main_scripts_loaded\",()=>{gform.scriptsLoaded=!0,gform.callIfLoaded(o)}),document.addEventListener(\"gform\/theme\/scripts_loaded\",()=>{gform.themeScriptsLoaded=!0,gform.callIfLoaded(o)}),window.addEventListener(\"DOMContentLoaded\",()=>{gform.domLoaded=!0,gform.callIfLoaded(o)}))},hooks:{action:{},filter:{}},addAction:function(o,r,e,t){gform.addHook(\"action\",o,r,e,t)},addFilter:function(o,r,e,t){gform.addHook(\"filter\",o,r,e,t)},doAction:function(o){gform.doHook(\"action\",o,arguments)},applyFilters:function(o){return gform.doHook(\"filter\",o,arguments)},removeAction:function(o,r){gform.removeHook(\"action\",o,r)},removeFilter:function(o,r,e){gform.removeHook(\"filter\",o,r,e)},addHook:function(o,r,e,t,n){null==gform.hooks[o][r]&&(gform.hooks[o][r]=[]);var d=gform.hooks[o][r];null==n&&(n=r+\"_\"+d.length),gform.hooks[o][r].push({tag:n,callable:e,priority:t=null==t?10:t})},doHook:function(r,o,e){var t;if(e=Array.prototype.slice.call(e,1),null!=gform.hooks[r][o]&&((o=gform.hooks[r][o]).sort(function(o,r){return o.priority-r.priority}),o.forEach(function(o){\"function\"!=typeof(t=o.callable)&&(t=window[t]),\"action\"==r?t.apply(null,e):e[0]=t.apply(null,e)})),\"filter\"==r)return e[0]},removeHook:function(o,r,t,n){var e;null!=gform.hooks[o][r]&&(e=(e=gform.hooks[o][r]).filter(function(o,r,e){return!!(null!=n&&n!=o.tag||null!=t&&t!=o.priority)}),gform.hooks[o][r]=e)}});\n\/* ]]> *\/\n<\/script>\n\n                <div class='gf_browser_gecko gform_wrapper gform_legacy_markup_wrapper gform-theme--no-framework' data-form-theme='legacy' data-form-index='0' id='gform_wrapper_29' ><form method='post' enctype='multipart\/form-data'  id='gform_29'  action='\/sv\/wp-json\/wp\/v2\/pages\/9756' data-formid='29' novalidate>\n                        <div class='gform-body gform_body'><ul id='gform_fields_29' class='gform_fields top_label form_sublabel_below description_below validation_below'><li id=\"field_29_12\" class=\"gfield gfield--type-text gf_left_half field_sublabel_below gfield--no-description field_description_below field_validation_below gfield_visibility_visible\"  ><label class='gfield_label gform-field-label' for='input_29_12'>F\u00f6rnamn<\/label><div class='ginput_container ginput_container_text'><input name='input_12' id='input_29_12' type='text' value='' class='medium'      aria-invalid=\"false\"   \/><\/div><\/li><li id=\"field_29_3\" class=\"gfield gfield--type-text gf_right_half gfield_contains_required field_sublabel_below gfield--no-description field_description_below field_validation_below gfield_visibility_visible\"  ><label class='gfield_label gform-field-label' for='input_29_3'>E-postadress<span class=\"gfield_required\"><span class=\"gfield_required gfield_required_asterisk\">*<\/span><\/span><\/label><div class='ginput_container ginput_container_text'><input name='input_3' id='input_29_3' type='text' value='' class='medium'     aria-required=\"true\" aria-invalid=\"false\"   \/><\/div><\/li><li id=\"field_29_14\" class=\"gfield gfield--type-text gfield--width-full gfield_contains_required field_sublabel_below gfield--no-description field_description_below field_validation_below gfield_visibility_visible\"  ><label class='gfield_label gform-field-label' for='input_29_14'>Land\/stat<span class=\"gfield_required\"><span class=\"gfield_required gfield_required_asterisk\">*<\/span><\/span><\/label><div class='ginput_container ginput_container_text'><input name='input_14' id='input_29_14' type='text' value='' class='large'     aria-required=\"true\" aria-invalid=\"false\"   \/><\/div><\/li><li id=\"field_29_15\" class=\"gfield gfield--type-text gfield_contains_required field_sublabel_below gfield--no-description field_description_below field_validation_below gfield_visibility_visible\"  ><label class='gfield_label gform-field-label' for='input_29_15'>Postnummer<span class=\"gfield_required\"><span class=\"gfield_required gfield_required_asterisk\">*<\/span><\/span><\/label><div class='ginput_container ginput_container_text'><input name='input_15' id='input_29_15' type='text' value='' class='large'     aria-required=\"true\" aria-invalid=\"false\"   \/><\/div><\/li><\/ul><\/div>\n        <div class='gform-footer gform_footer top_label'> <input type='submit' id='gform_submit_button_29' class='gform_button button' onclick='gform.submission.handleButtonClick(this);' data-submission-type='submit' value='Skicka in'  \/> \n            <input type='hidden' class='gform_hidden' name='gform_submission_method' data-js='gform_submission_method_29' value='postback' \/>\n            <input type='hidden' class='gform_hidden' name='gform_theme' data-js='gform_theme_29' id='gform_theme_29' value='legacy' \/>\n            <input type='hidden' class='gform_hidden' name='gform_style_settings' data-js='gform_style_settings_29' id='gform_style_settings_29' value='[]' \/>\n            <input type='hidden' class='gform_hidden' name='is_submit_29' value='1' \/>\n            <input type='hidden' class='gform_hidden' name='gform_submit' value='29' \/>\n            \n            <input type='hidden' class='gform_hidden' name='gform_currency' data-currency='USD' value='YHPsyyQTlcjAFu\/0AauBErDtK+CgH2HVdiUnx5Qr7LZinPUnHai7wSROn\/zfqaZLDcr1pMgnv3+QTJ+ylaXFEswK+gazy\/ekzAskuJO+xcR2czk=' \/>\n            <input type='hidden' class='gform_hidden' name='gform_unique_id' value='' \/>\n            <input type='hidden' class='gform_hidden' name='state_29' value='WyJbXSIsImQxMDU1MWUyOGU1ZTQ2ZDJhNDlhNWMzNTQ1MmI1YzQxIl0=' \/>\n            <input type='hidden' autocomplete='off' class='gform_hidden' name='gform_target_page_number_29' id='gform_target_page_number_29' value='0' \/>\n            <input type='hidden' autocomplete='off' class='gform_hidden' name='gform_source_page_number_29' id='gform_source_page_number_29' value='1' \/>\n            <input type='hidden' name='gform_field_values' value='' \/>\n            \n        <\/div>\n                        <input type=\"hidden\" id=\"ct_checkjs_2291d2ec3b3048d1a6f86c2c4591b7e0\" name=\"ct_checkjs\" value=\"0\" \/><script >setTimeout(function(){var ct_input_name = \"ct_checkjs_2291d2ec3b3048d1a6f86c2c4591b7e0\";if (document.getElementById(ct_input_name) !== null) {var ct_input_value = document.getElementById(ct_input_name).value;document.getElementById(ct_input_name).value = document.getElementById(ct_input_name).value.replace(ct_input_value, 'c8498e28f559b8da2c32f3a99cba62af5901009f5edc3429c51971a226a0f89c');}}, 1000);<\/script><input\n                    class=\"apbct_special_field apbct_email_id__gravity_form\"\n                    name=\"apbct__email_id__gravity_form\"\n                    aria-label=\"apbct__label_id__gravity_form\"\n                    type=\"text\" size=\"30\" maxlength=\"200\" autocomplete=\"off\"\n                    value=\"\"\n                \/><\/form>\n                        <\/div><script type=\"text\/javascript\">\n\/* <![CDATA[ *\/\n gform.initializeOnLoaded( function() {gformInitSpinner( 29, 'https:\/\/www.sifcoasc.com\/wp-content\/plugins\/gravityforms\/images\/spinner.svg', true );jQuery('#gform_ajax_frame_29').on('load',function(){var contents = jQuery(this).contents().find('*').html();var is_postback = contents.indexOf('GF_AJAX_POSTBACK') >= 0;if(!is_postback){return;}var form_content = jQuery(this).contents().find('#gform_wrapper_29');var is_confirmation = jQuery(this).contents().find('#gform_confirmation_wrapper_29').length > 0;var is_redirect = contents.indexOf('gformRedirect(){') >= 0;var is_form = form_content.length > 0 && ! is_redirect && ! is_confirmation;var mt = parseInt(jQuery('html').css('margin-top'), 10) + parseInt(jQuery('body').css('margin-top'), 10) + 100;if(is_form){jQuery('#gform_wrapper_29').html(form_content.html());if(form_content.hasClass('gform_validation_error')){jQuery('#gform_wrapper_29').addClass('gform_validation_error');} else {jQuery('#gform_wrapper_29').removeClass('gform_validation_error');}setTimeout( function() { \/* delay the scroll by 50 milliseconds to fix a bug in chrome *\/  }, 50 );if(window['gformInitDatepicker']) {gformInitDatepicker();}if(window['gformInitPriceFields']) {gformInitPriceFields();}var current_page = jQuery('#gform_source_page_number_29').val();gformInitSpinner( 29, 'https:\/\/www.sifcoasc.com\/wp-content\/plugins\/gravityforms\/images\/spinner.svg', true );jQuery(document).trigger('gform_page_loaded', [29, current_page]);window['gf_submitting_29'] = false;}else if(!is_redirect){var confirmation_content = jQuery(this).contents().find('.GF_AJAX_POSTBACK').html();if(!confirmation_content){confirmation_content = contents;}jQuery('#gform_wrapper_29').replaceWith(confirmation_content);jQuery(document).trigger('gform_confirmation_loaded', [29]);window['gf_submitting_29'] = false;wp.a11y.speak(jQuery('#gform_confirmation_message_29').text());}else{jQuery('#gform_29').append(contents);if(window['gformRedirect']) {gformRedirect();}}jQuery(document).trigger(\"gform_pre_post_render\", [{ formId: \"29\", currentPage: \"current_page\", abort: function() { this.preventDefault(); } }]);        if (event && event.defaultPrevented) {                return;        }        const gformWrapperDiv = document.getElementById( \"gform_wrapper_29\" );        if ( gformWrapperDiv ) {            const visibilitySpan = document.createElement( \"span\" );            visibilitySpan.id = \"gform_visibility_test_29\";            gformWrapperDiv.insertAdjacentElement( \"afterend\", visibilitySpan );        }        const visibilityTestDiv = document.getElementById( \"gform_visibility_test_29\" );        let postRenderFired = false;        function triggerPostRender() {            if ( postRenderFired ) {                return;            }            postRenderFired = true;            gform.core.triggerPostRenderEvents( 29, current_page );            if ( visibilityTestDiv ) {                visibilityTestDiv.parentNode.removeChild( visibilityTestDiv );            }        }        function debounce( func, wait, immediate ) {            var timeout;            return function() {                var context = this, args = arguments;                var later = function() {                    timeout = null;                    if ( !immediate ) func.apply( context, args );                };                var callNow = immediate && !timeout;                clearTimeout( timeout );                timeout = setTimeout( later, wait );                if ( callNow ) func.apply( context, args );            };        }        const debouncedTriggerPostRender = debounce( function() {            triggerPostRender();        }, 200 );        if ( visibilityTestDiv && visibilityTestDiv.offsetParent === null ) {            const observer = new MutationObserver( ( mutations ) => {                mutations.forEach( ( mutation ) => {                    if ( mutation.type === 'attributes' && visibilityTestDiv.offsetParent !== null ) {                        debouncedTriggerPostRender();                        observer.disconnect();                    }                });            });            observer.observe( document.body, {                attributes: true,                childList: false,                subtree: true,                attributeFilter: [ 'style', 'class' ],            });        } else {            triggerPostRender();        }    } );} ); \n\/* ]]> *\/\n<\/script>\n\n","protected":false},"excerpt":{"rendered":"<p>LADDA NER DITT KOSTNADSFRIA WHITEPAPER PRECISION OCH PORTABILITET SOM STANDARD &#8211; Att argumentera f\u00f6r selektiv pl\u00e4tering inom flygindustrin: ett tekniskt dokument. Lee Benson, vd f\u00f6r Able Aerospace Services, st\u00f6der detta: &#8220;Alla nya tillverkare eller flygplansoperat\u00f6rer som vill reparera flygplanskomponenter p\u00e5 ett s\u00e4kert s\u00e4tt och s\u00e4nka kostnaderna g\u00f6r sig sj\u00e4lva en bj\u00f6rntj\u00e4nst om de inte \u00f6verv\u00e4ger [&hellip;]<\/p>\n","protected":false},"author":18,"featured_media":0,"parent":9752,"menu_order":0,"comment_status":"closed","ping_status":"closed","template":"","meta":{"_acf_changed":false,"inline_featured_image":false,"footnotes":""},"class_list":["post-9756","page","type-page","status-publish","hentry"],"acf":[],"yoast_head":"<!-- This site is optimized with the Yoast SEO plugin v27.4 - https:\/\/yoast.com\/product\/yoast-seo-wordpress\/ -->\n<title>SIFCO ASC: Precision and Portability as Standard, ett tekniskt dokument.<\/title>\n<meta name=\"description\" content=\"Med hj\u00e4lp av fallstudier och j\u00e4mf\u00f6relser med andra pl\u00e4teringstekniker visar den h\u00e4r artikeln f\u00f6rdelarna med SIFCO Process\u00ae inom flygindustrin.\" \/>\n<meta name=\"robots\" content=\"index, follow, max-snippet:-1, max-image-preview:large, max-video-preview:-1\" \/>\n<link rel=\"canonical\" href=\"https:\/\/www.sifcoasc.com\/sv\/flygindustri\/whitepaper-om-flyg-och-rymdindustrin\" \/>\n<meta property=\"og:locale\" content=\"sv_SE\" \/>\n<meta property=\"og:type\" content=\"article\" \/>\n<meta property=\"og:title\" content=\"SIFCO ASC: Precision and Portability as Standard, ett tekniskt dokument.\" \/>\n<meta property=\"og:description\" content=\"Med hj\u00e4lp av fallstudier och j\u00e4mf\u00f6relser med andra pl\u00e4teringstekniker visar den h\u00e4r artikeln f\u00f6rdelarna med SIFCO Process\u00ae inom flygindustrin.\" \/>\n<meta property=\"og:url\" content=\"https:\/\/www.sifcoasc.com\/sv\/flygindustri\/whitepaper-om-flyg-och-rymdindustrin\" \/>\n<meta property=\"og:site_name\" content=\"SIFCO Applied Surface Concepts\" \/>\n<meta property=\"article:modified_time\" content=\"2022-08-23T07:07:18+00:00\" \/>\n<meta name=\"twitter:label1\" content=\"Est. reading time\" \/>\n\t<meta name=\"twitter:data1\" content=\"1 minut\" \/>\n<script type=\"application\/ld+json\" class=\"yoast-schema-graph\">{\"@context\":\"https:\\\/\\\/schema.org\",\"@graph\":[{\"@type\":\"WebPage\",\"@id\":\"https:\\\/\\\/www.sifcoasc.com\\\/sv\\\/flygindustri\\\/whitepaper-om-flyg-och-rymdindustrin\",\"url\":\"https:\\\/\\\/www.sifcoasc.com\\\/sv\\\/flygindustri\\\/whitepaper-om-flyg-och-rymdindustrin\",\"name\":\"SIFCO ASC: Precision and Portability as Standard, ett tekniskt dokument.\",\"isPartOf\":{\"@id\":\"https:\\\/\\\/www.sifcoasc.com\\\/sv#website\"},\"datePublished\":\"2022-07-14T15:30:11+00:00\",\"dateModified\":\"2022-08-23T07:07:18+00:00\",\"description\":\"Med hj\u00e4lp av fallstudier och j\u00e4mf\u00f6relser med andra pl\u00e4teringstekniker visar den h\u00e4r artikeln f\u00f6rdelarna med SIFCO Process\u00ae inom flygindustrin.\",\"breadcrumb\":{\"@id\":\"https:\\\/\\\/www.sifcoasc.com\\\/sv\\\/flygindustri\\\/whitepaper-om-flyg-och-rymdindustrin#breadcrumb\"},\"inLanguage\":\"sv-SE\",\"potentialAction\":[{\"@type\":\"ReadAction\",\"target\":[\"https:\\\/\\\/www.sifcoasc.com\\\/sv\\\/flygindustri\\\/whitepaper-om-flyg-och-rymdindustrin\"]}]},{\"@type\":\"BreadcrumbList\",\"@id\":\"https:\\\/\\\/www.sifcoasc.com\\\/sv\\\/flygindustri\\\/whitepaper-om-flyg-och-rymdindustrin#breadcrumb\",\"itemListElement\":[{\"@type\":\"ListItem\",\"position\":1,\"name\":\"Home\",\"item\":\"https:\\\/\\\/www.sifcoasc.com\\\/sv\"},{\"@type\":\"ListItem\",\"position\":2,\"name\":\"Flygindustri\",\"item\":\"https:\\\/\\\/www.sifcoasc.com\\\/sv\\\/flygindustri\"},{\"@type\":\"ListItem\",\"position\":3,\"name\":\"Whitepaper om flyg- och rymdindustrin\"}]},{\"@type\":\"WebSite\",\"@id\":\"https:\\\/\\\/www.sifcoasc.com\\\/sv#website\",\"url\":\"https:\\\/\\\/www.sifcoasc.com\\\/sv\",\"name\":\"SIFCO Applied Surface Concepts\",\"description\":\"\",\"potentialAction\":[{\"@type\":\"SearchAction\",\"target\":{\"@type\":\"EntryPoint\",\"urlTemplate\":\"https:\\\/\\\/www.sifcoasc.com\\\/sv?s={search_term_string}\"},\"query-input\":{\"@type\":\"PropertyValueSpecification\",\"valueRequired\":true,\"valueName\":\"search_term_string\"}}],\"inLanguage\":\"sv-SE\"}]}<\/script>\n<!-- \/ Yoast SEO plugin. -->","yoast_head_json":{"title":"SIFCO ASC: Precision and Portability as Standard, ett tekniskt dokument.","description":"Med hj\u00e4lp av fallstudier och j\u00e4mf\u00f6relser med andra pl\u00e4teringstekniker visar den h\u00e4r artikeln f\u00f6rdelarna med SIFCO Process\u00ae inom flygindustrin.","robots":{"index":"index","follow":"follow","max-snippet":"max-snippet:-1","max-image-preview":"max-image-preview:large","max-video-preview":"max-video-preview:-1"},"canonical":"https:\/\/www.sifcoasc.com\/sv\/flygindustri\/whitepaper-om-flyg-och-rymdindustrin","og_locale":"sv_SE","og_type":"article","og_title":"SIFCO ASC: Precision and Portability as Standard, ett tekniskt dokument.","og_description":"Med hj\u00e4lp av fallstudier och j\u00e4mf\u00f6relser med andra pl\u00e4teringstekniker visar den h\u00e4r artikeln f\u00f6rdelarna med SIFCO Process\u00ae inom flygindustrin.","og_url":"https:\/\/www.sifcoasc.com\/sv\/flygindustri\/whitepaper-om-flyg-och-rymdindustrin","og_site_name":"SIFCO Applied Surface Concepts","article_modified_time":"2022-08-23T07:07:18+00:00","twitter_misc":{"Est. reading time":"1 minut"},"schema":{"@context":"https:\/\/schema.org","@graph":[{"@type":"WebPage","@id":"https:\/\/www.sifcoasc.com\/sv\/flygindustri\/whitepaper-om-flyg-och-rymdindustrin","url":"https:\/\/www.sifcoasc.com\/sv\/flygindustri\/whitepaper-om-flyg-och-rymdindustrin","name":"SIFCO ASC: Precision and Portability as Standard, ett tekniskt dokument.","isPartOf":{"@id":"https:\/\/www.sifcoasc.com\/sv#website"},"datePublished":"2022-07-14T15:30:11+00:00","dateModified":"2022-08-23T07:07:18+00:00","description":"Med hj\u00e4lp av fallstudier och j\u00e4mf\u00f6relser med andra pl\u00e4teringstekniker visar den h\u00e4r artikeln f\u00f6rdelarna med SIFCO Process\u00ae inom flygindustrin.","breadcrumb":{"@id":"https:\/\/www.sifcoasc.com\/sv\/flygindustri\/whitepaper-om-flyg-och-rymdindustrin#breadcrumb"},"inLanguage":"sv-SE","potentialAction":[{"@type":"ReadAction","target":["https:\/\/www.sifcoasc.com\/sv\/flygindustri\/whitepaper-om-flyg-och-rymdindustrin"]}]},{"@type":"BreadcrumbList","@id":"https:\/\/www.sifcoasc.com\/sv\/flygindustri\/whitepaper-om-flyg-och-rymdindustrin#breadcrumb","itemListElement":[{"@type":"ListItem","position":1,"name":"Home","item":"https:\/\/www.sifcoasc.com\/sv"},{"@type":"ListItem","position":2,"name":"Flygindustri","item":"https:\/\/www.sifcoasc.com\/sv\/flygindustri"},{"@type":"ListItem","position":3,"name":"Whitepaper om flyg- och rymdindustrin"}]},{"@type":"WebSite","@id":"https:\/\/www.sifcoasc.com\/sv#website","url":"https:\/\/www.sifcoasc.com\/sv","name":"SIFCO Applied Surface Concepts","description":"","potentialAction":[{"@type":"SearchAction","target":{"@type":"EntryPoint","urlTemplate":"https:\/\/www.sifcoasc.com\/sv?s={search_term_string}"},"query-input":{"@type":"PropertyValueSpecification","valueRequired":true,"valueName":"search_term_string"}}],"inLanguage":"sv-SE"}]}},"featured_image_src":null,"featured_image_src_square":null,"_links":{"self":[{"href":"https:\/\/www.sifcoasc.com\/sv\/wp-json\/wp\/v2\/pages\/9756","targetHints":{"allow":["GET"]}}],"collection":[{"href":"https:\/\/www.sifcoasc.com\/sv\/wp-json\/wp\/v2\/pages"}],"about":[{"href":"https:\/\/www.sifcoasc.com\/sv\/wp-json\/wp\/v2\/types\/page"}],"author":[{"embeddable":true,"href":"https:\/\/www.sifcoasc.com\/sv\/wp-json\/wp\/v2\/users\/18"}],"replies":[{"embeddable":true,"href":"https:\/\/www.sifcoasc.com\/sv\/wp-json\/wp\/v2\/comments?post=9756"}],"version-history":[{"count":0,"href":"https:\/\/www.sifcoasc.com\/sv\/wp-json\/wp\/v2\/pages\/9756\/revisions"}],"up":[{"embeddable":true,"href":"https:\/\/www.sifcoasc.com\/sv\/wp-json\/wp\/v2\/pages\/9752"}],"wp:attachment":[{"href":"https:\/\/www.sifcoasc.com\/sv\/wp-json\/wp\/v2\/media?parent=9756"}],"curies":[{"name":"wp","href":"https:\/\/api.w.org\/{rel}","templated":true}]}}