{"id":9761,"date":"2022-07-14T15:30:15","date_gmt":"2022-07-14T15:30:15","guid":{"rendered":"https:\/\/www.sifcoasc.com\/olja-och-gas\/"},"modified":"2022-09-26T19:52:56","modified_gmt":"2022-09-26T19:52:56","slug":"olja-och-gas","status":"publish","type":"page","link":"https:\/\/www.sifcoasc.com\/sv\/olja-och-gas","title":{"rendered":"Olja och gas"},"content":{"rendered":"<h2>Selektiv pl\u00e4tering f\u00f6r utrustning f\u00f6r olje- och gasborrning<\/h2>\n<p><img loading=\"lazy\" decoding=\"async\" class=\" wp-image-2267 alignright\" title=\"Olja och gas \" src=\"\/wp-content\/uploads\/img3.png\" alt=\"Olja och gas \" width=\"501\" height=\"301\" srcset=\"https:\/\/www.sifcoasc.com\/wp-content\/uploads\/img3.png 581w, https:\/\/www.sifcoasc.com\/wp-content\/uploads\/img3-500x300.png 500w\" sizes=\"auto, (max-width: 709px) 85vw, (max-width: 909px) 67vw, (max-width: 1362px) 62vw, 840px\" \/><\/p>\n<h4>SIFCO ASC har arbetat inom Olje- och Gasindustrin i \u00f6ver 50 \u00e5r med produkter och tj\u00e4nster inom selektiv pl\u00e4tering. V\u00e5rt team har erfarenhet med att utf\u00f6ra reparationer och bel\u00e4ggningar p\u00e5 diverse komponenter.<\/h4>\n<p><strong>SIFCO Process\u00ae \u00e4r den ledande b\u00e4rbara metoden f\u00f6r galvanisering av lokala omr\u00e5den utan anv\u00e4ndning av en neds\u00e4nkt tank. Den anv\u00e4nds fr\u00e4mst f\u00f6r att f\u00f6rb\u00e4ttra ytor p\u00e5 OEM-komponenter, permanenta reparationer och f\u00f6r att r\u00e4dda slitna eller felbearbetade delar inom olje- och gasindustrin.<\/strong><\/p>\n<p class=\"text-aligncenter\">\n","protected":false},"excerpt":{"rendered":"<p>Selektiv pl\u00e4tering f\u00f6r utrustning f\u00f6r olje- och gasborrning SIFCO ASC har arbetat inom Olje- och Gasindustrin i \u00f6ver 50 \u00e5r med produkter och tj\u00e4nster inom selektiv pl\u00e4tering. V\u00e5rt team har erfarenhet med att utf\u00f6ra reparationer och bel\u00e4ggningar p\u00e5 diverse komponenter. SIFCO Process\u00ae \u00e4r den ledande b\u00e4rbara metoden f\u00f6r galvanisering av lokala omr\u00e5den utan anv\u00e4ndning av [&hellip;]<\/p>\n","protected":false},"author":18,"featured_media":0,"parent":0,"menu_order":0,"comment_status":"closed","ping_status":"closed","template":"","meta":{"_acf_changed":false,"inline_featured_image":false,"footnotes":""},"class_list":["post-9761","page","type-page","status-publish","hentry"],"acf":[],"yoast_head":"<!-- This site is optimized with the Yoast SEO plugin v27.4 - https:\/\/yoast.com\/product\/yoast-seo-wordpress\/ -->\n<title>Selektiv pl\u00e4tering f\u00f6r utrustning f\u00f6r olje- och gasborrning | SIFCO ASC<\/title>\n<meta name=\"description\" content=\"SIFCO Process\u00ae \u00e4r en selektiv pl\u00e4teringsmetod f\u00f6r utrustning f\u00f6r olje- och gasborrning. Kontakta oss f\u00f6r mer information om v\u00e5ra tj\u00e4nster f\u00f6r borstpl\u00e4tering.\" \/>\n<meta name=\"robots\" content=\"index, follow, max-snippet:-1, max-image-preview:large, max-video-preview:-1\" \/>\n<link rel=\"canonical\" href=\"https:\/\/www.sifcoasc.com\/sv\/olja-och-gas\" \/>\n<meta property=\"og:locale\" content=\"sv_SE\" \/>\n<meta property=\"og:type\" content=\"article\" \/>\n<meta property=\"og:title\" content=\"Selektiv pl\u00e4tering f\u00f6r utrustning f\u00f6r olje- och gasborrning | SIFCO ASC\" \/>\n<meta property=\"og:description\" content=\"SIFCO Process\u00ae \u00e4r en selektiv pl\u00e4teringsmetod f\u00f6r utrustning f\u00f6r olje- och gasborrning. Kontakta oss f\u00f6r mer information om v\u00e5ra tj\u00e4nster f\u00f6r borstpl\u00e4tering.\" \/>\n<meta property=\"og:url\" content=\"https:\/\/www.sifcoasc.com\/sv\/olja-och-gas\" \/>\n<meta property=\"og:site_name\" content=\"SIFCO Applied Surface Concepts\" \/>\n<meta property=\"article:modified_time\" content=\"2022-09-26T19:52:56+00:00\" \/>\n<meta name=\"twitter:label1\" content=\"Est. reading time\" \/>\n\t<meta name=\"twitter:data1\" content=\"1 minut\" \/>\n<script type=\"application\/ld+json\" class=\"yoast-schema-graph\">{\"@context\":\"https:\\\/\\\/schema.org\",\"@graph\":[{\"@type\":\"WebPage\",\"@id\":\"https:\\\/\\\/www.sifcoasc.com\\\/sv\\\/olja-och-gas\",\"url\":\"https:\\\/\\\/www.sifcoasc.com\\\/sv\\\/olja-och-gas\",\"name\":\"Selektiv pl\u00e4tering f\u00f6r utrustning f\u00f6r olje- och gasborrning | SIFCO ASC\",\"isPartOf\":{\"@id\":\"https:\\\/\\\/www.sifcoasc.com\\\/sv#website\"},\"datePublished\":\"2022-07-14T15:30:15+00:00\",\"dateModified\":\"2022-09-26T19:52:56+00:00\",\"description\":\"SIFCO Process\u00ae \u00e4r en selektiv pl\u00e4teringsmetod f\u00f6r utrustning f\u00f6r olje- och gasborrning. Kontakta oss f\u00f6r mer information om v\u00e5ra tj\u00e4nster f\u00f6r borstpl\u00e4tering.\",\"breadcrumb\":{\"@id\":\"https:\\\/\\\/www.sifcoasc.com\\\/sv\\\/olja-och-gas#breadcrumb\"},\"inLanguage\":\"sv-SE\",\"potentialAction\":[{\"@type\":\"ReadAction\",\"target\":[\"https:\\\/\\\/www.sifcoasc.com\\\/sv\\\/olja-och-gas\"]}]},{\"@type\":\"BreadcrumbList\",\"@id\":\"https:\\\/\\\/www.sifcoasc.com\\\/sv\\\/olja-och-gas#breadcrumb\",\"itemListElement\":[{\"@type\":\"ListItem\",\"position\":1,\"name\":\"Home\",\"item\":\"https:\\\/\\\/www.sifcoasc.com\\\/sv\"},{\"@type\":\"ListItem\",\"position\":2,\"name\":\"Olja och gas\"}]},{\"@type\":\"WebSite\",\"@id\":\"https:\\\/\\\/www.sifcoasc.com\\\/sv#website\",\"url\":\"https:\\\/\\\/www.sifcoasc.com\\\/sv\",\"name\":\"SIFCO Applied Surface Concepts\",\"description\":\"\",\"potentialAction\":[{\"@type\":\"SearchAction\",\"target\":{\"@type\":\"EntryPoint\",\"urlTemplate\":\"https:\\\/\\\/www.sifcoasc.com\\\/sv?s={search_term_string}\"},\"query-input\":{\"@type\":\"PropertyValueSpecification\",\"valueRequired\":true,\"valueName\":\"search_term_string\"}}],\"inLanguage\":\"sv-SE\"}]}<\/script>\n<!-- \/ Yoast SEO plugin. -->","yoast_head_json":{"title":"Selektiv pl\u00e4tering f\u00f6r utrustning f\u00f6r olje- och gasborrning | SIFCO ASC","description":"SIFCO Process\u00ae \u00e4r en selektiv pl\u00e4teringsmetod f\u00f6r utrustning f\u00f6r olje- och gasborrning. Kontakta oss f\u00f6r mer information om v\u00e5ra tj\u00e4nster f\u00f6r borstpl\u00e4tering.","robots":{"index":"index","follow":"follow","max-snippet":"max-snippet:-1","max-image-preview":"max-image-preview:large","max-video-preview":"max-video-preview:-1"},"canonical":"https:\/\/www.sifcoasc.com\/sv\/olja-och-gas","og_locale":"sv_SE","og_type":"article","og_title":"Selektiv pl\u00e4tering f\u00f6r utrustning f\u00f6r olje- och gasborrning | SIFCO ASC","og_description":"SIFCO Process\u00ae \u00e4r en selektiv pl\u00e4teringsmetod f\u00f6r utrustning f\u00f6r olje- och gasborrning. Kontakta oss f\u00f6r mer information om v\u00e5ra tj\u00e4nster f\u00f6r borstpl\u00e4tering.","og_url":"https:\/\/www.sifcoasc.com\/sv\/olja-och-gas","og_site_name":"SIFCO Applied Surface Concepts","article_modified_time":"2022-09-26T19:52:56+00:00","twitter_misc":{"Est. reading time":"1 minut"},"schema":{"@context":"https:\/\/schema.org","@graph":[{"@type":"WebPage","@id":"https:\/\/www.sifcoasc.com\/sv\/olja-och-gas","url":"https:\/\/www.sifcoasc.com\/sv\/olja-och-gas","name":"Selektiv pl\u00e4tering f\u00f6r utrustning f\u00f6r olje- och gasborrning | SIFCO ASC","isPartOf":{"@id":"https:\/\/www.sifcoasc.com\/sv#website"},"datePublished":"2022-07-14T15:30:15+00:00","dateModified":"2022-09-26T19:52:56+00:00","description":"SIFCO Process\u00ae \u00e4r en selektiv pl\u00e4teringsmetod f\u00f6r utrustning f\u00f6r olje- och gasborrning. Kontakta oss f\u00f6r mer information om v\u00e5ra tj\u00e4nster f\u00f6r borstpl\u00e4tering.","breadcrumb":{"@id":"https:\/\/www.sifcoasc.com\/sv\/olja-och-gas#breadcrumb"},"inLanguage":"sv-SE","potentialAction":[{"@type":"ReadAction","target":["https:\/\/www.sifcoasc.com\/sv\/olja-och-gas"]}]},{"@type":"BreadcrumbList","@id":"https:\/\/www.sifcoasc.com\/sv\/olja-och-gas#breadcrumb","itemListElement":[{"@type":"ListItem","position":1,"name":"Home","item":"https:\/\/www.sifcoasc.com\/sv"},{"@type":"ListItem","position":2,"name":"Olja och gas"}]},{"@type":"WebSite","@id":"https:\/\/www.sifcoasc.com\/sv#website","url":"https:\/\/www.sifcoasc.com\/sv","name":"SIFCO Applied Surface Concepts","description":"","potentialAction":[{"@type":"SearchAction","target":{"@type":"EntryPoint","urlTemplate":"https:\/\/www.sifcoasc.com\/sv?s={search_term_string}"},"query-input":{"@type":"PropertyValueSpecification","valueRequired":true,"valueName":"search_term_string"}}],"inLanguage":"sv-SE"}]}},"featured_image_src":null,"featured_image_src_square":null,"_links":{"self":[{"href":"https:\/\/www.sifcoasc.com\/sv\/wp-json\/wp\/v2\/pages\/9761","targetHints":{"allow":["GET"]}}],"collection":[{"href":"https:\/\/www.sifcoasc.com\/sv\/wp-json\/wp\/v2\/pages"}],"about":[{"href":"https:\/\/www.sifcoasc.com\/sv\/wp-json\/wp\/v2\/types\/page"}],"author":[{"embeddable":true,"href":"https:\/\/www.sifcoasc.com\/sv\/wp-json\/wp\/v2\/users\/18"}],"replies":[{"embeddable":true,"href":"https:\/\/www.sifcoasc.com\/sv\/wp-json\/wp\/v2\/comments?post=9761"}],"version-history":[{"count":0,"href":"https:\/\/www.sifcoasc.com\/sv\/wp-json\/wp\/v2\/pages\/9761\/revisions"}],"wp:attachment":[{"href":"https:\/\/www.sifcoasc.com\/sv\/wp-json\/wp\/v2\/media?parent=9761"}],"curies":[{"name":"wp","href":"https:\/\/api.w.org\/{rel}","templated":true}]}}