{"id":9777,"date":"2022-07-14T15:30:53","date_gmt":"2022-07-14T15:30:53","guid":{"rendered":"https:\/\/www.sifcoasc.com\/energiproduktion\/vitbok-om-kraftgenerering\/"},"modified":"2022-08-18T15:50:35","modified_gmt":"2022-08-18T15:50:35","slug":"vitbok-om-kraftgenerering","status":"publish","type":"page","link":"https:\/\/www.sifcoasc.com\/sv\/energiproduktion\/vitbok-om-kraftgenerering","title":{"rendered":"Vitbok om kraftgenerering"},"content":{"rendered":"<h4 class=\"emph\">Bek\u00e4mpning av kostnaderna f\u00f6r korrosion i kraftverksindustrin<\/h4>\n<p>Den nuvarande kostnaden f\u00f6r korrosion f\u00f6r den amerikanska industrin uppskattades till 540 miljarder dollar 2015. Med en infrastruktur som forts\u00e4tter att \u00e5ldras kommer denna kostnad sannolikt att \u00f6ka och m\u00e5ste \u00e5tg\u00e4rdas snarast.<\/p>\n<p>Ett kritiskt krav f\u00f6r att bek\u00e4mpa de ekonomiska konsekvenserna av korrosions- och slitageskador p\u00e5 kraftverksutrustning \u00e4r selektiv pl\u00e4tering som kan f\u00f6rb\u00e4ttra komponenternas prestanda, livsl\u00e4ngd och skydd, eller anv\u00e4ndas f\u00f6r att utf\u00f6ra reparationer snabbt och kostnadseffektivt.<\/p>\n<p>Om du inte hade m\u00f6jlighet att bes\u00f6ka oss i v\u00e5r monter p\u00e5 Power-Gen International och vill veta mer, kontakta oss idag p\u00e5 <a href=\"mailto:info@sifcoasc.com\">info@sifcoasc.com<\/a> eller <a href=\"tel:2165240099\">216.524.0099<\/a>, eller <a href=\"\/sv\/energiproduktion\/#powergen-whitepaper\">ladda ner v\u00e5rt whitepaper h\u00e4r<\/a>.<\/p>\n","protected":false},"excerpt":{"rendered":"<p>Bek\u00e4mpning av kostnaderna f\u00f6r korrosion i kraftverksindustrin Den nuvarande kostnaden f\u00f6r korrosion f\u00f6r den amerikanska industrin uppskattades till 540 miljarder dollar 2015. Med en infrastruktur som forts\u00e4tter att \u00e5ldras kommer denna kostnad sannolikt att \u00f6ka och m\u00e5ste \u00e5tg\u00e4rdas snarast. Ett kritiskt krav f\u00f6r att bek\u00e4mpa de ekonomiska konsekvenserna av korrosions- och slitageskador p\u00e5 kraftverksutrustning \u00e4r [&hellip;]<\/p>\n","protected":false},"author":18,"featured_media":0,"parent":9765,"menu_order":0,"comment_status":"closed","ping_status":"closed","template":"","meta":{"_acf_changed":false,"inline_featured_image":false,"footnotes":""},"class_list":["post-9777","page","type-page","status-publish","hentry"],"acf":[],"yoast_head":"<!-- This site is optimized with the Yoast SEO plugin v27.3 - https:\/\/yoast.com\/product\/yoast-seo-wordpress\/ -->\n<title>Bek\u00e4mpning av kostnaderna f\u00f6r korrosion i kraftverksindustrin<\/title>\n<meta name=\"description\" content=\"Selektiv pl\u00e4tering \u00e4r ett viktigt krav f\u00f6r att bek\u00e4mpa de ekonomiska konsekvenserna av korrosion och slitage p\u00e5 kraftverksutrustning.\" \/>\n<meta name=\"robots\" content=\"index, follow, max-snippet:-1, max-image-preview:large, max-video-preview:-1\" \/>\n<link rel=\"canonical\" href=\"https:\/\/www.sifcoasc.com\/sv\/energiproduktion\/vitbok-om-kraftgenerering\" \/>\n<meta property=\"og:locale\" content=\"sv_SE\" \/>\n<meta property=\"og:type\" content=\"article\" \/>\n<meta property=\"og:title\" content=\"Bek\u00e4mpning av kostnaderna f\u00f6r korrosion i kraftverksindustrin\" \/>\n<meta property=\"og:description\" content=\"Selektiv pl\u00e4tering \u00e4r ett viktigt krav f\u00f6r att bek\u00e4mpa de ekonomiska konsekvenserna av korrosion och slitage p\u00e5 kraftverksutrustning.\" \/>\n<meta property=\"og:url\" content=\"https:\/\/www.sifcoasc.com\/sv\/energiproduktion\/vitbok-om-kraftgenerering\" \/>\n<meta property=\"og:site_name\" content=\"SIFCO Applied Surface Concepts\" \/>\n<meta property=\"article:modified_time\" content=\"2022-08-18T15:50:35+00:00\" \/>\n<meta name=\"twitter:label1\" content=\"Est. reading time\" \/>\n\t<meta name=\"twitter:data1\" content=\"1 minut\" \/>\n<script type=\"application\/ld+json\" class=\"yoast-schema-graph\">{\"@context\":\"https:\\\/\\\/schema.org\",\"@graph\":[{\"@type\":\"WebPage\",\"@id\":\"https:\\\/\\\/www.sifcoasc.com\\\/sv\\\/energiproduktion\\\/vitbok-om-kraftgenerering\",\"url\":\"https:\\\/\\\/www.sifcoasc.com\\\/sv\\\/energiproduktion\\\/vitbok-om-kraftgenerering\",\"name\":\"Bek\u00e4mpning av kostnaderna f\u00f6r korrosion i kraftverksindustrin\",\"isPartOf\":{\"@id\":\"https:\\\/\\\/www.sifcoasc.com\\\/sv#website\"},\"datePublished\":\"2022-07-14T15:30:53+00:00\",\"dateModified\":\"2022-08-18T15:50:35+00:00\",\"description\":\"Selektiv pl\u00e4tering \u00e4r ett viktigt krav f\u00f6r att bek\u00e4mpa de ekonomiska konsekvenserna av korrosion och slitage p\u00e5 kraftverksutrustning.\",\"breadcrumb\":{\"@id\":\"https:\\\/\\\/www.sifcoasc.com\\\/sv\\\/energiproduktion\\\/vitbok-om-kraftgenerering#breadcrumb\"},\"inLanguage\":\"sv-SE\",\"potentialAction\":[{\"@type\":\"ReadAction\",\"target\":[\"https:\\\/\\\/www.sifcoasc.com\\\/sv\\\/energiproduktion\\\/vitbok-om-kraftgenerering\"]}]},{\"@type\":\"BreadcrumbList\",\"@id\":\"https:\\\/\\\/www.sifcoasc.com\\\/sv\\\/energiproduktion\\\/vitbok-om-kraftgenerering#breadcrumb\",\"itemListElement\":[{\"@type\":\"ListItem\",\"position\":1,\"name\":\"Home\",\"item\":\"https:\\\/\\\/www.sifcoasc.com\\\/sv\"},{\"@type\":\"ListItem\",\"position\":2,\"name\":\"Energiproduktion\",\"item\":\"https:\\\/\\\/www.sifcoasc.com\\\/sv\\\/energiproduktion\"},{\"@type\":\"ListItem\",\"position\":3,\"name\":\"Vitbok om kraftgenerering\"}]},{\"@type\":\"WebSite\",\"@id\":\"https:\\\/\\\/www.sifcoasc.com\\\/sv#website\",\"url\":\"https:\\\/\\\/www.sifcoasc.com\\\/sv\",\"name\":\"SIFCO Applied Surface Concepts\",\"description\":\"\",\"potentialAction\":[{\"@type\":\"SearchAction\",\"target\":{\"@type\":\"EntryPoint\",\"urlTemplate\":\"https:\\\/\\\/www.sifcoasc.com\\\/sv?s={search_term_string}\"},\"query-input\":{\"@type\":\"PropertyValueSpecification\",\"valueRequired\":true,\"valueName\":\"search_term_string\"}}],\"inLanguage\":\"sv-SE\"}]}<\/script>\n<!-- \/ Yoast SEO plugin. -->","yoast_head_json":{"title":"Bek\u00e4mpning av kostnaderna f\u00f6r korrosion i kraftverksindustrin","description":"Selektiv pl\u00e4tering \u00e4r ett viktigt krav f\u00f6r att bek\u00e4mpa de ekonomiska konsekvenserna av korrosion och slitage p\u00e5 kraftverksutrustning.","robots":{"index":"index","follow":"follow","max-snippet":"max-snippet:-1","max-image-preview":"max-image-preview:large","max-video-preview":"max-video-preview:-1"},"canonical":"https:\/\/www.sifcoasc.com\/sv\/energiproduktion\/vitbok-om-kraftgenerering","og_locale":"sv_SE","og_type":"article","og_title":"Bek\u00e4mpning av kostnaderna f\u00f6r korrosion i kraftverksindustrin","og_description":"Selektiv pl\u00e4tering \u00e4r ett viktigt krav f\u00f6r att bek\u00e4mpa de ekonomiska konsekvenserna av korrosion och slitage p\u00e5 kraftverksutrustning.","og_url":"https:\/\/www.sifcoasc.com\/sv\/energiproduktion\/vitbok-om-kraftgenerering","og_site_name":"SIFCO Applied Surface Concepts","article_modified_time":"2022-08-18T15:50:35+00:00","twitter_misc":{"Est. reading time":"1 minut"},"schema":{"@context":"https:\/\/schema.org","@graph":[{"@type":"WebPage","@id":"https:\/\/www.sifcoasc.com\/sv\/energiproduktion\/vitbok-om-kraftgenerering","url":"https:\/\/www.sifcoasc.com\/sv\/energiproduktion\/vitbok-om-kraftgenerering","name":"Bek\u00e4mpning av kostnaderna f\u00f6r korrosion i kraftverksindustrin","isPartOf":{"@id":"https:\/\/www.sifcoasc.com\/sv#website"},"datePublished":"2022-07-14T15:30:53+00:00","dateModified":"2022-08-18T15:50:35+00:00","description":"Selektiv pl\u00e4tering \u00e4r ett viktigt krav f\u00f6r att bek\u00e4mpa de ekonomiska konsekvenserna av korrosion och slitage p\u00e5 kraftverksutrustning.","breadcrumb":{"@id":"https:\/\/www.sifcoasc.com\/sv\/energiproduktion\/vitbok-om-kraftgenerering#breadcrumb"},"inLanguage":"sv-SE","potentialAction":[{"@type":"ReadAction","target":["https:\/\/www.sifcoasc.com\/sv\/energiproduktion\/vitbok-om-kraftgenerering"]}]},{"@type":"BreadcrumbList","@id":"https:\/\/www.sifcoasc.com\/sv\/energiproduktion\/vitbok-om-kraftgenerering#breadcrumb","itemListElement":[{"@type":"ListItem","position":1,"name":"Home","item":"https:\/\/www.sifcoasc.com\/sv"},{"@type":"ListItem","position":2,"name":"Energiproduktion","item":"https:\/\/www.sifcoasc.com\/sv\/energiproduktion"},{"@type":"ListItem","position":3,"name":"Vitbok om kraftgenerering"}]},{"@type":"WebSite","@id":"https:\/\/www.sifcoasc.com\/sv#website","url":"https:\/\/www.sifcoasc.com\/sv","name":"SIFCO Applied Surface Concepts","description":"","potentialAction":[{"@type":"SearchAction","target":{"@type":"EntryPoint","urlTemplate":"https:\/\/www.sifcoasc.com\/sv?s={search_term_string}"},"query-input":{"@type":"PropertyValueSpecification","valueRequired":true,"valueName":"search_term_string"}}],"inLanguage":"sv-SE"}]}},"featured_image_src":null,"featured_image_src_square":null,"_links":{"self":[{"href":"https:\/\/www.sifcoasc.com\/sv\/wp-json\/wp\/v2\/pages\/9777","targetHints":{"allow":["GET"]}}],"collection":[{"href":"https:\/\/www.sifcoasc.com\/sv\/wp-json\/wp\/v2\/pages"}],"about":[{"href":"https:\/\/www.sifcoasc.com\/sv\/wp-json\/wp\/v2\/types\/page"}],"author":[{"embeddable":true,"href":"https:\/\/www.sifcoasc.com\/sv\/wp-json\/wp\/v2\/users\/18"}],"replies":[{"embeddable":true,"href":"https:\/\/www.sifcoasc.com\/sv\/wp-json\/wp\/v2\/comments?post=9777"}],"version-history":[{"count":0,"href":"https:\/\/www.sifcoasc.com\/sv\/wp-json\/wp\/v2\/pages\/9777\/revisions"}],"up":[{"embeddable":true,"href":"https:\/\/www.sifcoasc.com\/sv\/wp-json\/wp\/v2\/pages\/9765"}],"wp:attachment":[{"href":"https:\/\/www.sifcoasc.com\/sv\/wp-json\/wp\/v2\/media?parent=9777"}],"curies":[{"name":"wp","href":"https:\/\/api.w.org\/{rel}","templated":true}]}}