{"id":9791,"date":"2022-07-14T15:30:55","date_gmt":"2022-07-14T15:30:55","guid":{"rendered":"https:\/\/www.sifcoasc.com\/marin\/"},"modified":"2023-02-07T12:28:05","modified_gmt":"2023-02-07T12:28:05","slug":"marin","status":"publish","type":"page","link":"https:\/\/www.sifcoasc.com\/sv\/marin","title":{"rendered":"Marin"},"content":{"rendered":"<h2>Selektiv pl\u00e4tering f\u00f6r marinindustrin<\/h2>\n<p><img loading=\"lazy\" decoding=\"async\" class=\"alignright wp-image-2458\" src=\"\/wp-content\/uploads\/Columbian-Navy_Diesel-Engine_ID3.jpg\" alt=\"\" width=\"390\" height=\"584\" srcset=\"https:\/\/www.sifcoasc.com\/wp-content\/uploads\/Columbian-Navy_Diesel-Engine_ID3.jpg 513w, https:\/\/www.sifcoasc.com\/wp-content\/uploads\/Columbian-Navy_Diesel-Engine_ID3-468x700.jpg 468w\" sizes=\"auto, (max-width: 709px) 85vw, (max-width: 909px) 67vw, (max-width: 1362px) 62vw, 840px\" \/><\/p>\n<p class=\"emph\">B\u00e4ttre ombord. Fr\u00e5gan om skydd, d\u00e4r och n\u00e4r det beh\u00f6vs som mest.<\/p>\n<p>V\u00e5r mobila pl\u00e4teringsmetod kan utf\u00f6ras ombord p\u00e5 fartyg, f\u00f6r att reparera stora detaljer som \u00e4r sv\u00e5ra och tidskr\u00e4vande att demontera, som till exempel propelleraxlar, lagers\u00e4ten och turbinhus.<\/p>\n<p><strong>SIFCO Applied Surface Concepts \u00e4r v\u00e4rldsledande inom selektiv pl\u00e4tering. SIFCO Process\u00ae &#8211; en portabel metod f\u00f6r att elektropl\u00e4tera lokala omr\u00e5den utan anv\u00e4ndning av en neds\u00e4nkningstank &#8211; anv\u00e4nds f\u00f6r m\u00e5nga olika kr\u00e4vande till\u00e4mpningar inom marinindustrin. V\u00e5r process kr\u00e4ver ingen omfattande maskering och kan minimera eller eliminera behovet av demontering av komponenter.<\/strong><\/p>\n<p><img loading=\"lazy\" decoding=\"async\" class=\"wp-image-1615 alignleft\" title=\"Marin \" src=\"\/wp-content\/uploads\/ABS_Design-Approval_blue-PMS294-150x150-1.jpg\" alt=\"Marin \" width=\"195\" height=\"195\" \/><\/p>\n<p><strong>P\u00e5 grund av de betydande tids- och kostnadsbesparingar som den kan ge n\u00e4r det g\u00e4ller att f\u00f6rl\u00e4nga underh\u00e5llsintervallerna och livsl\u00e4ngden spelar selektiv pl\u00e4tering en viktig roll ombord p\u00e5 milit\u00e4ra och ABS-certifierade fartyg. Processen kan anv\u00e4ndas i verkstaden f\u00f6r att reparera slitna lagertappar och lagerhus p\u00e5 sm\u00e5 generatorer, pumpar och fl\u00e4ktar; <\/strong><strong>Den kan ocks\u00e5 tas ombord p\u00e5 fartyget f\u00f6r reparationer p\u00e5 plats av stora, sv\u00e5rr\u00f6rliga komponenter som propelleraxlar, lagers\u00e4ten och turbinh\u00f6ljen.<\/strong><\/p>\n<p><strong>N\u00e4r tiden \u00e4r kritisk och du vill att det ska g\u00f6ras r\u00e4tt f\u00f6rsta g\u00e5ngen, kontakta SIFCO ASC p\u00e5 n\u00e5gon av v\u00e5ra sju platser \u00f6ver hela v\u00e4rlden.<\/strong><\/p>\n","protected":false},"excerpt":{"rendered":"<p>Selektiv pl\u00e4tering f\u00f6r marinindustrin B\u00e4ttre ombord. Fr\u00e5gan om skydd, d\u00e4r och n\u00e4r det beh\u00f6vs som mest. V\u00e5r mobila pl\u00e4teringsmetod kan utf\u00f6ras ombord p\u00e5 fartyg, f\u00f6r att reparera stora detaljer som \u00e4r sv\u00e5ra och tidskr\u00e4vande att demontera, som till exempel propelleraxlar, lagers\u00e4ten och turbinhus. SIFCO Applied Surface Concepts \u00e4r v\u00e4rldsledande inom selektiv pl\u00e4tering. SIFCO Process\u00ae &#8211; [&hellip;]<\/p>\n","protected":false},"author":18,"featured_media":0,"parent":0,"menu_order":0,"comment_status":"closed","ping_status":"closed","template":"","meta":{"_acf_changed":false,"inline_featured_image":false,"footnotes":""},"class_list":["post-9791","page","type-page","status-publish","hentry"],"acf":[],"yoast_head":"<!-- This site is optimized with the Yoast SEO plugin v27.3 - https:\/\/yoast.com\/product\/yoast-seo-wordpress\/ -->\n<title>Selektiv pl\u00e4tering f\u00f6r marinindustrin | borstpl\u00e4tering | SIFCO ASC<\/title>\n<meta name=\"description\" content=\"V\u00e5r b\u00e4rbara pl\u00e4teringsprocess kan anv\u00e4ndas inom marinindustrin f\u00f6r reparationer p\u00e5 plats av stora komponenter som lagertappar och propelleraxlar.\" \/>\n<meta name=\"robots\" content=\"index, follow, max-snippet:-1, max-image-preview:large, max-video-preview:-1\" \/>\n<link rel=\"canonical\" href=\"https:\/\/www.sifcoasc.com\/sv\/marin\" \/>\n<meta property=\"og:locale\" content=\"sv_SE\" \/>\n<meta property=\"og:type\" content=\"article\" \/>\n<meta property=\"og:title\" content=\"Selektiv pl\u00e4tering f\u00f6r marinindustrin | borstpl\u00e4tering | SIFCO ASC\" \/>\n<meta property=\"og:description\" content=\"V\u00e5r b\u00e4rbara pl\u00e4teringsprocess kan anv\u00e4ndas inom marinindustrin f\u00f6r reparationer p\u00e5 plats av stora komponenter som lagertappar och propelleraxlar.\" \/>\n<meta property=\"og:url\" content=\"https:\/\/www.sifcoasc.com\/sv\/marin\" \/>\n<meta property=\"og:site_name\" content=\"SIFCO Applied Surface Concepts\" \/>\n<meta property=\"article:modified_time\" content=\"2023-02-07T12:28:05+00:00\" \/>\n<meta name=\"twitter:label1\" content=\"Est. reading time\" \/>\n\t<meta name=\"twitter:data1\" content=\"1 minut\" \/>\n<script type=\"application\/ld+json\" class=\"yoast-schema-graph\">{\"@context\":\"https:\\\/\\\/schema.org\",\"@graph\":[{\"@type\":\"WebPage\",\"@id\":\"https:\\\/\\\/www.sifcoasc.com\\\/sv\\\/marin\",\"url\":\"https:\\\/\\\/www.sifcoasc.com\\\/sv\\\/marin\",\"name\":\"Selektiv pl\u00e4tering f\u00f6r marinindustrin | borstpl\u00e4tering | SIFCO ASC\",\"isPartOf\":{\"@id\":\"https:\\\/\\\/www.sifcoasc.com\\\/sv#website\"},\"datePublished\":\"2022-07-14T15:30:55+00:00\",\"dateModified\":\"2023-02-07T12:28:05+00:00\",\"description\":\"V\u00e5r b\u00e4rbara pl\u00e4teringsprocess kan anv\u00e4ndas inom marinindustrin f\u00f6r reparationer p\u00e5 plats av stora komponenter som lagertappar och propelleraxlar.\",\"breadcrumb\":{\"@id\":\"https:\\\/\\\/www.sifcoasc.com\\\/sv\\\/marin#breadcrumb\"},\"inLanguage\":\"sv-SE\",\"potentialAction\":[{\"@type\":\"ReadAction\",\"target\":[\"https:\\\/\\\/www.sifcoasc.com\\\/sv\\\/marin\"]}]},{\"@type\":\"BreadcrumbList\",\"@id\":\"https:\\\/\\\/www.sifcoasc.com\\\/sv\\\/marin#breadcrumb\",\"itemListElement\":[{\"@type\":\"ListItem\",\"position\":1,\"name\":\"Home\",\"item\":\"https:\\\/\\\/www.sifcoasc.com\\\/sv\"},{\"@type\":\"ListItem\",\"position\":2,\"name\":\"Marin\"}]},{\"@type\":\"WebSite\",\"@id\":\"https:\\\/\\\/www.sifcoasc.com\\\/sv#website\",\"url\":\"https:\\\/\\\/www.sifcoasc.com\\\/sv\",\"name\":\"SIFCO Applied Surface Concepts\",\"description\":\"\",\"potentialAction\":[{\"@type\":\"SearchAction\",\"target\":{\"@type\":\"EntryPoint\",\"urlTemplate\":\"https:\\\/\\\/www.sifcoasc.com\\\/sv?s={search_term_string}\"},\"query-input\":{\"@type\":\"PropertyValueSpecification\",\"valueRequired\":true,\"valueName\":\"search_term_string\"}}],\"inLanguage\":\"sv-SE\"}]}<\/script>\n<!-- \/ Yoast SEO plugin. -->","yoast_head_json":{"title":"Selektiv pl\u00e4tering f\u00f6r marinindustrin | borstpl\u00e4tering | SIFCO ASC","description":"V\u00e5r b\u00e4rbara pl\u00e4teringsprocess kan anv\u00e4ndas inom marinindustrin f\u00f6r reparationer p\u00e5 plats av stora komponenter som lagertappar och propelleraxlar.","robots":{"index":"index","follow":"follow","max-snippet":"max-snippet:-1","max-image-preview":"max-image-preview:large","max-video-preview":"max-video-preview:-1"},"canonical":"https:\/\/www.sifcoasc.com\/sv\/marin","og_locale":"sv_SE","og_type":"article","og_title":"Selektiv pl\u00e4tering f\u00f6r marinindustrin | borstpl\u00e4tering | SIFCO ASC","og_description":"V\u00e5r b\u00e4rbara pl\u00e4teringsprocess kan anv\u00e4ndas inom marinindustrin f\u00f6r reparationer p\u00e5 plats av stora komponenter som lagertappar och propelleraxlar.","og_url":"https:\/\/www.sifcoasc.com\/sv\/marin","og_site_name":"SIFCO Applied Surface Concepts","article_modified_time":"2023-02-07T12:28:05+00:00","twitter_misc":{"Est. reading time":"1 minut"},"schema":{"@context":"https:\/\/schema.org","@graph":[{"@type":"WebPage","@id":"https:\/\/www.sifcoasc.com\/sv\/marin","url":"https:\/\/www.sifcoasc.com\/sv\/marin","name":"Selektiv pl\u00e4tering f\u00f6r marinindustrin | borstpl\u00e4tering | SIFCO ASC","isPartOf":{"@id":"https:\/\/www.sifcoasc.com\/sv#website"},"datePublished":"2022-07-14T15:30:55+00:00","dateModified":"2023-02-07T12:28:05+00:00","description":"V\u00e5r b\u00e4rbara pl\u00e4teringsprocess kan anv\u00e4ndas inom marinindustrin f\u00f6r reparationer p\u00e5 plats av stora komponenter som lagertappar och propelleraxlar.","breadcrumb":{"@id":"https:\/\/www.sifcoasc.com\/sv\/marin#breadcrumb"},"inLanguage":"sv-SE","potentialAction":[{"@type":"ReadAction","target":["https:\/\/www.sifcoasc.com\/sv\/marin"]}]},{"@type":"BreadcrumbList","@id":"https:\/\/www.sifcoasc.com\/sv\/marin#breadcrumb","itemListElement":[{"@type":"ListItem","position":1,"name":"Home","item":"https:\/\/www.sifcoasc.com\/sv"},{"@type":"ListItem","position":2,"name":"Marin"}]},{"@type":"WebSite","@id":"https:\/\/www.sifcoasc.com\/sv#website","url":"https:\/\/www.sifcoasc.com\/sv","name":"SIFCO Applied Surface Concepts","description":"","potentialAction":[{"@type":"SearchAction","target":{"@type":"EntryPoint","urlTemplate":"https:\/\/www.sifcoasc.com\/sv?s={search_term_string}"},"query-input":{"@type":"PropertyValueSpecification","valueRequired":true,"valueName":"search_term_string"}}],"inLanguage":"sv-SE"}]}},"featured_image_src":null,"featured_image_src_square":null,"_links":{"self":[{"href":"https:\/\/www.sifcoasc.com\/sv\/wp-json\/wp\/v2\/pages\/9791","targetHints":{"allow":["GET"]}}],"collection":[{"href":"https:\/\/www.sifcoasc.com\/sv\/wp-json\/wp\/v2\/pages"}],"about":[{"href":"https:\/\/www.sifcoasc.com\/sv\/wp-json\/wp\/v2\/types\/page"}],"author":[{"embeddable":true,"href":"https:\/\/www.sifcoasc.com\/sv\/wp-json\/wp\/v2\/users\/18"}],"replies":[{"embeddable":true,"href":"https:\/\/www.sifcoasc.com\/sv\/wp-json\/wp\/v2\/comments?post=9791"}],"version-history":[{"count":0,"href":"https:\/\/www.sifcoasc.com\/sv\/wp-json\/wp\/v2\/pages\/9791\/revisions"}],"wp:attachment":[{"href":"https:\/\/www.sifcoasc.com\/sv\/wp-json\/wp\/v2\/media?parent=9791"}],"curies":[{"name":"wp","href":"https:\/\/api.w.org\/{rel}","templated":true}]}}