{"id":9793,"date":"2022-07-14T15:30:55","date_gmt":"2022-07-14T15:30:55","guid":{"rendered":"https:\/\/www.sifcoasc.com\/elektriska-motorer-och-generatorer\/"},"modified":"2022-09-27T16:18:57","modified_gmt":"2022-09-27T16:18:57","slug":"elektriska-motorer-och-generatorer","status":"publish","type":"page","link":"https:\/\/www.sifcoasc.com\/sv\/elektriska-motorer-och-generatorer","title":{"rendered":"Elektriska motorer och generatorer"},"content":{"rendered":"<h2>Selektiv pl\u00e4tering f\u00f6r elektriska motorer och generatorer<\/h2>\n<p class=\"emph\">SIFCO Process\u00ae \u00e4r mycket effektiv f\u00f6r reparation av elektrisk utrustning.<\/p>\n<p><strong>SIFCO ASC har l\u00e5ng erfarenhet av pl\u00e4tering av elmotorutrustning och kraftgeneratorer. Selektiv pl\u00e4tering \u00e4r idealisk f\u00f6r slitna motorkomponenter eller utrustning som uts\u00e4tts f\u00f6r h\u00f6ga temperaturer, stark str\u00f6mbelastning och milj\u00f6f\u00f6roreningar, och kan f\u00f6rl\u00e4nga livscykeln, minska kostnaderna och f\u00f6rb\u00e4ttra driftseffektiviteten f\u00f6r elmotorer och kraftproduktionsutrustning.<\/strong><\/p>\n<h2>Applikationer f\u00f6r elmotorer och kraftgeneratorer f\u00f6r SIFCO Process\u00ae<\/h2>\n<p>Lagers\u00e4ten p\u00e5 gavlar drabbas ofta av slitage under drift, vilket bidrar till att rotorn b\u00f6rjar vibrera. SIFCO Process\u00ae anv\u00e4nds f\u00f6r att \u00e5terst\u00e4lla lagers\u00e4ten till tolerans med <a href=\"https:\/\/www.sifcoasc.com\/sv\/kopparplatering\/\">koppar <\/a>och <a href=\"https:\/\/www.sifcoasc.com\/sv\/nickelplatering\/\">nickel<\/a>. Bearbetning av h\u00e5len \u00e4r endast n\u00f6dv\u00e4ndig om h\u00e5let ligger ur centrum eller har fel form. Metoden fungerar \u00e4ven utm\u00e4rkt f\u00f6r att \u00e5tg\u00e4rda slitna lagerl\u00e4gen p\u00e5 rotorer.<\/p>\n<p>Pl\u00e4tering av slitna lagerhus kan vara mindre tidskr\u00e4vande och mer effektivt \u00e4n alternativa metoder, s\u00e5som att montera hylsor eller anv\u00e4nda sig av termisk sprutning.<\/p>\n<p>Kommutatorer p\u00e5 likstr\u00f6msmotorer och sl\u00e4pringar till generatorer kan utveckla kopparoxidskikt som minskar ledningsf\u00f6rm\u00e5gan samt orsakar gnistbildning, vilket medf\u00f6r att ytan blir skrovlig. I mycket korrosiva milj\u00f6er kan detta angrepp p\u00e5skyndas ytterligare, och skadorna bli \u00e4n v\u00e4rre. Genom att selektivt pl\u00e4tera kommutatorer och sl\u00e4pringar med guld motverkas oxidation. Detta bidrar till att f\u00f6rl\u00e4nga livsl\u00e4ngd och underh\u00e5llsintervaller.<\/p>\n<h2><strong>Vanliga till\u00e4mpningar \u00e4r bland annat: <\/strong><\/h2>\n<ul>\n<li style=\"font-weight: 400;\" aria-level=\"1\"><span style=\"font-weight: 400;\"><a class=\"popup-youtube\" href=\"https:\/\/www.youtube.com\/watch?v=4sH1DGrdtoM\"><img loading=\"lazy\" decoding=\"async\" class=\" wp-image-2269 alignright\" title=\"Selektiv pl\u00e4tering f\u00f6r elektriska motorer och generatorer \" src=\"\/wp-content\/uploads\/img6.jpg\" alt=\"Selektiv pl\u00e4tering f\u00f6r elektriska motorer och generatorer \" width=\"536\" height=\"343\" srcset=\"https:\/\/www.sifcoasc.com\/wp-content\/uploads\/img6.jpg 516w, https:\/\/www.sifcoasc.com\/wp-content\/uploads\/img6-500x320.jpg 500w\" sizes=\"auto, (max-width: 709px) 85vw, (max-width: 909px) 67vw, (max-width: 1362px) 62vw, 840px\" \/><\/a>Dimensionell restaurering<\/span><\/li>\n<li style=\"font-weight: 400;\" aria-level=\"1\"><span style=\"font-weight: 400;\">Slitstyrka<\/span><\/li>\n<li style=\"font-weight: 400;\" aria-level=\"1\"><span style=\"font-weight: 400;\">Anti-Galling och halkskydd<\/span><\/li>\n<li style=\"font-weight: 400;\" aria-level=\"1\"><span style=\"font-weight: 400;\">F\u00f6rb\u00e4ttrad h\u00e5rdhet<\/span><\/li>\n<li style=\"font-weight: 400;\" aria-level=\"1\"><span style=\"font-weight: 400;\">Korrosionsskydd<\/span><\/li>\n<li style=\"font-weight: 400;\" aria-level=\"1\"><span style=\"font-weight: 400;\">Reparation av defekter <\/span><\/li>\n<li style=\"font-weight: 400;\" aria-level=\"1\"><span style=\"font-weight: 400;\">Prebraze<\/span><\/li>\n<\/ul>\n<p><strong>Se v\u00e5r video &#8211; Reparation av elmotorer<\/strong><\/p>\n<p class=\"emph\">F\u00f6r mer information om v\u00e5ra tj\u00e4nster f\u00f6r selektiv pl\u00e4tering, <a href=\"https:\/\/www.sifcoasc.com\/sv\/kontakta-oss\/\" target=\"_blank\" rel=\"noopener\">kontakta oss idag<\/a>.<\/p>\n","protected":false},"excerpt":{"rendered":"<p>Selektiv pl\u00e4tering f\u00f6r elektriska motorer och generatorer SIFCO Process\u00ae \u00e4r mycket effektiv f\u00f6r reparation av elektrisk utrustning. SIFCO ASC har l\u00e5ng erfarenhet av pl\u00e4tering av elmotorutrustning och kraftgeneratorer. Selektiv pl\u00e4tering \u00e4r idealisk f\u00f6r slitna motorkomponenter eller utrustning som uts\u00e4tts f\u00f6r h\u00f6ga temperaturer, stark str\u00f6mbelastning och milj\u00f6f\u00f6roreningar, och kan f\u00f6rl\u00e4nga livscykeln, minska kostnaderna och f\u00f6rb\u00e4ttra driftseffektiviteten [&hellip;]<\/p>\n","protected":false},"author":18,"featured_media":0,"parent":0,"menu_order":0,"comment_status":"closed","ping_status":"closed","template":"","meta":{"_acf_changed":false,"inline_featured_image":false,"footnotes":""},"class_list":["post-9793","page","type-page","status-publish","hentry"],"acf":[],"yoast_head":"<!-- This site is optimized with the Yoast SEO plugin v27.3 - https:\/\/yoast.com\/product\/yoast-seo-wordpress\/ -->\n<title>Elektriska motorer och generatorer | Selective Plating Solutions | SIFCO ASC<\/title>\n<meta name=\"description\" content=\"SIFCO Process\u00ae \u00e4r en selektiv pl\u00e4teringsmetod f\u00f6r att reparera elmotorer och lagerkomponenter f\u00f6r generatorer. Ta reda p\u00e5 mer om v\u00e5ra tj\u00e4nster f\u00f6r borstpl\u00e4tering.\" \/>\n<meta name=\"robots\" content=\"index, follow, max-snippet:-1, max-image-preview:large, max-video-preview:-1\" \/>\n<link rel=\"canonical\" href=\"https:\/\/www.sifcoasc.com\/sv\/elektriska-motorer-och-generatorer\" \/>\n<meta property=\"og:locale\" content=\"sv_SE\" \/>\n<meta property=\"og:type\" content=\"article\" \/>\n<meta property=\"og:title\" content=\"Elektriska motorer och generatorer | Selective Plating Solutions | SIFCO ASC\" \/>\n<meta property=\"og:description\" content=\"SIFCO Process\u00ae \u00e4r en selektiv pl\u00e4teringsmetod f\u00f6r att reparera elmotorer och lagerkomponenter f\u00f6r generatorer. Ta reda p\u00e5 mer om v\u00e5ra tj\u00e4nster f\u00f6r borstpl\u00e4tering.\" \/>\n<meta property=\"og:url\" content=\"https:\/\/www.sifcoasc.com\/sv\/elektriska-motorer-och-generatorer\" \/>\n<meta property=\"og:site_name\" content=\"SIFCO Applied Surface Concepts\" \/>\n<meta property=\"article:modified_time\" content=\"2022-09-27T16:18:57+00:00\" \/>\n<meta name=\"twitter:label1\" content=\"Est. reading time\" \/>\n\t<meta name=\"twitter:data1\" content=\"2 minuter\" \/>\n<script type=\"application\/ld+json\" class=\"yoast-schema-graph\">{\"@context\":\"https:\\\/\\\/schema.org\",\"@graph\":[{\"@type\":\"WebPage\",\"@id\":\"https:\\\/\\\/www.sifcoasc.com\\\/sv\\\/elektriska-motorer-och-generatorer\",\"url\":\"https:\\\/\\\/www.sifcoasc.com\\\/sv\\\/elektriska-motorer-och-generatorer\",\"name\":\"Elektriska motorer och generatorer | Selective Plating Solutions | SIFCO ASC\",\"isPartOf\":{\"@id\":\"https:\\\/\\\/www.sifcoasc.com\\\/sv#website\"},\"datePublished\":\"2022-07-14T15:30:55+00:00\",\"dateModified\":\"2022-09-27T16:18:57+00:00\",\"description\":\"SIFCO Process\u00ae \u00e4r en selektiv pl\u00e4teringsmetod f\u00f6r att reparera elmotorer och lagerkomponenter f\u00f6r generatorer. Ta reda p\u00e5 mer om v\u00e5ra tj\u00e4nster f\u00f6r borstpl\u00e4tering.\",\"breadcrumb\":{\"@id\":\"https:\\\/\\\/www.sifcoasc.com\\\/sv\\\/elektriska-motorer-och-generatorer#breadcrumb\"},\"inLanguage\":\"sv-SE\",\"potentialAction\":[{\"@type\":\"ReadAction\",\"target\":[\"https:\\\/\\\/www.sifcoasc.com\\\/sv\\\/elektriska-motorer-och-generatorer\"]}]},{\"@type\":\"BreadcrumbList\",\"@id\":\"https:\\\/\\\/www.sifcoasc.com\\\/sv\\\/elektriska-motorer-och-generatorer#breadcrumb\",\"itemListElement\":[{\"@type\":\"ListItem\",\"position\":1,\"name\":\"Home\",\"item\":\"https:\\\/\\\/www.sifcoasc.com\\\/sv\"},{\"@type\":\"ListItem\",\"position\":2,\"name\":\"Elektriska motorer och generatorer\"}]},{\"@type\":\"WebSite\",\"@id\":\"https:\\\/\\\/www.sifcoasc.com\\\/sv#website\",\"url\":\"https:\\\/\\\/www.sifcoasc.com\\\/sv\",\"name\":\"SIFCO Applied Surface Concepts\",\"description\":\"\",\"potentialAction\":[{\"@type\":\"SearchAction\",\"target\":{\"@type\":\"EntryPoint\",\"urlTemplate\":\"https:\\\/\\\/www.sifcoasc.com\\\/sv?s={search_term_string}\"},\"query-input\":{\"@type\":\"PropertyValueSpecification\",\"valueRequired\":true,\"valueName\":\"search_term_string\"}}],\"inLanguage\":\"sv-SE\"}]}<\/script>\n<!-- \/ Yoast SEO plugin. -->","yoast_head_json":{"title":"Elektriska motorer och generatorer | Selective Plating Solutions | SIFCO ASC","description":"SIFCO Process\u00ae \u00e4r en selektiv pl\u00e4teringsmetod f\u00f6r att reparera elmotorer och lagerkomponenter f\u00f6r generatorer. Ta reda p\u00e5 mer om v\u00e5ra tj\u00e4nster f\u00f6r borstpl\u00e4tering.","robots":{"index":"index","follow":"follow","max-snippet":"max-snippet:-1","max-image-preview":"max-image-preview:large","max-video-preview":"max-video-preview:-1"},"canonical":"https:\/\/www.sifcoasc.com\/sv\/elektriska-motorer-och-generatorer","og_locale":"sv_SE","og_type":"article","og_title":"Elektriska motorer och generatorer | Selective Plating Solutions | SIFCO ASC","og_description":"SIFCO Process\u00ae \u00e4r en selektiv pl\u00e4teringsmetod f\u00f6r att reparera elmotorer och lagerkomponenter f\u00f6r generatorer. Ta reda p\u00e5 mer om v\u00e5ra tj\u00e4nster f\u00f6r borstpl\u00e4tering.","og_url":"https:\/\/www.sifcoasc.com\/sv\/elektriska-motorer-och-generatorer","og_site_name":"SIFCO Applied Surface Concepts","article_modified_time":"2022-09-27T16:18:57+00:00","twitter_misc":{"Est. reading time":"2 minuter"},"schema":{"@context":"https:\/\/schema.org","@graph":[{"@type":"WebPage","@id":"https:\/\/www.sifcoasc.com\/sv\/elektriska-motorer-och-generatorer","url":"https:\/\/www.sifcoasc.com\/sv\/elektriska-motorer-och-generatorer","name":"Elektriska motorer och generatorer | Selective Plating Solutions | SIFCO ASC","isPartOf":{"@id":"https:\/\/www.sifcoasc.com\/sv#website"},"datePublished":"2022-07-14T15:30:55+00:00","dateModified":"2022-09-27T16:18:57+00:00","description":"SIFCO Process\u00ae \u00e4r en selektiv pl\u00e4teringsmetod f\u00f6r att reparera elmotorer och lagerkomponenter f\u00f6r generatorer. Ta reda p\u00e5 mer om v\u00e5ra tj\u00e4nster f\u00f6r borstpl\u00e4tering.","breadcrumb":{"@id":"https:\/\/www.sifcoasc.com\/sv\/elektriska-motorer-och-generatorer#breadcrumb"},"inLanguage":"sv-SE","potentialAction":[{"@type":"ReadAction","target":["https:\/\/www.sifcoasc.com\/sv\/elektriska-motorer-och-generatorer"]}]},{"@type":"BreadcrumbList","@id":"https:\/\/www.sifcoasc.com\/sv\/elektriska-motorer-och-generatorer#breadcrumb","itemListElement":[{"@type":"ListItem","position":1,"name":"Home","item":"https:\/\/www.sifcoasc.com\/sv"},{"@type":"ListItem","position":2,"name":"Elektriska motorer och generatorer"}]},{"@type":"WebSite","@id":"https:\/\/www.sifcoasc.com\/sv#website","url":"https:\/\/www.sifcoasc.com\/sv","name":"SIFCO Applied Surface Concepts","description":"","potentialAction":[{"@type":"SearchAction","target":{"@type":"EntryPoint","urlTemplate":"https:\/\/www.sifcoasc.com\/sv?s={search_term_string}"},"query-input":{"@type":"PropertyValueSpecification","valueRequired":true,"valueName":"search_term_string"}}],"inLanguage":"sv-SE"}]}},"featured_image_src":null,"featured_image_src_square":null,"_links":{"self":[{"href":"https:\/\/www.sifcoasc.com\/sv\/wp-json\/wp\/v2\/pages\/9793","targetHints":{"allow":["GET"]}}],"collection":[{"href":"https:\/\/www.sifcoasc.com\/sv\/wp-json\/wp\/v2\/pages"}],"about":[{"href":"https:\/\/www.sifcoasc.com\/sv\/wp-json\/wp\/v2\/types\/page"}],"author":[{"embeddable":true,"href":"https:\/\/www.sifcoasc.com\/sv\/wp-json\/wp\/v2\/users\/18"}],"replies":[{"embeddable":true,"href":"https:\/\/www.sifcoasc.com\/sv\/wp-json\/wp\/v2\/comments?post=9793"}],"version-history":[{"count":0,"href":"https:\/\/www.sifcoasc.com\/sv\/wp-json\/wp\/v2\/pages\/9793\/revisions"}],"wp:attachment":[{"href":"https:\/\/www.sifcoasc.com\/sv\/wp-json\/wp\/v2\/media?parent=9793"}],"curies":[{"name":"wp","href":"https:\/\/api.w.org\/{rel}","templated":true}]}}