{"id":9794,"date":"2022-07-14T15:30:55","date_gmt":"2022-07-14T15:30:55","guid":{"rendered":"https:\/\/www.sifcoasc.com\/vitbok-om-petrokemiska-produkter\/"},"modified":"2023-01-31T14:15:48","modified_gmt":"2023-01-31T14:15:48","slug":"vitbok-om-petrokemiska-produkter","status":"publish","type":"page","link":"https:\/\/www.sifcoasc.com\/sv\/petrokemisk-industri\/vitbok-om-petrokemiska-produkter","title":{"rendered":"Vitbok om petrokemiska produkter"},"content":{"rendered":"<h1>Reparation av komplexa petrokemiska komponenter genom selektiv elektropl\u00e4tering<\/h1>\n<p class=\"emph\">Den petrokemiska industrin \u00e4r p\u00e5 v\u00e4g in i en av de mest instabila perioderna i sin historia, och behovet av att minimera stillest\u00e5nd och maximera marginalerna \u00e4r avg\u00f6rande.<\/p>\n<p><strong>Varje g\u00e5ng petrokemiska fabriker st\u00e5r stilla l\u00e4ngre \u00e4n den planerade underh\u00e5llsperioden eller har oplanerade driftstopp inneb\u00e4r det en f\u00f6rlust av produktion och vinst. Den roll som turnaround managers och underh\u00e5llsplanerare spelar har aldrig varit viktigare, och de m\u00e5ste v\u00e4lja reparationsmetoder som \u00e4r kvalitetss\u00e4krade, tillf\u00f6rlitliga och kostnadseffektiva.<\/strong><\/p>\n<p>Selektiv pl\u00e4tering \u00e4r en ytbel\u00e4ggningsmetod som \u00e4r mycket l\u00e4mplig f\u00f6r m\u00e5nga reparations- och underh\u00e5llstill\u00e4mpningar inom den petrokemiska industrin. Ladda ner v\u00e5rt whitepaper f\u00f6r att ta reda p\u00e5 det:<\/p>\n<ul>\n<li>Vad selektiv elektropl\u00e4tering \u00e4r och hur den fungerar<\/li>\n<li>De typer av reparationer som selektiv elektropl\u00e4tering kan anv\u00e4ndas f\u00f6r<\/li>\n<li>Hur selektiv elektropl\u00e4tering kan skapa bel\u00e4ggningar med h\u00f6g slit- och korrosionsbest\u00e4ndighet<\/li>\n<li>Varf\u00f6r det \u00e4r ett kostnadseffektivt och h\u00e5llbart val inom den petrokemiska industrin.<\/li>\n<\/ul>\n<h2>Ladda ner vitboken<\/h2>\n<script type=\"text\/javascript\">\n\/* <![CDATA[ *\/\nvar gform;gform||(document.addEventListener(\"gform_main_scripts_loaded\",function(){gform.scriptsLoaded=!0}),document.addEventListener(\"gform\/theme\/scripts_loaded\",function(){gform.themeScriptsLoaded=!0}),window.addEventListener(\"DOMContentLoaded\",function(){gform.domLoaded=!0}),gform={domLoaded:!1,scriptsLoaded:!1,themeScriptsLoaded:!1,isFormEditor:()=>\"function\"==typeof InitializeEditor,callIfLoaded:function(o){return!(!gform.domLoaded||!gform.scriptsLoaded||!gform.themeScriptsLoaded&&!gform.isFormEditor()||(gform.isFormEditor()&&console.warn(\"The use of gform.initializeOnLoaded() is deprecated in the form editor context and will be removed in Gravity Forms 3.1.\"),o(),0))},initializeOnLoaded:function(o){gform.callIfLoaded(o)||(document.addEventListener(\"gform_main_scripts_loaded\",()=>{gform.scriptsLoaded=!0,gform.callIfLoaded(o)}),document.addEventListener(\"gform\/theme\/scripts_loaded\",()=>{gform.themeScriptsLoaded=!0,gform.callIfLoaded(o)}),window.addEventListener(\"DOMContentLoaded\",()=>{gform.domLoaded=!0,gform.callIfLoaded(o)}))},hooks:{action:{},filter:{}},addAction:function(o,r,e,t){gform.addHook(\"action\",o,r,e,t)},addFilter:function(o,r,e,t){gform.addHook(\"filter\",o,r,e,t)},doAction:function(o){gform.doHook(\"action\",o,arguments)},applyFilters:function(o){return gform.doHook(\"filter\",o,arguments)},removeAction:function(o,r){gform.removeHook(\"action\",o,r)},removeFilter:function(o,r,e){gform.removeHook(\"filter\",o,r,e)},addHook:function(o,r,e,t,n){null==gform.hooks[o][r]&&(gform.hooks[o][r]=[]);var d=gform.hooks[o][r];null==n&&(n=r+\"_\"+d.length),gform.hooks[o][r].push({tag:n,callable:e,priority:t=null==t?10:t})},doHook:function(r,o,e){var t;if(e=Array.prototype.slice.call(e,1),null!=gform.hooks[r][o]&&((o=gform.hooks[r][o]).sort(function(o,r){return o.priority-r.priority}),o.forEach(function(o){\"function\"!=typeof(t=o.callable)&&(t=window[t]),\"action\"==r?t.apply(null,e):e[0]=t.apply(null,e)})),\"filter\"==r)return e[0]},removeHook:function(o,r,t,n){var e;null!=gform.hooks[o][r]&&(e=(e=gform.hooks[o][r]).filter(function(o,r,e){return!!(null!=n&&n!=o.tag||null!=t&&t!=o.priority)}),gform.hooks[o][r]=e)}});\n\/* ]]> *\/\n<\/script>\n\n                <div class='gf_browser_gecko gform_wrapper gform_legacy_markup_wrapper gform-theme--no-framework' data-form-theme='legacy' data-form-index='0' id='gform_wrapper_47' ><form method='post' enctype='multipart\/form-data'  id='gform_47'  action='\/sv\/wp-json\/wp\/v2\/pages\/9794' data-formid='47' novalidate>\n                        <div class='gform-body gform_body'><ul id='gform_fields_47' class='gform_fields top_label form_sublabel_below description_below validation_below'><li id=\"field_47_12\" class=\"gfield gfield--type-text gf_left_half field_sublabel_below gfield--no-description field_description_below field_validation_below gfield_visibility_visible\"  ><label class='gfield_label gform-field-label' for='input_47_12'>Fullst\u00e4ndiga namn<\/label><div class='ginput_container ginput_container_text'><input name='input_12' id='input_47_12' type='text' value='' class='medium'      aria-invalid=\"false\"   \/><\/div><\/li><li id=\"field_47_3\" class=\"gfield gfield--type-text gf_right_half gfield_contains_required field_sublabel_below gfield--no-description field_description_below field_validation_below gfield_visibility_visible\"  ><label class='gfield_label gform-field-label' for='input_47_3'>E-postadress<span class=\"gfield_required\"><span class=\"gfield_required gfield_required_asterisk\">*<\/span><\/span><\/label><div class='ginput_container ginput_container_text'><input name='input_3' id='input_47_3' type='text' value='' class='medium'     aria-required=\"true\" aria-invalid=\"false\"   \/><\/div><\/li><li id=\"field_47_13\" class=\"gfield gfield--type-text field_sublabel_below gfield--no-description field_description_below field_validation_below gfield_visibility_visible\"  ><label class='gfield_label gform-field-label' for='input_47_13'>stat<\/label><div class='ginput_container ginput_container_text'><input name='input_13' id='input_47_13' type='text' value='' class='large'      aria-invalid=\"false\"   \/><\/div><\/li><li id=\"field_47_14\" class=\"gfield gfield--type-text field_sublabel_below gfield--no-description field_description_below field_validation_below gfield_visibility_visible\"  ><label class='gfield_label gform-field-label' for='input_47_14'>Befattning eller roll<\/label><div class='ginput_container ginput_container_text'><input name='input_14' id='input_47_14' type='text' value='' class='large'      aria-invalid=\"false\"   \/><\/div><\/li><li id=\"field_47_15\" class=\"gfield gfield--type-text field_sublabel_below gfield--no-description field_description_below field_validation_below gfield_visibility_visible\"  ><label class='gfield_label gform-field-label' for='input_47_15'>F\u00f6retag\/Organisation<\/label><div class='ginput_container ginput_container_text'><input name='input_15' id='input_47_15' type='text' value='' class='large'      aria-invalid=\"false\"   \/><\/div><\/li><li id=\"field_47_16\" class=\"gfield gfield--type-checkbox gfield--type-choice field_sublabel_below gfield--no-description field_description_below field_validation_below gfield_visibility_visible\"  ><label class='gfield_label gform-field-label screen-reader-text gfield_label_before_complex' ><\/label><div class='ginput_container ginput_container_checkbox'><ul class='gfield_checkbox' id='input_47_16'><li class='gchoice gchoice_47_16_1'>\n\t\t\t\t\t\t\t\t<input class='gfield-choice-input' name='input_16.1' type='checkbox'  value='SIFCO ASC kan vilja kontakta dig ang\u00e5ende produkter, tj\u00e4nster, erbjudanden, teknisk utveckling eller dina \u00e5sikter. Om du inte vill bli kontaktad, v\u00e4nligen kryssa i rutan.'  id='choice_47_16_1'   \/>\n\t\t\t\t\t\t\t\t<label for='choice_47_16_1' id='label_47_16_1' class='gform-field-label gform-field-label--type-inline'>SIFCO ASC kan vilja kontakta dig ang\u00e5ende produkter, tj\u00e4nster, erbjudanden, teknisk utveckling eller dina \u00e5sikter. Om du inte vill bli kontaktad, v\u00e4nligen kryssa i rutan.<\/label>\n\t\t\t\t\t\t\t<\/li><\/ul><\/div><\/li><\/ul><\/div>\n        <div class='gform-footer gform_footer top_label'> <input type='submit' id='gform_submit_button_47' class='gform_button button' onclick='gform.submission.handleButtonClick(this);' data-submission-type='submit' value='Skicka in'  \/> \n            <input type='hidden' class='gform_hidden' name='gform_submission_method' data-js='gform_submission_method_47' value='postback' \/>\n            <input type='hidden' class='gform_hidden' name='gform_theme' data-js='gform_theme_47' id='gform_theme_47' value='legacy' \/>\n            <input type='hidden' class='gform_hidden' name='gform_style_settings' data-js='gform_style_settings_47' id='gform_style_settings_47' value='[]' \/>\n            <input type='hidden' class='gform_hidden' name='is_submit_47' value='1' \/>\n            <input type='hidden' class='gform_hidden' name='gform_submit' value='47' \/>\n            \n            <input type='hidden' class='gform_hidden' name='gform_currency' data-currency='USD' value='U0PHphgdEmaHE\/lgIkzMIZSg6+WMGBdufVO+xPDHO5soc2Gqj\/hbUSe1HLMdjZPa4tcL8uL9Y7Xwfq8L6\/vxWVAZ1GqxhB6kAxRQfoxMFpdLDiY=' \/>\n            <input type='hidden' class='gform_hidden' name='gform_unique_id' value='' \/>\n            <input type='hidden' class='gform_hidden' name='state_47' value='WyJbXSIsImQxMDU1MWUyOGU1ZTQ2ZDJhNDlhNWMzNTQ1MmI1YzQxIl0=' \/>\n            <input type='hidden' autocomplete='off' class='gform_hidden' name='gform_target_page_number_47' id='gform_target_page_number_47' value='0' \/>\n            <input type='hidden' autocomplete='off' class='gform_hidden' name='gform_source_page_number_47' id='gform_source_page_number_47' value='1' \/>\n            <input type='hidden' name='gform_field_values' value='' \/>\n            \n        <\/div>\n                        <input type=\"hidden\" id=\"ct_checkjs_3435c378bb76d4357324dd7e69f3cd18\" name=\"ct_checkjs\" value=\"0\" \/><script >setTimeout(function(){var ct_input_name = \"ct_checkjs_3435c378bb76d4357324dd7e69f3cd18\";if (document.getElementById(ct_input_name) !== null) {var ct_input_value = document.getElementById(ct_input_name).value;document.getElementById(ct_input_name).value = document.getElementById(ct_input_name).value.replace(ct_input_value, 'c8498e28f559b8da2c32f3a99cba62af5901009f5edc3429c51971a226a0f89c');}}, 1000);<\/script><input\n                    class=\"apbct_special_field apbct_email_id__gravity_form\"\n                    name=\"apbct__email_id__gravity_form\"\n                    aria-label=\"apbct__label_id__gravity_form\"\n                    type=\"text\" size=\"30\" maxlength=\"200\" autocomplete=\"off\"\n                    value=\"\"\n                \/><\/form>\n                        <\/div><script type=\"text\/javascript\">\n\/* <![CDATA[ *\/\n gform.initializeOnLoaded( function() {gformInitSpinner( 47, 'https:\/\/www.sifcoasc.com\/wp-content\/plugins\/gravityforms\/images\/spinner.svg', true );jQuery('#gform_ajax_frame_47').on('load',function(){var contents = jQuery(this).contents().find('*').html();var is_postback = contents.indexOf('GF_AJAX_POSTBACK') >= 0;if(!is_postback){return;}var form_content = jQuery(this).contents().find('#gform_wrapper_47');var is_confirmation = jQuery(this).contents().find('#gform_confirmation_wrapper_47').length > 0;var is_redirect = contents.indexOf('gformRedirect(){') >= 0;var is_form = form_content.length > 0 && ! is_redirect && ! is_confirmation;var mt = parseInt(jQuery('html').css('margin-top'), 10) + parseInt(jQuery('body').css('margin-top'), 10) + 100;if(is_form){jQuery('#gform_wrapper_47').html(form_content.html());if(form_content.hasClass('gform_validation_error')){jQuery('#gform_wrapper_47').addClass('gform_validation_error');} else {jQuery('#gform_wrapper_47').removeClass('gform_validation_error');}setTimeout( function() { \/* delay the scroll by 50 milliseconds to fix a bug in chrome *\/  }, 50 );if(window['gformInitDatepicker']) {gformInitDatepicker();}if(window['gformInitPriceFields']) {gformInitPriceFields();}var current_page = jQuery('#gform_source_page_number_47').val();gformInitSpinner( 47, 'https:\/\/www.sifcoasc.com\/wp-content\/plugins\/gravityforms\/images\/spinner.svg', true );jQuery(document).trigger('gform_page_loaded', [47, current_page]);window['gf_submitting_47'] = false;}else if(!is_redirect){var confirmation_content = jQuery(this).contents().find('.GF_AJAX_POSTBACK').html();if(!confirmation_content){confirmation_content = contents;}jQuery('#gform_wrapper_47').replaceWith(confirmation_content);jQuery(document).trigger('gform_confirmation_loaded', [47]);window['gf_submitting_47'] = false;wp.a11y.speak(jQuery('#gform_confirmation_message_47').text());}else{jQuery('#gform_47').append(contents);if(window['gformRedirect']) {gformRedirect();}}jQuery(document).trigger(\"gform_pre_post_render\", [{ formId: \"47\", currentPage: \"current_page\", abort: function() { this.preventDefault(); } }]);        if (event && event.defaultPrevented) {                return;        }        const gformWrapperDiv = document.getElementById( \"gform_wrapper_47\" );        if ( gformWrapperDiv ) {            const visibilitySpan = document.createElement( \"span\" );            visibilitySpan.id = \"gform_visibility_test_47\";            gformWrapperDiv.insertAdjacentElement( \"afterend\", visibilitySpan );        }        const visibilityTestDiv = document.getElementById( \"gform_visibility_test_47\" );        let postRenderFired = false;        function triggerPostRender() {            if ( postRenderFired ) {                return;            }            postRenderFired = true;            gform.core.triggerPostRenderEvents( 47, current_page );            if ( visibilityTestDiv ) {                visibilityTestDiv.parentNode.removeChild( visibilityTestDiv );            }        }        function debounce( func, wait, immediate ) {            var timeout;            return function() {                var context = this, args = arguments;                var later = function() {                    timeout = null;                    if ( !immediate ) func.apply( context, args );                };                var callNow = immediate && !timeout;                clearTimeout( timeout );                timeout = setTimeout( later, wait );                if ( callNow ) func.apply( context, args );            };        }        const debouncedTriggerPostRender = debounce( function() {            triggerPostRender();        }, 200 );        if ( visibilityTestDiv && visibilityTestDiv.offsetParent === null ) {            const observer = new MutationObserver( ( mutations ) => {                mutations.forEach( ( mutation ) => {                    if ( mutation.type === 'attributes' && visibilityTestDiv.offsetParent !== null ) {                        debouncedTriggerPostRender();                        observer.disconnect();                    }                });            });            observer.observe( document.body, {                attributes: true,                childList: false,                subtree: true,                attributeFilter: [ 'style', 'class' ],            });        } else {            triggerPostRender();        }    } );} ); \n\/* ]]> *\/\n<\/script>\n\n","protected":false},"excerpt":{"rendered":"<p>Reparation av komplexa petrokemiska komponenter genom selektiv elektropl\u00e4tering Den petrokemiska industrin \u00e4r p\u00e5 v\u00e4g in i en av de mest instabila perioderna i sin historia, och behovet av att minimera stillest\u00e5nd och maximera marginalerna \u00e4r avg\u00f6rande. Varje g\u00e5ng petrokemiska fabriker st\u00e5r stilla l\u00e4ngre \u00e4n den planerade underh\u00e5llsperioden eller har oplanerade driftstopp inneb\u00e4r det en f\u00f6rlust [&hellip;]<\/p>\n","protected":false},"author":18,"featured_media":0,"parent":9795,"menu_order":0,"comment_status":"closed","ping_status":"closed","template":"","meta":{"_acf_changed":false,"inline_featured_image":false,"footnotes":""},"class_list":["post-9794","page","type-page","status-publish","hentry"],"acf":[],"yoast_head":"<!-- This site is optimized with the Yoast SEO plugin v27.5 - https:\/\/yoast.com\/product\/yoast-seo-wordpress\/ -->\n<title>SIFCO ASC : Reparation av komplexa petrokemiska komponenter genom selektiv elektropl\u00e4tering<\/title>\n<meta name=\"description\" content=\"Reparation av komplexa petrokemiska komponenter genom selektiv elektropl\u00e4tering Den petrokemiska industrin \u00e4r p\u00e5 v\u00e4g in i en av de mest instabila perioderna i sin historia, och behovet av att minimera stillest\u00e5nd och maximera marginalerna \u00e4r avg\u00f6rande. Varje g\u00e5ng petrokemiska fabriker st\u00e5r stilla l\u00e4ngre \u00e4n den planerade underh\u00e5llsperioden eller har oplanerade driftstopp inneb\u00e4r det en f\u00f6rlust.\" \/>\n<meta name=\"robots\" content=\"index, follow, max-snippet:-1, max-image-preview:large, max-video-preview:-1\" \/>\n<link rel=\"canonical\" href=\"https:\/\/www.sifcoasc.com\/sv\/petrokemisk-industri\/vitbok-om-petrokemiska-produkter\" \/>\n<meta property=\"og:locale\" content=\"sv_SE\" \/>\n<meta property=\"og:type\" content=\"article\" \/>\n<meta property=\"og:title\" content=\"SIFCO ASC : Reparation av komplexa petrokemiska komponenter genom selektiv elektropl\u00e4tering\" \/>\n<meta property=\"og:description\" content=\"Reparation av komplexa petrokemiska komponenter genom selektiv elektropl\u00e4tering Den petrokemiska industrin \u00e4r p\u00e5 v\u00e4g in i en av de mest instabila perioderna i sin historia, och behovet av att minimera stillest\u00e5nd och maximera marginalerna \u00e4r avg\u00f6rande. Varje g\u00e5ng petrokemiska fabriker st\u00e5r stilla l\u00e4ngre \u00e4n den planerade underh\u00e5llsperioden eller har oplanerade driftstopp inneb\u00e4r det en f\u00f6rlust.\" \/>\n<meta property=\"og:url\" content=\"https:\/\/www.sifcoasc.com\/sv\/petrokemisk-industri\/vitbok-om-petrokemiska-produkter\" \/>\n<meta property=\"og:site_name\" content=\"SIFCO Applied Surface Concepts\" \/>\n<meta property=\"article:modified_time\" content=\"2023-01-31T14:15:48+00:00\" \/>\n<meta name=\"twitter:label1\" content=\"Est. reading time\" \/>\n\t<meta name=\"twitter:data1\" content=\"1 minut\" \/>\n<script type=\"application\/ld+json\" class=\"yoast-schema-graph\">{\"@context\":\"https:\\\/\\\/schema.org\",\"@graph\":[{\"@type\":\"WebPage\",\"@id\":\"https:\\\/\\\/www.sifcoasc.com\\\/sv\\\/petrokemisk-industri\\\/vitbok-om-petrokemiska-produkter\",\"url\":\"https:\\\/\\\/www.sifcoasc.com\\\/sv\\\/petrokemisk-industri\\\/vitbok-om-petrokemiska-produkter\",\"name\":\"SIFCO ASC : Reparation av komplexa petrokemiska komponenter genom selektiv elektropl\u00e4tering\",\"isPartOf\":{\"@id\":\"https:\\\/\\\/www.sifcoasc.com\\\/sv#website\"},\"datePublished\":\"2022-07-14T15:30:55+00:00\",\"dateModified\":\"2023-01-31T14:15:48+00:00\",\"description\":\"Reparation av komplexa petrokemiska komponenter genom selektiv elektropl\u00e4tering Den petrokemiska industrin \u00e4r p\u00e5 v\u00e4g in i en av de mest instabila perioderna i sin historia, och behovet av att minimera stillest\u00e5nd och maximera marginalerna \u00e4r avg\u00f6rande. Varje g\u00e5ng petrokemiska fabriker st\u00e5r stilla l\u00e4ngre \u00e4n den planerade underh\u00e5llsperioden eller har oplanerade driftstopp inneb\u00e4r det en f\u00f6rlust.\",\"breadcrumb\":{\"@id\":\"https:\\\/\\\/www.sifcoasc.com\\\/sv\\\/petrokemisk-industri\\\/vitbok-om-petrokemiska-produkter#breadcrumb\"},\"inLanguage\":\"sv-SE\",\"potentialAction\":[{\"@type\":\"ReadAction\",\"target\":[\"https:\\\/\\\/www.sifcoasc.com\\\/sv\\\/petrokemisk-industri\\\/vitbok-om-petrokemiska-produkter\"]}]},{\"@type\":\"BreadcrumbList\",\"@id\":\"https:\\\/\\\/www.sifcoasc.com\\\/sv\\\/petrokemisk-industri\\\/vitbok-om-petrokemiska-produkter#breadcrumb\",\"itemListElement\":[{\"@type\":\"ListItem\",\"position\":1,\"name\":\"Home\",\"item\":\"https:\\\/\\\/www.sifcoasc.com\\\/sv\"},{\"@type\":\"ListItem\",\"position\":2,\"name\":\"Petrokemisk industri\",\"item\":\"https:\\\/\\\/www.sifcoasc.com\\\/sv\\\/petrokemisk-industri\"},{\"@type\":\"ListItem\",\"position\":3,\"name\":\"Vitbok om petrokemiska produkter\"}]},{\"@type\":\"WebSite\",\"@id\":\"https:\\\/\\\/www.sifcoasc.com\\\/sv#website\",\"url\":\"https:\\\/\\\/www.sifcoasc.com\\\/sv\",\"name\":\"SIFCO Applied Surface Concepts\",\"description\":\"\",\"potentialAction\":[{\"@type\":\"SearchAction\",\"target\":{\"@type\":\"EntryPoint\",\"urlTemplate\":\"https:\\\/\\\/www.sifcoasc.com\\\/sv?s={search_term_string}\"},\"query-input\":{\"@type\":\"PropertyValueSpecification\",\"valueRequired\":true,\"valueName\":\"search_term_string\"}}],\"inLanguage\":\"sv-SE\"}]}<\/script>\n<!-- \/ Yoast SEO plugin. -->","yoast_head_json":{"title":"SIFCO ASC : Reparation av komplexa petrokemiska komponenter genom selektiv elektropl\u00e4tering","description":"Reparation av komplexa petrokemiska komponenter genom selektiv elektropl\u00e4tering Den petrokemiska industrin \u00e4r p\u00e5 v\u00e4g in i en av de mest instabila perioderna i sin historia, och behovet av att minimera stillest\u00e5nd och maximera marginalerna \u00e4r avg\u00f6rande. Varje g\u00e5ng petrokemiska fabriker st\u00e5r stilla l\u00e4ngre \u00e4n den planerade underh\u00e5llsperioden eller har oplanerade driftstopp inneb\u00e4r det en f\u00f6rlust.","robots":{"index":"index","follow":"follow","max-snippet":"max-snippet:-1","max-image-preview":"max-image-preview:large","max-video-preview":"max-video-preview:-1"},"canonical":"https:\/\/www.sifcoasc.com\/sv\/petrokemisk-industri\/vitbok-om-petrokemiska-produkter","og_locale":"sv_SE","og_type":"article","og_title":"SIFCO ASC : Reparation av komplexa petrokemiska komponenter genom selektiv elektropl\u00e4tering","og_description":"Reparation av komplexa petrokemiska komponenter genom selektiv elektropl\u00e4tering Den petrokemiska industrin \u00e4r p\u00e5 v\u00e4g in i en av de mest instabila perioderna i sin historia, och behovet av att minimera stillest\u00e5nd och maximera marginalerna \u00e4r avg\u00f6rande. Varje g\u00e5ng petrokemiska fabriker st\u00e5r stilla l\u00e4ngre \u00e4n den planerade underh\u00e5llsperioden eller har oplanerade driftstopp inneb\u00e4r det en f\u00f6rlust.","og_url":"https:\/\/www.sifcoasc.com\/sv\/petrokemisk-industri\/vitbok-om-petrokemiska-produkter","og_site_name":"SIFCO Applied Surface Concepts","article_modified_time":"2023-01-31T14:15:48+00:00","twitter_misc":{"Est. reading time":"1 minut"},"schema":{"@context":"https:\/\/schema.org","@graph":[{"@type":"WebPage","@id":"https:\/\/www.sifcoasc.com\/sv\/petrokemisk-industri\/vitbok-om-petrokemiska-produkter","url":"https:\/\/www.sifcoasc.com\/sv\/petrokemisk-industri\/vitbok-om-petrokemiska-produkter","name":"SIFCO ASC : Reparation av komplexa petrokemiska komponenter genom selektiv elektropl\u00e4tering","isPartOf":{"@id":"https:\/\/www.sifcoasc.com\/sv#website"},"datePublished":"2022-07-14T15:30:55+00:00","dateModified":"2023-01-31T14:15:48+00:00","description":"Reparation av komplexa petrokemiska komponenter genom selektiv elektropl\u00e4tering Den petrokemiska industrin \u00e4r p\u00e5 v\u00e4g in i en av de mest instabila perioderna i sin historia, och behovet av att minimera stillest\u00e5nd och maximera marginalerna \u00e4r avg\u00f6rande. Varje g\u00e5ng petrokemiska fabriker st\u00e5r stilla l\u00e4ngre \u00e4n den planerade underh\u00e5llsperioden eller har oplanerade driftstopp inneb\u00e4r det en f\u00f6rlust.","breadcrumb":{"@id":"https:\/\/www.sifcoasc.com\/sv\/petrokemisk-industri\/vitbok-om-petrokemiska-produkter#breadcrumb"},"inLanguage":"sv-SE","potentialAction":[{"@type":"ReadAction","target":["https:\/\/www.sifcoasc.com\/sv\/petrokemisk-industri\/vitbok-om-petrokemiska-produkter"]}]},{"@type":"BreadcrumbList","@id":"https:\/\/www.sifcoasc.com\/sv\/petrokemisk-industri\/vitbok-om-petrokemiska-produkter#breadcrumb","itemListElement":[{"@type":"ListItem","position":1,"name":"Home","item":"https:\/\/www.sifcoasc.com\/sv"},{"@type":"ListItem","position":2,"name":"Petrokemisk industri","item":"https:\/\/www.sifcoasc.com\/sv\/petrokemisk-industri"},{"@type":"ListItem","position":3,"name":"Vitbok om petrokemiska produkter"}]},{"@type":"WebSite","@id":"https:\/\/www.sifcoasc.com\/sv#website","url":"https:\/\/www.sifcoasc.com\/sv","name":"SIFCO Applied Surface Concepts","description":"","potentialAction":[{"@type":"SearchAction","target":{"@type":"EntryPoint","urlTemplate":"https:\/\/www.sifcoasc.com\/sv?s={search_term_string}"},"query-input":{"@type":"PropertyValueSpecification","valueRequired":true,"valueName":"search_term_string"}}],"inLanguage":"sv-SE"}]}},"featured_image_src":null,"featured_image_src_square":null,"_links":{"self":[{"href":"https:\/\/www.sifcoasc.com\/sv\/wp-json\/wp\/v2\/pages\/9794","targetHints":{"allow":["GET"]}}],"collection":[{"href":"https:\/\/www.sifcoasc.com\/sv\/wp-json\/wp\/v2\/pages"}],"about":[{"href":"https:\/\/www.sifcoasc.com\/sv\/wp-json\/wp\/v2\/types\/page"}],"author":[{"embeddable":true,"href":"https:\/\/www.sifcoasc.com\/sv\/wp-json\/wp\/v2\/users\/18"}],"replies":[{"embeddable":true,"href":"https:\/\/www.sifcoasc.com\/sv\/wp-json\/wp\/v2\/comments?post=9794"}],"version-history":[{"count":0,"href":"https:\/\/www.sifcoasc.com\/sv\/wp-json\/wp\/v2\/pages\/9794\/revisions"}],"up":[{"embeddable":true,"href":"https:\/\/www.sifcoasc.com\/sv\/wp-json\/wp\/v2\/pages\/9795"}],"wp:attachment":[{"href":"https:\/\/www.sifcoasc.com\/sv\/wp-json\/wp\/v2\/media?parent=9794"}],"curies":[{"name":"wp","href":"https:\/\/api.w.org\/{rel}","templated":true}]}}