{"id":9795,"date":"2022-07-14T15:30:56","date_gmt":"2022-07-14T15:30:56","guid":{"rendered":"https:\/\/www.sifcoasc.com\/petrokemisk-industri\/"},"modified":"2022-09-27T15:34:44","modified_gmt":"2022-09-27T15:34:44","slug":"petrokemisk-industri","status":"publish","type":"page","link":"https:\/\/www.sifcoasc.com\/sv\/petrokemisk-industri","title":{"rendered":"Petrokemisk industri"},"content":{"rendered":"<h2>Selektiv pl\u00e4tering f\u00f6r underh\u00e5ll av petrokemiska anl\u00e4ggningar<\/h2>\n<p>Selektiv pl\u00e4tering \u00e4r anv\u00e4ndbart inom kemisk- och petrokemisk industri f\u00f6r att utf\u00f6ra snabba och kostnadseffektiva underh\u00e5llsreparationer.<\/p>\n<p><strong>Genom att anv\u00e4nda SIFCO Process\u00ae kan underh\u00e5llstekniker och entrepren\u00f6rer f\u00e5 reparerationer utf\u00f6rda p\u00e5 pumpar, motorer, fl\u00e4nsar, ventiler och andra komponenter direkt p\u00e5 plats. Processen \u00e4r kall, vilket medf\u00f6r att grundmaterialets struktur och form inte p\u00e5verkas, som det kan g\u00f6ras vid svetsning och metallsprutning. Vi kan pl\u00e4tera direkt till tolerans, ofta utan efterf\u00f6ljande bearbetning.<\/strong><\/p>\n<h2>Kostnadseffektiva reparationer i petrokemiska anl\u00e4ggningar.<\/h2>\n<div class=\"right-image\"><a class=\"lightbox\" href=\"\/wp-content\/uploads\/iStock-485339173-300x200-1.jpg\"><img loading=\"lazy\" decoding=\"async\" width=\"300\" height=\"200\" class=\"alignnone size-full wp-image-1617\" title=\"Selektiv pl\u00e4tering f\u00f6r underh\u00e5ll av petrokemiska anl\u00e4ggningar \" src=\"\/wp-content\/uploads\/iStock-485339173-300x200-1.jpg\" alt=\"Selektiv pl\u00e4tering f\u00f6r underh\u00e5ll av petrokemiska anl\u00e4ggningar \" \/><\/a><\/div>\n<p><span style=\"font-weight: 400;\">I och med den globala nedsk\u00e4rningen av anv\u00e4ndningen av plast och \u00f6verkapaciteten i petrokemiska bearbetningsanl\u00e4ggningar m\u00e5ste ingenj\u00f6rer g\u00f6ra allt de kan f\u00f6r att minska sannolikheten f\u00f6r oplanerade driftstopp som leder till produktions- och vinstf\u00f6rluster.<\/span> <a href=\"\/sv\/sifco-process-plateringssatser\/\"><span style=\"font-weight: 400;\">SIFCO Process\u00ae<\/span><\/a> \u00e4r ett b\u00e4rbart, effektivt och ekonomiskt s\u00e4tt att utf\u00f6ra reparationer och underh\u00e5ll av ytbehandlingar p\u00e5 plats.<\/p>\n<p>Eftersom SIFCO Process \u00ae \u00e4r helt portabel \u00e4r det m\u00f6jligt att pl\u00e4tera upp till 100 olika metaller och legeringar utan anv\u00e4ndning av tankar.<\/p>\n","protected":false},"excerpt":{"rendered":"<p>Selektiv pl\u00e4tering f\u00f6r underh\u00e5ll av petrokemiska anl\u00e4ggningar Selektiv pl\u00e4tering \u00e4r anv\u00e4ndbart inom kemisk- och petrokemisk industri f\u00f6r att utf\u00f6ra snabba och kostnadseffektiva underh\u00e5llsreparationer. Genom att anv\u00e4nda SIFCO Process\u00ae kan underh\u00e5llstekniker och entrepren\u00f6rer f\u00e5 reparerationer utf\u00f6rda p\u00e5 pumpar, motorer, fl\u00e4nsar, ventiler och andra komponenter direkt p\u00e5 plats. Processen \u00e4r kall, vilket medf\u00f6r att grundmaterialets struktur och [&hellip;]<\/p>\n","protected":false},"author":18,"featured_media":0,"parent":0,"menu_order":0,"comment_status":"closed","ping_status":"closed","template":"","meta":{"_acf_changed":false,"inline_featured_image":false,"footnotes":""},"class_list":["post-9795","page","type-page","status-publish","hentry"],"acf":[],"yoast_head":"<!-- This site is optimized with the Yoast SEO plugin v27.3 - https:\/\/yoast.com\/product\/yoast-seo-wordpress\/ -->\n<title>Selektiv pl\u00e4tering f\u00f6r underh\u00e5ll av petrokemiska anl\u00e4ggningar | SIFCO ASC<\/title>\n<meta name=\"description\" content=\"SIFCO Process\u00ae \u00e4r en selektiv pl\u00e4teringsmetod f\u00f6r underh\u00e5ll av petrokemiska anl\u00e4ggningar. Kontakta oss f\u00f6r mer information om v\u00e5ra tj\u00e4nster f\u00f6r borstpl\u00e4tering.\" \/>\n<meta name=\"robots\" content=\"index, follow, max-snippet:-1, max-image-preview:large, max-video-preview:-1\" \/>\n<link rel=\"canonical\" href=\"https:\/\/www.sifcoasc.com\/sv\/petrokemisk-industri\" \/>\n<meta property=\"og:locale\" content=\"sv_SE\" \/>\n<meta property=\"og:type\" content=\"article\" \/>\n<meta property=\"og:title\" content=\"Selektiv pl\u00e4tering f\u00f6r underh\u00e5ll av petrokemiska anl\u00e4ggningar | SIFCO ASC\" \/>\n<meta property=\"og:description\" content=\"SIFCO Process\u00ae \u00e4r en selektiv pl\u00e4teringsmetod f\u00f6r underh\u00e5ll av petrokemiska anl\u00e4ggningar. Kontakta oss f\u00f6r mer information om v\u00e5ra tj\u00e4nster f\u00f6r borstpl\u00e4tering.\" \/>\n<meta property=\"og:url\" content=\"https:\/\/www.sifcoasc.com\/sv\/petrokemisk-industri\" \/>\n<meta property=\"og:site_name\" content=\"SIFCO Applied Surface Concepts\" \/>\n<meta property=\"article:modified_time\" content=\"2022-09-27T15:34:44+00:00\" \/>\n<meta name=\"twitter:label1\" content=\"Est. reading time\" \/>\n\t<meta name=\"twitter:data1\" content=\"1 minut\" \/>\n<script type=\"application\/ld+json\" class=\"yoast-schema-graph\">{\"@context\":\"https:\\\/\\\/schema.org\",\"@graph\":[{\"@type\":\"WebPage\",\"@id\":\"https:\\\/\\\/www.sifcoasc.com\\\/sv\\\/petrokemisk-industri\",\"url\":\"https:\\\/\\\/www.sifcoasc.com\\\/sv\\\/petrokemisk-industri\",\"name\":\"Selektiv pl\u00e4tering f\u00f6r underh\u00e5ll av petrokemiska anl\u00e4ggningar | SIFCO ASC\",\"isPartOf\":{\"@id\":\"https:\\\/\\\/www.sifcoasc.com\\\/sv#website\"},\"datePublished\":\"2022-07-14T15:30:56+00:00\",\"dateModified\":\"2022-09-27T15:34:44+00:00\",\"description\":\"SIFCO Process\u00ae \u00e4r en selektiv pl\u00e4teringsmetod f\u00f6r underh\u00e5ll av petrokemiska anl\u00e4ggningar. Kontakta oss f\u00f6r mer information om v\u00e5ra tj\u00e4nster f\u00f6r borstpl\u00e4tering.\",\"breadcrumb\":{\"@id\":\"https:\\\/\\\/www.sifcoasc.com\\\/sv\\\/petrokemisk-industri#breadcrumb\"},\"inLanguage\":\"sv-SE\",\"potentialAction\":[{\"@type\":\"ReadAction\",\"target\":[\"https:\\\/\\\/www.sifcoasc.com\\\/sv\\\/petrokemisk-industri\"]}]},{\"@type\":\"BreadcrumbList\",\"@id\":\"https:\\\/\\\/www.sifcoasc.com\\\/sv\\\/petrokemisk-industri#breadcrumb\",\"itemListElement\":[{\"@type\":\"ListItem\",\"position\":1,\"name\":\"Home\",\"item\":\"https:\\\/\\\/www.sifcoasc.com\\\/sv\"},{\"@type\":\"ListItem\",\"position\":2,\"name\":\"Petrokemisk industri\"}]},{\"@type\":\"WebSite\",\"@id\":\"https:\\\/\\\/www.sifcoasc.com\\\/sv#website\",\"url\":\"https:\\\/\\\/www.sifcoasc.com\\\/sv\",\"name\":\"SIFCO Applied Surface Concepts\",\"description\":\"\",\"potentialAction\":[{\"@type\":\"SearchAction\",\"target\":{\"@type\":\"EntryPoint\",\"urlTemplate\":\"https:\\\/\\\/www.sifcoasc.com\\\/sv?s={search_term_string}\"},\"query-input\":{\"@type\":\"PropertyValueSpecification\",\"valueRequired\":true,\"valueName\":\"search_term_string\"}}],\"inLanguage\":\"sv-SE\"}]}<\/script>\n<!-- \/ Yoast SEO plugin. -->","yoast_head_json":{"title":"Selektiv pl\u00e4tering f\u00f6r underh\u00e5ll av petrokemiska anl\u00e4ggningar | SIFCO ASC","description":"SIFCO Process\u00ae \u00e4r en selektiv pl\u00e4teringsmetod f\u00f6r underh\u00e5ll av petrokemiska anl\u00e4ggningar. Kontakta oss f\u00f6r mer information om v\u00e5ra tj\u00e4nster f\u00f6r borstpl\u00e4tering.","robots":{"index":"index","follow":"follow","max-snippet":"max-snippet:-1","max-image-preview":"max-image-preview:large","max-video-preview":"max-video-preview:-1"},"canonical":"https:\/\/www.sifcoasc.com\/sv\/petrokemisk-industri","og_locale":"sv_SE","og_type":"article","og_title":"Selektiv pl\u00e4tering f\u00f6r underh\u00e5ll av petrokemiska anl\u00e4ggningar | SIFCO ASC","og_description":"SIFCO Process\u00ae \u00e4r en selektiv pl\u00e4teringsmetod f\u00f6r underh\u00e5ll av petrokemiska anl\u00e4ggningar. Kontakta oss f\u00f6r mer information om v\u00e5ra tj\u00e4nster f\u00f6r borstpl\u00e4tering.","og_url":"https:\/\/www.sifcoasc.com\/sv\/petrokemisk-industri","og_site_name":"SIFCO Applied Surface Concepts","article_modified_time":"2022-09-27T15:34:44+00:00","twitter_misc":{"Est. reading time":"1 minut"},"schema":{"@context":"https:\/\/schema.org","@graph":[{"@type":"WebPage","@id":"https:\/\/www.sifcoasc.com\/sv\/petrokemisk-industri","url":"https:\/\/www.sifcoasc.com\/sv\/petrokemisk-industri","name":"Selektiv pl\u00e4tering f\u00f6r underh\u00e5ll av petrokemiska anl\u00e4ggningar | SIFCO ASC","isPartOf":{"@id":"https:\/\/www.sifcoasc.com\/sv#website"},"datePublished":"2022-07-14T15:30:56+00:00","dateModified":"2022-09-27T15:34:44+00:00","description":"SIFCO Process\u00ae \u00e4r en selektiv pl\u00e4teringsmetod f\u00f6r underh\u00e5ll av petrokemiska anl\u00e4ggningar. Kontakta oss f\u00f6r mer information om v\u00e5ra tj\u00e4nster f\u00f6r borstpl\u00e4tering.","breadcrumb":{"@id":"https:\/\/www.sifcoasc.com\/sv\/petrokemisk-industri#breadcrumb"},"inLanguage":"sv-SE","potentialAction":[{"@type":"ReadAction","target":["https:\/\/www.sifcoasc.com\/sv\/petrokemisk-industri"]}]},{"@type":"BreadcrumbList","@id":"https:\/\/www.sifcoasc.com\/sv\/petrokemisk-industri#breadcrumb","itemListElement":[{"@type":"ListItem","position":1,"name":"Home","item":"https:\/\/www.sifcoasc.com\/sv"},{"@type":"ListItem","position":2,"name":"Petrokemisk industri"}]},{"@type":"WebSite","@id":"https:\/\/www.sifcoasc.com\/sv#website","url":"https:\/\/www.sifcoasc.com\/sv","name":"SIFCO Applied Surface Concepts","description":"","potentialAction":[{"@type":"SearchAction","target":{"@type":"EntryPoint","urlTemplate":"https:\/\/www.sifcoasc.com\/sv?s={search_term_string}"},"query-input":{"@type":"PropertyValueSpecification","valueRequired":true,"valueName":"search_term_string"}}],"inLanguage":"sv-SE"}]}},"featured_image_src":null,"featured_image_src_square":null,"_links":{"self":[{"href":"https:\/\/www.sifcoasc.com\/sv\/wp-json\/wp\/v2\/pages\/9795","targetHints":{"allow":["GET"]}}],"collection":[{"href":"https:\/\/www.sifcoasc.com\/sv\/wp-json\/wp\/v2\/pages"}],"about":[{"href":"https:\/\/www.sifcoasc.com\/sv\/wp-json\/wp\/v2\/types\/page"}],"author":[{"embeddable":true,"href":"https:\/\/www.sifcoasc.com\/sv\/wp-json\/wp\/v2\/users\/18"}],"replies":[{"embeddable":true,"href":"https:\/\/www.sifcoasc.com\/sv\/wp-json\/wp\/v2\/comments?post=9795"}],"version-history":[{"count":0,"href":"https:\/\/www.sifcoasc.com\/sv\/wp-json\/wp\/v2\/pages\/9795\/revisions"}],"wp:attachment":[{"href":"https:\/\/www.sifcoasc.com\/sv\/wp-json\/wp\/v2\/media?parent=9795"}],"curies":[{"name":"wp","href":"https:\/\/api.w.org\/{rel}","templated":true}]}}