{"id":9808,"date":"2022-07-14T15:31:07","date_gmt":"2022-07-14T15:31:07","guid":{"rendered":"https:\/\/www.sifcoasc.com\/utskrift\/"},"modified":"2023-02-06T09:21:47","modified_gmt":"2023-02-06T09:21:47","slug":"utskrift","status":"publish","type":"page","link":"https:\/\/www.sifcoasc.com\/sv\/utskrift","title":{"rendered":"Utskrift"},"content":{"rendered":"<h2>Selektiv pl\u00e4tering f\u00f6r tryckeribranschen<\/h2>\n<p>SIFCO ASC har m\u00e5ng\u00e5rig erfarenhet av att bist\u00e5 den grafiska industrin f\u00f6r att minimera dyrbara driftstopp.<\/p>\n<p><strong>Vanliga anv\u00e4ndningsomr\u00e5den f\u00f6r selektiv pl\u00e4tering inom den grafiska industrin inkluderar fyllning av skador, samt reparation av slitage p\u00e5 valsar och cylindrar i metall. Metoden kan \u00e4ven anv\u00e4ndas f\u00f6r att \u00e5tg\u00e4rda problem med porositet, samt laga skador i krom.<\/strong><\/p>\n<p><strong>Reparera slitage och skador med SIFCO Process\u00ae.<\/strong><\/p>\n<p>En mottryckscylinder med en diameter p\u00e5 2,4 m skadades av en skiftnyckel som f\u00f6ljt med i maskinen. Verktyget l\u00e4mnade ett n\u00e4stan 2 mm djupt m\u00e4rke p\u00e5 ett 76 mm l\u00e5ngt omr\u00e5de. Skadan fylldes med koppar, som sedan t\u00e4cktes med ett ytskikt av nickel.<\/p>\n<p>Djuptryckscylindrar arbetar vid h\u00f6ga tryck. De \u00e4r belagda med ett 1,5 mm tjockt skikt av krom f\u00f6r att f\u00e5 b\u00e4sta m\u00f6jliga yta. Enstaka m\u00e4rken, knappt synliga f\u00f6r blotta \u00f6gat kan leda till att detaljen blir sp\u00e4rrad. Dessa m\u00e4rkens diametrar varierade fr\u00e5n 12 \u00b5m till 38 \u00b5m. En kopparbel\u00e4ggning applicerades, f\u00f6ljt av ett ytskikt med kobolt vilket ger en bra matchning i f\u00e4rg mot krom.<\/p>\n<p>SIFCO Process\u00ae \u00e4r l\u00e4mplig f\u00f6r reparation f\u00f6r alla typer av slitage, och skador och m\u00e4rken i pl\u00e5tar och cylindrar.<\/p>\n","protected":false},"excerpt":{"rendered":"<p>Selektiv pl\u00e4tering f\u00f6r tryckeribranschen SIFCO ASC har m\u00e5ng\u00e5rig erfarenhet av att bist\u00e5 den grafiska industrin f\u00f6r att minimera dyrbara driftstopp. Vanliga anv\u00e4ndningsomr\u00e5den f\u00f6r selektiv pl\u00e4tering inom den grafiska industrin inkluderar fyllning av skador, samt reparation av slitage p\u00e5 valsar och cylindrar i metall. Metoden kan \u00e4ven anv\u00e4ndas f\u00f6r att \u00e5tg\u00e4rda problem med porositet, samt laga [&hellip;]<\/p>\n","protected":false},"author":18,"featured_media":0,"parent":0,"menu_order":0,"comment_status":"closed","ping_status":"closed","template":"","meta":{"_acf_changed":false,"inline_featured_image":false,"footnotes":""},"class_list":["post-9808","page","type-page","status-publish","hentry"],"acf":[],"yoast_head":"<!-- This site is optimized with the Yoast SEO plugin v27.4 - https:\/\/yoast.com\/product\/yoast-seo-wordpress\/ -->\n<title>SIFCO ASC: Selektiv pl\u00e4tering f\u00f6r tryckeribranschen<\/title>\n<meta name=\"description\" content=\"Anv\u00e4nd SIFCO Process\u00ae f\u00f6r reparationer p\u00e5 plats av sugvalsar, torkvalsar, pumpar, elmotorer och lagerytor.\" \/>\n<meta name=\"robots\" content=\"index, follow, max-snippet:-1, max-image-preview:large, max-video-preview:-1\" \/>\n<link rel=\"canonical\" href=\"https:\/\/www.sifcoasc.com\/sv\/utskrift\" \/>\n<meta property=\"og:locale\" content=\"sv_SE\" \/>\n<meta property=\"og:type\" content=\"article\" \/>\n<meta property=\"og:title\" content=\"SIFCO ASC: Selektiv pl\u00e4tering f\u00f6r tryckeribranschen\" \/>\n<meta property=\"og:description\" content=\"Anv\u00e4nd SIFCO Process\u00ae f\u00f6r reparationer p\u00e5 plats av sugvalsar, torkvalsar, pumpar, elmotorer och lagerytor.\" \/>\n<meta property=\"og:url\" content=\"https:\/\/www.sifcoasc.com\/sv\/utskrift\" \/>\n<meta property=\"og:site_name\" content=\"SIFCO Applied Surface Concepts\" \/>\n<meta property=\"article:modified_time\" content=\"2023-02-06T09:21:47+00:00\" \/>\n<meta name=\"twitter:label1\" content=\"Est. reading time\" \/>\n\t<meta name=\"twitter:data1\" content=\"1 minut\" \/>\n<script type=\"application\/ld+json\" class=\"yoast-schema-graph\">{\"@context\":\"https:\\\/\\\/schema.org\",\"@graph\":[{\"@type\":\"WebPage\",\"@id\":\"https:\\\/\\\/www.sifcoasc.com\\\/sv\\\/utskrift\",\"url\":\"https:\\\/\\\/www.sifcoasc.com\\\/sv\\\/utskrift\",\"name\":\"SIFCO ASC: Selektiv pl\u00e4tering f\u00f6r tryckeribranschen\",\"isPartOf\":{\"@id\":\"https:\\\/\\\/www.sifcoasc.com\\\/sv#website\"},\"datePublished\":\"2022-07-14T15:31:07+00:00\",\"dateModified\":\"2023-02-06T09:21:47+00:00\",\"description\":\"Anv\u00e4nd SIFCO Process\u00ae f\u00f6r reparationer p\u00e5 plats av sugvalsar, torkvalsar, pumpar, elmotorer och lagerytor.\",\"breadcrumb\":{\"@id\":\"https:\\\/\\\/www.sifcoasc.com\\\/sv\\\/utskrift#breadcrumb\"},\"inLanguage\":\"sv-SE\",\"potentialAction\":[{\"@type\":\"ReadAction\",\"target\":[\"https:\\\/\\\/www.sifcoasc.com\\\/sv\\\/utskrift\"]}]},{\"@type\":\"BreadcrumbList\",\"@id\":\"https:\\\/\\\/www.sifcoasc.com\\\/sv\\\/utskrift#breadcrumb\",\"itemListElement\":[{\"@type\":\"ListItem\",\"position\":1,\"name\":\"Home\",\"item\":\"https:\\\/\\\/www.sifcoasc.com\\\/sv\"},{\"@type\":\"ListItem\",\"position\":2,\"name\":\"Utskrift\"}]},{\"@type\":\"WebSite\",\"@id\":\"https:\\\/\\\/www.sifcoasc.com\\\/sv#website\",\"url\":\"https:\\\/\\\/www.sifcoasc.com\\\/sv\",\"name\":\"SIFCO Applied Surface Concepts\",\"description\":\"\",\"potentialAction\":[{\"@type\":\"SearchAction\",\"target\":{\"@type\":\"EntryPoint\",\"urlTemplate\":\"https:\\\/\\\/www.sifcoasc.com\\\/sv?s={search_term_string}\"},\"query-input\":{\"@type\":\"PropertyValueSpecification\",\"valueRequired\":true,\"valueName\":\"search_term_string\"}}],\"inLanguage\":\"sv-SE\"}]}<\/script>\n<!-- \/ Yoast SEO plugin. -->","yoast_head_json":{"title":"SIFCO ASC: Selektiv pl\u00e4tering f\u00f6r tryckeribranschen","description":"Anv\u00e4nd SIFCO Process\u00ae f\u00f6r reparationer p\u00e5 plats av sugvalsar, torkvalsar, pumpar, elmotorer och lagerytor.","robots":{"index":"index","follow":"follow","max-snippet":"max-snippet:-1","max-image-preview":"max-image-preview:large","max-video-preview":"max-video-preview:-1"},"canonical":"https:\/\/www.sifcoasc.com\/sv\/utskrift","og_locale":"sv_SE","og_type":"article","og_title":"SIFCO ASC: Selektiv pl\u00e4tering f\u00f6r tryckeribranschen","og_description":"Anv\u00e4nd SIFCO Process\u00ae f\u00f6r reparationer p\u00e5 plats av sugvalsar, torkvalsar, pumpar, elmotorer och lagerytor.","og_url":"https:\/\/www.sifcoasc.com\/sv\/utskrift","og_site_name":"SIFCO Applied Surface Concepts","article_modified_time":"2023-02-06T09:21:47+00:00","twitter_misc":{"Est. reading time":"1 minut"},"schema":{"@context":"https:\/\/schema.org","@graph":[{"@type":"WebPage","@id":"https:\/\/www.sifcoasc.com\/sv\/utskrift","url":"https:\/\/www.sifcoasc.com\/sv\/utskrift","name":"SIFCO ASC: Selektiv pl\u00e4tering f\u00f6r tryckeribranschen","isPartOf":{"@id":"https:\/\/www.sifcoasc.com\/sv#website"},"datePublished":"2022-07-14T15:31:07+00:00","dateModified":"2023-02-06T09:21:47+00:00","description":"Anv\u00e4nd SIFCO Process\u00ae f\u00f6r reparationer p\u00e5 plats av sugvalsar, torkvalsar, pumpar, elmotorer och lagerytor.","breadcrumb":{"@id":"https:\/\/www.sifcoasc.com\/sv\/utskrift#breadcrumb"},"inLanguage":"sv-SE","potentialAction":[{"@type":"ReadAction","target":["https:\/\/www.sifcoasc.com\/sv\/utskrift"]}]},{"@type":"BreadcrumbList","@id":"https:\/\/www.sifcoasc.com\/sv\/utskrift#breadcrumb","itemListElement":[{"@type":"ListItem","position":1,"name":"Home","item":"https:\/\/www.sifcoasc.com\/sv"},{"@type":"ListItem","position":2,"name":"Utskrift"}]},{"@type":"WebSite","@id":"https:\/\/www.sifcoasc.com\/sv#website","url":"https:\/\/www.sifcoasc.com\/sv","name":"SIFCO Applied Surface Concepts","description":"","potentialAction":[{"@type":"SearchAction","target":{"@type":"EntryPoint","urlTemplate":"https:\/\/www.sifcoasc.com\/sv?s={search_term_string}"},"query-input":{"@type":"PropertyValueSpecification","valueRequired":true,"valueName":"search_term_string"}}],"inLanguage":"sv-SE"}]}},"featured_image_src":null,"featured_image_src_square":null,"_links":{"self":[{"href":"https:\/\/www.sifcoasc.com\/sv\/wp-json\/wp\/v2\/pages\/9808","targetHints":{"allow":["GET"]}}],"collection":[{"href":"https:\/\/www.sifcoasc.com\/sv\/wp-json\/wp\/v2\/pages"}],"about":[{"href":"https:\/\/www.sifcoasc.com\/sv\/wp-json\/wp\/v2\/types\/page"}],"author":[{"embeddable":true,"href":"https:\/\/www.sifcoasc.com\/sv\/wp-json\/wp\/v2\/users\/18"}],"replies":[{"embeddable":true,"href":"https:\/\/www.sifcoasc.com\/sv\/wp-json\/wp\/v2\/comments?post=9808"}],"version-history":[{"count":0,"href":"https:\/\/www.sifcoasc.com\/sv\/wp-json\/wp\/v2\/pages\/9808\/revisions"}],"wp:attachment":[{"href":"https:\/\/www.sifcoasc.com\/sv\/wp-json\/wp\/v2\/media?parent=9808"}],"curies":[{"name":"wp","href":"https:\/\/api.w.org\/{rel}","templated":true}]}}