{"id":9810,"date":"2022-07-14T15:31:08","date_gmt":"2022-07-14T15:31:08","guid":{"rendered":"https:\/\/www.sifcoasc.com\/jarnvag\/"},"modified":"2022-09-27T17:24:20","modified_gmt":"2022-09-27T17:24:20","slug":"jarnvag","status":"publish","type":"page","link":"https:\/\/www.sifcoasc.com\/sv\/jarnvag","title":{"rendered":"J\u00e4rnv\u00e4g"},"content":{"rendered":"<h2>Selektiv pl\u00e4tering f\u00f6r j\u00e4rnv\u00e4gsindustrin<\/h2>\n<p>SIFCO ASC har i \u00f6ver 50 \u00e5r tillhandah\u00e5llit selektiva pl\u00e4teringsprodukter till j\u00e4rnv\u00e4gsindustrin och Association of American Railroads (AAR) certifierade reparationsverkst\u00e4der.<\/p>\n<p><strong>Den prim\u00e4ra applikationen \u00e4r m\u00e5ttjustering av slitna lagerl\u00e4gen p\u00e5 axeltappar.<\/strong><\/p>\n<h2>Applikationer<\/h2>\n<p>Enligt AAR \u00e4r underh\u00e5llskravet f\u00f6r slitna rullageraxelreparationer varje 480 000 kilometer. Inom j\u00e4rnv\u00e4gsindustrin \u00e4r varken svets-, bussnings- och sprayapplikationer godk\u00e4nda reparationsprocesser. SIFCO Process\u00ae anv\u00e4nds f\u00f6r att selektivt pl\u00e4tera lagerl\u00e4gen p\u00e5 axeltappar till korrekt storlek med nickel med h\u00f6g uppbyggnadshastighet. Bearbetning av axeltappen f\u00f6re pl\u00e4tering, \u00e4r vanligtvis bara n\u00f6dv\u00e4ndig f\u00f6r att \u00e5terst\u00e4lla koncentricitet.<\/p>\n<p><strong>Andra till\u00e4mpningar inkluderar:<\/strong><\/p>\n<div class=\"infographic\"><a class=\"popup-youtube\" href=\"https:\/\/www.youtube.com\/watch?v=HcTYg6lT2Uw\"><img loading=\"lazy\" decoding=\"async\" width=\"550\" height=\"368\" class=\"size-full wp-image-2270 \" title=\"Selektiv pl\u00e4tering f\u00f6r j\u00e4rnv\u00e4gsindustrin \" src=\"\/wp-content\/uploads\/img7.jpg\" alt=\"Selektiv pl\u00e4tering f\u00f6r j\u00e4rnv\u00e4gsindustrin \" srcset=\"https:\/\/www.sifcoasc.com\/wp-content\/uploads\/img7.jpg 550w, https:\/\/www.sifcoasc.com\/wp-content\/uploads\/img7-500x335.jpg 500w, https:\/\/www.sifcoasc.com\/wp-content\/uploads\/img7-300x200.jpg 300w\" sizes=\"auto, (max-width: 709px) 85vw, (max-width: 909px) 67vw, (max-width: 1362px) 62vw, 840px\" \/><\/a><\/div>\n<ul>\n<li>Reparation av slitage orsakade av t\u00e4tningsringar<\/li>\n<li>M\u00e5ttjustera lagerl\u00e4gen<\/li>\n<li>Reparera repor och skador p\u00e5 hydraulst\u00e4nger samt t\u00e4tningsytor<\/li>\n<li>Reparera slitna lagert\u00e4tningar, lager\u00f6verfall och spr\u00e4ngk\u00e5por<\/li>\n<\/ul>\n<p><strong>SIFCO Process\u00ae anv\u00e4nds i m\u00e5nga industriella applikationer d\u00e4r innerdiametrar, ytterdiametrar och plana ytor m\u00e5ste f\u00f6rb\u00e4ttras, repareras eller renoveras.<\/strong><\/p>\n<ul>\n<li>Eliminerar externa servicekostnader<\/li>\n<li>Eliminerar hanterings- och transportkostnader<\/li>\n<li>Minskar ledtider<\/li>\n<li>Kr\u00e4ver ingen demontering, reparation p\u00e5 plats<\/li>\n<li>Minskar stillest\u00e5ndstiden<\/li>\n<\/ul>\n","protected":false},"excerpt":{"rendered":"<p>Selektiv pl\u00e4tering f\u00f6r j\u00e4rnv\u00e4gsindustrin SIFCO ASC har i \u00f6ver 50 \u00e5r tillhandah\u00e5llit selektiva pl\u00e4teringsprodukter till j\u00e4rnv\u00e4gsindustrin och Association of American Railroads (AAR) certifierade reparationsverkst\u00e4der. Den prim\u00e4ra applikationen \u00e4r m\u00e5ttjustering av slitna lagerl\u00e4gen p\u00e5 axeltappar. Applikationer Enligt AAR \u00e4r underh\u00e5llskravet f\u00f6r slitna rullageraxelreparationer varje 480 000 kilometer. Inom j\u00e4rnv\u00e4gsindustrin \u00e4r varken svets-, bussnings- och sprayapplikationer godk\u00e4nda [&hellip;]<\/p>\n","protected":false},"author":18,"featured_media":0,"parent":0,"menu_order":0,"comment_status":"closed","ping_status":"closed","template":"","meta":{"_acf_changed":false,"inline_featured_image":false,"footnotes":""},"class_list":["post-9810","page","type-page","status-publish","hentry"],"acf":[],"yoast_head":"<!-- This site is optimized with the Yoast SEO plugin v27.5 - https:\/\/yoast.com\/product\/yoast-seo-wordpress\/ -->\n<title>Selektiv pl\u00e4tering f\u00f6r j\u00e4rnv\u00e4gsindustrin | SIFCO ASC<\/title>\n<meta name=\"description\" content=\"SIFCO Process\u00ae \u00e4r en selektiv pl\u00e4teringsmetod f\u00f6r j\u00e4rnv\u00e4gsindustrin. Kontakta oss f\u00f6r mer information om v\u00e5ra tj\u00e4nster f\u00f6r borstpl\u00e4tering.\" \/>\n<meta name=\"robots\" content=\"index, follow, max-snippet:-1, max-image-preview:large, max-video-preview:-1\" \/>\n<link rel=\"canonical\" href=\"https:\/\/www.sifcoasc.com\/sv\/jarnvag\" \/>\n<meta property=\"og:locale\" content=\"sv_SE\" \/>\n<meta property=\"og:type\" content=\"article\" \/>\n<meta property=\"og:title\" content=\"Selektiv pl\u00e4tering f\u00f6r j\u00e4rnv\u00e4gsindustrin | SIFCO ASC\" \/>\n<meta property=\"og:description\" content=\"SIFCO Process\u00ae \u00e4r en selektiv pl\u00e4teringsmetod f\u00f6r j\u00e4rnv\u00e4gsindustrin. Kontakta oss f\u00f6r mer information om v\u00e5ra tj\u00e4nster f\u00f6r borstpl\u00e4tering.\" \/>\n<meta property=\"og:url\" content=\"https:\/\/www.sifcoasc.com\/sv\/jarnvag\" \/>\n<meta property=\"og:site_name\" content=\"SIFCO Applied Surface Concepts\" \/>\n<meta property=\"article:modified_time\" content=\"2022-09-27T17:24:20+00:00\" \/>\n<meta name=\"twitter:label1\" content=\"Est. reading time\" \/>\n\t<meta name=\"twitter:data1\" content=\"1 minut\" \/>\n<script type=\"application\/ld+json\" class=\"yoast-schema-graph\">{\"@context\":\"https:\\\/\\\/schema.org\",\"@graph\":[{\"@type\":\"WebPage\",\"@id\":\"https:\\\/\\\/www.sifcoasc.com\\\/sv\\\/jarnvag\",\"url\":\"https:\\\/\\\/www.sifcoasc.com\\\/sv\\\/jarnvag\",\"name\":\"Selektiv pl\u00e4tering f\u00f6r j\u00e4rnv\u00e4gsindustrin | SIFCO ASC\",\"isPartOf\":{\"@id\":\"https:\\\/\\\/www.sifcoasc.com\\\/sv#website\"},\"datePublished\":\"2022-07-14T15:31:08+00:00\",\"dateModified\":\"2022-09-27T17:24:20+00:00\",\"description\":\"SIFCO Process\u00ae \u00e4r en selektiv pl\u00e4teringsmetod f\u00f6r j\u00e4rnv\u00e4gsindustrin. Kontakta oss f\u00f6r mer information om v\u00e5ra tj\u00e4nster f\u00f6r borstpl\u00e4tering.\",\"breadcrumb\":{\"@id\":\"https:\\\/\\\/www.sifcoasc.com\\\/sv\\\/jarnvag#breadcrumb\"},\"inLanguage\":\"sv-SE\",\"potentialAction\":[{\"@type\":\"ReadAction\",\"target\":[\"https:\\\/\\\/www.sifcoasc.com\\\/sv\\\/jarnvag\"]}]},{\"@type\":\"BreadcrumbList\",\"@id\":\"https:\\\/\\\/www.sifcoasc.com\\\/sv\\\/jarnvag#breadcrumb\",\"itemListElement\":[{\"@type\":\"ListItem\",\"position\":1,\"name\":\"Home\",\"item\":\"https:\\\/\\\/www.sifcoasc.com\\\/sv\"},{\"@type\":\"ListItem\",\"position\":2,\"name\":\"J\u00e4rnv\u00e4g\"}]},{\"@type\":\"WebSite\",\"@id\":\"https:\\\/\\\/www.sifcoasc.com\\\/sv#website\",\"url\":\"https:\\\/\\\/www.sifcoasc.com\\\/sv\",\"name\":\"SIFCO Applied Surface Concepts\",\"description\":\"\",\"potentialAction\":[{\"@type\":\"SearchAction\",\"target\":{\"@type\":\"EntryPoint\",\"urlTemplate\":\"https:\\\/\\\/www.sifcoasc.com\\\/sv?s={search_term_string}\"},\"query-input\":{\"@type\":\"PropertyValueSpecification\",\"valueRequired\":true,\"valueName\":\"search_term_string\"}}],\"inLanguage\":\"sv-SE\"}]}<\/script>\n<!-- \/ Yoast SEO plugin. -->","yoast_head_json":{"title":"Selektiv pl\u00e4tering f\u00f6r j\u00e4rnv\u00e4gsindustrin | SIFCO ASC","description":"SIFCO Process\u00ae \u00e4r en selektiv pl\u00e4teringsmetod f\u00f6r j\u00e4rnv\u00e4gsindustrin. Kontakta oss f\u00f6r mer information om v\u00e5ra tj\u00e4nster f\u00f6r borstpl\u00e4tering.","robots":{"index":"index","follow":"follow","max-snippet":"max-snippet:-1","max-image-preview":"max-image-preview:large","max-video-preview":"max-video-preview:-1"},"canonical":"https:\/\/www.sifcoasc.com\/sv\/jarnvag","og_locale":"sv_SE","og_type":"article","og_title":"Selektiv pl\u00e4tering f\u00f6r j\u00e4rnv\u00e4gsindustrin | SIFCO ASC","og_description":"SIFCO Process\u00ae \u00e4r en selektiv pl\u00e4teringsmetod f\u00f6r j\u00e4rnv\u00e4gsindustrin. Kontakta oss f\u00f6r mer information om v\u00e5ra tj\u00e4nster f\u00f6r borstpl\u00e4tering.","og_url":"https:\/\/www.sifcoasc.com\/sv\/jarnvag","og_site_name":"SIFCO Applied Surface Concepts","article_modified_time":"2022-09-27T17:24:20+00:00","twitter_misc":{"Est. reading time":"1 minut"},"schema":{"@context":"https:\/\/schema.org","@graph":[{"@type":"WebPage","@id":"https:\/\/www.sifcoasc.com\/sv\/jarnvag","url":"https:\/\/www.sifcoasc.com\/sv\/jarnvag","name":"Selektiv pl\u00e4tering f\u00f6r j\u00e4rnv\u00e4gsindustrin | SIFCO ASC","isPartOf":{"@id":"https:\/\/www.sifcoasc.com\/sv#website"},"datePublished":"2022-07-14T15:31:08+00:00","dateModified":"2022-09-27T17:24:20+00:00","description":"SIFCO Process\u00ae \u00e4r en selektiv pl\u00e4teringsmetod f\u00f6r j\u00e4rnv\u00e4gsindustrin. Kontakta oss f\u00f6r mer information om v\u00e5ra tj\u00e4nster f\u00f6r borstpl\u00e4tering.","breadcrumb":{"@id":"https:\/\/www.sifcoasc.com\/sv\/jarnvag#breadcrumb"},"inLanguage":"sv-SE","potentialAction":[{"@type":"ReadAction","target":["https:\/\/www.sifcoasc.com\/sv\/jarnvag"]}]},{"@type":"BreadcrumbList","@id":"https:\/\/www.sifcoasc.com\/sv\/jarnvag#breadcrumb","itemListElement":[{"@type":"ListItem","position":1,"name":"Home","item":"https:\/\/www.sifcoasc.com\/sv"},{"@type":"ListItem","position":2,"name":"J\u00e4rnv\u00e4g"}]},{"@type":"WebSite","@id":"https:\/\/www.sifcoasc.com\/sv#website","url":"https:\/\/www.sifcoasc.com\/sv","name":"SIFCO Applied Surface Concepts","description":"","potentialAction":[{"@type":"SearchAction","target":{"@type":"EntryPoint","urlTemplate":"https:\/\/www.sifcoasc.com\/sv?s={search_term_string}"},"query-input":{"@type":"PropertyValueSpecification","valueRequired":true,"valueName":"search_term_string"}}],"inLanguage":"sv-SE"}]}},"featured_image_src":null,"featured_image_src_square":null,"_links":{"self":[{"href":"https:\/\/www.sifcoasc.com\/sv\/wp-json\/wp\/v2\/pages\/9810","targetHints":{"allow":["GET"]}}],"collection":[{"href":"https:\/\/www.sifcoasc.com\/sv\/wp-json\/wp\/v2\/pages"}],"about":[{"href":"https:\/\/www.sifcoasc.com\/sv\/wp-json\/wp\/v2\/types\/page"}],"author":[{"embeddable":true,"href":"https:\/\/www.sifcoasc.com\/sv\/wp-json\/wp\/v2\/users\/18"}],"replies":[{"embeddable":true,"href":"https:\/\/www.sifcoasc.com\/sv\/wp-json\/wp\/v2\/comments?post=9810"}],"version-history":[{"count":0,"href":"https:\/\/www.sifcoasc.com\/sv\/wp-json\/wp\/v2\/pages\/9810\/revisions"}],"wp:attachment":[{"href":"https:\/\/www.sifcoasc.com\/sv\/wp-json\/wp\/v2\/media?parent=9810"}],"curies":[{"name":"wp","href":"https:\/\/api.w.org\/{rel}","templated":true}]}}