{"id":9815,"date":"2022-07-14T15:31:13","date_gmt":"2022-07-14T15:31:13","guid":{"rendered":"https:\/\/www.sifcoasc.com\/gruvdrift\/"},"modified":"2022-09-27T18:05:54","modified_gmt":"2022-09-27T18:05:54","slug":"gruvdrift","status":"publish","type":"page","link":"https:\/\/www.sifcoasc.com\/sv\/gruvdrift","title":{"rendered":"Gruvdrift"},"content":{"rendered":"<h2>Selektiv pl\u00e4tering f\u00f6r gruvindustrin<\/h2>\n<p class=\"emph\">Redo f\u00f6r allt som jorden kastar p\u00e5 dig&#8230;<\/p>\n<p><strong>B\u00e4rbara selektiva underh\u00e5lls- och reparationsl\u00f6sningar som har visat sig fungera i de tuffaste gruvmilj\u00f6erna.<\/strong><br \/>\n<em>Allt st\u00f6rre utrustning. Of\u00f6ruts\u00e4gbara milj\u00f6er. Sv\u00e5ra f\u00f6rh\u00e5llanden. Obeveklig produktion dygnet runt&#8230;<\/em><\/p>\n<div class=\"right-image\"><a class=\"lightbox\" href=\"\/wp-content\/uploads\/Mining-Blog-257x165-1.jpg\"><img loading=\"lazy\" decoding=\"async\" class=\"alignnone wp-image-1626\" title=\"Selektiv pl\u00e4tering f\u00f6r gruvindustrin \" src=\"\/wp-content\/uploads\/Mining-Blog-257x165-1.jpg\" alt=\"Selektiv pl\u00e4tering f\u00f6r gruvindustrin \" width=\"276\" height=\"177\" \/><\/a><\/div>\n<p>Under tung gruvdrift uts\u00e4tts terr\u00e4ngfordon och gruvutrustning f\u00f6r st\u00e4ndig p\u00e5frestning, vilket oundvikligen leder till skador p\u00e5 gemensamma komponenter, som vanligtvis p\u00e5verkar hydraulsystem, v\u00e4xell\u00e5dor och slutv\u00e4xlar.<\/p>\n<p>D\u00e4rf\u00f6r \u00e4r det viktigt att f\u00f6rl\u00e4nga livscykeln f\u00f6r dessa befintliga tillg\u00e5ngar genom snabbt, tillf\u00f6rlitligt och kostnadseffektivt underh\u00e5ll i dagens ekonomiska klimat. USA:s skrotning av 82 miljoner ton metaller \u00e4r trots allt redan f\u00f6rd\u00f6md av regeringar \u00f6ver hela v\u00e4rlden. Och ny branschspecifik milj\u00f6lagstiftning \u00e4r n\u00e4ra f\u00f6rest\u00e5ende.<\/p>\n<p><strong>S\u00e5 om en komponent \u00e4r f\u00f6r stor f\u00f6r tankpl\u00e4tering, ett omr\u00e5de \u00e4r f\u00f6r litet f\u00f6r att maskera komponenten f\u00f6r tankpl\u00e4tering, eller om en reparation p\u00e5 plats kr\u00e4vs, vilka \u00e4r d\u00e5 de m\u00f6jliga alternativen? <\/strong><\/p>\n<p>Vi anser att <strong>SIFCO Process\u00ae<\/strong> \u00e4r den definitiva l\u00f6sningen.<\/p>\n<p>Det \u00e4r en unik metod f\u00f6r selektiv elektropl\u00e4tering av lokala omr\u00e5den p\u00e5 komponenter utan att anv\u00e4nda en neds\u00e4nkningstank, vilket f\u00f6rb\u00e4ttrar komponenternas prestanda, minimerar stillest\u00e5ndstiden och minskar tillverkningskostnaderna &#8211; manuellt, mekaniserat eller automatiserat f\u00f6r stora volymer.<\/p>\n<h3><\/h3>\n<h3>Beh\u00f6ver du bevis fr\u00e5n den verkliga v\u00e4rlden? <a href=\"\/wp-content\/uploads\/Sifco_3858_Download_Sheet_V2a_PA_NO-CROPS1.pdf\" target=\"_blank\" rel=\"noopener noreferrer\"><br \/>\n<strong><br \/>\n<u>Uppt\u00e4ck h\u00e4r<\/u><br \/>\n<\/strong><br \/>\n<\/a> Hur en av v\u00e4rldens mest k\u00e4nda tillverkare av stor utrustning f\u00f6r gruvdrift \u00f6ver ytan uppn\u00e5dde \u00e5rliga besparingar p\u00e5 n\u00e4stan 100 000 dollar <em>bara<\/em> genom att r\u00e4dda felande cylinderhuvuden &#8211; tack vare <strong>SIFCO Process\u00ae<\/strong> i praktiken.<\/h3>\n<p><strong>SIFCO Process\u00ae<\/strong> till\u00e4mpar alla metaller som traditionellt anv\u00e4nds vid galvanisering i tank (s\u00e4rskilt nickel, koppar, kobolt, nickel-ungsten, koboltkromkarbid, silver, guld och platina) f\u00f6r att ge slitstyrka, h\u00e5rdhet och \u00e5terst\u00e4llande av dimensioner. Viktiga till\u00e4mpningar \u00e4r bland annat att \u00e4ndra dimensionen p\u00e5 hjulnavborrningar och axellagersitsar samt att reparera differentialhus, defekter i kugghjulets nav och hydrauliska ramar.<\/p>\n<p>V\u00e5r innovativa l\u00f6sning uppfyller \u00e4ven andra viktiga krav f\u00f6r gruvindustrin: f\u00f6rb\u00e4ttrad slitstyrka, \u00f6kad h\u00e5rdhet p\u00e5 ytan och l\u00e5g elektrisk kontaktstyrka eller korrosionsskydd.<\/p>\n<p>Med \u00f6ver 50 \u00e5rs erfarenhet, ett team av h\u00f6gteknologiska ingenj\u00f6rer och en innovativ FoU-avdelning \u00e4r vi v\u00e4rldens st\u00f6rsta leverant\u00f6r av selektiv elektropl\u00e4tering och anodisering.<\/p>\n<p class=\"emph\">Ladda ner v\u00e5rt <a href=\"\/wp-content\/uploads\/Mining-Industry.pdf\" target=\"_blank\" rel=\"noopener noreferrer\"> datablad<\/a> om du vill veta mer. Hj\u00e4lp oss att l\u00e4ra oss mer om dig genom att svara <a href=\"https:\/\/www.surveymonkey.com\/r\/SIFCOASC-mining\" target=\"_blank\" rel=\"noopener\">p\u00e5 v\u00e5r enk\u00e4t<\/a>.<\/p>\n","protected":false},"excerpt":{"rendered":"<p>Selektiv pl\u00e4tering f\u00f6r gruvindustrin Redo f\u00f6r allt som jorden kastar p\u00e5 dig&#8230; B\u00e4rbara selektiva underh\u00e5lls- och reparationsl\u00f6sningar som har visat sig fungera i de tuffaste gruvmilj\u00f6erna. Allt st\u00f6rre utrustning. Of\u00f6ruts\u00e4gbara milj\u00f6er. Sv\u00e5ra f\u00f6rh\u00e5llanden. Obeveklig produktion dygnet runt&#8230; Under tung gruvdrift uts\u00e4tts terr\u00e4ngfordon och gruvutrustning f\u00f6r st\u00e4ndig p\u00e5frestning, vilket oundvikligen leder till skador p\u00e5 gemensamma komponenter, [&hellip;]<\/p>\n","protected":false},"author":18,"featured_media":0,"parent":0,"menu_order":0,"comment_status":"closed","ping_status":"closed","template":"","meta":{"_acf_changed":false,"inline_featured_image":false,"footnotes":""},"class_list":["post-9815","page","type-page","status-publish","hentry"],"acf":[],"yoast_head":"<!-- This site is optimized with the Yoast SEO plugin v27.4 - https:\/\/yoast.com\/product\/yoast-seo-wordpress\/ -->\n<title>Selektiv pl\u00e4tering f\u00f6r gruvindustrin | SIFCO ASC<\/title>\n<meta name=\"description\" content=\"SIFCO Process\u00ae \u00e4r en selektiv pl\u00e4teringsmetod f\u00f6r gruvindustrin. Kontakta oss f\u00f6r mer information om v\u00e5ra tj\u00e4nster f\u00f6r borstpl\u00e4tering.\" \/>\n<meta name=\"robots\" content=\"index, follow, max-snippet:-1, max-image-preview:large, max-video-preview:-1\" \/>\n<link rel=\"canonical\" href=\"https:\/\/www.sifcoasc.com\/sv\/gruvdrift\" \/>\n<meta property=\"og:locale\" content=\"sv_SE\" \/>\n<meta property=\"og:type\" content=\"article\" \/>\n<meta property=\"og:title\" content=\"Selektiv pl\u00e4tering f\u00f6r gruvindustrin | SIFCO ASC\" \/>\n<meta property=\"og:description\" content=\"SIFCO Process\u00ae \u00e4r en selektiv pl\u00e4teringsmetod f\u00f6r gruvindustrin. Kontakta oss f\u00f6r mer information om v\u00e5ra tj\u00e4nster f\u00f6r borstpl\u00e4tering.\" \/>\n<meta property=\"og:url\" content=\"https:\/\/www.sifcoasc.com\/sv\/gruvdrift\" \/>\n<meta property=\"og:site_name\" content=\"SIFCO Applied Surface Concepts\" \/>\n<meta property=\"article:modified_time\" content=\"2022-09-27T18:05:54+00:00\" \/>\n<meta name=\"twitter:label1\" content=\"Est. reading time\" \/>\n\t<meta name=\"twitter:data1\" content=\"2 minuter\" \/>\n<script type=\"application\/ld+json\" class=\"yoast-schema-graph\">{\"@context\":\"https:\\\/\\\/schema.org\",\"@graph\":[{\"@type\":\"WebPage\",\"@id\":\"https:\\\/\\\/www.sifcoasc.com\\\/sv\\\/gruvdrift\",\"url\":\"https:\\\/\\\/www.sifcoasc.com\\\/sv\\\/gruvdrift\",\"name\":\"Selektiv pl\u00e4tering f\u00f6r gruvindustrin | SIFCO ASC\",\"isPartOf\":{\"@id\":\"https:\\\/\\\/www.sifcoasc.com\\\/sv#website\"},\"datePublished\":\"2022-07-14T15:31:13+00:00\",\"dateModified\":\"2022-09-27T18:05:54+00:00\",\"description\":\"SIFCO Process\u00ae \u00e4r en selektiv pl\u00e4teringsmetod f\u00f6r gruvindustrin. Kontakta oss f\u00f6r mer information om v\u00e5ra tj\u00e4nster f\u00f6r borstpl\u00e4tering.\",\"breadcrumb\":{\"@id\":\"https:\\\/\\\/www.sifcoasc.com\\\/sv\\\/gruvdrift#breadcrumb\"},\"inLanguage\":\"sv-SE\",\"potentialAction\":[{\"@type\":\"ReadAction\",\"target\":[\"https:\\\/\\\/www.sifcoasc.com\\\/sv\\\/gruvdrift\"]}]},{\"@type\":\"BreadcrumbList\",\"@id\":\"https:\\\/\\\/www.sifcoasc.com\\\/sv\\\/gruvdrift#breadcrumb\",\"itemListElement\":[{\"@type\":\"ListItem\",\"position\":1,\"name\":\"Home\",\"item\":\"https:\\\/\\\/www.sifcoasc.com\\\/sv\"},{\"@type\":\"ListItem\",\"position\":2,\"name\":\"Gruvdrift\"}]},{\"@type\":\"WebSite\",\"@id\":\"https:\\\/\\\/www.sifcoasc.com\\\/sv#website\",\"url\":\"https:\\\/\\\/www.sifcoasc.com\\\/sv\",\"name\":\"SIFCO Applied Surface Concepts\",\"description\":\"\",\"potentialAction\":[{\"@type\":\"SearchAction\",\"target\":{\"@type\":\"EntryPoint\",\"urlTemplate\":\"https:\\\/\\\/www.sifcoasc.com\\\/sv?s={search_term_string}\"},\"query-input\":{\"@type\":\"PropertyValueSpecification\",\"valueRequired\":true,\"valueName\":\"search_term_string\"}}],\"inLanguage\":\"sv-SE\"}]}<\/script>\n<!-- \/ Yoast SEO plugin. -->","yoast_head_json":{"title":"Selektiv pl\u00e4tering f\u00f6r gruvindustrin | SIFCO ASC","description":"SIFCO Process\u00ae \u00e4r en selektiv pl\u00e4teringsmetod f\u00f6r gruvindustrin. Kontakta oss f\u00f6r mer information om v\u00e5ra tj\u00e4nster f\u00f6r borstpl\u00e4tering.","robots":{"index":"index","follow":"follow","max-snippet":"max-snippet:-1","max-image-preview":"max-image-preview:large","max-video-preview":"max-video-preview:-1"},"canonical":"https:\/\/www.sifcoasc.com\/sv\/gruvdrift","og_locale":"sv_SE","og_type":"article","og_title":"Selektiv pl\u00e4tering f\u00f6r gruvindustrin | SIFCO ASC","og_description":"SIFCO Process\u00ae \u00e4r en selektiv pl\u00e4teringsmetod f\u00f6r gruvindustrin. Kontakta oss f\u00f6r mer information om v\u00e5ra tj\u00e4nster f\u00f6r borstpl\u00e4tering.","og_url":"https:\/\/www.sifcoasc.com\/sv\/gruvdrift","og_site_name":"SIFCO Applied Surface Concepts","article_modified_time":"2022-09-27T18:05:54+00:00","twitter_misc":{"Est. reading time":"2 minuter"},"schema":{"@context":"https:\/\/schema.org","@graph":[{"@type":"WebPage","@id":"https:\/\/www.sifcoasc.com\/sv\/gruvdrift","url":"https:\/\/www.sifcoasc.com\/sv\/gruvdrift","name":"Selektiv pl\u00e4tering f\u00f6r gruvindustrin | SIFCO ASC","isPartOf":{"@id":"https:\/\/www.sifcoasc.com\/sv#website"},"datePublished":"2022-07-14T15:31:13+00:00","dateModified":"2022-09-27T18:05:54+00:00","description":"SIFCO Process\u00ae \u00e4r en selektiv pl\u00e4teringsmetod f\u00f6r gruvindustrin. Kontakta oss f\u00f6r mer information om v\u00e5ra tj\u00e4nster f\u00f6r borstpl\u00e4tering.","breadcrumb":{"@id":"https:\/\/www.sifcoasc.com\/sv\/gruvdrift#breadcrumb"},"inLanguage":"sv-SE","potentialAction":[{"@type":"ReadAction","target":["https:\/\/www.sifcoasc.com\/sv\/gruvdrift"]}]},{"@type":"BreadcrumbList","@id":"https:\/\/www.sifcoasc.com\/sv\/gruvdrift#breadcrumb","itemListElement":[{"@type":"ListItem","position":1,"name":"Home","item":"https:\/\/www.sifcoasc.com\/sv"},{"@type":"ListItem","position":2,"name":"Gruvdrift"}]},{"@type":"WebSite","@id":"https:\/\/www.sifcoasc.com\/sv#website","url":"https:\/\/www.sifcoasc.com\/sv","name":"SIFCO Applied Surface Concepts","description":"","potentialAction":[{"@type":"SearchAction","target":{"@type":"EntryPoint","urlTemplate":"https:\/\/www.sifcoasc.com\/sv?s={search_term_string}"},"query-input":{"@type":"PropertyValueSpecification","valueRequired":true,"valueName":"search_term_string"}}],"inLanguage":"sv-SE"}]}},"featured_image_src":null,"featured_image_src_square":null,"_links":{"self":[{"href":"https:\/\/www.sifcoasc.com\/sv\/wp-json\/wp\/v2\/pages\/9815","targetHints":{"allow":["GET"]}}],"collection":[{"href":"https:\/\/www.sifcoasc.com\/sv\/wp-json\/wp\/v2\/pages"}],"about":[{"href":"https:\/\/www.sifcoasc.com\/sv\/wp-json\/wp\/v2\/types\/page"}],"author":[{"embeddable":true,"href":"https:\/\/www.sifcoasc.com\/sv\/wp-json\/wp\/v2\/users\/18"}],"replies":[{"embeddable":true,"href":"https:\/\/www.sifcoasc.com\/sv\/wp-json\/wp\/v2\/comments?post=9815"}],"version-history":[{"count":0,"href":"https:\/\/www.sifcoasc.com\/sv\/wp-json\/wp\/v2\/pages\/9815\/revisions"}],"wp:attachment":[{"href":"https:\/\/www.sifcoasc.com\/sv\/wp-json\/wp\/v2\/media?parent=9815"}],"curies":[{"name":"wp","href":"https:\/\/api.w.org\/{rel}","templated":true}]}}