{"id":9828,"date":"2022-07-14T15:31:52","date_gmt":"2022-07-14T15:31:52","guid":{"rendered":"https:\/\/www.sifcoasc.com\/allman-industri\/"},"modified":"2022-09-27T18:23:05","modified_gmt":"2022-09-27T18:23:05","slug":"allman-industri","status":"publish","type":"page","link":"https:\/\/www.sifcoasc.com\/sv\/allman-industri","title":{"rendered":"Allm\u00e4n industri"},"content":{"rendered":"<h2>Selektiv pl\u00e4tering f\u00f6r allm\u00e4n industri<\/h2>\n<div class=\"infographic\"><a class=\"popup-youtube\" href=\"https:\/\/www.youtube.com\/watch?v=HcTYg6lT2Uw\"><img loading=\"lazy\" decoding=\"async\" width=\"550\" height=\"368\" class=\"size-full wp-image-2270\" title=\"Selektiv pl\u00e4tering f\u00f6r allm\u00e4n industri \" src=\"\/wp-content\/uploads\/img7.jpg\" alt=\"Selektiv pl\u00e4tering f\u00f6r allm\u00e4n industri \" srcset=\"https:\/\/www.sifcoasc.com\/wp-content\/uploads\/img7.jpg 550w, https:\/\/www.sifcoasc.com\/wp-content\/uploads\/img7-500x335.jpg 500w, https:\/\/www.sifcoasc.com\/wp-content\/uploads\/img7-300x200.jpg 300w\" sizes=\"auto, (max-width: 709px) 85vw, (max-width: 909px) 67vw, (max-width: 1362px) 62vw, 840px\" \/><\/a><\/div>\n<p class=\"emph\">Vad \u00e4r selektiv pl\u00e4tering?<\/p>\n<p><strong>Vi m\u00f6ter utmaningarna i de mest kr\u00e4vande industrierna v\u00e4rlden \u00f6ver.<\/strong><\/p>\n<p class=\"text-aligncenter\" style=\"text-align: left;\"><strong>SIFCO ASC \u00e4r v\u00e4rldsledande inom utf\u00f6rande av selektiv pl\u00e4tering, samt tillh\u00f6rande material och utrustning inom ett brett spektra av industriella applikationer.<\/strong><\/p>\n<p>Vi \u00e4r medvetna om de utmaningar som finns inom produktion och att myndigheters krav kan variera mellan olika branscher och l\u00e4nder. V\u00e5r l\u00e5nga erfarenhet g\u00f6r att vi kan anpassa v\u00e5rt s\u00e4tt att m\u00f6ta ert behov och erbjuda den b\u00e4sta l\u00f6sningen.<\/p>\n<p>SIFCO Process\u00ae anv\u00e4nds inom m\u00e5nga olika industriella applikationer d\u00e4r inner- och ytterdiametrar, samt plana ytor beh\u00f6ver f\u00f6rb\u00e4ttras, repareras eller renoveras.<\/p>\n","protected":false},"excerpt":{"rendered":"<p>Selektiv pl\u00e4tering f\u00f6r allm\u00e4n industri Vad \u00e4r selektiv pl\u00e4tering? Vi m\u00f6ter utmaningarna i de mest kr\u00e4vande industrierna v\u00e4rlden \u00f6ver. SIFCO ASC \u00e4r v\u00e4rldsledande inom utf\u00f6rande av selektiv pl\u00e4tering, samt tillh\u00f6rande material och utrustning inom ett brett spektra av industriella applikationer. Vi \u00e4r medvetna om de utmaningar som finns inom produktion och att myndigheters krav kan [&hellip;]<\/p>\n","protected":false},"author":18,"featured_media":0,"parent":0,"menu_order":0,"comment_status":"closed","ping_status":"closed","template":"","meta":{"_acf_changed":false,"inline_featured_image":false,"footnotes":""},"class_list":["post-9828","page","type-page","status-publish","hentry"],"acf":[],"yoast_head":"<!-- This site is optimized with the Yoast SEO plugin v27.4 - https:\/\/yoast.com\/product\/yoast-seo-wordpress\/ -->\n<title>Selektiv pl\u00e4tering f\u00f6r allm\u00e4n industri | SIFCO ASC<\/title>\n<meta name=\"description\" content=\"SIFCO ASC har global erfarenhet av selektiv pl\u00e4tering, utrustning och tj\u00e4nster inom en rad olika industriella till\u00e4mpningar. Ta reda p\u00e5 mer om SIFCO-processen\u00ae.\" \/>\n<meta name=\"robots\" content=\"index, follow, max-snippet:-1, max-image-preview:large, max-video-preview:-1\" \/>\n<link rel=\"canonical\" href=\"https:\/\/www.sifcoasc.com\/sv\/allman-industri\" \/>\n<meta property=\"og:locale\" content=\"sv_SE\" \/>\n<meta property=\"og:type\" content=\"article\" \/>\n<meta property=\"og:title\" content=\"Selektiv pl\u00e4tering f\u00f6r allm\u00e4n industri | SIFCO ASC\" \/>\n<meta property=\"og:description\" content=\"SIFCO ASC har global erfarenhet av selektiv pl\u00e4tering, utrustning och tj\u00e4nster inom en rad olika industriella till\u00e4mpningar. Ta reda p\u00e5 mer om SIFCO-processen\u00ae.\" \/>\n<meta property=\"og:url\" content=\"https:\/\/www.sifcoasc.com\/sv\/allman-industri\" \/>\n<meta property=\"og:site_name\" content=\"SIFCO Applied Surface Concepts\" \/>\n<meta property=\"article:modified_time\" content=\"2022-09-27T18:23:05+00:00\" \/>\n<meta name=\"twitter:label1\" content=\"Est. reading time\" \/>\n\t<meta name=\"twitter:data1\" content=\"1 minut\" \/>\n<script type=\"application\/ld+json\" class=\"yoast-schema-graph\">{\"@context\":\"https:\\\/\\\/schema.org\",\"@graph\":[{\"@type\":\"WebPage\",\"@id\":\"https:\\\/\\\/www.sifcoasc.com\\\/sv\\\/allman-industri\",\"url\":\"https:\\\/\\\/www.sifcoasc.com\\\/sv\\\/allman-industri\",\"name\":\"Selektiv pl\u00e4tering f\u00f6r allm\u00e4n industri | SIFCO ASC\",\"isPartOf\":{\"@id\":\"https:\\\/\\\/www.sifcoasc.com\\\/sv#website\"},\"datePublished\":\"2022-07-14T15:31:52+00:00\",\"dateModified\":\"2022-09-27T18:23:05+00:00\",\"description\":\"SIFCO ASC har global erfarenhet av selektiv pl\u00e4tering, utrustning och tj\u00e4nster inom en rad olika industriella till\u00e4mpningar. Ta reda p\u00e5 mer om SIFCO-processen\u00ae.\",\"breadcrumb\":{\"@id\":\"https:\\\/\\\/www.sifcoasc.com\\\/sv\\\/allman-industri#breadcrumb\"},\"inLanguage\":\"sv-SE\",\"potentialAction\":[{\"@type\":\"ReadAction\",\"target\":[\"https:\\\/\\\/www.sifcoasc.com\\\/sv\\\/allman-industri\"]}]},{\"@type\":\"BreadcrumbList\",\"@id\":\"https:\\\/\\\/www.sifcoasc.com\\\/sv\\\/allman-industri#breadcrumb\",\"itemListElement\":[{\"@type\":\"ListItem\",\"position\":1,\"name\":\"Home\",\"item\":\"https:\\\/\\\/www.sifcoasc.com\\\/sv\"},{\"@type\":\"ListItem\",\"position\":2,\"name\":\"Allm\u00e4n industri\"}]},{\"@type\":\"WebSite\",\"@id\":\"https:\\\/\\\/www.sifcoasc.com\\\/sv#website\",\"url\":\"https:\\\/\\\/www.sifcoasc.com\\\/sv\",\"name\":\"SIFCO Applied Surface Concepts\",\"description\":\"\",\"potentialAction\":[{\"@type\":\"SearchAction\",\"target\":{\"@type\":\"EntryPoint\",\"urlTemplate\":\"https:\\\/\\\/www.sifcoasc.com\\\/sv?s={search_term_string}\"},\"query-input\":{\"@type\":\"PropertyValueSpecification\",\"valueRequired\":true,\"valueName\":\"search_term_string\"}}],\"inLanguage\":\"sv-SE\"}]}<\/script>\n<!-- \/ Yoast SEO plugin. -->","yoast_head_json":{"title":"Selektiv pl\u00e4tering f\u00f6r allm\u00e4n industri | SIFCO ASC","description":"SIFCO ASC har global erfarenhet av selektiv pl\u00e4tering, utrustning och tj\u00e4nster inom en rad olika industriella till\u00e4mpningar. Ta reda p\u00e5 mer om SIFCO-processen\u00ae.","robots":{"index":"index","follow":"follow","max-snippet":"max-snippet:-1","max-image-preview":"max-image-preview:large","max-video-preview":"max-video-preview:-1"},"canonical":"https:\/\/www.sifcoasc.com\/sv\/allman-industri","og_locale":"sv_SE","og_type":"article","og_title":"Selektiv pl\u00e4tering f\u00f6r allm\u00e4n industri | SIFCO ASC","og_description":"SIFCO ASC har global erfarenhet av selektiv pl\u00e4tering, utrustning och tj\u00e4nster inom en rad olika industriella till\u00e4mpningar. Ta reda p\u00e5 mer om SIFCO-processen\u00ae.","og_url":"https:\/\/www.sifcoasc.com\/sv\/allman-industri","og_site_name":"SIFCO Applied Surface Concepts","article_modified_time":"2022-09-27T18:23:05+00:00","twitter_misc":{"Est. reading time":"1 minut"},"schema":{"@context":"https:\/\/schema.org","@graph":[{"@type":"WebPage","@id":"https:\/\/www.sifcoasc.com\/sv\/allman-industri","url":"https:\/\/www.sifcoasc.com\/sv\/allman-industri","name":"Selektiv pl\u00e4tering f\u00f6r allm\u00e4n industri | SIFCO ASC","isPartOf":{"@id":"https:\/\/www.sifcoasc.com\/sv#website"},"datePublished":"2022-07-14T15:31:52+00:00","dateModified":"2022-09-27T18:23:05+00:00","description":"SIFCO ASC har global erfarenhet av selektiv pl\u00e4tering, utrustning och tj\u00e4nster inom en rad olika industriella till\u00e4mpningar. Ta reda p\u00e5 mer om SIFCO-processen\u00ae.","breadcrumb":{"@id":"https:\/\/www.sifcoasc.com\/sv\/allman-industri#breadcrumb"},"inLanguage":"sv-SE","potentialAction":[{"@type":"ReadAction","target":["https:\/\/www.sifcoasc.com\/sv\/allman-industri"]}]},{"@type":"BreadcrumbList","@id":"https:\/\/www.sifcoasc.com\/sv\/allman-industri#breadcrumb","itemListElement":[{"@type":"ListItem","position":1,"name":"Home","item":"https:\/\/www.sifcoasc.com\/sv"},{"@type":"ListItem","position":2,"name":"Allm\u00e4n industri"}]},{"@type":"WebSite","@id":"https:\/\/www.sifcoasc.com\/sv#website","url":"https:\/\/www.sifcoasc.com\/sv","name":"SIFCO Applied Surface Concepts","description":"","potentialAction":[{"@type":"SearchAction","target":{"@type":"EntryPoint","urlTemplate":"https:\/\/www.sifcoasc.com\/sv?s={search_term_string}"},"query-input":{"@type":"PropertyValueSpecification","valueRequired":true,"valueName":"search_term_string"}}],"inLanguage":"sv-SE"}]}},"featured_image_src":null,"featured_image_src_square":null,"_links":{"self":[{"href":"https:\/\/www.sifcoasc.com\/sv\/wp-json\/wp\/v2\/pages\/9828","targetHints":{"allow":["GET"]}}],"collection":[{"href":"https:\/\/www.sifcoasc.com\/sv\/wp-json\/wp\/v2\/pages"}],"about":[{"href":"https:\/\/www.sifcoasc.com\/sv\/wp-json\/wp\/v2\/types\/page"}],"author":[{"embeddable":true,"href":"https:\/\/www.sifcoasc.com\/sv\/wp-json\/wp\/v2\/users\/18"}],"replies":[{"embeddable":true,"href":"https:\/\/www.sifcoasc.com\/sv\/wp-json\/wp\/v2\/comments?post=9828"}],"version-history":[{"count":0,"href":"https:\/\/www.sifcoasc.com\/sv\/wp-json\/wp\/v2\/pages\/9828\/revisions"}],"wp:attachment":[{"href":"https:\/\/www.sifcoasc.com\/sv\/wp-json\/wp\/v2\/media?parent=9828"}],"curies":[{"name":"wp","href":"https:\/\/api.w.org\/{rel}","templated":true}]}}