{"id":9846,"date":"2022-07-14T15:32:06","date_gmt":"2022-07-14T15:32:06","guid":{"rendered":"https:\/\/www.sifcoasc.com\/primara-godkannanden\/"},"modified":"2022-08-24T05:35:01","modified_gmt":"2022-08-24T05:35:01","slug":"primara-godkannanden","status":"publish","type":"page","link":"https:\/\/www.sifcoasc.com\/sv\/primara-godkannanden","title":{"rendered":"Prim\u00e4ra godk\u00e4nnanden"},"content":{"rendered":"<p class=\"emph\">Lita p\u00e5 SIFCO ASC som din k\u00e4lla f\u00f6r selektiva pl\u00e4teringsl\u00f6sningar, utrustning och service.<\/p>\n<p>SIFCO ASC \u00e4r stolt \u00f6ver de m\u00e5nga f\u00f6retag som litar p\u00e5 SIFCO Process\u00ae f\u00f6r selektiva pl\u00e4teringsl\u00f6sningar och service. F\u00f6ljande f\u00f6retag har utsett SIFCO Applied Surface Concepts till sin godk\u00e4nda leverant\u00f6rsk\u00e4lla f\u00f6r selektiva pl\u00e4teringsl\u00f6sningar, utrustning eller pl\u00e4teringstj\u00e4nster.<\/p>\n","protected":false},"excerpt":{"rendered":"<p>Lita p\u00e5 SIFCO ASC som din k\u00e4lla f\u00f6r selektiva pl\u00e4teringsl\u00f6sningar, utrustning och service. SIFCO ASC \u00e4r stolt \u00f6ver de m\u00e5nga f\u00f6retag som litar p\u00e5 SIFCO Process\u00ae f\u00f6r selektiva pl\u00e4teringsl\u00f6sningar och service. F\u00f6ljande f\u00f6retag har utsett SIFCO Applied Surface Concepts till sin godk\u00e4nda leverant\u00f6rsk\u00e4lla f\u00f6r selektiva pl\u00e4teringsl\u00f6sningar, utrustning eller pl\u00e4teringstj\u00e4nster.<\/p>\n","protected":false},"author":18,"featured_media":0,"parent":0,"menu_order":0,"comment_status":"closed","ping_status":"closed","template":"","meta":{"_acf_changed":false,"inline_featured_image":false,"footnotes":""},"class_list":["post-9846","page","type-page","status-publish","hentry"],"acf":[],"yoast_head":"<!-- This site is optimized with the Yoast SEO plugin v27.4 - https:\/\/yoast.com\/product\/yoast-seo-wordpress\/ -->\n<title>Prim\u00e4ra godk\u00e4nnanden : Stora f\u00f6retag litar p\u00e5 SIFCO Process\u00ae<\/title>\n<meta name=\"description\" content=\"Prim\u00e4ra godk\u00e4nnanden: Se vilka f\u00f6retag som har utsett SIFCO ASC till sin godk\u00e4nda leverant\u00f6rsk\u00e4lla f\u00f6r selektiva pl\u00e4teringsl\u00f6sningar, utrustning eller pl\u00e4teringstj\u00e4nster.\" \/>\n<meta name=\"robots\" content=\"index, follow, max-snippet:-1, max-image-preview:large, max-video-preview:-1\" \/>\n<link rel=\"canonical\" href=\"https:\/\/www.sifcoasc.com\/sv\/primara-godkannanden\" \/>\n<meta property=\"og:locale\" content=\"sv_SE\" \/>\n<meta property=\"og:type\" content=\"article\" \/>\n<meta property=\"og:title\" content=\"Prim\u00e4ra godk\u00e4nnanden : Stora f\u00f6retag litar p\u00e5 SIFCO Process\u00ae\" \/>\n<meta property=\"og:description\" content=\"Prim\u00e4ra godk\u00e4nnanden: Se vilka f\u00f6retag som har utsett SIFCO ASC till sin godk\u00e4nda leverant\u00f6rsk\u00e4lla f\u00f6r selektiva pl\u00e4teringsl\u00f6sningar, utrustning eller pl\u00e4teringstj\u00e4nster.\" \/>\n<meta property=\"og:url\" content=\"https:\/\/www.sifcoasc.com\/sv\/primara-godkannanden\" \/>\n<meta property=\"og:site_name\" content=\"SIFCO Applied Surface Concepts\" \/>\n<meta property=\"article:modified_time\" content=\"2022-08-24T05:35:01+00:00\" \/>\n<script type=\"application\/ld+json\" class=\"yoast-schema-graph\">{\"@context\":\"https:\\\/\\\/schema.org\",\"@graph\":[{\"@type\":\"WebPage\",\"@id\":\"https:\\\/\\\/www.sifcoasc.com\\\/sv\\\/primara-godkannanden\",\"url\":\"https:\\\/\\\/www.sifcoasc.com\\\/sv\\\/primara-godkannanden\",\"name\":\"Prim\u00e4ra godk\u00e4nnanden : Stora f\u00f6retag litar p\u00e5 SIFCO Process\u00ae\",\"isPartOf\":{\"@id\":\"https:\\\/\\\/www.sifcoasc.com\\\/sv#website\"},\"datePublished\":\"2022-07-14T15:32:06+00:00\",\"dateModified\":\"2022-08-24T05:35:01+00:00\",\"description\":\"Prim\u00e4ra godk\u00e4nnanden: Se vilka f\u00f6retag som har utsett SIFCO ASC till sin godk\u00e4nda leverant\u00f6rsk\u00e4lla f\u00f6r selektiva pl\u00e4teringsl\u00f6sningar, utrustning eller pl\u00e4teringstj\u00e4nster.\",\"breadcrumb\":{\"@id\":\"https:\\\/\\\/www.sifcoasc.com\\\/sv\\\/primara-godkannanden#breadcrumb\"},\"inLanguage\":\"sv-SE\",\"potentialAction\":[{\"@type\":\"ReadAction\",\"target\":[\"https:\\\/\\\/www.sifcoasc.com\\\/sv\\\/primara-godkannanden\"]}]},{\"@type\":\"BreadcrumbList\",\"@id\":\"https:\\\/\\\/www.sifcoasc.com\\\/sv\\\/primara-godkannanden#breadcrumb\",\"itemListElement\":[{\"@type\":\"ListItem\",\"position\":1,\"name\":\"Home\",\"item\":\"https:\\\/\\\/www.sifcoasc.com\\\/sv\"},{\"@type\":\"ListItem\",\"position\":2,\"name\":\"Prim\u00e4ra godk\u00e4nnanden\"}]},{\"@type\":\"WebSite\",\"@id\":\"https:\\\/\\\/www.sifcoasc.com\\\/sv#website\",\"url\":\"https:\\\/\\\/www.sifcoasc.com\\\/sv\",\"name\":\"SIFCO Applied Surface Concepts\",\"description\":\"\",\"potentialAction\":[{\"@type\":\"SearchAction\",\"target\":{\"@type\":\"EntryPoint\",\"urlTemplate\":\"https:\\\/\\\/www.sifcoasc.com\\\/sv?s={search_term_string}\"},\"query-input\":{\"@type\":\"PropertyValueSpecification\",\"valueRequired\":true,\"valueName\":\"search_term_string\"}}],\"inLanguage\":\"sv-SE\"}]}<\/script>\n<!-- \/ Yoast SEO plugin. -->","yoast_head_json":{"title":"Prim\u00e4ra godk\u00e4nnanden : Stora f\u00f6retag litar p\u00e5 SIFCO Process\u00ae","description":"Prim\u00e4ra godk\u00e4nnanden: Se vilka f\u00f6retag som har utsett SIFCO ASC till sin godk\u00e4nda leverant\u00f6rsk\u00e4lla f\u00f6r selektiva pl\u00e4teringsl\u00f6sningar, utrustning eller pl\u00e4teringstj\u00e4nster.","robots":{"index":"index","follow":"follow","max-snippet":"max-snippet:-1","max-image-preview":"max-image-preview:large","max-video-preview":"max-video-preview:-1"},"canonical":"https:\/\/www.sifcoasc.com\/sv\/primara-godkannanden","og_locale":"sv_SE","og_type":"article","og_title":"Prim\u00e4ra godk\u00e4nnanden : Stora f\u00f6retag litar p\u00e5 SIFCO Process\u00ae","og_description":"Prim\u00e4ra godk\u00e4nnanden: Se vilka f\u00f6retag som har utsett SIFCO ASC till sin godk\u00e4nda leverant\u00f6rsk\u00e4lla f\u00f6r selektiva pl\u00e4teringsl\u00f6sningar, utrustning eller pl\u00e4teringstj\u00e4nster.","og_url":"https:\/\/www.sifcoasc.com\/sv\/primara-godkannanden","og_site_name":"SIFCO Applied Surface Concepts","article_modified_time":"2022-08-24T05:35:01+00:00","schema":{"@context":"https:\/\/schema.org","@graph":[{"@type":"WebPage","@id":"https:\/\/www.sifcoasc.com\/sv\/primara-godkannanden","url":"https:\/\/www.sifcoasc.com\/sv\/primara-godkannanden","name":"Prim\u00e4ra godk\u00e4nnanden : Stora f\u00f6retag litar p\u00e5 SIFCO Process\u00ae","isPartOf":{"@id":"https:\/\/www.sifcoasc.com\/sv#website"},"datePublished":"2022-07-14T15:32:06+00:00","dateModified":"2022-08-24T05:35:01+00:00","description":"Prim\u00e4ra godk\u00e4nnanden: Se vilka f\u00f6retag som har utsett SIFCO ASC till sin godk\u00e4nda leverant\u00f6rsk\u00e4lla f\u00f6r selektiva pl\u00e4teringsl\u00f6sningar, utrustning eller pl\u00e4teringstj\u00e4nster.","breadcrumb":{"@id":"https:\/\/www.sifcoasc.com\/sv\/primara-godkannanden#breadcrumb"},"inLanguage":"sv-SE","potentialAction":[{"@type":"ReadAction","target":["https:\/\/www.sifcoasc.com\/sv\/primara-godkannanden"]}]},{"@type":"BreadcrumbList","@id":"https:\/\/www.sifcoasc.com\/sv\/primara-godkannanden#breadcrumb","itemListElement":[{"@type":"ListItem","position":1,"name":"Home","item":"https:\/\/www.sifcoasc.com\/sv"},{"@type":"ListItem","position":2,"name":"Prim\u00e4ra godk\u00e4nnanden"}]},{"@type":"WebSite","@id":"https:\/\/www.sifcoasc.com\/sv#website","url":"https:\/\/www.sifcoasc.com\/sv","name":"SIFCO Applied Surface Concepts","description":"","potentialAction":[{"@type":"SearchAction","target":{"@type":"EntryPoint","urlTemplate":"https:\/\/www.sifcoasc.com\/sv?s={search_term_string}"},"query-input":{"@type":"PropertyValueSpecification","valueRequired":true,"valueName":"search_term_string"}}],"inLanguage":"sv-SE"}]}},"featured_image_src":null,"featured_image_src_square":null,"_links":{"self":[{"href":"https:\/\/www.sifcoasc.com\/sv\/wp-json\/wp\/v2\/pages\/9846","targetHints":{"allow":["GET"]}}],"collection":[{"href":"https:\/\/www.sifcoasc.com\/sv\/wp-json\/wp\/v2\/pages"}],"about":[{"href":"https:\/\/www.sifcoasc.com\/sv\/wp-json\/wp\/v2\/types\/page"}],"author":[{"embeddable":true,"href":"https:\/\/www.sifcoasc.com\/sv\/wp-json\/wp\/v2\/users\/18"}],"replies":[{"embeddable":true,"href":"https:\/\/www.sifcoasc.com\/sv\/wp-json\/wp\/v2\/comments?post=9846"}],"version-history":[{"count":0,"href":"https:\/\/www.sifcoasc.com\/sv\/wp-json\/wp\/v2\/pages\/9846\/revisions"}],"wp:attachment":[{"href":"https:\/\/www.sifcoasc.com\/sv\/wp-json\/wp\/v2\/media?parent=9846"}],"curies":[{"name":"wp","href":"https:\/\/api.w.org\/{rel}","templated":true}]}}