{"id":9849,"date":"2022-07-14T15:32:08","date_gmt":"2022-07-14T15:32:08","guid":{"rendered":"https:\/\/www.sifcoasc.com\/specifikationer-for-industrin\/"},"modified":"2022-07-19T12:28:06","modified_gmt":"2022-07-19T12:28:06","slug":"specifikationer-for-industrin","status":"publish","type":"page","link":"https:\/\/www.sifcoasc.com\/sv\/specifikationer-for-industrin","title":{"rendered":"Specifikationer f\u00f6r industrin"},"content":{"rendered":"<h2>Specifikationer f\u00f6r selektiv pl\u00e4tering inom industrin<\/h2>\n<p class=\"emph\">V\u00e5r teknik och v\u00e5ra tj\u00e4nster f\u00f6r ytf\u00f6rb\u00e4ttring har anv\u00e4nts i \u00f6ver 50 \u00e5r inom flygindustrin, kraftgenerering, olja och gas samt milit\u00e4rindustrin.<\/p>\n<p>SIFCO Process\u00ae f\u00f6ljer ett stort antal industriella, milit\u00e4ra, AMS och federala specifikationer.<\/p>\n<table class=\"tablesaw tablesaw-stack\" data-tablesaw-mode=\"stack\">\n<thead>\n<th><strong>F\u00e4rger<\/strong><\/th>\n<th><strong>Beskrivningar<\/strong><\/th>\n<th><strong>Milit\u00e4r<\/strong><\/th>\n<td><strong>AMS<\/strong><\/th>\n<th><strong>F\u00f6rbundsrepubliken<\/strong><\/th>\n<\/thead>\n<tbody>\n<tr class=\"gray\">\n<td>Borstpl\u00e4tering<\/td>\n<td>Selektiv pl\u00e4tering &#8211; US Navy<\/td>\n<td>Mil-Std-2197 (SH)<\/td>\n<td><\/td>\n<td><\/td>\n<\/tr>\n<tr>\n<td>Borstpl\u00e4tering<\/td>\n<td>Selektiv, borstpl\u00e4tering, elektrodeposition<\/td>\n<td>Mil-Std-865<\/td>\n<td>2451<\/td>\n<td><\/td>\n<\/tr>\n<tr class=\"gray\">\n<td>Borstpl\u00e4tering Nickel<\/td>\n<td>Nickelborstning<\/td>\n<td><\/td>\n<td>2451\/1<\/td>\n<td>QQ-N-290<\/td>\n<\/tr>\n<tr>\n<td>Borstpl\u00e4tering Nickel<\/td>\n<td>Nickel L\u00e5g stress, h\u00e5rd borstpl\u00e4tering<\/td>\n<td><\/td>\n<td>2451\/2<\/td>\n<td><\/td>\n<\/tr>\n<tr class=\"gray\">\n<td>Borstpl\u00e4tering Nickel<\/td>\n<td>Nickel L\u00e5g sp\u00e4nning, l\u00e5g h\u00e5rdhet Borstpl\u00e4tering<\/td>\n<td><\/td>\n<td>2451\/3<\/td>\n<td><\/td>\n<\/tr>\n<tr>\n<td>Borstpl\u00e4tering kadmium<\/td>\n<td>LHE kadmiumborstpl\u00e4tering<\/td>\n<td><\/td>\n<td>2451\/4<\/td>\n<td>QQ-P-416<\/td>\n<\/tr>\n<tr class=\"gray\">\n<td>Borstpl\u00e4tering Krom<\/td>\n<td>Kromborstning<\/td>\n<td><\/td>\n<td>2451\/5<\/td>\n<td><\/td>\n<\/tr>\n<tr>\n<td>Borstpl\u00e4tering koppar<\/td>\n<td>Kopparborstpl\u00e4tering<\/td>\n<td><\/td>\n<td>2451\/6<\/td>\n<td><\/td>\n<\/tr>\n<tr class=\"gray\">\n<td>Borstpl\u00e4tering Nickel<\/td>\n<td>Nickel L\u00e5g sp\u00e4nning, medelh\u00e5rd borstpl\u00e4tering<\/td>\n<td><\/td>\n<td>2451\/7<\/td>\n<td><\/td>\n<\/tr>\n<tr>\n<td>Borstpl\u00e4tering Silver<\/td>\n<td>Silver utan cyanidborstning<\/td>\n<td><\/td>\n<td>2451\/8<\/td>\n<td>QQ-S-365<\/td>\n<\/tr>\n<tr class=\"gray\">\n<td>Borstpl\u00e4tering Zink-Nickel<\/td>\n<td>Zink-nickel borstpl\u00e4tering<\/td>\n<td><\/td>\n<td>  2451\/9<\/td>\n<td><\/td>\n<\/tr>\n<tr>\n<td>Borstpl\u00e4tering tenn-zink<\/td>\n<td>Tenn-zinkborstpl\u00e4tering<\/td>\n<td><\/td>\n<td>2451\/10<\/td>\n<td><\/td>\n<\/tr>\n<tr class=\"gray\">\n<td>Borstpl\u00e4tering Kobolt<\/td>\n<td>Koboltborstning<\/td>\n<td><\/td>\n<td>2451\/11<\/td>\n<td><\/td>\n<\/tr>\n<tr>\n<td>Borstpl\u00e4tering tenn<\/td>\n<td>Pl\u00e4tering med tennborste<\/td>\n<td>Mil-T-10727 *<\/td>\n<td>2451\/12<\/td>\n<td><\/td>\n<\/tr>\n<tr class=\"gray\">\n<td>Borstpl\u00e4tering Silver<\/td>\n<td>Silverborstpl\u00e4tering<\/td>\n<td><\/td>\n<td>2451\/13<\/td>\n<td>QQ-S-365<\/td>\n<\/tr>\n<tr>\n<td>Nickelpl\u00e5t<\/td>\n<td>Pl\u00e4tering, nickel Allm\u00e4nt<\/td>\n<td><\/td>\n<td>2403 *<\/td>\n<td>QQ-N-290*<\/td>\n<\/tr>\n<tr class=\"gray\">\n<td>Nickelpl\u00e5t, h\u00e5rd<\/td>\n<td>Sulfamat Nickel, h\u00e5rd<\/td>\n<td><\/td>\n<td>2423 *<\/td>\n<td><\/td>\n<\/tr>\n<tr>\n<td>Nickelpl\u00e5t, mjuk<\/td>\n<td>Sulfamatnickel med l\u00e5g belastning, mjukt<\/td>\n<td><\/td>\n<td>2424 *<\/td>\n<td><\/td>\n<\/tr>\n<tr class=\"gray\">\n<td>Kopparpl\u00e5t<\/td>\n<td>Pl\u00e4tering, koppar<\/td>\n<td>Mil-C-14550<\/td>\n<td>2418 *<\/td>\n<td><\/td>\n<\/tr>\n<tr>\n<td>Guldpl\u00e5t<\/td>\n<td>Pl\u00e4tering, guld<\/td>\n<td>Mil-G-45204<\/td>\n<td>2422 *<\/td>\n<td><\/td>\n<\/tr>\n<tr class=\"gray\">\n<td>Kadmiumplatta<\/td>\n<td>Pl\u00e4tering, kadmium<\/td>\n<td><\/td>\n<td>2400, 2401*<\/td>\n<td><\/td>\n<\/tr>\n<tr>\n<td>Silverpl\u00e5t<\/td>\n<td>Silverpl\u00e4tering, elektrodeponerad<\/td>\n<td><\/td>\n<td>2412 *<\/td>\n<td>QQ-S-365 *<\/td>\n<\/tr>\n<tr class=\"gray\">\n<td>Zink-nickelplatta<\/td>\n<td>Pl\u00e4tering, zink-nickellegering<\/td>\n<td><\/td>\n<td>2417 *<\/td>\n<td><\/td>\n<\/tr>\n<tr>\n<td>Pl\u00e5t av tenn-zink<\/td>\n<td>Pl\u00e4tering, tenn-zinklegering<\/td>\n<td><\/td>\n<td>2434 *<\/td>\n<td><\/td>\n<\/tr>\n<tr class=\"gray\">\n<td>Tennpl\u00e5t<\/td>\n<td>F\u00f6rzinkning, elektrodeponerad<\/td>\n<td>Mil-T-10727 *<\/td>\n<td>2408 *<\/td>\n<td><\/td>\n<\/tr>\n<tr>\n<td>Anodisering<\/td>\n<td>Anodiserade bel\u00e4ggningar<\/td>\n<td>Mil-A-8625 * Typ I, II och III<\/td>\n<td><\/td>\n<td><\/td>\n<\/tr>\n<\/tbody>\n<\/table>\n<p>* Specifikationer markerade med en asterisk \u00e4r standarder f\u00f6r tankpl\u00e4tering. SIFCO ASC-ins\u00e4ttningar uppfyller prestandakraven i dessa standarder.<\/p>\n","protected":false},"excerpt":{"rendered":"<p>Specifikationer f\u00f6r selektiv pl\u00e4tering inom industrin V\u00e5r teknik och v\u00e5ra tj\u00e4nster f\u00f6r ytf\u00f6rb\u00e4ttring har anv\u00e4nts i \u00f6ver 50 \u00e5r inom flygindustrin, kraftgenerering, olja och gas samt milit\u00e4rindustrin. SIFCO Process\u00ae f\u00f6ljer ett stort antal industriella, milit\u00e4ra, AMS och federala specifikationer. F\u00e4rger Beskrivningar Milit\u00e4r AMS F\u00f6rbundsrepubliken Borstpl\u00e4tering Selektiv pl\u00e4tering &#8211; US Navy Mil-Std-2197 (SH) Borstpl\u00e4tering Selektiv, borstpl\u00e4tering, [&hellip;]<\/p>\n","protected":false},"author":18,"featured_media":0,"parent":0,"menu_order":0,"comment_status":"closed","ping_status":"closed","template":"","meta":{"_acf_changed":false,"inline_featured_image":false,"footnotes":""},"class_list":["post-9849","page","type-page","status-publish","hentry"],"acf":[],"yoast_head":"<!-- This site is optimized with the Yoast SEO plugin v27.3 - https:\/\/yoast.com\/product\/yoast-seo-wordpress\/ -->\n<title>Specifikationer f\u00f6r industrin f\u00f6r selektiv pl\u00e4tering | SIFCO ASC<\/title>\n<meta name=\"description\" content=\"SIFCO Process\u00ae f\u00f6ljer ett stort antal industriella, milit\u00e4ra, AMS och federala specifikationer. Ta reda p\u00e5 vilken l\u00f6sning f\u00f6r borstpl\u00e4tering som fungerar f\u00f6r dig.\" \/>\n<meta name=\"robots\" content=\"index, follow, max-snippet:-1, max-image-preview:large, max-video-preview:-1\" \/>\n<link rel=\"canonical\" href=\"https:\/\/www.sifcoasc.com\/sv\/specifikationer-for-industrin\" \/>\n<meta property=\"og:locale\" content=\"sv_SE\" \/>\n<meta property=\"og:type\" content=\"article\" \/>\n<meta property=\"og:title\" content=\"Specifikationer f\u00f6r industrin f\u00f6r selektiv pl\u00e4tering | SIFCO ASC\" \/>\n<meta property=\"og:description\" content=\"SIFCO Process\u00ae f\u00f6ljer ett stort antal industriella, milit\u00e4ra, AMS och federala specifikationer. Ta reda p\u00e5 vilken l\u00f6sning f\u00f6r borstpl\u00e4tering som fungerar f\u00f6r dig.\" \/>\n<meta property=\"og:url\" content=\"https:\/\/www.sifcoasc.com\/sv\/specifikationer-for-industrin\" \/>\n<meta property=\"og:site_name\" content=\"SIFCO Applied Surface Concepts\" \/>\n<meta property=\"article:modified_time\" content=\"2022-07-19T12:28:06+00:00\" \/>\n<meta name=\"twitter:label1\" content=\"Est. reading time\" \/>\n\t<meta name=\"twitter:data1\" content=\"1 minut\" \/>\n<script type=\"application\/ld+json\" class=\"yoast-schema-graph\">{\"@context\":\"https:\\\/\\\/schema.org\",\"@graph\":[{\"@type\":\"WebPage\",\"@id\":\"https:\\\/\\\/www.sifcoasc.com\\\/sv\\\/specifikationer-for-industrin\",\"url\":\"https:\\\/\\\/www.sifcoasc.com\\\/sv\\\/specifikationer-for-industrin\",\"name\":\"Specifikationer f\u00f6r industrin f\u00f6r selektiv pl\u00e4tering | SIFCO ASC\",\"isPartOf\":{\"@id\":\"https:\\\/\\\/www.sifcoasc.com\\\/sv#website\"},\"datePublished\":\"2022-07-14T15:32:08+00:00\",\"dateModified\":\"2022-07-19T12:28:06+00:00\",\"description\":\"SIFCO Process\u00ae f\u00f6ljer ett stort antal industriella, milit\u00e4ra, AMS och federala specifikationer. Ta reda p\u00e5 vilken l\u00f6sning f\u00f6r borstpl\u00e4tering som fungerar f\u00f6r dig.\",\"breadcrumb\":{\"@id\":\"https:\\\/\\\/www.sifcoasc.com\\\/sv\\\/specifikationer-for-industrin#breadcrumb\"},\"inLanguage\":\"sv-SE\",\"potentialAction\":[{\"@type\":\"ReadAction\",\"target\":[\"https:\\\/\\\/www.sifcoasc.com\\\/sv\\\/specifikationer-for-industrin\"]}]},{\"@type\":\"BreadcrumbList\",\"@id\":\"https:\\\/\\\/www.sifcoasc.com\\\/sv\\\/specifikationer-for-industrin#breadcrumb\",\"itemListElement\":[{\"@type\":\"ListItem\",\"position\":1,\"name\":\"Home\",\"item\":\"https:\\\/\\\/www.sifcoasc.com\\\/sv\"},{\"@type\":\"ListItem\",\"position\":2,\"name\":\"Specifikationer f\u00f6r industrin\"}]},{\"@type\":\"WebSite\",\"@id\":\"https:\\\/\\\/www.sifcoasc.com\\\/sv#website\",\"url\":\"https:\\\/\\\/www.sifcoasc.com\\\/sv\",\"name\":\"SIFCO Applied Surface Concepts\",\"description\":\"\",\"potentialAction\":[{\"@type\":\"SearchAction\",\"target\":{\"@type\":\"EntryPoint\",\"urlTemplate\":\"https:\\\/\\\/www.sifcoasc.com\\\/sv?s={search_term_string}\"},\"query-input\":{\"@type\":\"PropertyValueSpecification\",\"valueRequired\":true,\"valueName\":\"search_term_string\"}}],\"inLanguage\":\"sv-SE\"}]}<\/script>\n<!-- \/ Yoast SEO plugin. -->","yoast_head_json":{"title":"Specifikationer f\u00f6r industrin f\u00f6r selektiv pl\u00e4tering | SIFCO ASC","description":"SIFCO Process\u00ae f\u00f6ljer ett stort antal industriella, milit\u00e4ra, AMS och federala specifikationer. Ta reda p\u00e5 vilken l\u00f6sning f\u00f6r borstpl\u00e4tering som fungerar f\u00f6r dig.","robots":{"index":"index","follow":"follow","max-snippet":"max-snippet:-1","max-image-preview":"max-image-preview:large","max-video-preview":"max-video-preview:-1"},"canonical":"https:\/\/www.sifcoasc.com\/sv\/specifikationer-for-industrin","og_locale":"sv_SE","og_type":"article","og_title":"Specifikationer f\u00f6r industrin f\u00f6r selektiv pl\u00e4tering | SIFCO ASC","og_description":"SIFCO Process\u00ae f\u00f6ljer ett stort antal industriella, milit\u00e4ra, AMS och federala specifikationer. Ta reda p\u00e5 vilken l\u00f6sning f\u00f6r borstpl\u00e4tering som fungerar f\u00f6r dig.","og_url":"https:\/\/www.sifcoasc.com\/sv\/specifikationer-for-industrin","og_site_name":"SIFCO Applied Surface Concepts","article_modified_time":"2022-07-19T12:28:06+00:00","twitter_misc":{"Est. reading time":"1 minut"},"schema":{"@context":"https:\/\/schema.org","@graph":[{"@type":"WebPage","@id":"https:\/\/www.sifcoasc.com\/sv\/specifikationer-for-industrin","url":"https:\/\/www.sifcoasc.com\/sv\/specifikationer-for-industrin","name":"Specifikationer f\u00f6r industrin f\u00f6r selektiv pl\u00e4tering | SIFCO ASC","isPartOf":{"@id":"https:\/\/www.sifcoasc.com\/sv#website"},"datePublished":"2022-07-14T15:32:08+00:00","dateModified":"2022-07-19T12:28:06+00:00","description":"SIFCO Process\u00ae f\u00f6ljer ett stort antal industriella, milit\u00e4ra, AMS och federala specifikationer. Ta reda p\u00e5 vilken l\u00f6sning f\u00f6r borstpl\u00e4tering som fungerar f\u00f6r dig.","breadcrumb":{"@id":"https:\/\/www.sifcoasc.com\/sv\/specifikationer-for-industrin#breadcrumb"},"inLanguage":"sv-SE","potentialAction":[{"@type":"ReadAction","target":["https:\/\/www.sifcoasc.com\/sv\/specifikationer-for-industrin"]}]},{"@type":"BreadcrumbList","@id":"https:\/\/www.sifcoasc.com\/sv\/specifikationer-for-industrin#breadcrumb","itemListElement":[{"@type":"ListItem","position":1,"name":"Home","item":"https:\/\/www.sifcoasc.com\/sv"},{"@type":"ListItem","position":2,"name":"Specifikationer f\u00f6r industrin"}]},{"@type":"WebSite","@id":"https:\/\/www.sifcoasc.com\/sv#website","url":"https:\/\/www.sifcoasc.com\/sv","name":"SIFCO Applied Surface Concepts","description":"","potentialAction":[{"@type":"SearchAction","target":{"@type":"EntryPoint","urlTemplate":"https:\/\/www.sifcoasc.com\/sv?s={search_term_string}"},"query-input":{"@type":"PropertyValueSpecification","valueRequired":true,"valueName":"search_term_string"}}],"inLanguage":"sv-SE"}]}},"featured_image_src":null,"featured_image_src_square":null,"_links":{"self":[{"href":"https:\/\/www.sifcoasc.com\/sv\/wp-json\/wp\/v2\/pages\/9849","targetHints":{"allow":["GET"]}}],"collection":[{"href":"https:\/\/www.sifcoasc.com\/sv\/wp-json\/wp\/v2\/pages"}],"about":[{"href":"https:\/\/www.sifcoasc.com\/sv\/wp-json\/wp\/v2\/types\/page"}],"author":[{"embeddable":true,"href":"https:\/\/www.sifcoasc.com\/sv\/wp-json\/wp\/v2\/users\/18"}],"replies":[{"embeddable":true,"href":"https:\/\/www.sifcoasc.com\/sv\/wp-json\/wp\/v2\/comments?post=9849"}],"version-history":[{"count":0,"href":"https:\/\/www.sifcoasc.com\/sv\/wp-json\/wp\/v2\/pages\/9849\/revisions"}],"wp:attachment":[{"href":"https:\/\/www.sifcoasc.com\/sv\/wp-json\/wp\/v2\/media?parent=9849"}],"curies":[{"name":"wp","href":"https:\/\/api.w.org\/{rel}","templated":true}]}}