{"id":9866,"date":"2022-07-14T16:58:31","date_gmt":"2022-07-14T16:58:31","guid":{"rendered":"https:\/\/www.sifcoasc.com\/kvalitetsackrediteringar\/"},"modified":"2022-08-18T16:09:42","modified_gmt":"2022-08-18T16:09:42","slug":"kvalitetsackrediteringar","status":"publish","type":"page","link":"https:\/\/www.sifcoasc.com\/sv\/kvalitetsackrediteringar","title":{"rendered":"Kvalitetsackrediteringar"},"content":{"rendered":"<p class=\"emph\">Vi har \u00e5tagit oss att tillhandah\u00e5lla kvalitativa selektiva pl\u00e4teringsl\u00f6sningar, tj\u00e4nster och utrustning som uppfyller dina exakta krav.<\/p>\n<p><strong>SIFCO ASC och SIFCO Process\u00ae har bidragit till att forma industrier n\u00e4r det g\u00e4ller milj\u00f6medvetenhet &#8211; med metoder, utrustning och f\u00f6rfaranden som uppfyller kr\u00e4vande standarder \u00f6ver hela v\u00e4rlden. Som ett resultat av detta har vi hj\u00e4lpt ytbehandlingsindustrin att uppn\u00e5 status som en verkligt v\u00e4rdeadderande del av tillverkning och teknik.<\/strong><\/p>\n<p>V\u00e5rt forsknings- och utvecklingsteam str\u00e4var kontinuerligt efter b\u00e4ttre produkter, processer och l\u00f6sningar som g\u00f6r det m\u00f6jligt f\u00f6r kunderna att optimera sina delar och pl\u00e4teringsprocesser. Det \u00e4r viktigt att detta ofta \u00e4r direkt kopplat till minimering av anv\u00e4ndningen av farliga kemikalier, vilket \u00e4r en klar f\u00f6rdel b\u00e5de i kostnads- och milj\u00f6h\u00e4nseende.<\/p>\n<p>SIFCO ASC certifierar och uppr\u00e4tth\u00e5ller sitt kvalitets- och milj\u00f6ledningssystem enligt ISO 9001:2015, ISO 14001:2015 och AS9100 D. F\u00f6rutom att ha ett certifierat kvalitets- och milj\u00f6ledningssystem \u00e4r tv\u00e5 av v\u00e5ra SIFCO ASC-anl\u00e4ggningar Nadcap-ackrediterade enligt AC7108 f\u00f6r kemisk bearbetning och certifierade FAA-reparationsstationer.<\/p>\n<p>SIFCO ASC \u00e4r ocks\u00e5 registrerad som tillverkare hos Directorate Defense Trade Controls (DDTC) Compliance Office. Vi kommer att h\u00e5lla v\u00e5rt certifikat aktuellt hos kontoret i enlighet med Arms Export Control Act (AECA) och International Traffic and Arms Regulations (ITAR).<\/p>\n<p><strong>Kvalitetspolicy:<\/strong><br \/>\nSIFCO ASC har \u00e5tagit sig att tillhandah\u00e5lla selektiva pl\u00e4teringsl\u00f6sningar, utrustning, utbildning och tj\u00e4nster i v\u00e4rldsklass, samtidigt som man kontinuerligt f\u00f6rb\u00e4ttrar aff\u00e4rsprocesserna och tar ansvar f\u00f6r milj\u00f6n f\u00f6r att se till att kundernas krav uppfylls genom kvalitets- och milj\u00f6ledningssystemen.<\/p>\n","protected":false},"excerpt":{"rendered":"<p>Vi har \u00e5tagit oss att tillhandah\u00e5lla kvalitativa selektiva pl\u00e4teringsl\u00f6sningar, tj\u00e4nster och utrustning som uppfyller dina exakta krav. SIFCO ASC och SIFCO Process\u00ae har bidragit till att forma industrier n\u00e4r det g\u00e4ller milj\u00f6medvetenhet &#8211; med metoder, utrustning och f\u00f6rfaranden som uppfyller kr\u00e4vande standarder \u00f6ver hela v\u00e4rlden. Som ett resultat av detta har vi hj\u00e4lpt ytbehandlingsindustrin att [&hellip;]<\/p>\n","protected":false},"author":18,"featured_media":0,"parent":0,"menu_order":0,"comment_status":"closed","ping_status":"closed","template":"","meta":{"_acf_changed":false,"inline_featured_image":false,"footnotes":""},"class_list":["post-9866","page","type-page","status-publish","hentry"],"acf":[],"yoast_head":"<!-- This site is optimized with the Yoast SEO plugin v27.3 - https:\/\/yoast.com\/product\/yoast-seo-wordpress\/ -->\n<title>SIFCO ASC : Kvalitetsackrediteringar<\/title>\n<meta name=\"description\" content=\"Certifierad och ackrediterad selektiv pl\u00e4tering. ISO9001:2008 - AS9100C - NADCAP 7108 - FAA Repair Station Approved - DDTC - AECA - ITAR\" \/>\n<meta name=\"robots\" content=\"index, follow, max-snippet:-1, max-image-preview:large, max-video-preview:-1\" \/>\n<link rel=\"canonical\" href=\"https:\/\/www.sifcoasc.com\/sv\/kvalitetsackrediteringar\" \/>\n<meta property=\"og:locale\" content=\"sv_SE\" \/>\n<meta property=\"og:type\" content=\"article\" \/>\n<meta property=\"og:title\" content=\"SIFCO ASC : Kvalitetsackrediteringar\" \/>\n<meta property=\"og:description\" content=\"Certifierad och ackrediterad selektiv pl\u00e4tering. ISO9001:2008 - AS9100C - NADCAP 7108 - FAA Repair Station Approved - DDTC - AECA - ITAR\" \/>\n<meta property=\"og:url\" content=\"https:\/\/www.sifcoasc.com\/sv\/kvalitetsackrediteringar\" \/>\n<meta property=\"og:site_name\" content=\"SIFCO Applied Surface Concepts\" \/>\n<meta property=\"article:modified_time\" content=\"2022-08-18T16:09:42+00:00\" \/>\n<meta name=\"twitter:label1\" content=\"Est. reading time\" \/>\n\t<meta name=\"twitter:data1\" content=\"1 minut\" \/>\n<script type=\"application\/ld+json\" class=\"yoast-schema-graph\">{\"@context\":\"https:\\\/\\\/schema.org\",\"@graph\":[{\"@type\":\"WebPage\",\"@id\":\"https:\\\/\\\/www.sifcoasc.com\\\/sv\\\/kvalitetsackrediteringar\",\"url\":\"https:\\\/\\\/www.sifcoasc.com\\\/sv\\\/kvalitetsackrediteringar\",\"name\":\"SIFCO ASC : Kvalitetsackrediteringar\",\"isPartOf\":{\"@id\":\"https:\\\/\\\/www.sifcoasc.com\\\/sv#website\"},\"datePublished\":\"2022-07-14T16:58:31+00:00\",\"dateModified\":\"2022-08-18T16:09:42+00:00\",\"description\":\"Certifierad och ackrediterad selektiv pl\u00e4tering. ISO9001:2008 - AS9100C - NADCAP 7108 - FAA Repair Station Approved - DDTC - AECA - ITAR\",\"breadcrumb\":{\"@id\":\"https:\\\/\\\/www.sifcoasc.com\\\/sv\\\/kvalitetsackrediteringar#breadcrumb\"},\"inLanguage\":\"sv-SE\",\"potentialAction\":[{\"@type\":\"ReadAction\",\"target\":[\"https:\\\/\\\/www.sifcoasc.com\\\/sv\\\/kvalitetsackrediteringar\"]}]},{\"@type\":\"BreadcrumbList\",\"@id\":\"https:\\\/\\\/www.sifcoasc.com\\\/sv\\\/kvalitetsackrediteringar#breadcrumb\",\"itemListElement\":[{\"@type\":\"ListItem\",\"position\":1,\"name\":\"Home\",\"item\":\"https:\\\/\\\/www.sifcoasc.com\\\/sv\"},{\"@type\":\"ListItem\",\"position\":2,\"name\":\"Kvalitetsackrediteringar\"}]},{\"@type\":\"WebSite\",\"@id\":\"https:\\\/\\\/www.sifcoasc.com\\\/sv#website\",\"url\":\"https:\\\/\\\/www.sifcoasc.com\\\/sv\",\"name\":\"SIFCO Applied Surface Concepts\",\"description\":\"\",\"potentialAction\":[{\"@type\":\"SearchAction\",\"target\":{\"@type\":\"EntryPoint\",\"urlTemplate\":\"https:\\\/\\\/www.sifcoasc.com\\\/sv?s={search_term_string}\"},\"query-input\":{\"@type\":\"PropertyValueSpecification\",\"valueRequired\":true,\"valueName\":\"search_term_string\"}}],\"inLanguage\":\"sv-SE\"}]}<\/script>\n<!-- \/ Yoast SEO plugin. -->","yoast_head_json":{"title":"SIFCO ASC : Kvalitetsackrediteringar","description":"Certifierad och ackrediterad selektiv pl\u00e4tering. ISO9001:2008 - AS9100C - NADCAP 7108 - FAA Repair Station Approved - DDTC - AECA - ITAR","robots":{"index":"index","follow":"follow","max-snippet":"max-snippet:-1","max-image-preview":"max-image-preview:large","max-video-preview":"max-video-preview:-1"},"canonical":"https:\/\/www.sifcoasc.com\/sv\/kvalitetsackrediteringar","og_locale":"sv_SE","og_type":"article","og_title":"SIFCO ASC : Kvalitetsackrediteringar","og_description":"Certifierad och ackrediterad selektiv pl\u00e4tering. ISO9001:2008 - AS9100C - NADCAP 7108 - FAA Repair Station Approved - DDTC - AECA - ITAR","og_url":"https:\/\/www.sifcoasc.com\/sv\/kvalitetsackrediteringar","og_site_name":"SIFCO Applied Surface Concepts","article_modified_time":"2022-08-18T16:09:42+00:00","twitter_misc":{"Est. reading time":"1 minut"},"schema":{"@context":"https:\/\/schema.org","@graph":[{"@type":"WebPage","@id":"https:\/\/www.sifcoasc.com\/sv\/kvalitetsackrediteringar","url":"https:\/\/www.sifcoasc.com\/sv\/kvalitetsackrediteringar","name":"SIFCO ASC : Kvalitetsackrediteringar","isPartOf":{"@id":"https:\/\/www.sifcoasc.com\/sv#website"},"datePublished":"2022-07-14T16:58:31+00:00","dateModified":"2022-08-18T16:09:42+00:00","description":"Certifierad och ackrediterad selektiv pl\u00e4tering. ISO9001:2008 - AS9100C - NADCAP 7108 - FAA Repair Station Approved - DDTC - AECA - ITAR","breadcrumb":{"@id":"https:\/\/www.sifcoasc.com\/sv\/kvalitetsackrediteringar#breadcrumb"},"inLanguage":"sv-SE","potentialAction":[{"@type":"ReadAction","target":["https:\/\/www.sifcoasc.com\/sv\/kvalitetsackrediteringar"]}]},{"@type":"BreadcrumbList","@id":"https:\/\/www.sifcoasc.com\/sv\/kvalitetsackrediteringar#breadcrumb","itemListElement":[{"@type":"ListItem","position":1,"name":"Home","item":"https:\/\/www.sifcoasc.com\/sv"},{"@type":"ListItem","position":2,"name":"Kvalitetsackrediteringar"}]},{"@type":"WebSite","@id":"https:\/\/www.sifcoasc.com\/sv#website","url":"https:\/\/www.sifcoasc.com\/sv","name":"SIFCO Applied Surface Concepts","description":"","potentialAction":[{"@type":"SearchAction","target":{"@type":"EntryPoint","urlTemplate":"https:\/\/www.sifcoasc.com\/sv?s={search_term_string}"},"query-input":{"@type":"PropertyValueSpecification","valueRequired":true,"valueName":"search_term_string"}}],"inLanguage":"sv-SE"}]}},"featured_image_src":null,"featured_image_src_square":null,"_links":{"self":[{"href":"https:\/\/www.sifcoasc.com\/sv\/wp-json\/wp\/v2\/pages\/9866","targetHints":{"allow":["GET"]}}],"collection":[{"href":"https:\/\/www.sifcoasc.com\/sv\/wp-json\/wp\/v2\/pages"}],"about":[{"href":"https:\/\/www.sifcoasc.com\/sv\/wp-json\/wp\/v2\/types\/page"}],"author":[{"embeddable":true,"href":"https:\/\/www.sifcoasc.com\/sv\/wp-json\/wp\/v2\/users\/18"}],"replies":[{"embeddable":true,"href":"https:\/\/www.sifcoasc.com\/sv\/wp-json\/wp\/v2\/comments?post=9866"}],"version-history":[{"count":0,"href":"https:\/\/www.sifcoasc.com\/sv\/wp-json\/wp\/v2\/pages\/9866\/revisions"}],"wp:attachment":[{"href":"https:\/\/www.sifcoasc.com\/sv\/wp-json\/wp\/v2\/media?parent=9866"}],"curies":[{"name":"wp","href":"https:\/\/api.w.org\/{rel}","templated":true}]}}